{"id":1296,"date":"2025-12-10T02:19:47","date_gmt":"2025-12-10T02:19:47","guid":{"rendered":"https:\/\/lezum.com\/?post_type=product&#038;p=1296"},"modified":"2026-01-06T05:25:20","modified_gmt":"2026-01-06T05:25:20","slug":"lezum-lw2000t-telescopic-wheel-loader","status":"publish","type":"product","link":"https:\/\/www.lezum.com\/cs\/produkt\/lezum-lw2000t-telescopic-wheel-loader\/","title":{"rendered":"LEZUM LW2000T Telescopic Wheel Loader"},"content":{"rendered":"<h1><span style=\"color: #0b4cbd;\">&gt;&gt;P\u0159ehled<\/span><\/h1>\n<h2 style=\"text-align: left;\">The <strong>Telescopic Loader<\/strong> That Reaches Higher and Works Smarter. <strong>LEZUM LW2000T<\/strong> for Modern Farm and Warehouse Logistics.<\/h2>\n<h2><img fetchpriority=\"high\" decoding=\"async\" class=\"wp-image-1297 size-full aligncenter\" src=\"https:\/\/lezum.com\/wp-content\/uploads\/2025\/12\/photobank-33-2.jpg\" alt=\"\" width=\"1200\" height=\"600\" srcset=\"https:\/\/www.lezum.com\/wp-content\/uploads\/2025\/12\/photobank-33-2.jpg 1200w, https:\/\/www.lezum.com\/wp-content\/uploads\/2025\/12\/photobank-33-2-300x150.jpg 300w, https:\/\/www.lezum.com\/wp-content\/uploads\/2025\/12\/photobank-33-2-1024x512.jpg 1024w, https:\/\/www.lezum.com\/wp-content\/uploads\/2025\/12\/photobank-33-2-768x384.jpg 768w, https:\/\/www.lezum.com\/wp-content\/uploads\/2025\/12\/photobank-33-2-600x300.jpg 600w, https:\/\/www.lezum.com\/wp-content\/uploads\/2025\/12\/photobank-33-2-1x1.jpg 1w, https:\/\/www.lezum.com\/wp-content\/uploads\/2025\/12\/photobank-33-2-10x5.jpg 10w\" sizes=\"(max-width: 1200px) 100vw, 1200px\" \/><\/h2>\n<h1><span style=\"color: #0b4cbd;\">&gt;&gt;Vlastnosti a v\u00fdhody<\/span><\/h1>\n<h2 style=\"text-align: left;\">Vynikaj\u00edc\u00ed v\u00fdkon: poch\u00e1z\u00ed z p\u0159edn\u00edho sv\u011btov\u00e9ho dodavatelsk\u00e9ho \u0159et\u011bzce<img decoding=\"async\" class=\"wp-image-1223 aligncenter\" src=\"https:\/\/lezum.com\/wp-content\/uploads\/2025\/12\/\u4e24\u5934\u5fd9\u901a\u7528.png\" alt=\"\" width=\"1201\" height=\"714\" srcset=\"https:\/\/www.lezum.com\/wp-content\/uploads\/2025\/12\/\u4e24\u5934\u5fd9\u901a\u7528.png 1369w, https:\/\/www.lezum.com\/wp-content\/uploads\/2025\/12\/\u4e24\u5934\u5fd9\u901a\u7528-300x178.png 300w, https:\/\/www.lezum.com\/wp-content\/uploads\/2025\/12\/\u4e24\u5934\u5fd9\u901a\u7528-1024x609.png 1024w, https:\/\/www.lezum.com\/wp-content\/uploads\/2025\/12\/\u4e24\u5934\u5fd9\u901a\u7528-768x457.png 768w, https:\/\/www.lezum.com\/wp-content\/uploads\/2025\/12\/\u4e24\u5934\u5fd9\u901a\u7528-600x357.png 600w, https:\/\/www.lezum.com\/wp-content\/uploads\/2025\/12\/\u4e24\u5934\u5fd9\u901a\u7528-1x1.png 1w, https:\/\/www.lezum.com\/wp-content\/uploads\/2025\/12\/\u4e24\u5934\u5fd9\u901a\u7528-10x6.png 10w\" sizes=\"(max-width: 1201px) 100vw, 1201px\" \/><\/h2>\n<h1><span style=\"color: #0b4cbd;\">&gt;&gt;Parametry<\/span><\/h1>\n<h2 style=\"text-align: center;\">Podrobn\u00e9 technick\u00e9 specifikace<\/h2>\n<h4 style=\"text-align: center;\">Souhrn kl\u00ed\u010dov\u00fdch parametr\u016f, kter\u00fd je vhodn\u00fd pro prodejce k porovn\u00e1n\u00ed trhu a k p\u0159edstaven\u00ed z\u00e1kazn\u00edk\u016fm.<\/h4>\n<p>&nbsp;<\/p>\n<p style=\"text-align: left; padding-left: 40px;\"><span style=\"color: #000000;\">Zna\u010dka\uff1a LEZUM<\/span><br \/>\n<span style=\"color: #000000;\">Model\uff1a LW2000T<\/span><br \/>\n<span style=\"color: #000000;\">Engine Model\uff1a Yunnei<\/span><br \/>\n<span style=\"color: #000000;\">Maximum power (Kw)\uff1a 65<\/span><br \/>\n<span style=\"color: #000000;\">L*W*H\uff08mm) 6500\u00d72000\u00d72860<\/span><br \/>\n<span style=\"color: #000000;\">Max. Discharge height\uff08mm) 4400<\/span><br \/>\n<span style=\"color: #000000;\">Operation weight(kg)\uff1a 5500<\/span><br \/>\n<span style=\"color: #000000;\">Max. Load(kg)\uff1a 2000<\/span><br \/>\n<span style=\"color: #000000;\">Bucket Capacity(m\u00b3)\uff1a 1<\/span><br \/>\n<span style=\"color: #000000;\">Min. Discharge height(mm)\uff1a 3400<\/span><\/p>\n<h1 style=\"text-align: left;\"><span style=\"color: #0b4cbd;\"><br \/>\n&gt;&gt;Humanizovat<\/span><\/h1>\n<h2 style=\"text-align: center;\">N\u00e1vrh a \u00fadr\u017eba zam\u011b\u0159en\u00e9 na \u010dlov\u011bka<\/h2>\n<h4 style=\"text-align: left;\"><img decoding=\"async\" class=\"alignleft wp-image-1239\" src=\"https:\/\/lezum.com\/wp-content\/uploads\/2025\/12\/2.png\" alt=\"\" width=\"861\" height=\"298\" srcset=\"https:\/\/www.lezum.com\/wp-content\/uploads\/2025\/12\/2.png 901w, https:\/\/www.lezum.com\/wp-content\/uploads\/2025\/12\/2-300x104.png 300w, https:\/\/www.lezum.com\/wp-content\/uploads\/2025\/12\/2-768x266.png 768w, https:\/\/www.lezum.com\/wp-content\/uploads\/2025\/12\/2-600x208.png 600w, https:\/\/www.lezum.com\/wp-content\/uploads\/2025\/12\/2-1x1.png 1w, https:\/\/www.lezum.com\/wp-content\/uploads\/2025\/12\/2-10x3.png 10w\" sizes=\"(max-width: 861px) 100vw, 861px\" \/><\/h4>\n<h4><\/h4>\n<h4 style=\"text-align: left;\"><\/h4>\n<p>&nbsp;<\/p>\n<h4 style=\"text-align: left;\">Pohodln\u00e1 sedadla, ergonomick\u00e1<\/h4>\n<h4 style=\"text-align: left;\">joystick\u016f a centralizovan\u00fdch<\/h4>\n<h4 style=\"text-align: left;\">body \u00fadr\u017ebyzajistit<\/h4>\n<h4 style=\"text-align: left;\">komfort obsluhy b\u011bhem<\/h4>\n<h4 style=\"text-align: left;\">dlouh\u00e1 pracovn\u00ed doba a<\/h4>\n<h4 style=\"text-align: left;\">v\u00fdrazn\u011b sn\u00ed\u017eit \u00fadr\u017ebu<\/h4>\n<h4 style=\"text-align: left;\">n\u00e1klady.<\/h4>\n<p>&nbsp;<\/p>\n<h1><\/h1>\n<h1><span style=\"color: #0b4cbd;\">&gt;&gt;Sc\u00e9n\u00e1\u0159e multifunk\u010dn\u00edch aplikac\u00ed<\/span><\/h1>\n<h2 style=\"text-align: center;\">Multi-functional: LW2000T multifunctional solution<\/h2>\n<h4 style=\"text-align: center;\"><span style=\"color: #333333;\">Flexibiln\u00ed syst\u00e9m p\u0159\u00eddavn\u00fdch za\u0159\u00edzen\u00ed<br \/>\n<\/span>Jeho pou\u017eit\u00ed zahrnuje r\u016fzn\u00e1 pr\u016fmyslov\u00e1 odv\u011btv\u00ed a obory, jako je zem\u011bd\u011blstv\u00ed, stavebnictv\u00ed, t\u011b\u017eba, zem\u011bd\u011blstv\u00ed, p\u0159\u00edstavy, likvidace odpadu, \u017eeleznice, stavebnictv\u00ed, metalurgie a zpracov\u00e1n\u00ed d\u0159eva, a poskytuje v\u00fdkonn\u00e9, manipula\u010dn\u00ed a nakl\u00e1dac\u00ed mo\u017enosti pro r\u016fzn\u00e9 technick\u00e9 projekty a provozy.<\/h4>\n<h4 style=\"text-align: left;\"><img loading=\"lazy\" decoding=\"async\" class=\"wp-image-1227 aligncenter\" src=\"https:\/\/lezum.com\/wp-content\/uploads\/2025\/12\/\u88c5\u8f7d\u673a\u901a\u7528.png\" alt=\"\" width=\"1199\" height=\"603\" srcset=\"https:\/\/www.lezum.com\/wp-content\/uploads\/2025\/12\/\u88c5\u8f7d\u673a\u901a\u7528.png 1318w, https:\/\/www.lezum.com\/wp-content\/uploads\/2025\/12\/\u88c5\u8f7d\u673a\u901a\u7528-300x151.png 300w, https:\/\/www.lezum.com\/wp-content\/uploads\/2025\/12\/\u88c5\u8f7d\u673a\u901a\u7528-1024x515.png 1024w, https:\/\/www.lezum.com\/wp-content\/uploads\/2025\/12\/\u88c5\u8f7d\u673a\u901a\u7528-768x386.png 768w, https:\/\/www.lezum.com\/wp-content\/uploads\/2025\/12\/\u88c5\u8f7d\u673a\u901a\u7528-600x302.png 600w, https:\/\/www.lezum.com\/wp-content\/uploads\/2025\/12\/\u88c5\u8f7d\u673a\u901a\u7528-1x1.png 1w, https:\/\/www.lezum.com\/wp-content\/uploads\/2025\/12\/\u88c5\u8f7d\u673a\u901a\u7528-10x5.png 10w\" sizes=\"(max-width: 1199px) 100vw, 1199px\" \/><\/h4>\n<h1><span style=\"color: #0b4cbd;\">&gt;&gt;LEZUM p\u0159\u00edm\u00fd prodej<\/span><\/h1>\n<h2 style=\"text-align: center;\">Srde\u010dn\u011b zveme glob\u00e1ln\u00ed distributory ke spolupr\u00e1ci.<\/h2>\n<h4 style=\"text-align: center; padding-left: 40px;\">Jako p\u0159edn\u00ed \u010d\u00ednsk\u00fd v\u00fdrobce inteligentn\u00edch elektrick\u00fdch mini stavebn\u00edch stroj\u016f se spole\u010dnost LEZUM Group m\u016f\u017ee pochlubit modern\u00ed v\u00fdrobn\u00ed z\u00e1kladnou o rozloze v\u00edce ne\u017e 50 000 metr\u016f \u010dtvere\u010dn\u00edch, certifikovanou podle mezin\u00e1rodn\u00edch norem v\u010detn\u011b ISO 9001, CE a TUV. Na\u0161im glob\u00e1ln\u00edm partner\u016fm se sna\u017e\u00edme poskytovat nejspolehliv\u011bj\u0161\u00ed v\u00fdrobky a nejp\u0159\u00edm\u011bj\u0161\u00ed dodavatelsk\u00e9 kan\u00e1ly.<\/h4>\n<p><img loading=\"lazy\" decoding=\"async\" class=\"alignleft wp-image-1261\" src=\"https:\/\/lezum.com\/wp-content\/uploads\/2025\/12\/\u516c\u53f8\u5927BANNER-1024x341.gif\" alt=\"\" width=\"900\" height=\"300\" srcset=\"https:\/\/www.lezum.com\/wp-content\/uploads\/2025\/12\/\u516c\u53f8\u5927BANNER-1024x341.gif 1024w, https:\/\/www.lezum.com\/wp-content\/uploads\/2025\/12\/\u516c\u53f8\u5927BANNER-300x100.gif 300w, https:\/\/www.lezum.com\/wp-content\/uploads\/2025\/12\/\u516c\u53f8\u5927BANNER-768x256.gif 768w, https:\/\/www.lezum.com\/wp-content\/uploads\/2025\/12\/\u516c\u53f8\u5927BANNER-600x200.gif 600w, https:\/\/www.lezum.com\/wp-content\/uploads\/2025\/12\/\u516c\u53f8\u5927BANNER-1x1.gif 1w, https:\/\/www.lezum.com\/wp-content\/uploads\/2025\/12\/\u516c\u53f8\u5927BANNER-10x3.gif 10w\" sizes=\"(max-width: 900px) 100vw, 900px\" \/><\/p>\n<p>&nbsp;<\/p>\n<h4 style=\"text-align: center; padding-left: 40px;\"><span style=\"color: #333333;\">Exkluzivn\u00ed v\u00fdhoda prodejce<\/span><\/h4>\n<h4 style=\"text-align: left; padding-left: 40px;\">\u221a P\u0159\u00edm\u00e1 prodejn\u00ed cena<\/h4>\n<p style=\"text-align: left; padding-left: 40px;\"><span style=\"color: #333333;\">\u00a0 \u00a0 \u00a0 Maxim\u00e1ln\u00ed ziskov\u00e9 rozp\u011bt\u00ed<\/span><span style=\"color: #333333;\"><br \/>\n<\/span><\/p>\n<h4 style=\"text-align: left; padding-left: 40px;\">\u221a Ochrana prostoru<\/h4>\n<p style=\"text-align: left; padding-left: 40px;\"><span style=\"color: #333333;\">\u00a0 \u00a0 \u00a0 V\u00fdhradn\u00ed pr\u00e1va na trhu<\/span><\/p>\n<h4 style=\"text-align: left; padding-left: 40px;\">\u221a 3let\u00e1 z\u00e1ruka<\/h4>\n<p style=\"padding-left: 40px;\">\u0160pi\u010dkov\u00e1 poprodejn\u00ed podpora v oboru<\/p>\n<p>&nbsp;<\/p>","protected":false},"excerpt":{"rendered":"<ul dir=\"auto\" data-pm-slice=\"3 3 []\">\n<li>Konkuren\u010dn\u00ed cena: P\u0159\u00edm\u00fd tov\u00e1rn\u00ed prodej mal\u00fdch kolov\u00fdch naklada\u010d\u016f | N\u00e1bor prodejc\u016f | N\u00e1kup na jednom m\u00edst\u011b | Kompletn\u00ed sortiment | CE\/EPA\/Euro 5 Certified | Tov\u00e1rn\u00ed z\u00e1ruka<\/li>\n<li>ODM\/OEM\uff08Optional): Engine Brand: Cummins, 1. Optional: KOHLER\/CHANGCHAI\/Yunnei. 2. Optional: Color<\/li>\n<li>\n<p class=\"body\" dir=\"auto\">E-mail\uff1aservice@lezum.com<\/p>\n<\/li>\n<li>\n<p class=\"body\" dir=\"auto\">WhatsApp\uff1a+86 18101064115<\/p>\n<\/li>\n<\/ul>","protected":false},"featured_media":1504,"template":"","meta":[],"etheme_brands":[],"product_brand":[],"product_cat":[35],"product_tag":[],"class_list":{"0":"post-1296","1":"product","2":"type-product","3":"status-publish","4":"has-post-thumbnail","6":"product_cat-telescopic-loader","8":"first","9":"instock","10":"shipping-taxable","11":"product-type-simple"},"_links":{"self":[{"href":"https:\/\/www.lezum.com\/cs\/wp-json\/wp\/v2\/product\/1296","targetHints":{"allow":["GET"]}}],"collection":[{"href":"https:\/\/www.lezum.com\/cs\/wp-json\/wp\/v2\/product"}],"about":[{"href":"https:\/\/www.lezum.com\/cs\/wp-json\/wp\/v2\/types\/product"}],"version-history":[{"count":7,"href":"https:\/\/www.lezum.com\/cs\/wp-json\/wp\/v2\/product\/1296\/revisions"}],"predecessor-version":[{"id":2425,"href":"https:\/\/www.lezum.com\/cs\/wp-json\/wp\/v2\/product\/1296\/revisions\/2425"}],"wp:featuredmedia":[{"embeddable":true,"href":"https:\/\/www.lezum.com\/cs\/wp-json\/wp\/v2\/media\/1504"}],"wp:attachment":[{"href":"https:\/\/www.lezum.com\/cs\/wp-json\/wp\/v2\/media?parent=1296"}],"wp:term":[{"taxonomy":"brand","embeddable":true,"href":"https:\/\/www.lezum.com\/cs\/wp-json\/wp\/v2\/etheme_brands?post=1296"},{"taxonomy":"product_brand","embeddable":true,"href":"https:\/\/www.lezum.com\/cs\/wp-json\/wp\/v2\/product_brand?post=1296"},{"taxonomy":"product_cat","embeddable":true,"href":"https:\/\/www.lezum.com\/cs\/wp-json\/wp\/v2\/product_cat?post=1296"},{"taxonomy":"product_tag","embeddable":true,"href":"https:\/\/www.lezum.com\/cs\/wp-json\/wp\/v2\/product_tag?post=1296"}],"curies":[{"name":"wp","href":"https:\/\/api.w.org\/{rel}","templated":true}]}}