{"id":1543,"date":"2025-12-17T06:31:14","date_gmt":"2025-12-17T06:31:14","guid":{"rendered":"https:\/\/lezum.com\/?post_type=product&#038;p=1543"},"modified":"2026-01-06T05:18:20","modified_gmt":"2026-01-06T05:18:20","slug":"lezum-d600-remote-controll-transport-vehicle","status":"publish","type":"product","link":"https:\/\/www.lezum.com\/cs\/produkt\/lezum-d600-remote-controll-transport-vehicle\/","title":{"rendered":"LEZUM D600 Remote Controll Transport Vehicle"},"content":{"rendered":"<h1><span style=\"color: #0b4cbd;\">&gt;&gt;P\u0159ehled<\/span><\/h1>\n<h2 style=\"text-align: left;\">We are a Chinese All-Terrain Vehicles Manufacturer, offering a complete product line. We are a factory direct seller and looking for partners.<\/h2>\n<h2><img fetchpriority=\"high\" decoding=\"async\" class=\"aligncenter wp-image-1557\" src=\"https:\/\/lezum.com\/wp-content\/uploads\/2025\/12\/banyunche-4.png\" alt=\"\" width=\"1200\" height=\"521\" srcset=\"https:\/\/www.lezum.com\/wp-content\/uploads\/2025\/12\/banyunche-4.png 1710w, https:\/\/www.lezum.com\/wp-content\/uploads\/2025\/12\/banyunche-4-300x130.png 300w, https:\/\/www.lezum.com\/wp-content\/uploads\/2025\/12\/banyunche-4-1024x444.png 1024w, https:\/\/www.lezum.com\/wp-content\/uploads\/2025\/12\/banyunche-4-768x333.png 768w, https:\/\/www.lezum.com\/wp-content\/uploads\/2025\/12\/banyunche-4-1536x666.png 1536w, https:\/\/www.lezum.com\/wp-content\/uploads\/2025\/12\/banyunche-4-600x260.png 600w, https:\/\/www.lezum.com\/wp-content\/uploads\/2025\/12\/banyunche-4-1x1.png 1w, https:\/\/www.lezum.com\/wp-content\/uploads\/2025\/12\/banyunche-4-10x4.png 10w\" sizes=\"(max-width: 1200px) 100vw, 1200px\" \/><\/h2>\n<h1><span style=\"color: #0b4cbd;\">&gt;&gt;Vlastnosti a v\u00fdhody<\/span><\/h1>\n<h2 style=\"text-align: left;\">Vynikaj\u00edc\u00ed v\u00fdkon: poch\u00e1z\u00ed z p\u0159edn\u00edho sv\u011btov\u00e9ho dodavatelsk\u00e9ho \u0159et\u011bzce<\/h2>\n<p><img decoding=\"async\" class=\"aligncenter wp-image-1558\" src=\"https:\/\/lezum.com\/wp-content\/uploads\/2025\/12\/banyunche-5.png\" alt=\"\" width=\"1200\" height=\"745\" srcset=\"https:\/\/www.lezum.com\/wp-content\/uploads\/2025\/12\/banyunche-5.png 1753w, https:\/\/www.lezum.com\/wp-content\/uploads\/2025\/12\/banyunche-5-300x186.png 300w, https:\/\/www.lezum.com\/wp-content\/uploads\/2025\/12\/banyunche-5-1024x636.png 1024w, https:\/\/www.lezum.com\/wp-content\/uploads\/2025\/12\/banyunche-5-768x477.png 768w, https:\/\/www.lezum.com\/wp-content\/uploads\/2025\/12\/banyunche-5-1536x953.png 1536w, https:\/\/www.lezum.com\/wp-content\/uploads\/2025\/12\/banyunche-5-600x372.png 600w, https:\/\/www.lezum.com\/wp-content\/uploads\/2025\/12\/banyunche-5-1x1.png 1w, https:\/\/www.lezum.com\/wp-content\/uploads\/2025\/12\/banyunche-5-10x6.png 10w\" sizes=\"(max-width: 1200px) 100vw, 1200px\" \/><\/p>\n<h1><span style=\"color: #0b4cbd;\">&gt;&gt;Parametry<\/span><\/h1>\n<h2 style=\"text-align: center;\">Podrobn\u00e9 technick\u00e9 specifikace<\/h2>\n<h4 style=\"text-align: center;\">Souhrn kl\u00ed\u010dov\u00fdch parametr\u016f, kter\u00fd je vhodn\u00fd pro prodejce k porovn\u00e1n\u00ed trhu a k p\u0159edstaven\u00ed z\u00e1kazn\u00edk\u016fm.<\/h4>\n<p>&nbsp;<\/p>\n<p style=\"text-align: left; padding-left: 40px;\"><span style=\"color: #000000;\">Zna\u010dka\uff1a LEZUM<\/span><br \/>\n<span style=\"color: #000000;\">Model\uff1a D-600<\/span><br \/>\n<span style=\"color: #000000;\">Vehicle size\uff1a\u00a0 L:1170 W: 820 H: 870mm<\/span><br \/>\n<span style=\"color: #000000;\">Body size\uff1a\u00a0 L: 1170 W: 780 H: 300mm<\/span><br \/>\n<span style=\"color: #000000;\">Max capacity\uff1a\u00a0 500kg<\/span><br \/>\n<span style=\"color: #000000;\">Battery model\uff1a 48v20Ax2 group (lead-acid battery)<\/span><br \/>\n<span style=\"color: #000000;\">Motor power\uff1a 12 pipes 500w<\/span><br \/>\n<span style=\"color: #000000;\">Cargo box off the ground \uff1a260mm<\/span><br \/>\n<span style=\"color: #000000;\">Off road characteristics\uff1a All terrain, climb up to 30 degrees<\/span><br \/>\n<span style=\"color: #000000;\">Tire size \uff1a400-10 (4 pieces)<\/span><br \/>\n<span style=\"color: #000000;\">Driving method \uff1a4-axle drive<\/span><br \/>\n<span style=\"color: #000000;\">Braking method \uff1aElectromagnetic brake (anti slip slope)<\/span><br \/>\n<span style=\"color: #000000;\">high and low speed gears<\/span><\/p>\n<h1 style=\"text-align: left;\"><span style=\"color: #0b4cbd;\"><br \/>\n&gt;&gt;Multiple scene applications<\/span><\/h1>\n<h4 style=\"text-align: left;\"><img decoding=\"async\" class=\"wp-image-1560 aligncenter\" src=\"https:\/\/lezum.com\/wp-content\/uploads\/2025\/12\/banyunche-3.png\" alt=\"\" width=\"1200\" height=\"740\" srcset=\"https:\/\/www.lezum.com\/wp-content\/uploads\/2025\/12\/banyunche-3.png 1765w, https:\/\/www.lezum.com\/wp-content\/uploads\/2025\/12\/banyunche-3-300x185.png 300w, https:\/\/www.lezum.com\/wp-content\/uploads\/2025\/12\/banyunche-3-1024x631.png 1024w, https:\/\/www.lezum.com\/wp-content\/uploads\/2025\/12\/banyunche-3-768x473.png 768w, https:\/\/www.lezum.com\/wp-content\/uploads\/2025\/12\/banyunche-3-1536x947.png 1536w, https:\/\/www.lezum.com\/wp-content\/uploads\/2025\/12\/banyunche-3-600x370.png 600w, https:\/\/www.lezum.com\/wp-content\/uploads\/2025\/12\/banyunche-3-1x1.png 1w, https:\/\/www.lezum.com\/wp-content\/uploads\/2025\/12\/banyunche-3-10x6.png 10w\" sizes=\"(max-width: 1200px) 100vw, 1200px\" \/><\/h4>\n<h4 style=\"text-align: center;\"><\/h4>\n<p>&nbsp;<\/p>\n<p>&nbsp;<\/p>\n<h4 style=\"text-align: left;\"><\/h4>\n<h1><span style=\"color: #0b4cbd;\">&gt;&gt;LEZUM p\u0159\u00edm\u00fd prodej<\/span><\/h1>\n<h2 style=\"text-align: center;\">Srde\u010dn\u011b zveme glob\u00e1ln\u00ed distributory ke spolupr\u00e1ci.<\/h2>\n<h4 style=\"text-align: center; padding-left: 40px;\">Jako p\u0159edn\u00ed \u010d\u00ednsk\u00fd v\u00fdrobce inteligentn\u00edch elektrick\u00fdch mini stavebn\u00edch stroj\u016f se spole\u010dnost LEZUM Group m\u016f\u017ee pochlubit modern\u00ed v\u00fdrobn\u00ed z\u00e1kladnou o rozloze v\u00edce ne\u017e 50 000 metr\u016f \u010dtvere\u010dn\u00edch, certifikovanou podle mezin\u00e1rodn\u00edch norem v\u010detn\u011b ISO 9001, CE a TUV. Na\u0161im glob\u00e1ln\u00edm partner\u016fm se sna\u017e\u00edme poskytovat nejspolehliv\u011bj\u0161\u00ed v\u00fdrobky a nejp\u0159\u00edm\u011bj\u0161\u00ed dodavatelsk\u00e9 kan\u00e1ly.<\/h4>\n<p><img loading=\"lazy\" decoding=\"async\" class=\"alignleft wp-image-1492\" src=\"https:\/\/lezum.com\/wp-content\/uploads\/2025\/12\/\u5de5\u5382-1024x347.jpg\" alt=\"\" width=\"900\" height=\"305\" srcset=\"https:\/\/www.lezum.com\/wp-content\/uploads\/2025\/12\/\u5de5\u5382-1024x347.jpg 1024w, https:\/\/www.lezum.com\/wp-content\/uploads\/2025\/12\/\u5de5\u5382-300x102.jpg 300w, https:\/\/www.lezum.com\/wp-content\/uploads\/2025\/12\/\u5de5\u5382-768x260.jpg 768w, https:\/\/www.lezum.com\/wp-content\/uploads\/2025\/12\/\u5de5\u5382-1536x520.jpg 1536w, https:\/\/www.lezum.com\/wp-content\/uploads\/2025\/12\/\u5de5\u5382-2048x693.jpg 2048w, https:\/\/www.lezum.com\/wp-content\/uploads\/2025\/12\/\u5de5\u5382-600x203.jpg 600w, https:\/\/www.lezum.com\/wp-content\/uploads\/2025\/12\/\u5de5\u5382-1x1.jpg 1w, https:\/\/www.lezum.com\/wp-content\/uploads\/2025\/12\/\u5de5\u5382-10x3.jpg 10w\" sizes=\"(max-width: 900px) 100vw, 900px\" \/><\/p>\n<p>&nbsp;<\/p>\n<h4 style=\"text-align: center; padding-left: 40px;\"><span style=\"color: #333333;\">Exkluzivn\u00ed v\u00fdhoda prodejce<\/span><\/h4>\n<h4 style=\"text-align: left; padding-left: 40px;\">\u221a P\u0159\u00edm\u00e1 prodejn\u00ed cena<\/h4>\n<p style=\"text-align: left; padding-left: 40px;\"><span style=\"color: #333333;\">\u00a0 \u00a0 \u00a0 Maxim\u00e1ln\u00ed ziskov\u00e9 rozp\u011bt\u00ed<\/span><span style=\"color: #333333;\"><br \/>\n<\/span><\/p>\n<h4 style=\"text-align: left; padding-left: 40px;\">\u221a Ochrana prostoru<\/h4>\n<p style=\"text-align: left; padding-left: 40px;\"><span style=\"color: #333333;\">\u00a0 \u00a0 \u00a0 V\u00fdhradn\u00ed pr\u00e1va na trhu<\/span><\/p>\n<h4 style=\"text-align: left; padding-left: 40px;\">\u221a 3let\u00e1 z\u00e1ruka<\/h4>\n<p style=\"padding-left: 40px;\">\u0160pi\u010dkov\u00e1 poprodejn\u00ed podpora v oboru<\/p>\n<p>&nbsp;<\/p>","protected":false},"excerpt":{"rendered":"<ul>\n<li>Competitive Price: Factory Direct for Sale | Recruiting Dealers | One-stop Purchasing | Full Range of Products | CE\/EPA\/Euro 5 Certified | Factory Warranty<\/li>\n<li>Supplier highlights:This seller is a manufacturer and trader offering overseas warehouse servicesmanufacturer and trader overseas warehouse services<\/li>\n<\/ul>\n<ul>\n<li>\n<p class=\"body\" dir=\"auto\">E-mail\uff1aservice@lezum.com<\/p>\n<\/li>\n<li>\n<p class=\"body\" dir=\"auto\">WhatsApp\uff1a+86 18101064115<\/p>\n<\/li>\n<\/ul>","protected":false},"featured_media":1546,"template":"","meta":[],"etheme_brands":[],"product_brand":[],"product_cat":[38],"product_tag":[],"class_list":{"0":"post-1543","1":"product","2":"type-product","3":"status-publish","4":"has-post-thumbnail","6":"product_cat-transport-vehicle","8":"first","9":"instock","10":"shipping-taxable","11":"product-type-simple"},"_links":{"self":[{"href":"https:\/\/www.lezum.com\/cs\/wp-json\/wp\/v2\/product\/1543","targetHints":{"allow":["GET"]}}],"collection":[{"href":"https:\/\/www.lezum.com\/cs\/wp-json\/wp\/v2\/product"}],"about":[{"href":"https:\/\/www.lezum.com\/cs\/wp-json\/wp\/v2\/types\/product"}],"version-history":[{"count":9,"href":"https:\/\/www.lezum.com\/cs\/wp-json\/wp\/v2\/product\/1543\/revisions"}],"predecessor-version":[{"id":2417,"href":"https:\/\/www.lezum.com\/cs\/wp-json\/wp\/v2\/product\/1543\/revisions\/2417"}],"wp:featuredmedia":[{"embeddable":true,"href":"https:\/\/www.lezum.com\/cs\/wp-json\/wp\/v2\/media\/1546"}],"wp:attachment":[{"href":"https:\/\/www.lezum.com\/cs\/wp-json\/wp\/v2\/media?parent=1543"}],"wp:term":[{"taxonomy":"brand","embeddable":true,"href":"https:\/\/www.lezum.com\/cs\/wp-json\/wp\/v2\/etheme_brands?post=1543"},{"taxonomy":"product_brand","embeddable":true,"href":"https:\/\/www.lezum.com\/cs\/wp-json\/wp\/v2\/product_brand?post=1543"},{"taxonomy":"product_cat","embeddable":true,"href":"https:\/\/www.lezum.com\/cs\/wp-json\/wp\/v2\/product_cat?post=1543"},{"taxonomy":"product_tag","embeddable":true,"href":"https:\/\/www.lezum.com\/cs\/wp-json\/wp\/v2\/product_tag?post=1543"}],"curies":[{"name":"wp","href":"https:\/\/api.w.org\/{rel}","templated":true}]}}