{"id":1649,"date":"2025-12-18T01:21:16","date_gmt":"2025-12-18T01:21:16","guid":{"rendered":"https:\/\/lezum.com\/?post_type=product&#038;p=1649"},"modified":"2026-01-06T05:15:33","modified_gmt":"2026-01-06T05:15:33","slug":"lezum-china-farm1-5-2-3-ton-4x4-mini-electric-forklifts","status":"publish","type":"product","link":"https:\/\/www.lezum.com\/cs\/produkt\/lezum-china-farm1-5-2-3-ton-4x4-mini-electric-forklifts\/","title":{"rendered":"LEZUM China Farm1.5 2 3 Ton 4&#215;4  Mini Electric Forklifts"},"content":{"rendered":"<h1><span style=\"color: #0b4cbd;\">&gt;&gt;P\u0159ehled<\/span><\/h1>\n<h2 style=\"text-align: left;\">Maximize Productivity: <strong>LEZUM China Farm Mini Electric Forklifts\u00a0<\/strong>Trucks Engineered for Lowest Total Cost of Ownership (TCO).<\/h2>\n<h2><img fetchpriority=\"high\" decoding=\"async\" class=\"wp-image-1666 aligncenter\" src=\"https:\/\/lezum.com\/wp-content\/uploads\/2025\/12\/4-3.jpg\" alt=\"\" width=\"1200\" height=\"455\" srcset=\"https:\/\/www.lezum.com\/wp-content\/uploads\/2025\/12\/4-3.jpg 1980w, https:\/\/www.lezum.com\/wp-content\/uploads\/2025\/12\/4-3-300x114.jpg 300w, https:\/\/www.lezum.com\/wp-content\/uploads\/2025\/12\/4-3-1024x388.jpg 1024w, https:\/\/www.lezum.com\/wp-content\/uploads\/2025\/12\/4-3-768x291.jpg 768w, https:\/\/www.lezum.com\/wp-content\/uploads\/2025\/12\/4-3-1536x582.jpg 1536w, https:\/\/www.lezum.com\/wp-content\/uploads\/2025\/12\/4-3-600x227.jpg 600w, https:\/\/www.lezum.com\/wp-content\/uploads\/2025\/12\/4-3-1x1.jpg 1w, https:\/\/www.lezum.com\/wp-content\/uploads\/2025\/12\/4-3-10x4.jpg 10w\" sizes=\"(max-width: 1200px) 100vw, 1200px\" \/><\/h2>\n<p>&nbsp;<\/p>\n<h1><span style=\"color: #0b4cbd;\">&gt;&gt;Vlastnosti a v\u00fdhody<\/span><\/h1>\n<h2 style=\"text-align: left;\">Vynikaj\u00edc\u00ed v\u00fdkon: poch\u00e1z\u00ed z p\u0159edn\u00edho sv\u011btov\u00e9ho dodavatelsk\u00e9ho \u0159et\u011bzce<\/h2>\n<p><img decoding=\"async\" class=\"wp-image-1690 aligncenter\" src=\"https:\/\/lezum.com\/wp-content\/uploads\/2025\/12\/K30.1-1.jpg\" alt=\"\" width=\"1200\" height=\"813\" srcset=\"https:\/\/www.lezum.com\/wp-content\/uploads\/2025\/12\/K30.1-1.jpg 2504w, https:\/\/www.lezum.com\/wp-content\/uploads\/2025\/12\/K30.1-1-300x203.jpg 300w, https:\/\/www.lezum.com\/wp-content\/uploads\/2025\/12\/K30.1-1-1024x694.jpg 1024w, https:\/\/www.lezum.com\/wp-content\/uploads\/2025\/12\/K30.1-1-768x520.jpg 768w, https:\/\/www.lezum.com\/wp-content\/uploads\/2025\/12\/K30.1-1-1536x1040.jpg 1536w, https:\/\/www.lezum.com\/wp-content\/uploads\/2025\/12\/K30.1-1-2048x1387.jpg 2048w, https:\/\/www.lezum.com\/wp-content\/uploads\/2025\/12\/K30.1-1-600x406.jpg 600w, https:\/\/www.lezum.com\/wp-content\/uploads\/2025\/12\/K30.1-1-1x1.jpg 1w, https:\/\/www.lezum.com\/wp-content\/uploads\/2025\/12\/K30.1-1-10x7.jpg 10w\" sizes=\"(max-width: 1200px) 100vw, 1200px\" \/><\/p>\n<p>&nbsp;<\/p>\n<h1><span style=\"color: #0b4cbd;\">&gt;&gt;Parametry<\/span><\/h1>\n<h2 style=\"text-align: center;\">Podrobn\u00e9 technick\u00e9 specifikace<\/h2>\n<h4 style=\"text-align: center;\">Souhrn kl\u00ed\u010dov\u00fdch parametr\u016f, kter\u00fd je vhodn\u00fd pro prodejce k porovn\u00e1n\u00ed trhu a k p\u0159edstaven\u00ed z\u00e1kazn\u00edk\u016fm.<\/h4>\n<p>&nbsp;<\/p>\n<p style=\"padding-left: 40px; text-align: left;\"><span style=\"color: #000000;\">Brand\uff1aLEZUM<\/span><br \/>\n<span style=\"color: #000000;\">Model\uff1aElectric Forklift<\/span><br \/>\n<span style=\"color: #000000;\">Travel motor\uff1a7.5kw AC motor<\/span><br \/>\n<span style=\"color: #000000;\">Maximum lifting weight (kg)\uff1a3200<\/span><br \/>\n<span style=\"color: #000000;\">Voltage\uff1a60v<\/span><br \/>\n<span style=\"color: #000000;\">Maximum lifting height(mm)\uff1a3000<\/span><br \/>\n<span style=\"color: #000000;\">Hydraulic lift motor\uff1a7.5kW AC motor<\/span><br \/>\n<span style=\"color: #000000;\">Turning radius(mm)\uff1a2520<\/span><br \/>\n<span style=\"color: #000000;\">Battery\uff1a10 maintenance-free batteries(12v-85v)<\/span><br \/>\n<span style=\"color: #000000;\">Fork length(mm)\uff1a1070<\/span><\/p>\n<h1><span style=\"color: #0b4cbd;\">&gt;&gt;Humanizovat<\/span><\/h1>\n<p><img decoding=\"async\" class=\"alignleft wp-image-1636\" src=\"https:\/\/lezum.com\/wp-content\/uploads\/2025\/12\/661.jpg\" alt=\"\" width=\"859\" height=\"301\" srcset=\"https:\/\/www.lezum.com\/wp-content\/uploads\/2025\/12\/661.jpg 953w, https:\/\/www.lezum.com\/wp-content\/uploads\/2025\/12\/661-300x105.jpg 300w, https:\/\/www.lezum.com\/wp-content\/uploads\/2025\/12\/661-768x269.jpg 768w, https:\/\/www.lezum.com\/wp-content\/uploads\/2025\/12\/661-600x210.jpg 600w, https:\/\/www.lezum.com\/wp-content\/uploads\/2025\/12\/661-1x1.jpg 1w, https:\/\/www.lezum.com\/wp-content\/uploads\/2025\/12\/661-10x4.jpg 10w\" sizes=\"(max-width: 859px) 100vw, 859px\" \/><\/p>\n<h1><\/h1>\n<h4 style=\"text-align: left;\">N\u00e1vrh a \u00fadr\u017eba zam\u011b\u0159en\u00e9 na \u010dlov\u011bka<br \/>\nPohodln\u00e1 sedadla, ergonomick\u00e1<br \/>\njoystick\u016f a centralizovan\u00fdch<br \/>\nbody \u00fadr\u017ebyzajistit<br \/>\noperator comfort during<br \/>\ndlouh\u00e1 pracovn\u00ed doba a<br \/>\nv\u00fdrazn\u011b sn\u00ed\u017eit \u00fadr\u017ebu<br \/>\nn\u00e1klady.<\/h4>\n<p>&nbsp;<\/p>\n<p>&nbsp;<\/p>\n<p>&nbsp;<\/p>\n<h1><span style=\"color: #0b4cbd;\">&gt;&gt;Sc\u00e9n\u00e1\u0159e multifunk\u010dn\u00edch aplikac\u00ed<\/span><\/h1>\n<h2 style=\"text-align: center;\">Multi-functional\uff1aMini Electric Forklifts multifunctional solution<\/h2>\n<h4 style=\"text-align: center;\">Flexibiln\u00ed syst\u00e9m p\u0159\u00eddavn\u00fdch za\u0159\u00edzen\u00ed<br \/>\nJeho pou\u017eit\u00ed zahrnuje r\u016fzn\u00e1 pr\u016fmyslov\u00e1 odv\u011btv\u00ed a obory, jako je zem\u011bd\u011blstv\u00ed, stavebnictv\u00ed, t\u011b\u017eba, zem\u011bd\u011blstv\u00ed, p\u0159\u00edstavy, likvidace odpadu, \u017eeleznice, stavebnictv\u00ed, metalurgie a zpracov\u00e1n\u00ed d\u0159eva, a poskytuje v\u00fdkonn\u00e9, manipula\u010dn\u00ed a nakl\u00e1dac\u00ed mo\u017enosti pro r\u016fzn\u00e9 technick\u00e9 projekty a provozy.<\/h4>\n<p><img loading=\"lazy\" decoding=\"async\" class=\"aligncenter wp-image-1625\" src=\"https:\/\/lezum.com\/wp-content\/uploads\/2025\/12\/\u53c9\u8f66\u8f85\u5177\u56fe.png\" alt=\"\" width=\"1200\" height=\"585\" srcset=\"https:\/\/www.lezum.com\/wp-content\/uploads\/2025\/12\/\u53c9\u8f66\u8f85\u5177\u56fe.png 1320w, https:\/\/www.lezum.com\/wp-content\/uploads\/2025\/12\/\u53c9\u8f66\u8f85\u5177\u56fe-300x146.png 300w, https:\/\/www.lezum.com\/wp-content\/uploads\/2025\/12\/\u53c9\u8f66\u8f85\u5177\u56fe-1024x499.png 1024w, https:\/\/www.lezum.com\/wp-content\/uploads\/2025\/12\/\u53c9\u8f66\u8f85\u5177\u56fe-768x374.png 768w, https:\/\/www.lezum.com\/wp-content\/uploads\/2025\/12\/\u53c9\u8f66\u8f85\u5177\u56fe-600x292.png 600w, https:\/\/www.lezum.com\/wp-content\/uploads\/2025\/12\/\u53c9\u8f66\u8f85\u5177\u56fe-1x1.png 1w, https:\/\/www.lezum.com\/wp-content\/uploads\/2025\/12\/\u53c9\u8f66\u8f85\u5177\u56fe-10x5.png 10w\" sizes=\"(max-width: 1200px) 100vw, 1200px\" \/><\/p>\n<h1><\/h1>\n<h1><\/h1>\n<h1><\/h1>\n<h1><span style=\"color: #0b4cbd;\">&gt;&gt;LEZUM p\u0159\u00edm\u00fd prodej<\/span><\/h1>\n<h2 style=\"text-align: center;\">Srde\u010dn\u011b zveme glob\u00e1ln\u00ed distributory ke spolupr\u00e1ci.<\/h2>\n<h4 style=\"text-align: center; padding-left: 40px;\">Jako p\u0159edn\u00ed \u010d\u00ednsk\u00fd v\u00fdrobce inteligentn\u00edch elektrick\u00fdch mini stavebn\u00edch stroj\u016f se spole\u010dnost LEZUM Group m\u016f\u017ee pochlubit modern\u00ed v\u00fdrobn\u00ed z\u00e1kladnou o rozloze v\u00edce ne\u017e 50 000 metr\u016f \u010dtvere\u010dn\u00edch, certifikovanou podle mezin\u00e1rodn\u00edch norem v\u010detn\u011b ISO 9001, CE a TUV. Na\u0161im glob\u00e1ln\u00edm partner\u016fm se sna\u017e\u00edme poskytovat nejspolehliv\u011bj\u0161\u00ed v\u00fdrobky a nejp\u0159\u00edm\u011bj\u0161\u00ed dodavatelsk\u00e9 kan\u00e1ly.<\/h4>\n<p><img loading=\"lazy\" decoding=\"async\" class=\"alignleft wp-image-953 size-full\" src=\"https:\/\/lezum.com\/wp-content\/uploads\/2025\/12\/\u5de5\u5382\u62fc\u56fe-\u8be6\u60c5.jpg\" alt=\"\" width=\"900\" height=\"300\" srcset=\"https:\/\/www.lezum.com\/wp-content\/uploads\/2025\/12\/\u5de5\u5382\u62fc\u56fe-\u8be6\u60c5.jpg 900w, https:\/\/www.lezum.com\/wp-content\/uploads\/2025\/12\/\u5de5\u5382\u62fc\u56fe-\u8be6\u60c5-300x100.jpg 300w, https:\/\/www.lezum.com\/wp-content\/uploads\/2025\/12\/\u5de5\u5382\u62fc\u56fe-\u8be6\u60c5-768x256.jpg 768w, https:\/\/www.lezum.com\/wp-content\/uploads\/2025\/12\/\u5de5\u5382\u62fc\u56fe-\u8be6\u60c5-600x200.jpg 600w, https:\/\/www.lezum.com\/wp-content\/uploads\/2025\/12\/\u5de5\u5382\u62fc\u56fe-\u8be6\u60c5-1x1.jpg 1w, https:\/\/www.lezum.com\/wp-content\/uploads\/2025\/12\/\u5de5\u5382\u62fc\u56fe-\u8be6\u60c5-10x3.jpg 10w\" sizes=\"(max-width: 900px) 100vw, 900px\" \/><\/p>\n<p>&nbsp;<\/p>\n<h4 style=\"text-align: center; padding-left: 40px;\"><span style=\"color: #333333;\">Exkluzivn\u00ed v\u00fdhoda prodejce<\/span><\/h4>\n<h4 style=\"text-align: left; padding-left: 40px;\">\u221a P\u0159\u00edm\u00e1 prodejn\u00ed cena<\/h4>\n<p style=\"text-align: left; padding-left: 40px;\"><span style=\"color: #333333;\">\u00a0 \u00a0 \u00a0 Maxim\u00e1ln\u00ed ziskov\u00e9 rozp\u011bt\u00ed<\/span><span style=\"color: #333333;\"><br \/>\n<\/span><\/p>\n<h4 style=\"text-align: left; padding-left: 40px;\">\u221a Ochrana prostoru<\/h4>\n<p style=\"text-align: left; padding-left: 40px;\"><span style=\"color: #333333;\">\u00a0 \u00a0 \u00a0 V\u00fdhradn\u00ed pr\u00e1va na trhu<\/span><\/p>\n<h4 style=\"text-align: left; padding-left: 40px;\">\u221a 3let\u00e1 z\u00e1ruka<\/h4>\n<p style=\"padding-left: 40px;\">\u0160pi\u010dkov\u00e1 poprodejn\u00ed podpora v oboru<\/p>\n<p>&nbsp;<\/p>","protected":false},"excerpt":{"rendered":"<ul>\n<li>Competitive Price: Factory Direct for Sale | Recruiting Dealers | One-stop Purchasing | Full Range of Products | CE\/EPA\/Euro 5 Certified | Factory Warranty<\/li>\n<li>Supplier highlights:This seller is a manufacturer and trader offering overseas warehouse servicesmanufacturer and trader overseas warehouse services<\/li>\n<li>\n<p class=\"body\" dir=\"auto\">E-mail\uff1aservice@lezum.com<\/p>\n<\/li>\n<li>\n<p class=\"body\" dir=\"auto\">WhatsApp\uff1a+86 18101064115<\/p>\n<\/li>\n<\/ul>","protected":false},"featured_media":1651,"template":"","meta":[],"etheme_brands":[],"product_brand":[],"product_cat":[22],"product_tag":[],"class_list":{"0":"post-1649","1":"product","2":"type-product","3":"status-publish","4":"has-post-thumbnail","6":"product_cat-forklift","8":"first","9":"instock","10":"shipping-taxable","11":"product-type-simple"},"_links":{"self":[{"href":"https:\/\/www.lezum.com\/cs\/wp-json\/wp\/v2\/product\/1649","targetHints":{"allow":["GET"]}}],"collection":[{"href":"https:\/\/www.lezum.com\/cs\/wp-json\/wp\/v2\/product"}],"about":[{"href":"https:\/\/www.lezum.com\/cs\/wp-json\/wp\/v2\/types\/product"}],"version-history":[{"count":8,"href":"https:\/\/www.lezum.com\/cs\/wp-json\/wp\/v2\/product\/1649\/revisions"}],"predecessor-version":[{"id":2414,"href":"https:\/\/www.lezum.com\/cs\/wp-json\/wp\/v2\/product\/1649\/revisions\/2414"}],"wp:featuredmedia":[{"embeddable":true,"href":"https:\/\/www.lezum.com\/cs\/wp-json\/wp\/v2\/media\/1651"}],"wp:attachment":[{"href":"https:\/\/www.lezum.com\/cs\/wp-json\/wp\/v2\/media?parent=1649"}],"wp:term":[{"taxonomy":"brand","embeddable":true,"href":"https:\/\/www.lezum.com\/cs\/wp-json\/wp\/v2\/etheme_brands?post=1649"},{"taxonomy":"product_brand","embeddable":true,"href":"https:\/\/www.lezum.com\/cs\/wp-json\/wp\/v2\/product_brand?post=1649"},{"taxonomy":"product_cat","embeddable":true,"href":"https:\/\/www.lezum.com\/cs\/wp-json\/wp\/v2\/product_cat?post=1649"},{"taxonomy":"product_tag","embeddable":true,"href":"https:\/\/www.lezum.com\/cs\/wp-json\/wp\/v2\/product_tag?post=1649"}],"curies":[{"name":"wp","href":"https:\/\/api.w.org\/{rel}","templated":true}]}}