{"id":1705,"date":"2025-12-18T05:36:12","date_gmt":"2025-12-18T05:36:12","guid":{"rendered":"https:\/\/lezum.com\/?post_type=product&#038;p=1705"},"modified":"2026-01-06T05:14:40","modified_gmt":"2026-01-06T05:14:40","slug":"lezum-h100-factory-direct-diesel-mini-dumper-truck","status":"publish","type":"product","link":"https:\/\/www.lezum.com\/cs\/produkt\/lezum-h100-factory-direct-diesel-mini-dumper-truck\/","title":{"rendered":"LEZUM H100 Factory Direct Diesel  Mini Dumper Truck"},"content":{"rendered":"<h1><span style=\"color: #0b4cbd;\">&gt;&gt;P\u0159ehled<\/span><\/h1>\n<h2 style=\"text-align: left;\">Maximize Productivity: <strong>LEZUM H100 Diesel Dumper Truck<\/strong>\u00a0Engineered for Lowest Total Cost of Ownership (TCO).<\/h2>\n<h2><img fetchpriority=\"high\" decoding=\"async\" class=\"wp-image-1770 aligncenter\" src=\"https:\/\/lezum.com\/wp-content\/uploads\/2025\/12\/1001.jpg\" alt=\"\" width=\"1200\" height=\"528\" srcset=\"https:\/\/www.lezum.com\/wp-content\/uploads\/2025\/12\/1001.jpg 1500w, https:\/\/www.lezum.com\/wp-content\/uploads\/2025\/12\/1001-300x132.jpg 300w, https:\/\/www.lezum.com\/wp-content\/uploads\/2025\/12\/1001-1024x451.jpg 1024w, https:\/\/www.lezum.com\/wp-content\/uploads\/2025\/12\/1001-768x338.jpg 768w, https:\/\/www.lezum.com\/wp-content\/uploads\/2025\/12\/1001-600x264.jpg 600w, https:\/\/www.lezum.com\/wp-content\/uploads\/2025\/12\/1001-1x1.jpg 1w, https:\/\/www.lezum.com\/wp-content\/uploads\/2025\/12\/1001-10x4.jpg 10w\" sizes=\"(max-width: 1200px) 100vw, 1200px\" \/><\/h2>\n<h1><\/h1>\n<h1><span style=\"color: #0b4cbd;\">&gt;&gt;Parametry<\/span><\/h1>\n<h2 style=\"text-align: center;\">Podrobn\u00e9 technick\u00e9 specifikace<\/h2>\n<h4 style=\"text-align: center;\">Souhrn kl\u00ed\u010dov\u00fdch parametr\u016f, kter\u00fd je vhodn\u00fd pro prodejce k porovn\u00e1n\u00ed trhu a k p\u0159edstaven\u00ed z\u00e1kazn\u00edk\u016fm.<\/h4>\n<p>&nbsp;<\/p>\n<p style=\"text-align: left; padding-left: 40px;\"><span style=\"color: #000000;\">Zna\u010dka\uff1a LEZUM<\/span><br \/>\n<span style=\"color: #000000;\">Model\uff1a H100<\/span><br \/>\n<span style=\"color: #000000;\">Engine Model\uff1a XINCHAI<\/span><br \/>\n<span style=\"color: #000000;\">Maximum power (Kw)\uff1a 18.5<\/span><br \/>\n<span style=\"color: #000000;\">L*W*H\uff08mm)\uff1a 3320*1150*2150<\/span><br \/>\n<span style=\"color: #000000;\">Minimum Ground Clearance\uff08mm)\uff1a 227<\/span><br \/>\n<span style=\"color: #000000;\">Payload (kg)\uff1a 1000<\/span><br \/>\n<span style=\"color: #000000;\">Bucket capacity(m\u00b3)\uff1a 0.6<\/span><br \/>\n<span style=\"color: #000000;\">Shipping weight (kg)\uff1a 1000<\/span><br \/>\n<span style=\"color: #000000;\">Maximum Dump Height(mm)\uff1a 2327<\/span><\/p>\n<h1 style=\"text-align: left;\"><span style=\"color: #0b4cbd;\"><br \/>\n&gt;&gt;Humanizovat<\/span><\/h1>\n<h2 style=\"text-align: center;\">N\u00e1vrh a \u00fadr\u017eba zam\u011b\u0159en\u00e9 na \u010dlov\u011bka<\/h2>\n<h4 style=\"text-align: left;\"><img decoding=\"async\" class=\"alignleft wp-image-1417\" src=\"https:\/\/lezum.com\/wp-content\/uploads\/2025\/12\/\u672a\u547d\u540d-14.jpg\" alt=\"\" width=\"861\" height=\"287\" srcset=\"https:\/\/www.lezum.com\/wp-content\/uploads\/2025\/12\/\u672a\u547d\u540d-14.jpg 900w, https:\/\/www.lezum.com\/wp-content\/uploads\/2025\/12\/\u672a\u547d\u540d-14-300x100.jpg 300w, https:\/\/www.lezum.com\/wp-content\/uploads\/2025\/12\/\u672a\u547d\u540d-14-768x256.jpg 768w, https:\/\/www.lezum.com\/wp-content\/uploads\/2025\/12\/\u672a\u547d\u540d-14-600x200.jpg 600w, https:\/\/www.lezum.com\/wp-content\/uploads\/2025\/12\/\u672a\u547d\u540d-14-1x1.jpg 1w, https:\/\/www.lezum.com\/wp-content\/uploads\/2025\/12\/\u672a\u547d\u540d-14-10x3.jpg 10w\" sizes=\"(max-width: 861px) 100vw, 861px\" \/><\/h4>\n<h4><\/h4>\n<h4 style=\"text-align: left;\"><\/h4>\n<p>&nbsp;<\/p>\n<h4 style=\"text-align: left;\">Pohodln\u00e1 sedadla, ergonomick\u00e1<\/h4>\n<h4 style=\"text-align: left;\">joystick\u016f a centralizovan\u00fdch<\/h4>\n<h4 style=\"text-align: left;\">body \u00fadr\u017ebyzajistit<\/h4>\n<h4 style=\"text-align: left;\">komfort obsluhy b\u011bhem<\/h4>\n<h4 style=\"text-align: left;\">dlouh\u00e1 pracovn\u00ed doba a<\/h4>\n<h4 style=\"text-align: left;\">v\u00fdrazn\u011b sn\u00ed\u017eit \u00fadr\u017ebu<\/h4>\n<h4 style=\"text-align: left;\">n\u00e1klady.<\/h4>\n<p>&nbsp;<\/p>\n<p>&nbsp;<\/p>\n<h4 style=\"text-align: center;\"><\/h4>\n<h4 style=\"text-align: left;\"><\/h4>\n<h1><span style=\"color: #0b4cbd;\">&gt;&gt;LEZUM p\u0159\u00edm\u00fd prodej<\/span><\/h1>\n<h2 style=\"text-align: center;\">Srde\u010dn\u011b zveme glob\u00e1ln\u00ed distributory ke spolupr\u00e1ci.<\/h2>\n<h4 style=\"text-align: center; padding-left: 40px;\">Jako p\u0159edn\u00ed \u010d\u00ednsk\u00fd v\u00fdrobce inteligentn\u00edch elektrick\u00fdch mini stavebn\u00edch stroj\u016f se spole\u010dnost LEZUM Group m\u016f\u017ee pochlubit modern\u00ed v\u00fdrobn\u00ed z\u00e1kladnou o rozloze v\u00edce ne\u017e 50 000 metr\u016f \u010dtvere\u010dn\u00edch, certifikovanou podle mezin\u00e1rodn\u00edch norem v\u010detn\u011b ISO 9001, CE a TUV. Na\u0161im glob\u00e1ln\u00edm partner\u016fm se sna\u017e\u00edme poskytovat nejspolehliv\u011bj\u0161\u00ed v\u00fdrobky a nejp\u0159\u00edm\u011bj\u0161\u00ed dodavatelsk\u00e9 kan\u00e1ly.<\/h4>\n<p><img decoding=\"async\" class=\"alignleft wp-image-953 size-full\" src=\"https:\/\/lezum.com\/wp-content\/uploads\/2025\/12\/\u5de5\u5382\u62fc\u56fe-\u8be6\u60c5.jpg\" alt=\"\" width=\"900\" height=\"300\" srcset=\"https:\/\/www.lezum.com\/wp-content\/uploads\/2025\/12\/\u5de5\u5382\u62fc\u56fe-\u8be6\u60c5.jpg 900w, https:\/\/www.lezum.com\/wp-content\/uploads\/2025\/12\/\u5de5\u5382\u62fc\u56fe-\u8be6\u60c5-300x100.jpg 300w, https:\/\/www.lezum.com\/wp-content\/uploads\/2025\/12\/\u5de5\u5382\u62fc\u56fe-\u8be6\u60c5-768x256.jpg 768w, https:\/\/www.lezum.com\/wp-content\/uploads\/2025\/12\/\u5de5\u5382\u62fc\u56fe-\u8be6\u60c5-600x200.jpg 600w, https:\/\/www.lezum.com\/wp-content\/uploads\/2025\/12\/\u5de5\u5382\u62fc\u56fe-\u8be6\u60c5-1x1.jpg 1w, https:\/\/www.lezum.com\/wp-content\/uploads\/2025\/12\/\u5de5\u5382\u62fc\u56fe-\u8be6\u60c5-10x3.jpg 10w\" sizes=\"(max-width: 900px) 100vw, 900px\" \/><\/p>\n<p>&nbsp;<\/p>\n<h4 style=\"text-align: center; padding-left: 40px;\"><span style=\"color: #333333;\">Exkluzivn\u00ed v\u00fdhoda prodejce<\/span><\/h4>\n<h4 style=\"text-align: left; padding-left: 40px;\">\u221a P\u0159\u00edm\u00e1 prodejn\u00ed cena<\/h4>\n<p style=\"text-align: left; padding-left: 40px;\"><span style=\"color: #333333;\">\u00a0 \u00a0 \u00a0 Maxim\u00e1ln\u00ed ziskov\u00e9 rozp\u011bt\u00ed<\/span><span style=\"color: #333333;\"><br \/>\n<\/span><\/p>\n<h4 style=\"text-align: left; padding-left: 40px;\">\u221a Ochrana prostoru<\/h4>\n<p style=\"text-align: left; padding-left: 40px;\"><span style=\"color: #333333;\">\u00a0 \u00a0 \u00a0 V\u00fdhradn\u00ed pr\u00e1va na trhu<\/span><\/p>\n<h4 style=\"text-align: left; padding-left: 40px;\">\u221a 3let\u00e1 z\u00e1ruka<\/h4>\n<p style=\"padding-left: 40px;\">\u0160pi\u010dkov\u00e1 poprodejn\u00ed podpora v oboru<\/p>\n<p>&nbsp;<\/p>","protected":false},"excerpt":{"rendered":"<ul dir=\"auto\" data-pm-slice=\"3 3 []\">\n<li>Competitive Price: Factory Direct Deseil Mini Skid Steer Loader for Sale | Recruiting Dealers | One-stop Purchasing | Full Range of Products | CE\/EPA\/Euro 5 Certified | Factory Warranty<\/li>\n<li>ODM\/OEM\uff08Optional): Engine Brand: RATO,1. Optional: Honda, Briggs &amp; Stratton.<\/li>\n<li>\n<p class=\"body\" dir=\"auto\">E-mail\uff1aservice@lezum.com<\/p>\n<\/li>\n<li>\n<p class=\"body\" dir=\"auto\">WhatsApp\uff1a+86 18101064115<\/p>\n<\/li>\n<\/ul>","protected":false},"featured_media":1709,"template":"","meta":[],"etheme_brands":[],"product_brand":[],"product_cat":[38],"product_tag":[],"class_list":{"0":"post-1705","1":"product","2":"type-product","3":"status-publish","4":"has-post-thumbnail","6":"product_cat-transport-vehicle","8":"first","9":"instock","10":"shipping-taxable","11":"product-type-simple"},"_links":{"self":[{"href":"https:\/\/www.lezum.com\/cs\/wp-json\/wp\/v2\/product\/1705","targetHints":{"allow":["GET"]}}],"collection":[{"href":"https:\/\/www.lezum.com\/cs\/wp-json\/wp\/v2\/product"}],"about":[{"href":"https:\/\/www.lezum.com\/cs\/wp-json\/wp\/v2\/types\/product"}],"version-history":[{"count":8,"href":"https:\/\/www.lezum.com\/cs\/wp-json\/wp\/v2\/product\/1705\/revisions"}],"predecessor-version":[{"id":2413,"href":"https:\/\/www.lezum.com\/cs\/wp-json\/wp\/v2\/product\/1705\/revisions\/2413"}],"wp:featuredmedia":[{"embeddable":true,"href":"https:\/\/www.lezum.com\/cs\/wp-json\/wp\/v2\/media\/1709"}],"wp:attachment":[{"href":"https:\/\/www.lezum.com\/cs\/wp-json\/wp\/v2\/media?parent=1705"}],"wp:term":[{"taxonomy":"brand","embeddable":true,"href":"https:\/\/www.lezum.com\/cs\/wp-json\/wp\/v2\/etheme_brands?post=1705"},{"taxonomy":"product_brand","embeddable":true,"href":"https:\/\/www.lezum.com\/cs\/wp-json\/wp\/v2\/product_brand?post=1705"},{"taxonomy":"product_cat","embeddable":true,"href":"https:\/\/www.lezum.com\/cs\/wp-json\/wp\/v2\/product_cat?post=1705"},{"taxonomy":"product_tag","embeddable":true,"href":"https:\/\/www.lezum.com\/cs\/wp-json\/wp\/v2\/product_tag?post=1705"}],"curies":[{"name":"wp","href":"https:\/\/api.w.org\/{rel}","templated":true}]}}