{"id":1781,"date":"2025-12-18T09:36:13","date_gmt":"2025-12-18T09:36:13","guid":{"rendered":"https:\/\/lezum.com\/?post_type=product&#038;p=1781"},"modified":"2026-01-06T05:13:32","modified_gmt":"2026-01-06T05:13:32","slug":"lezum-dy12e-1-2t-factory-direct-electric-joystick-micro-digger-excavator","status":"publish","type":"product","link":"https:\/\/www.lezum.com\/cs\/produkt\/lezum-dy12e-1-2t-factory-direct-electric-joystick-micro-digger-excavator\/","title":{"rendered":"LEZUM DY12E 1.2T Factory Direct Electric Joystick Micro  Digger Excavator"},"content":{"rendered":"<h1><span style=\"color: #0b4cbd;\">&gt;&gt;P\u0159ehled<\/span><\/h1>\n<h2 style=\"text-align: left;\">Maximize Productivity: \u00a0<strong>DY12E Electric Joystick Micro Digger Excavator <\/strong>Engineered for Lowest Total Cost of Ownership (Tco)<\/h2>\n<h2><img fetchpriority=\"high\" decoding=\"async\" class=\"wp-image-1790 aligncenter\" src=\"https:\/\/lezum.com\/wp-content\/uploads\/2025\/12\/12E-1.jpg\" alt=\"\" width=\"1200\" height=\"530\" srcset=\"https:\/\/www.lezum.com\/wp-content\/uploads\/2025\/12\/12E-1.jpg 1474w, https:\/\/www.lezum.com\/wp-content\/uploads\/2025\/12\/12E-1-500x221.jpg 500w, https:\/\/www.lezum.com\/wp-content\/uploads\/2025\/12\/12E-1-300x132.jpg 300w, https:\/\/www.lezum.com\/wp-content\/uploads\/2025\/12\/12E-1-768x339.jpg 768w, https:\/\/www.lezum.com\/wp-content\/uploads\/2025\/12\/12E-1-600x265.jpg 600w, https:\/\/www.lezum.com\/wp-content\/uploads\/2025\/12\/12E-1-1x1.jpg 1w, https:\/\/www.lezum.com\/wp-content\/uploads\/2025\/12\/12E-1-10x4.jpg 10w\" sizes=\"(max-width: 1200px) 100vw, 1200px\" \/><\/h2>\n<p>&nbsp;<\/p>\n<h1><span style=\"color: #0b4cbd;\">&gt;&gt;Vlastnosti a v\u00fdhody<\/span><\/h1>\n<h2 style=\"text-align: left;\">Vynikaj\u00edc\u00ed v\u00fdkon: poch\u00e1z\u00ed z p\u0159edn\u00edho sv\u011btov\u00e9ho dodavatelsk\u00e9ho \u0159et\u011bzce<img decoding=\"async\" class=\"wp-image-1800 size-full aligncenter\" src=\"https:\/\/lezum.com\/wp-content\/uploads\/2025\/12\/1233.jpg\" alt=\"\" width=\"1200\" height=\"812\" srcset=\"https:\/\/www.lezum.com\/wp-content\/uploads\/2025\/12\/1233.jpg 1200w, https:\/\/www.lezum.com\/wp-content\/uploads\/2025\/12\/1233-500x338.jpg 500w, https:\/\/www.lezum.com\/wp-content\/uploads\/2025\/12\/1233-300x203.jpg 300w, https:\/\/www.lezum.com\/wp-content\/uploads\/2025\/12\/1233-768x520.jpg 768w, https:\/\/www.lezum.com\/wp-content\/uploads\/2025\/12\/1233-600x406.jpg 600w, https:\/\/www.lezum.com\/wp-content\/uploads\/2025\/12\/1233-1x1.jpg 1w, https:\/\/www.lezum.com\/wp-content\/uploads\/2025\/12\/1233-10x7.jpg 10w\" sizes=\"(max-width: 1200px) 100vw, 1200px\" \/><\/h2>\n<p>&nbsp;<\/p>\n<h1><span style=\"color: #0b4cbd;\">&gt;&gt;Parametry<\/span><\/h1>\n<h2 style=\"text-align: center;\">Podrobn\u00e9 technick\u00e9 specifikace<\/h2>\n<h4 style=\"text-align: center;\">Souhrn kl\u00ed\u010dov\u00fdch parametr\u016f, kter\u00fd je vhodn\u00fd pro prodejce k porovn\u00e1n\u00ed trhu a k p\u0159edstaven\u00ed z\u00e1kazn\u00edk\u016fm.<\/h4>\n<p>&nbsp;<\/p>\n<p style=\"text-align: left; padding-left: 40px;\"><span style=\"color: #000000;\">Zna\u010dka\uff1a LEZUM<\/span><img decoding=\"async\" class=\"alignright wp-image-1791\" src=\"https:\/\/lezum.com\/wp-content\/uploads\/2025\/12\/\u5305\u7edc\u56fe\u4ea7\u54c1\u56fe_\u753b\u677f-1-\u526f\u672c-15.jpg\" alt=\"\" width=\"600\" height=\"269\" srcset=\"https:\/\/www.lezum.com\/wp-content\/uploads\/2025\/12\/\u5305\u7edc\u56fe\u4ea7\u54c1\u56fe_\u753b\u677f-1-\u526f\u672c-15.jpg 2500w, https:\/\/www.lezum.com\/wp-content\/uploads\/2025\/12\/\u5305\u7edc\u56fe\u4ea7\u54c1\u56fe_\u753b\u677f-1-\u526f\u672c-15-500x224.jpg 500w, https:\/\/www.lezum.com\/wp-content\/uploads\/2025\/12\/\u5305\u7edc\u56fe\u4ea7\u54c1\u56fe_\u753b\u677f-1-\u526f\u672c-15-1920x859.jpg 1920w, https:\/\/www.lezum.com\/wp-content\/uploads\/2025\/12\/\u5305\u7edc\u56fe\u4ea7\u54c1\u56fe_\u753b\u677f-1-\u526f\u672c-15-300x134.jpg 300w, https:\/\/www.lezum.com\/wp-content\/uploads\/2025\/12\/\u5305\u7edc\u56fe\u4ea7\u54c1\u56fe_\u753b\u677f-1-\u526f\u672c-15-768x344.jpg 768w, https:\/\/www.lezum.com\/wp-content\/uploads\/2025\/12\/\u5305\u7edc\u56fe\u4ea7\u54c1\u56fe_\u753b\u677f-1-\u526f\u672c-15-1536x688.jpg 1536w, https:\/\/www.lezum.com\/wp-content\/uploads\/2025\/12\/\u5305\u7edc\u56fe\u4ea7\u54c1\u56fe_\u753b\u677f-1-\u526f\u672c-15-2048x917.jpg 2048w, https:\/\/www.lezum.com\/wp-content\/uploads\/2025\/12\/\u5305\u7edc\u56fe\u4ea7\u54c1\u56fe_\u753b\u677f-1-\u526f\u672c-15-600x269.jpg 600w, https:\/\/www.lezum.com\/wp-content\/uploads\/2025\/12\/\u5305\u7edc\u56fe\u4ea7\u54c1\u56fe_\u753b\u677f-1-\u526f\u672c-15-1x1.jpg 1w, https:\/\/www.lezum.com\/wp-content\/uploads\/2025\/12\/\u5305\u7edc\u56fe\u4ea7\u54c1\u56fe_\u753b\u677f-1-\u526f\u672c-15-10x4.jpg 10w\" sizes=\"(max-width: 600px) 100vw, 600px\" \/><span style=\"color: #000000;\"><br \/>\nModel\uff1a DY12E<br \/>\nEngine Model\uff1a KUBOTA<br \/>\nMaximum horsepower (ps)\uff1a 11<br \/>\nMaximum power (Kw)\uff1a 8.2<br \/>\nMaximum speed (rpm)\uff1a 3000<br \/>\nMachine working weight (kg)\uff1a 1200<br \/>\nMaximum digging height\uff08mm\uff09\uff1a 2604<br \/>\nMaximum digging radius (mm) \uff1a 2988<br \/>\nMaximum digging depth (mm) \uff1a 16715<\/span><\/p>\n<p>&nbsp;<\/p>\n<p>&nbsp;<\/p>\n<p>&nbsp;<\/p>\n<h1><\/h1>\n<h1 style=\"text-align: left;\"><span style=\"color: #0b4cbd;\">&gt;&gt;Humanizovat<\/span><\/h1>\n<h2 style=\"text-align: center;\">N\u00e1vrh a \u00fadr\u017eba zam\u011b\u0159en\u00e9 na \u010dlov\u011bka<\/h2>\n<h4 style=\"text-align: left;\"><img loading=\"lazy\" decoding=\"async\" class=\"alignleft wp-image-1795\" src=\"https:\/\/lezum.com\/wp-content\/uploads\/2025\/12\/lll.jpg\" alt=\"\" width=\"861\" height=\"287\" srcset=\"https:\/\/www.lezum.com\/wp-content\/uploads\/2025\/12\/lll.jpg 900w, https:\/\/www.lezum.com\/wp-content\/uploads\/2025\/12\/lll-500x167.jpg 500w, https:\/\/www.lezum.com\/wp-content\/uploads\/2025\/12\/lll-300x100.jpg 300w, https:\/\/www.lezum.com\/wp-content\/uploads\/2025\/12\/lll-768x256.jpg 768w, https:\/\/www.lezum.com\/wp-content\/uploads\/2025\/12\/lll-600x200.jpg 600w, https:\/\/www.lezum.com\/wp-content\/uploads\/2025\/12\/lll-1x1.jpg 1w, https:\/\/www.lezum.com\/wp-content\/uploads\/2025\/12\/lll-10x3.jpg 10w\" sizes=\"(max-width: 861px) 100vw, 861px\" \/><\/h4>\n<h4><\/h4>\n<h4 style=\"text-align: left;\"><\/h4>\n<p>&nbsp;<\/p>\n<h4 style=\"text-align: left;\">Pohodln\u00e1 sedadla, ergonomick\u00e1<\/h4>\n<h4 style=\"text-align: left;\">joystick\u016f a centralizovan\u00fdch<\/h4>\n<h4 style=\"text-align: left;\">body \u00fadr\u017ebyzajistit<\/h4>\n<h4 style=\"text-align: left;\">komfort obsluhy b\u011bhem<\/h4>\n<h4 style=\"text-align: left;\">dlouh\u00e1 pracovn\u00ed doba a<\/h4>\n<h4 style=\"text-align: left;\">v\u00fdrazn\u011b sn\u00ed\u017eit \u00fadr\u017ebu<\/h4>\n<h4 style=\"text-align: left;\">n\u00e1klady.<\/h4>\n<p>&nbsp;<\/p>\n<p>&nbsp;<\/p>\n<h1><\/h1>\n<h1><span style=\"color: #0b4cbd;\">&gt;&gt;Sc\u00e9n\u00e1\u0159e multifunk\u010dn\u00edch aplikac\u00ed<\/span><\/h1>\n<h2 style=\"text-align: center;\">Multi-functional:DY12E multifunctional solution<\/h2>\n<h4 style=\"text-align: center;\"><span style=\"color: #333333;\">Flexibiln\u00ed syst\u00e9m p\u0159\u00eddavn\u00fdch za\u0159\u00edzen\u00ed<br \/>\n<\/span>Jeho pou\u017eit\u00ed zahrnuje r\u016fzn\u00e1 pr\u016fmyslov\u00e1 odv\u011btv\u00ed a obory, jako je zem\u011bd\u011blstv\u00ed, stavebnictv\u00ed, t\u011b\u017eba, zem\u011bd\u011blstv\u00ed, p\u0159\u00edstavy, likvidace odpadu, \u017eeleznice, stavebnictv\u00ed, metalurgie a zpracov\u00e1n\u00ed d\u0159eva, a poskytuje v\u00fdkonn\u00e9, manipula\u010dn\u00ed a nakl\u00e1dac\u00ed mo\u017enosti pro r\u016fzn\u00e9 technick\u00e9 projekty a provozy.<\/h4>\n<h4 style=\"text-align: left;\"><img loading=\"lazy\" decoding=\"async\" class=\"wp-image-961 aligncenter\" src=\"https:\/\/lezum.com\/wp-content\/uploads\/2025\/12\/\u8f85\u5177-1.jpg\" alt=\"\" width=\"1200\" height=\"604\" srcset=\"https:\/\/www.lezum.com\/wp-content\/uploads\/2025\/12\/\u8f85\u5177-1.jpg 2430w, https:\/\/www.lezum.com\/wp-content\/uploads\/2025\/12\/\u8f85\u5177-1-300x151.jpg 300w, https:\/\/www.lezum.com\/wp-content\/uploads\/2025\/12\/\u8f85\u5177-1-1024x516.jpg 1024w, https:\/\/www.lezum.com\/wp-content\/uploads\/2025\/12\/\u8f85\u5177-1-768x387.jpg 768w, https:\/\/www.lezum.com\/wp-content\/uploads\/2025\/12\/\u8f85\u5177-1-1536x774.jpg 1536w, https:\/\/www.lezum.com\/wp-content\/uploads\/2025\/12\/\u8f85\u5177-1-2048x1032.jpg 2048w, https:\/\/www.lezum.com\/wp-content\/uploads\/2025\/12\/\u8f85\u5177-1-600x302.jpg 600w, https:\/\/www.lezum.com\/wp-content\/uploads\/2025\/12\/\u8f85\u5177-1-1x1.jpg 1w, https:\/\/www.lezum.com\/wp-content\/uploads\/2025\/12\/\u8f85\u5177-1-10x5.jpg 10w\" sizes=\"(max-width: 1200px) 100vw, 1200px\" \/><\/h4>\n<p>&nbsp;<\/p>\n<h1><span style=\"color: #0b4cbd;\">&gt;&gt;LEZUM p\u0159\u00edm\u00fd prodej<\/span><\/h1>\n<h2 style=\"text-align: center;\">Srde\u010dn\u011b zveme glob\u00e1ln\u00ed distributory ke spolupr\u00e1ci.<\/h2>\n<h4 style=\"text-align: center; padding-left: 40px;\">Jako p\u0159edn\u00ed \u010d\u00ednsk\u00fd v\u00fdrobce inteligentn\u00edch elektrick\u00fdch mini stavebn\u00edch stroj\u016f se spole\u010dnost LEZUM Group m\u016f\u017ee pochlubit modern\u00ed v\u00fdrobn\u00ed z\u00e1kladnou o rozloze v\u00edce ne\u017e 50 000 metr\u016f \u010dtvere\u010dn\u00edch, certifikovanou podle mezin\u00e1rodn\u00edch norem v\u010detn\u011b ISO 9001, CE a TUV. Na\u0161im glob\u00e1ln\u00edm partner\u016fm se sna\u017e\u00edme poskytovat nejspolehliv\u011bj\u0161\u00ed v\u00fdrobky a nejp\u0159\u00edm\u011bj\u0161\u00ed dodavatelsk\u00e9 kan\u00e1ly.<\/h4>\n<p><img loading=\"lazy\" decoding=\"async\" class=\"alignleft size-full wp-image-953\" src=\"https:\/\/lezum.com\/wp-content\/uploads\/2025\/12\/\u5de5\u5382\u62fc\u56fe-\u8be6\u60c5.jpg\" alt=\"\" width=\"900\" height=\"300\" srcset=\"https:\/\/www.lezum.com\/wp-content\/uploads\/2025\/12\/\u5de5\u5382\u62fc\u56fe-\u8be6\u60c5.jpg 900w, https:\/\/www.lezum.com\/wp-content\/uploads\/2025\/12\/\u5de5\u5382\u62fc\u56fe-\u8be6\u60c5-300x100.jpg 300w, https:\/\/www.lezum.com\/wp-content\/uploads\/2025\/12\/\u5de5\u5382\u62fc\u56fe-\u8be6\u60c5-768x256.jpg 768w, https:\/\/www.lezum.com\/wp-content\/uploads\/2025\/12\/\u5de5\u5382\u62fc\u56fe-\u8be6\u60c5-600x200.jpg 600w, https:\/\/www.lezum.com\/wp-content\/uploads\/2025\/12\/\u5de5\u5382\u62fc\u56fe-\u8be6\u60c5-1x1.jpg 1w, https:\/\/www.lezum.com\/wp-content\/uploads\/2025\/12\/\u5de5\u5382\u62fc\u56fe-\u8be6\u60c5-10x3.jpg 10w\" sizes=\"(max-width: 900px) 100vw, 900px\" \/><\/p>\n<p>&nbsp;<\/p>\n<h4 style=\"text-align: center; padding-left: 40px;\"><span style=\"color: #333333;\">Exkluzivn\u00ed v\u00fdhoda prodejce<\/span><\/h4>\n<h4 style=\"text-align: left; padding-left: 40px;\">\u221a P\u0159\u00edm\u00e1 prodejn\u00ed cena<\/h4>\n<p style=\"text-align: left; padding-left: 40px;\"><span style=\"color: #333333;\">\u00a0 \u00a0 \u00a0 Maxim\u00e1ln\u00ed ziskov\u00e9 rozp\u011bt\u00ed<\/span><span style=\"color: #333333;\"><br \/>\n<\/span><\/p>\n<h4 style=\"text-align: left; padding-left: 40px;\">\u221a Ochrana prostoru<\/h4>\n<p style=\"text-align: left; padding-left: 40px;\"><span style=\"color: #333333;\">\u00a0 \u00a0 \u00a0 V\u00fdhradn\u00ed pr\u00e1va na trhu<\/span><\/p>\n<h4 style=\"text-align: left; padding-left: 40px;\">\u221a 3let\u00e1 z\u00e1ruka<\/h4>\n<p style=\"padding-left: 40px;\">\u0160pi\u010dkov\u00e1 poprodejn\u00ed podpora v oboru<\/p>\n<p>&nbsp;<\/p>","protected":false},"excerpt":{"rendered":"<ul>\n<li>Konkuren\u010dn\u00ed cena: P\u0159\u00edm\u00fd tov\u00e1rn\u00ed prodej mal\u00fdch kolov\u00fdch naklada\u010d\u016f | N\u00e1bor prodejc\u016f | N\u00e1kup na jednom m\u00edst\u011b | Kompletn\u00ed sortiment | CE\/EPA\/Euro 5 Certified | Tov\u00e1rn\u00ed z\u00e1ruka<\/li>\n<\/ul>\n<ul>\n<li>\n<p class=\"body\" dir=\"auto\">E-mail\uff1aservice@lezum.com<\/p>\n<\/li>\n<li>\n<p class=\"body\" dir=\"auto\">WhatsApp\uff1a+86 18101064115<\/p>\n<\/li>\n<\/ul>","protected":false},"featured_media":1783,"template":"","meta":[],"etheme_brands":[],"product_brand":[],"product_cat":[43],"product_tag":[],"class_list":{"0":"post-1781","1":"product","2":"type-product","3":"status-publish","4":"has-post-thumbnail","6":"product_cat-mini-excavators","8":"first","9":"instock","10":"shipping-taxable","11":"product-type-simple"},"_links":{"self":[{"href":"https:\/\/www.lezum.com\/cs\/wp-json\/wp\/v2\/product\/1781","targetHints":{"allow":["GET"]}}],"collection":[{"href":"https:\/\/www.lezum.com\/cs\/wp-json\/wp\/v2\/product"}],"about":[{"href":"https:\/\/www.lezum.com\/cs\/wp-json\/wp\/v2\/types\/product"}],"version-history":[{"count":8,"href":"https:\/\/www.lezum.com\/cs\/wp-json\/wp\/v2\/product\/1781\/revisions"}],"predecessor-version":[{"id":2411,"href":"https:\/\/www.lezum.com\/cs\/wp-json\/wp\/v2\/product\/1781\/revisions\/2411"}],"wp:featuredmedia":[{"embeddable":true,"href":"https:\/\/www.lezum.com\/cs\/wp-json\/wp\/v2\/media\/1783"}],"wp:attachment":[{"href":"https:\/\/www.lezum.com\/cs\/wp-json\/wp\/v2\/media?parent=1781"}],"wp:term":[{"taxonomy":"brand","embeddable":true,"href":"https:\/\/www.lezum.com\/cs\/wp-json\/wp\/v2\/etheme_brands?post=1781"},{"taxonomy":"product_brand","embeddable":true,"href":"https:\/\/www.lezum.com\/cs\/wp-json\/wp\/v2\/product_brand?post=1781"},{"taxonomy":"product_cat","embeddable":true,"href":"https:\/\/www.lezum.com\/cs\/wp-json\/wp\/v2\/product_cat?post=1781"},{"taxonomy":"product_tag","embeddable":true,"href":"https:\/\/www.lezum.com\/cs\/wp-json\/wp\/v2\/product_tag?post=1781"}],"curies":[{"name":"wp","href":"https:\/\/api.w.org\/{rel}","templated":true}]}}