{"id":2911,"date":"2026-01-30T07:54:23","date_gmt":"2026-01-30T07:54:23","guid":{"rendered":"https:\/\/www.lezum.com\/?post_type=product&#038;p=2911"},"modified":"2026-02-02T06:17:52","modified_gmt":"2026-02-02T06:17:52","slug":"lezum-dy18-kubota-engine-mini-excavator-factory-direct-global-dealer-recruitment","status":"publish","type":"product","link":"https:\/\/www.lezum.com\/cs\/produkt\/lezum-dy18-kubota-engine-mini-excavator-factory-direct-global-dealer-recruitment\/","title":{"rendered":"LEZUM DY18 Kubota Engine Mini Excavator \u2013 Factory Direct  Global Dealer Recruitment"},"content":{"rendered":"<h1>&gt;&gt;P\u0159ehled<\/h1>\n<h2 style=\"text-align: left;\">The LEZUM <span style=\"color: #000000;\"><strong>DY18 Kubota Engine Mini Excavator<\/strong><\/span> offers a 2100mm digging depth and is high lighted by its Low Total Cost of Ownership (TCO). A reliable <span style=\"color: #000000;\">1.5 ton mini excavator<\/span> and <span style=\"color: #000000;\">2 ton mini excavator <\/span><\/h2>\n<h2><img fetchpriority=\"high\" decoding=\"async\" class=\"alignleft wp-image-2914 size-full\" src=\"https:\/\/www.lezum.com\/wp-content\/uploads\/2026\/01\/22222.jpg\" alt=\"\" width=\"1926\" height=\"896\" srcset=\"https:\/\/www.lezum.com\/wp-content\/uploads\/2026\/01\/22222.jpg 1926w, https:\/\/www.lezum.com\/wp-content\/uploads\/2026\/01\/22222-500x233.jpg 500w, https:\/\/www.lezum.com\/wp-content\/uploads\/2026\/01\/22222-1920x893.jpg 1920w, https:\/\/www.lezum.com\/wp-content\/uploads\/2026\/01\/22222-300x140.jpg 300w, https:\/\/www.lezum.com\/wp-content\/uploads\/2026\/01\/22222-768x357.jpg 768w, https:\/\/www.lezum.com\/wp-content\/uploads\/2026\/01\/22222-1536x715.jpg 1536w, https:\/\/www.lezum.com\/wp-content\/uploads\/2026\/01\/22222-18x8.jpg 18w, https:\/\/www.lezum.com\/wp-content\/uploads\/2026\/01\/22222-600x279.jpg 600w, https:\/\/www.lezum.com\/wp-content\/uploads\/2026\/01\/22222-1x1.jpg 1w, https:\/\/www.lezum.com\/wp-content\/uploads\/2026\/01\/22222-10x5.jpg 10w\" sizes=\"(max-width: 1926px) 100vw, 1926px\" \/><\/h2>\n<h1>&gt;&gt;Vlastnosti a v\u00fdhody<\/h1>\n<h2 style=\"text-align: left;\">Vynikaj\u00edc\u00ed v\u00fdkon: poch\u00e1z\u00ed z p\u0159edn\u00edho sv\u011btov\u00e9ho dodavatelsk\u00e9ho \u0159et\u011bzce<img decoding=\"async\" class=\"alignleft wp-image-2915 size-full\" src=\"https:\/\/www.lezum.com\/wp-content\/uploads\/2026\/01\/\u7ec6\u8282-\u7ec4\u54083.jpg\" alt=\"\" width=\"1200\" height=\"812\" srcset=\"https:\/\/www.lezum.com\/wp-content\/uploads\/2026\/01\/\u7ec6\u8282-\u7ec4\u54083.jpg 1200w, https:\/\/www.lezum.com\/wp-content\/uploads\/2026\/01\/\u7ec6\u8282-\u7ec4\u54083-500x338.jpg 500w, https:\/\/www.lezum.com\/wp-content\/uploads\/2026\/01\/\u7ec6\u8282-\u7ec4\u54083-300x203.jpg 300w, https:\/\/www.lezum.com\/wp-content\/uploads\/2026\/01\/\u7ec6\u8282-\u7ec4\u54083-768x520.jpg 768w, https:\/\/www.lezum.com\/wp-content\/uploads\/2026\/01\/\u7ec6\u8282-\u7ec4\u54083-18x12.jpg 18w, https:\/\/www.lezum.com\/wp-content\/uploads\/2026\/01\/\u7ec6\u8282-\u7ec4\u54083-600x406.jpg 600w, https:\/\/www.lezum.com\/wp-content\/uploads\/2026\/01\/\u7ec6\u8282-\u7ec4\u54083-1x1.jpg 1w, https:\/\/www.lezum.com\/wp-content\/uploads\/2026\/01\/\u7ec6\u8282-\u7ec4\u54083-10x7.jpg 10w\" sizes=\"(max-width: 1200px) 100vw, 1200px\" \/><\/h2>\n<h1>&gt;&gt;Parametry<\/h1>\n<h2 style=\"text-align: center;\">Podrobn\u00e9 technick\u00e9 specifikace<\/h2>\n<h4 style=\"text-align: center;\">Souhrn kl\u00ed\u010dov\u00fdch parametr\u016f, kter\u00fd je vhodn\u00fd pro prodejce k porovn\u00e1n\u00ed trhu a k p\u0159edstaven\u00ed z\u00e1kazn\u00edk\u016fm.<\/h4>\n<h4 style=\"text-align: left; padding-left: 40px;\"><span style=\"color: #000000;\">Zna\u010dka\uff1a LEZUM<\/span><br \/>\n<span style=\"color: #000000;\">Model\uff1a DY18<\/span><br \/>\n<span style=\"color: #000000;\">Engine Model\uff1a Kubota<\/span><br \/>\n<span style=\"color: #000000;\">Maximum horsepower (ps)\uff1a 13.9<\/span><br \/>\n<span style=\"color: #000000;\">Maximum power (Kw)\uff1a 10.2<\/span><br \/>\n<span style=\"color: #000000;\">Maximum speed (rpm)\uff1a 2500<\/span><br \/>\n<span style=\"color: #000000;\">Displacement (L)\uff1a 1.5<\/span><br \/>\n<span style=\"color: #000000;\">Machine working weight (kg)\uff1a 1600<\/span><br \/>\n<span style=\"color: #000000;\">Maximum digging height\uff08mm\uff09\uff1a 2603<\/span><br \/>\n<span style=\"color: #000000;\">Maximum digging radius (mm) \uff1a 3061<\/span><br \/>\n<span style=\"color: #000000;\">Maximum digging depth (mm) \uff1a 2100<\/span><br \/>\n<span style=\"color: #000000;\">Bucket maximum digging force (Kg) \uff1a 940<\/span><\/h4>\n<h1 style=\"text-align: left;\">&gt;&gt;Humanizovat<\/h1>\n<h2 style=\"text-align: center;\">N\u00e1vrh a \u00fadr\u017eba zam\u011b\u0159en\u00e9 na \u010dlov\u011bka<\/h2>\n<h4 style=\"text-align: left;\"><img decoding=\"async\" class=\"alignleft wp-image-2916\" src=\"https:\/\/www.lezum.com\/wp-content\/uploads\/2026\/01\/\u672a\u547d\u540d.jpg\" alt=\"\" width=\"861\" height=\"287\" srcset=\"https:\/\/www.lezum.com\/wp-content\/uploads\/2026\/01\/\u672a\u547d\u540d.jpg 900w, https:\/\/www.lezum.com\/wp-content\/uploads\/2026\/01\/\u672a\u547d\u540d-500x167.jpg 500w, https:\/\/www.lezum.com\/wp-content\/uploads\/2026\/01\/\u672a\u547d\u540d-300x100.jpg 300w, https:\/\/www.lezum.com\/wp-content\/uploads\/2026\/01\/\u672a\u547d\u540d-768x256.jpg 768w, https:\/\/www.lezum.com\/wp-content\/uploads\/2026\/01\/\u672a\u547d\u540d-18x6.jpg 18w, https:\/\/www.lezum.com\/wp-content\/uploads\/2026\/01\/\u672a\u547d\u540d-600x200.jpg 600w, https:\/\/www.lezum.com\/wp-content\/uploads\/2026\/01\/\u672a\u547d\u540d-1x1.jpg 1w, https:\/\/www.lezum.com\/wp-content\/uploads\/2026\/01\/\u672a\u547d\u540d-10x3.jpg 10w\" sizes=\"(max-width: 861px) 100vw, 861px\" \/><\/h4>\n<h4><\/h4>\n<h4><\/h4>\n<h4 style=\"text-align: left;\">Pohodln\u00e1 sedadla, ergonomick\u00e1<\/h4>\n<h4 style=\"text-align: left;\">joystick\u016f a centralizovan\u00fdch<\/h4>\n<h4 style=\"text-align: left;\">body \u00fadr\u017ebyzajistit<\/h4>\n<h4 style=\"text-align: left;\">komfort obsluhy b\u011bhem<\/h4>\n<h4 style=\"text-align: left;\">dlouh\u00e1 pracovn\u00ed doba a<\/h4>\n<h4 style=\"text-align: left;\">v\u00fdrazn\u011b sn\u00ed\u017eit \u00fadr\u017ebu<\/h4>\n<h4 style=\"text-align: left;\">n\u00e1klady.<\/h4>\n<p>&nbsp;<\/p>\n<p>&nbsp;<\/p>\n<h1><\/h1>\n<h1>&gt;&gt;Sc\u00e9n\u00e1\u0159e multifunk\u010dn\u00edch aplikac\u00ed<\/h1>\n<h2 style=\"text-align: center;\">Multi-functional:DY18 multifunctional solution<\/h2>\n<h4 style=\"text-align: center;\">Flexibiln\u00ed syst\u00e9m p\u0159\u00eddavn\u00fdch za\u0159\u00edzen\u00ed<br \/>\nJeho pou\u017eit\u00ed zahrnuje r\u016fzn\u00e1 pr\u016fmyslov\u00e1 odv\u011btv\u00ed a obory, jako je zem\u011bd\u011blstv\u00ed, stavebnictv\u00ed, t\u011b\u017eba, zem\u011bd\u011blstv\u00ed, p\u0159\u00edstavy, likvidace odpadu, \u017eeleznice, stavebnictv\u00ed, metalurgie a zpracov\u00e1n\u00ed d\u0159eva, a poskytuje v\u00fdkonn\u00e9, manipula\u010dn\u00ed a nakl\u00e1dac\u00ed mo\u017enosti pro r\u016fzn\u00e9 technick\u00e9 projekty a provozy.<\/h4>\n<h4 style=\"text-align: left;\"><img loading=\"lazy\" decoding=\"async\" src=\"https:\/\/lezum.com\/wp-content\/uploads\/2025\/12\/\u8f85\u5177-1.jpg\" alt=\"\" width=\"1200\" height=\"604\" \/><\/h4>\n<h1>&gt;&gt;LEZUM p\u0159\u00edm\u00fd prodej<\/h1>\n<h2 style=\"text-align: center;\">Srde\u010dn\u011b zveme glob\u00e1ln\u00ed distributory ke spolupr\u00e1ci.<\/h2>\n<h4 style=\"text-align: center; padding-left: 40px;\">Jako p\u0159edn\u00ed \u010d\u00ednsk\u00fd v\u00fdrobce inteligentn\u00edch elektrick\u00fdch mini stavebn\u00edch stroj\u016f se spole\u010dnost LEZUM Group m\u016f\u017ee pochlubit modern\u00ed v\u00fdrobn\u00ed z\u00e1kladnou o rozloze v\u00edce ne\u017e 50 000 metr\u016f \u010dtvere\u010dn\u00edch, certifikovanou podle mezin\u00e1rodn\u00edch norem v\u010detn\u011b ISO 9001, CE a TUV. Na\u0161im glob\u00e1ln\u00edm partner\u016fm se sna\u017e\u00edme poskytovat nejspolehliv\u011bj\u0161\u00ed v\u00fdrobky a nejp\u0159\u00edm\u011bj\u0161\u00ed dodavatelsk\u00e9 kan\u00e1ly.<\/h4>\n<h4><img loading=\"lazy\" decoding=\"async\" class=\"alignleft wp-image-1735\" src=\"https:\/\/www.lezum.com\/wp-content\/uploads\/2025\/12\/\u62fc\u56fe.jpg\" alt=\"\" width=\"661\" height=\"224\" srcset=\"https:\/\/www.lezum.com\/wp-content\/uploads\/2025\/12\/\u62fc\u56fe.jpg 1920w, https:\/\/www.lezum.com\/wp-content\/uploads\/2025\/12\/\u62fc\u56fe-300x102.jpg 300w, https:\/\/www.lezum.com\/wp-content\/uploads\/2025\/12\/\u62fc\u56fe-1024x347.jpg 1024w, https:\/\/www.lezum.com\/wp-content\/uploads\/2025\/12\/\u62fc\u56fe-768x260.jpg 768w, https:\/\/www.lezum.com\/wp-content\/uploads\/2025\/12\/\u62fc\u56fe-1536x520.jpg 1536w, https:\/\/www.lezum.com\/wp-content\/uploads\/2025\/12\/\u62fc\u56fe-600x203.jpg 600w, https:\/\/www.lezum.com\/wp-content\/uploads\/2025\/12\/\u62fc\u56fe-1x1.jpg 1w, https:\/\/www.lezum.com\/wp-content\/uploads\/2025\/12\/\u62fc\u56fe-10x3.jpg 10w\" sizes=\"(max-width: 661px) 100vw, 661px\" \/>Exkluzivn\u00ed v\u00fdhoda prodejce<\/h4>\n<h4 style=\"text-align: left; padding-left: 40px;\">\u221a P\u0159\u00edm\u00e1 prodejn\u00ed cena<\/h4>\n<h4 style=\"text-align: left; padding-left: 40px;\">\u00a0 \u00a0 \u00a0 Maxim\u00e1ln\u00ed ziskov\u00e9 rozp\u011bt\u00ed<\/h4>\n<h4 style=\"text-align: left; padding-left: 40px;\">\u221a Ochrana prostoru<\/h4>\n<h4 style=\"text-align: left; padding-left: 40px;\">\u00a0 \u00a0 \u00a0 V\u00fdhradn\u00ed pr\u00e1va na trhu<\/h4>\n<h4 style=\"text-align: left; padding-left: 40px;\">\u221a 3let\u00e1 z\u00e1ruka<\/h4>\n<h4 style=\"padding-left: 40px;\">\u0160pi\u010dkov\u00e1 poprodejn\u00ed podpora v oboru<\/h4>","protected":false},"excerpt":{"rendered":"<ul dir=\"auto\" data-pm-slice=\"3 3 []\">\n<li>\n<p class=\"body\" dir=\"auto\">Competitive Price: Factory Direct Deseil Mini Excavator for Sale | Recruiting Dealers | One-stop Purchasing | Full Range of Products | CE\/EPA\/Euro 5 Certified | Factory Warranty<br \/>\nODM\/OEM\uff08Optional): Engine Brand: Kubota, 1.Optional: KOOP,Laidong, RATO<\/p>\n<\/li>\n<li>\n<p class=\"body\" dir=\"auto\">E-mail\uff1aservice@lezum.com<\/p>\n<\/li>\n<li>\n<p class=\"body\" dir=\"auto\">WhatsApp\uff1a+8618101064115<\/p>\n<\/li>\n<\/ul>","protected":false},"featured_media":2912,"template":"","meta":[],"etheme_brands":[],"product_brand":[],"product_cat":[43],"product_tag":[],"class_list":{"0":"post-2911","1":"product","2":"type-product","3":"status-publish","4":"has-post-thumbnail","6":"product_cat-mini-excavators","8":"first","9":"instock","10":"shipping-taxable","11":"product-type-simple"},"_links":{"self":[{"href":"https:\/\/www.lezum.com\/cs\/wp-json\/wp\/v2\/product\/2911","targetHints":{"allow":["GET"]}}],"collection":[{"href":"https:\/\/www.lezum.com\/cs\/wp-json\/wp\/v2\/product"}],"about":[{"href":"https:\/\/www.lezum.com\/cs\/wp-json\/wp\/v2\/types\/product"}],"version-history":[{"count":5,"href":"https:\/\/www.lezum.com\/cs\/wp-json\/wp\/v2\/product\/2911\/revisions"}],"predecessor-version":[{"id":2920,"href":"https:\/\/www.lezum.com\/cs\/wp-json\/wp\/v2\/product\/2911\/revisions\/2920"}],"wp:featuredmedia":[{"embeddable":true,"href":"https:\/\/www.lezum.com\/cs\/wp-json\/wp\/v2\/media\/2912"}],"wp:attachment":[{"href":"https:\/\/www.lezum.com\/cs\/wp-json\/wp\/v2\/media?parent=2911"}],"wp:term":[{"taxonomy":"brand","embeddable":true,"href":"https:\/\/www.lezum.com\/cs\/wp-json\/wp\/v2\/etheme_brands?post=2911"},{"taxonomy":"product_brand","embeddable":true,"href":"https:\/\/www.lezum.com\/cs\/wp-json\/wp\/v2\/product_brand?post=2911"},{"taxonomy":"product_cat","embeddable":true,"href":"https:\/\/www.lezum.com\/cs\/wp-json\/wp\/v2\/product_cat?post=2911"},{"taxonomy":"product_tag","embeddable":true,"href":"https:\/\/www.lezum.com\/cs\/wp-json\/wp\/v2\/product_tag?post=2911"}],"curies":[{"name":"wp","href":"https:\/\/api.w.org\/{rel}","templated":true}]}}