{"id":1185,"date":"2025-12-09T01:51:43","date_gmt":"2025-12-09T01:51:43","guid":{"rendered":"https:\/\/lezum.com\/?post_type=product&#038;p=1185"},"modified":"2026-01-06T05:32:27","modified_gmt":"2026-01-06T05:32:27","slug":"lezum-dy13-hydraulic-joystick-mini-excavator-with-kubota-diesel-engine","status":"publish","type":"product","link":"https:\/\/www.lezum.com\/es\/producto\/lezum-dy13-hydraulic-joystick-mini-excavator-with-kubota-diesel-engine\/","title":{"rendered":"Miniexcavadora hidr\u00e1ulica con joystick LEZUM DY13 con motor diesel Kubota"},"content":{"rendered":"<h1><span style=\"color: #0b4cbd;\">&gt;&gt;Descripci\u00f3n general<\/span><\/h1>\n<h2 style=\"text-align: left;\">Factory direct china LEZUM DY13 mini excavators for sale,wholesale chinese cheap compact crawler 1.2 Ton hydraulic pilot joystick mini excavator seeking agents.<\/h2>\n<h2><img fetchpriority=\"high\" decoding=\"async\" class=\"wp-image-1150 size-full aligncenter\" src=\"https:\/\/lezum.com\/wp-content\/uploads\/2025\/12\/131.jpg\" alt=\"\" width=\"1200\" height=\"600\" srcset=\"https:\/\/www.lezum.com\/wp-content\/uploads\/2025\/12\/131.jpg 1200w, https:\/\/www.lezum.com\/wp-content\/uploads\/2025\/12\/131-300x150.jpg 300w, https:\/\/www.lezum.com\/wp-content\/uploads\/2025\/12\/131-1024x512.jpg 1024w, https:\/\/www.lezum.com\/wp-content\/uploads\/2025\/12\/131-768x384.jpg 768w, https:\/\/www.lezum.com\/wp-content\/uploads\/2025\/12\/131-600x300.jpg 600w, https:\/\/www.lezum.com\/wp-content\/uploads\/2025\/12\/131-1x1.jpg 1w, https:\/\/www.lezum.com\/wp-content\/uploads\/2025\/12\/131-10x5.jpg 10w\" sizes=\"(max-width: 1200px) 100vw, 1200px\" \/><\/h2>\n<h1><span style=\"color: #0b4cbd;\">&gt;&gt;Caracter\u00edsticas y ventajas<\/span><\/h1>\n<h2 style=\"text-align: left;\">Rendimiento superior: procedente de una cadena de suministro l\u00edder en el mundo<img decoding=\"async\" class=\"aligncenter wp-image-1209\" src=\"https:\/\/lezum.com\/wp-content\/uploads\/2025\/12\/\u672a\u6807\u9898-1_\u753b\u677f-1-\u526f\u672c-12.jpg\" alt=\"\" width=\"1200\" height=\"812\" srcset=\"https:\/\/www.lezum.com\/wp-content\/uploads\/2025\/12\/\u672a\u6807\u9898-1_\u753b\u677f-1-\u526f\u672c-12.jpg 2500w, https:\/\/www.lezum.com\/wp-content\/uploads\/2025\/12\/\u672a\u6807\u9898-1_\u753b\u677f-1-\u526f\u672c-12-300x203.jpg 300w, https:\/\/www.lezum.com\/wp-content\/uploads\/2025\/12\/\u672a\u6807\u9898-1_\u753b\u677f-1-\u526f\u672c-12-1024x693.jpg 1024w, https:\/\/www.lezum.com\/wp-content\/uploads\/2025\/12\/\u672a\u6807\u9898-1_\u753b\u677f-1-\u526f\u672c-12-768x520.jpg 768w, https:\/\/www.lezum.com\/wp-content\/uploads\/2025\/12\/\u672a\u6807\u9898-1_\u753b\u677f-1-\u526f\u672c-12-1536x1040.jpg 1536w, https:\/\/www.lezum.com\/wp-content\/uploads\/2025\/12\/\u672a\u6807\u9898-1_\u753b\u677f-1-\u526f\u672c-12-2048x1386.jpg 2048w, https:\/\/www.lezum.com\/wp-content\/uploads\/2025\/12\/\u672a\u6807\u9898-1_\u753b\u677f-1-\u526f\u672c-12-600x406.jpg 600w, https:\/\/www.lezum.com\/wp-content\/uploads\/2025\/12\/\u672a\u6807\u9898-1_\u753b\u677f-1-\u526f\u672c-12-1x1.jpg 1w, https:\/\/www.lezum.com\/wp-content\/uploads\/2025\/12\/\u672a\u6807\u9898-1_\u753b\u677f-1-\u526f\u672c-12-10x7.jpg 10w\" sizes=\"(max-width: 1200px) 100vw, 1200px\" \/><\/h2>\n<h1><span style=\"color: #0b4cbd;\">&gt;&gt;Par\u00e1metros<\/span><\/h1>\n<h2 style=\"text-align: center;\">Especificaciones t\u00e9cnicas detalladas<\/h2>\n<h4 style=\"text-align: center;\">Un resumen de los par\u00e1metros clave, pr\u00e1ctico para que los concesionarios realicen comparaciones de mercado y lo presenten a los clientes.<\/h4>\n<p>&nbsp;<\/p>\n<p style=\"text-align: left; padding-left: 40px;\"><span style=\"color: #000000;\">Marca\uff1a LEZUM<\/span><img decoding=\"async\" class=\"alignright wp-image-1172\" src=\"https:\/\/lezum.com\/wp-content\/uploads\/2025\/12\/\u5305\u7edc\u56fe\u4ea7\u54c1\u56fe_\u753b\u677f-1-\u526f\u672c-3-1024x458.jpg\" alt=\"\" width=\"600\" height=\"269\" srcset=\"https:\/\/www.lezum.com\/wp-content\/uploads\/2025\/12\/\u5305\u7edc\u56fe\u4ea7\u54c1\u56fe_\u753b\u677f-1-\u526f\u672c-3-1024x458.jpg 1024w, https:\/\/www.lezum.com\/wp-content\/uploads\/2025\/12\/\u5305\u7edc\u56fe\u4ea7\u54c1\u56fe_\u753b\u677f-1-\u526f\u672c-3-300x134.jpg 300w, https:\/\/www.lezum.com\/wp-content\/uploads\/2025\/12\/\u5305\u7edc\u56fe\u4ea7\u54c1\u56fe_\u753b\u677f-1-\u526f\u672c-3-768x344.jpg 768w, https:\/\/www.lezum.com\/wp-content\/uploads\/2025\/12\/\u5305\u7edc\u56fe\u4ea7\u54c1\u56fe_\u753b\u677f-1-\u526f\u672c-3-1536x688.jpg 1536w, https:\/\/www.lezum.com\/wp-content\/uploads\/2025\/12\/\u5305\u7edc\u56fe\u4ea7\u54c1\u56fe_\u753b\u677f-1-\u526f\u672c-3-2048x917.jpg 2048w, https:\/\/www.lezum.com\/wp-content\/uploads\/2025\/12\/\u5305\u7edc\u56fe\u4ea7\u54c1\u56fe_\u753b\u677f-1-\u526f\u672c-3-600x269.jpg 600w, https:\/\/www.lezum.com\/wp-content\/uploads\/2025\/12\/\u5305\u7edc\u56fe\u4ea7\u54c1\u56fe_\u753b\u677f-1-\u526f\u672c-3-1x1.jpg 1w, https:\/\/www.lezum.com\/wp-content\/uploads\/2025\/12\/\u5305\u7edc\u56fe\u4ea7\u54c1\u56fe_\u753b\u677f-1-\u526f\u672c-3-10x4.jpg 10w\" sizes=\"(max-width: 600px) 100vw, 600px\" \/><br \/>\n<span style=\"color: #000000;\">Model\uff1a DY13<\/span><br \/>\n<span style=\"color: #000000;\">Engine Model\uff1a Kubota\/Koop<\/span><br \/>\n<span style=\"color: #000000;\">Maximum horsepower (ps)\uff1a 13.8\/11<\/span><br \/>\n<span style=\"color: #000000;\">Maximum power (Kw)\uff1a 10.2\/8.2<\/span><br \/>\n<span style=\"color: #000000;\">Maximum speed (rpm)\uff1a 3600\/3000<\/span><br \/>\n<span style=\"color: #000000;\">Displacement (L)\uff1a 0.479<\/span><br \/>\n<span style=\"color: #000000;\">Machine working weight (kg)\uff1a1300<\/span><br \/>\n<span style=\"color: #000000;\">Maximum digging height\uff08mm\uff09\uff1a 2604<\/span><br \/>\n<span style=\"color: #000000;\">Maximum digging radius (mm) \uff1a 2988<\/span><br \/>\n<span style=\"color: #000000;\">Maximum digging depth (mm) \uff1a 1671<\/span><br \/>\n<span style=\"color: #000000;\">Bucket maximum digging force (Kg) \uff1a 800<\/span><\/p>\n<h1 style=\"text-align: left;\"><span style=\"color: #0b4cbd;\"><br \/>\n&gt;&gt;Humanizar<\/span><\/h1>\n<h2 style=\"text-align: center;\">Dise\u00f1o y mantenimiento centrados en el ser humano<\/h2>\n<h4 style=\"text-align: left;\"><img loading=\"lazy\" decoding=\"async\" class=\"alignleft wp-image-1171\" src=\"https:\/\/lezum.com\/wp-content\/uploads\/2025\/12\/\u672a\u547d\u540d-7.jpg\" alt=\"\" width=\"861\" height=\"287\" srcset=\"https:\/\/www.lezum.com\/wp-content\/uploads\/2025\/12\/\u672a\u547d\u540d-7.jpg 900w, https:\/\/www.lezum.com\/wp-content\/uploads\/2025\/12\/\u672a\u547d\u540d-7-300x100.jpg 300w, https:\/\/www.lezum.com\/wp-content\/uploads\/2025\/12\/\u672a\u547d\u540d-7-768x256.jpg 768w, https:\/\/www.lezum.com\/wp-content\/uploads\/2025\/12\/\u672a\u547d\u540d-7-600x200.jpg 600w, https:\/\/www.lezum.com\/wp-content\/uploads\/2025\/12\/\u672a\u547d\u540d-7-1x1.jpg 1w, https:\/\/www.lezum.com\/wp-content\/uploads\/2025\/12\/\u672a\u547d\u540d-7-10x3.jpg 10w\" sizes=\"(max-width: 861px) 100vw, 861px\" \/><\/h4>\n<h4><\/h4>\n<h4 style=\"text-align: left;\"><\/h4>\n<p>&nbsp;<\/p>\n<h4 style=\"text-align: left;\">Asientos c\u00f3modos y ergon\u00f3micos<\/h4>\n<h4 style=\"text-align: left;\">joysticks,y centralizado<\/h4>\n<h4 style=\"text-align: left;\">puntos de mantenimiento<\/h4>\n<h4 style=\"text-align: left;\">comodidad del operador durante<\/h4>\n<h4 style=\"text-align: left;\">largas jornadas laborales y<\/h4>\n<h4 style=\"text-align: left;\">reducir significativamente el mantenimiento<\/h4>\n<h4 style=\"text-align: left;\">costes..<\/h4>\n<p>&nbsp;<\/p>\n<h1><\/h1>\n<h1><span style=\"color: #0b4cbd;\">&gt;&gt;Escenarios de aplicaci\u00f3n multifuncional<\/span><\/h1>\n<h2 style=\"text-align: center;\">Multi-functional:DY13 multifunctional solution<\/h2>\n<h4 style=\"text-align: center;\"><span style=\"color: #333333;\">Sistema de fijaci\u00f3n flexible<br \/>\n<\/span>Sus aplicaciones abarcan diversas industrias y campos como granjas, construcci\u00f3n, miner\u00eda, agricultura, puertos, eliminaci\u00f3n de residuos, ferrocarriles, construcci\u00f3n, metalurgia y procesamiento de madera, proporcionando potentes capacidades de manipulaci\u00f3n y carga para diversos proyectos y operaciones de ingenier\u00eda.<\/h4>\n<h4 style=\"text-align: left;\"><img loading=\"lazy\" decoding=\"async\" class=\"wp-image-961 aligncenter\" src=\"https:\/\/lezum.com\/wp-content\/uploads\/2025\/12\/\u8f85\u5177-1.jpg\" alt=\"\" width=\"1200\" height=\"604\" srcset=\"https:\/\/www.lezum.com\/wp-content\/uploads\/2025\/12\/\u8f85\u5177-1.jpg 2430w, https:\/\/www.lezum.com\/wp-content\/uploads\/2025\/12\/\u8f85\u5177-1-300x151.jpg 300w, https:\/\/www.lezum.com\/wp-content\/uploads\/2025\/12\/\u8f85\u5177-1-1024x516.jpg 1024w, https:\/\/www.lezum.com\/wp-content\/uploads\/2025\/12\/\u8f85\u5177-1-768x387.jpg 768w, https:\/\/www.lezum.com\/wp-content\/uploads\/2025\/12\/\u8f85\u5177-1-1536x774.jpg 1536w, https:\/\/www.lezum.com\/wp-content\/uploads\/2025\/12\/\u8f85\u5177-1-2048x1032.jpg 2048w, https:\/\/www.lezum.com\/wp-content\/uploads\/2025\/12\/\u8f85\u5177-1-600x302.jpg 600w, https:\/\/www.lezum.com\/wp-content\/uploads\/2025\/12\/\u8f85\u5177-1-1x1.jpg 1w, https:\/\/www.lezum.com\/wp-content\/uploads\/2025\/12\/\u8f85\u5177-1-10x5.jpg 10w\" sizes=\"(max-width: 1200px) 100vw, 1200px\" \/><\/h4>\n<h1><span style=\"color: #0b4cbd;\">&gt;&gt;LEZUM venta directa de f\u00e1brica<\/span><\/h1>\n<h2 style=\"text-align: center;\">Invitamos cordialmente a los distribuidores de todo el mundo a cooperar<\/h2>\n<h4 style=\"text-align: center; padding-left: 40px;\">Como fabricante chino l\u00edder de mini maquinaria de construcci\u00f3n el\u00e9ctrica inteligente, el Grupo LEZUM cuenta con una moderna base de producci\u00f3n de m\u00e1s de 50.000 metros cuadrados, certificada por normas internacionales como ISO 9001, CE y TUV. Estamos comprometidos a proporcionar a nuestros socios globales los productos m\u00e1s confiables y los canales de suministro m\u00e1s directos.<\/h4>\n<p><img loading=\"lazy\" decoding=\"async\" class=\"alignleft size-full wp-image-953\" src=\"https:\/\/lezum.com\/wp-content\/uploads\/2025\/12\/\u5de5\u5382\u62fc\u56fe-\u8be6\u60c5.jpg\" alt=\"\" width=\"900\" height=\"300\" srcset=\"https:\/\/www.lezum.com\/wp-content\/uploads\/2025\/12\/\u5de5\u5382\u62fc\u56fe-\u8be6\u60c5.jpg 900w, https:\/\/www.lezum.com\/wp-content\/uploads\/2025\/12\/\u5de5\u5382\u62fc\u56fe-\u8be6\u60c5-300x100.jpg 300w, https:\/\/www.lezum.com\/wp-content\/uploads\/2025\/12\/\u5de5\u5382\u62fc\u56fe-\u8be6\u60c5-768x256.jpg 768w, https:\/\/www.lezum.com\/wp-content\/uploads\/2025\/12\/\u5de5\u5382\u62fc\u56fe-\u8be6\u60c5-600x200.jpg 600w, https:\/\/www.lezum.com\/wp-content\/uploads\/2025\/12\/\u5de5\u5382\u62fc\u56fe-\u8be6\u60c5-1x1.jpg 1w, https:\/\/www.lezum.com\/wp-content\/uploads\/2025\/12\/\u5de5\u5382\u62fc\u56fe-\u8be6\u60c5-10x3.jpg 10w\" sizes=\"(max-width: 900px) 100vw, 900px\" \/><\/p>\n<p>&nbsp;<\/p>\n<h4 style=\"text-align: center;\"><span style=\"color: #333333;\">Ventajas exclusivas para distribuidores<\/span><\/h4>\n<h4 style=\"text-align: left;\">\u221a Precio de venta directo de f\u00e1brica<\/h4>\n<p style=\"text-align: left;\"><span style=\"color: #333333;\">\u00a0 \u00a0 \u00a0 Margen de beneficio m\u00e1ximo<\/span><span style=\"color: #333333;\"><br \/>\n<\/span><\/p>\n<h4 style=\"text-align: left;\">\u221a Protecci\u00f3n de zonas<\/h4>\n<p style=\"text-align: left;\"><span style=\"color: #333333;\">\u00a0 \u00a0 \u00a0 Derechos exclusivos de mercado<\/span><\/p>\n<h4 style=\"text-align: left;\">\u221a 3 a\u00f1os de garant\u00eda<\/h4>\n<p>Asistencia posventa l\u00edder en el sector<\/p>\n<p>&nbsp;<\/p>","protected":false},"excerpt":{"rendered":"<ul dir=\"auto\" data-pm-slice=\"3 3 []\">\n<li>\n<p class=\"body\" dir=\"auto\">Competitive Price: Factory Direct Deseil Mini Excavator for Sale | Recruiting Dealers | One-stop Purchasing | Full Range of Products | CE\/EPA\/Euro 5 Certified | Factory Warranty<br \/>\nODM\/OEM\uff08Optional): Engine Brand: Kubota, 1.Optional:KOOP, RATO;<\/p>\n<\/li>\n<li>\n<p class=\"body\" dir=\"auto\">Optional: Swing Boom, Retractable Track, Hydraulic Thumb, Cabin.<\/p>\n<\/li>\n<li>\n<p class=\"body\" dir=\"auto\">Correo electr\u00f3nico: service@lezum.com<\/p>\n<\/li>\n<li>\n<p class=\"body\" dir=\"auto\">WhatsApp\uff1a+86 18101064115<\/p>\n<\/li>\n<\/ul>","protected":false},"featured_media":1540,"template":"","meta":[],"etheme_brands":[],"product_brand":[],"product_cat":[43],"product_tag":[],"class_list":{"0":"post-1185","1":"product","2":"type-product","3":"status-publish","4":"has-post-thumbnail","6":"product_cat-mini-excavators","8":"first","9":"instock","10":"shipping-taxable","11":"product-type-simple"},"_links":{"self":[{"href":"https:\/\/www.lezum.com\/es\/wp-json\/wp\/v2\/product\/1185","targetHints":{"allow":["GET"]}}],"collection":[{"href":"https:\/\/www.lezum.com\/es\/wp-json\/wp\/v2\/product"}],"about":[{"href":"https:\/\/www.lezum.com\/es\/wp-json\/wp\/v2\/types\/product"}],"version-history":[{"count":9,"href":"https:\/\/www.lezum.com\/es\/wp-json\/wp\/v2\/product\/1185\/revisions"}],"predecessor-version":[{"id":2433,"href":"https:\/\/www.lezum.com\/es\/wp-json\/wp\/v2\/product\/1185\/revisions\/2433"}],"wp:featuredmedia":[{"embeddable":true,"href":"https:\/\/www.lezum.com\/es\/wp-json\/wp\/v2\/media\/1540"}],"wp:attachment":[{"href":"https:\/\/www.lezum.com\/es\/wp-json\/wp\/v2\/media?parent=1185"}],"wp:term":[{"taxonomy":"brand","embeddable":true,"href":"https:\/\/www.lezum.com\/es\/wp-json\/wp\/v2\/etheme_brands?post=1185"},{"taxonomy":"product_brand","embeddable":true,"href":"https:\/\/www.lezum.com\/es\/wp-json\/wp\/v2\/product_brand?post=1185"},{"taxonomy":"product_cat","embeddable":true,"href":"https:\/\/www.lezum.com\/es\/wp-json\/wp\/v2\/product_cat?post=1185"},{"taxonomy":"product_tag","embeddable":true,"href":"https:\/\/www.lezum.com\/es\/wp-json\/wp\/v2\/product_tag?post=1185"}],"curies":[{"name":"wp","href":"https:\/\/api.w.org\/{rel}","templated":true}]}}