{"id":1189,"date":"2025-12-09T02:02:11","date_gmt":"2025-12-09T02:02:11","guid":{"rendered":"https:\/\/lezum.com\/?post_type=product&#038;p=1189"},"modified":"2026-01-06T05:31:18","modified_gmt":"2026-01-06T05:31:18","slug":"lezum-dy18-1-8t-compact-excavator-1943mm-dig-depth-low-tco","status":"publish","type":"product","link":"https:\/\/www.lezum.com\/es\/producto\/lezum-dy18-1-8t-compact-excavator-1943mm-dig-depth-low-tco\/","title":{"rendered":"LEZUM DY18 Miniexcavadora con motor Kubota de 1,8 toneladas"},"content":{"rendered":"<h1>&gt;&gt;Descripci\u00f3n general<\/h1>\n<h2 style=\"text-align: left;\">The LEZUM DY18 Kubota Engine Mini Excavatoroffers a 1943mm digging depth and is highlighted by its Low Total Cost of Ownership (TCO). The machine is designed for easy maintenance, with centralized service points and wide-opening panels significantly reducing maintenance time. Factory direct sales bring you the most competitive pricing.<\/h2>\n<h2><img fetchpriority=\"high\" decoding=\"async\" src=\"https:\/\/lezum.com\/wp-content\/uploads\/2025\/12\/183.jpg\" alt=\"\" width=\"1200\" height=\"600\" \/><\/h2>\n<h1>&gt;&gt;Caracter\u00edsticas y ventajas<\/h1>\n<h2 style=\"text-align: left;\">Rendimiento superior: procedente de una cadena de suministro l\u00edder en el mundo<img decoding=\"async\" src=\"https:\/\/lezum.com\/wp-content\/uploads\/2025\/12\/\u672a\u6807\u9898-1_\u753b\u677f-1-\u526f\u672c-13.jpg\" alt=\"\" width=\"1200\" height=\"812\" \/><\/h2>\n<h1>&gt;&gt;Par\u00e1metros<\/h1>\n<h2 style=\"text-align: center;\">Especificaciones t\u00e9cnicas detalladas<\/h2>\n<h4 style=\"text-align: center;\">Un resumen de los par\u00e1metros clave, pr\u00e1ctico para que los concesionarios realicen comparaciones de mercado y lo presenten a los clientes.<\/h4>\n<p style=\"text-align: left; padding-left: 40px;\">Marca\uff1a LEZUM<img decoding=\"async\" class=\"alignright\" src=\"https:\/\/lezum.com\/wp-content\/uploads\/2025\/12\/185-1024x458.jpg\" alt=\"\" width=\"600\" height=\"269\" \/><br \/>\nModel\uff1a DY18<br \/>\nModelo de motor\uff1a Kubota<br \/>\nMaximum horsepower (ps)\uff1a 13.9<br \/>\nMaximum power (Kw)\uff1a 10.2<br \/>\nMaximum speed (rpm)\uff1a 2500<br \/>\nDisplacement (L)\uff1a 1.5<br \/>\nMachine working weight (kg)\uff1a1600<br \/>\nMaximum digging height\uff08mm\uff09\uff1a 2603<br \/>\nMaximum digging radius (mm) \uff1a 3061<br \/>\nMaximum digging depth (mm) \uff1a 2100<br \/>\nBucket maximum digging force (Kg) \uff1a 940<\/p>\n<h1 style=\"text-align: left;\">&gt;&gt;Humanizar<\/h1>\n<h2 style=\"text-align: center;\">Dise\u00f1o y mantenimiento centrados en el ser humano<\/h2>\n<h4 style=\"text-align: left;\"><img loading=\"lazy\" decoding=\"async\" src=\"https:\/\/lezum.com\/wp-content\/uploads\/2025\/12\/\u672a\u547d\u540d-8.jpg\" alt=\"\" width=\"861\" height=\"287\" \/><\/h4>\n<h4><\/h4>\n<h4 style=\"text-align: left;\"><\/h4>\n<h4 style=\"text-align: left;\">Asientos c\u00f3modos y ergon\u00f3micos<\/h4>\n<h4 style=\"text-align: left;\">joysticks,y centralizado<\/h4>\n<h4 style=\"text-align: left;\">puntos de mantenimiento<\/h4>\n<h4 style=\"text-align: left;\">comodidad del operador durante<\/h4>\n<h4 style=\"text-align: left;\">largas jornadas laborales y<\/h4>\n<h4 style=\"text-align: left;\">reducir significativamente el mantenimiento<\/h4>\n<h4 style=\"text-align: left;\">costes..<\/h4>\n<h1><\/h1>\n<h1>&gt;&gt;Escenarios de aplicaci\u00f3n multifuncional<\/h1>\n<h2 style=\"text-align: center;\">Multi-functional:DY18 multifunctional solution<\/h2>\n<h4 style=\"text-align: center;\">Sistema de fijaci\u00f3n flexible<br \/>\nSus aplicaciones abarcan diversas industrias y campos como granjas, construcci\u00f3n, miner\u00eda, agricultura, puertos, eliminaci\u00f3n de residuos, ferrocarriles, construcci\u00f3n, metalurgia y procesamiento de madera, proporcionando potentes capacidades de manipulaci\u00f3n y carga para diversos proyectos y operaciones de ingenier\u00eda.<\/h4>\n<h4 style=\"text-align: left;\"><img loading=\"lazy\" decoding=\"async\" src=\"https:\/\/lezum.com\/wp-content\/uploads\/2025\/12\/\u8f85\u5177-1.jpg\" alt=\"\" width=\"1200\" height=\"604\" \/><\/h4>\n<h1>&gt;&gt;LEZUM venta directa de f\u00e1brica<\/h1>\n<h2 style=\"text-align: center;\">Invitamos cordialmente a los distribuidores de todo el mundo a cooperar<\/h2>\n<h4 style=\"text-align: center; padding-left: 40px;\">Como fabricante chino l\u00edder de mini maquinaria de construcci\u00f3n el\u00e9ctrica inteligente, el Grupo LEZUM cuenta con una moderna base de producci\u00f3n de m\u00e1s de 50.000 metros cuadrados, certificada por normas internacionales como ISO 9001, CE y TUV. Estamos comprometidos a proporcionar a nuestros socios globales los productos m\u00e1s confiables y los canales de suministro m\u00e1s directos.<\/h4>\n<p><img loading=\"lazy\" decoding=\"async\" src=\"https:\/\/lezum.com\/wp-content\/uploads\/2025\/12\/\u5de5\u5382\u62fc\u56fe-\u8be6\u60c5.jpg\" alt=\"\" width=\"900\" height=\"300\" \/><\/p>\n<h4 style=\"text-align: center; padding-left: 40px;\">Ventajas exclusivas para distribuidores<\/h4>\n<h4 style=\"text-align: left; padding-left: 40px;\">\u221a Precio de venta directo de f\u00e1brica<\/h4>\n<p style=\"text-align: left; padding-left: 40px;\">\u00a0 \u00a0 \u00a0 Margen de beneficio m\u00e1ximo<\/p>\n<h4 style=\"text-align: left; padding-left: 40px;\">\u221a Protecci\u00f3n de zonas<\/h4>\n<p style=\"text-align: left; padding-left: 40px;\">\u00a0 \u00a0 \u00a0 Derechos exclusivos de mercado<\/p>\n<h4 style=\"text-align: left; padding-left: 40px;\">\u221a 3 a\u00f1os de garant\u00eda<\/h4>\n<p style=\"padding-left: 40px;\">Asistencia posventa l\u00edder en el sector<\/p>","protected":false},"excerpt":{"rendered":"<ul dir=\"auto\" data-pm-slice=\"3 3 []\">\n<li>\n<p class=\"body\" dir=\"auto\">Competitive Price: Factory Direct Deseil Mini Excavator for Sale | Recruiting Dealers | One-stop Purchasing | Full Range of Products | CE\/EPA\/Euro 5 Certified | Factory Warranty<br \/>\nODM\/OEM\uff08Optional): Engine Brand: Kubota, 1.Optional: KOOP,Laidong, RATO<\/p>\n<\/li>\n<li>\n<p class=\"body\" dir=\"auto\">Optional: Swing Boom, Retractable Track, Hydraulic Thumb, Cabin, AC.<\/p>\n<\/li>\n<li>\n<p class=\"body\" dir=\"auto\">Correo electr\u00f3nico: service@lezum.com<\/p>\n<\/li>\n<li>\n<p class=\"body\" dir=\"auto\">WhatsApp\uff1a+86 18101064115<\/p>\n<\/li>\n<\/ul>","protected":false},"featured_media":1194,"template":"","meta":[],"etheme_brands":[],"product_brand":[],"product_cat":[43],"product_tag":[],"class_list":{"0":"post-1189","1":"product","2":"type-product","3":"status-publish","4":"has-post-thumbnail","6":"product_cat-mini-excavators","8":"first","9":"instock","10":"shipping-taxable","11":"product-type-simple"},"_links":{"self":[{"href":"https:\/\/www.lezum.com\/es\/wp-json\/wp\/v2\/product\/1189","targetHints":{"allow":["GET"]}}],"collection":[{"href":"https:\/\/www.lezum.com\/es\/wp-json\/wp\/v2\/product"}],"about":[{"href":"https:\/\/www.lezum.com\/es\/wp-json\/wp\/v2\/types\/product"}],"version-history":[{"count":19,"href":"https:\/\/www.lezum.com\/es\/wp-json\/wp\/v2\/product\/1189\/revisions"}],"predecessor-version":[{"id":2432,"href":"https:\/\/www.lezum.com\/es\/wp-json\/wp\/v2\/product\/1189\/revisions\/2432"}],"wp:featuredmedia":[{"embeddable":true,"href":"https:\/\/www.lezum.com\/es\/wp-json\/wp\/v2\/media\/1194"}],"wp:attachment":[{"href":"https:\/\/www.lezum.com\/es\/wp-json\/wp\/v2\/media?parent=1189"}],"wp:term":[{"taxonomy":"brand","embeddable":true,"href":"https:\/\/www.lezum.com\/es\/wp-json\/wp\/v2\/etheme_brands?post=1189"},{"taxonomy":"product_brand","embeddable":true,"href":"https:\/\/www.lezum.com\/es\/wp-json\/wp\/v2\/product_brand?post=1189"},{"taxonomy":"product_cat","embeddable":true,"href":"https:\/\/www.lezum.com\/es\/wp-json\/wp\/v2\/product_cat?post=1189"},{"taxonomy":"product_tag","embeddable":true,"href":"https:\/\/www.lezum.com\/es\/wp-json\/wp\/v2\/product_tag?post=1189"}],"curies":[{"name":"wp","href":"https:\/\/api.w.org\/{rel}","templated":true}]}}