{"id":1323,"date":"2025-12-10T03:07:15","date_gmt":"2025-12-10T03:07:15","guid":{"rendered":"https:\/\/lezum.com\/?post_type=product&#038;p=1323"},"modified":"2026-01-06T05:22:43","modified_gmt":"2026-01-06T05:22:43","slug":"lezum-lt750-telehandler-telescopic-handler","status":"publish","type":"product","link":"https:\/\/www.lezum.com\/es\/producto\/lezum-lt750-telehandler-telescopic-handler\/","title":{"rendered":"LEZUM LT750 Telehandler Telescopic Handler"},"content":{"rendered":"<h1><span style=\"color: #0b4cbd;\">&gt;&gt;Descripci\u00f3n general<\/span><\/h1>\n<h2 style=\"text-align: left;\">The Ultimate Multi-Tasker: <strong>LEZUM LT750 Telehandler<\/strong> for High-Reach Construction &amp; Agriculture.<\/h2>\n<h2><img fetchpriority=\"high\" decoding=\"async\" class=\"wp-image-1324 size-full aligncenter\" src=\"https:\/\/lezum.com\/wp-content\/uploads\/2025\/12\/750-2.jpg\" alt=\"\" width=\"1200\" height=\"600\" srcset=\"https:\/\/www.lezum.com\/wp-content\/uploads\/2025\/12\/750-2.jpg 1200w, https:\/\/www.lezum.com\/wp-content\/uploads\/2025\/12\/750-2-300x150.jpg 300w, https:\/\/www.lezum.com\/wp-content\/uploads\/2025\/12\/750-2-1024x512.jpg 1024w, https:\/\/www.lezum.com\/wp-content\/uploads\/2025\/12\/750-2-768x384.jpg 768w, https:\/\/www.lezum.com\/wp-content\/uploads\/2025\/12\/750-2-600x300.jpg 600w, https:\/\/www.lezum.com\/wp-content\/uploads\/2025\/12\/750-2-1x1.jpg 1w, https:\/\/www.lezum.com\/wp-content\/uploads\/2025\/12\/750-2-10x5.jpg 10w\" sizes=\"(max-width: 1200px) 100vw, 1200px\" \/><\/h2>\n<h1><span style=\"color: #0b4cbd;\">&gt;&gt;Caracter\u00edsticas y ventajas<\/span><\/h1>\n<h2 style=\"text-align: left;\">Rendimiento superior: procedente de una cadena de suministro l\u00edder en el mundo<img decoding=\"async\" class=\"wp-image-1223 aligncenter\" src=\"https:\/\/lezum.com\/wp-content\/uploads\/2025\/12\/\u4e24\u5934\u5fd9\u901a\u7528.png\" alt=\"\" width=\"1201\" height=\"714\" srcset=\"https:\/\/www.lezum.com\/wp-content\/uploads\/2025\/12\/\u4e24\u5934\u5fd9\u901a\u7528.png 1369w, https:\/\/www.lezum.com\/wp-content\/uploads\/2025\/12\/\u4e24\u5934\u5fd9\u901a\u7528-300x178.png 300w, https:\/\/www.lezum.com\/wp-content\/uploads\/2025\/12\/\u4e24\u5934\u5fd9\u901a\u7528-1024x609.png 1024w, https:\/\/www.lezum.com\/wp-content\/uploads\/2025\/12\/\u4e24\u5934\u5fd9\u901a\u7528-768x457.png 768w, https:\/\/www.lezum.com\/wp-content\/uploads\/2025\/12\/\u4e24\u5934\u5fd9\u901a\u7528-600x357.png 600w, https:\/\/www.lezum.com\/wp-content\/uploads\/2025\/12\/\u4e24\u5934\u5fd9\u901a\u7528-1x1.png 1w, https:\/\/www.lezum.com\/wp-content\/uploads\/2025\/12\/\u4e24\u5934\u5fd9\u901a\u7528-10x6.png 10w\" sizes=\"(max-width: 1201px) 100vw, 1201px\" \/><\/h2>\n<h1><span style=\"color: #0b4cbd;\">&gt;&gt;Par\u00e1metros<\/span><\/h1>\n<h2 style=\"text-align: center;\">Especificaciones t\u00e9cnicas detalladas<\/h2>\n<h4 style=\"text-align: center;\">Un resumen de los par\u00e1metros clave, pr\u00e1ctico para que los concesionarios realicen comparaciones de mercado y lo presenten a los clientes.<\/h4>\n<p>&nbsp;<\/p>\n<p style=\"text-align: left; padding-left: 40px;\"><span style=\"color: #000000;\">Marca\uff1a LEZUM<\/span><br \/>\n<span style=\"color: #000000;\">Model\uff1a LT750<\/span><br \/>\n<span style=\"color: #000000;\">Engine Model\uff1a YUCHAI\/CUMMINS\/FPT<\/span><br \/>\n<span style=\"color: #000000;\">Maximum power (Kw)\uff1a 91\/92\/90<\/span><br \/>\n<span style=\"color: #000000;\">L*W*H\uff08mm) 4200\u00d72200\u00d72500<\/span><br \/>\n<span style=\"color: #000000;\">Wheelbase\uff08mm) 2850<\/span><br \/>\n<span style=\"color: #000000;\">Weight unload(kg)\uff1a 10000<\/span><br \/>\n<span style=\"color: #000000;\">Maximum lift capacity(kg)\uff1a 5000<\/span><br \/>\n<span style=\"color: #000000;\">Lift height(mm)\uff1a 7000<\/span><br \/>\n<span style=\"color: #000000;\">Maximum forward reach(mm)\uff1a 3600<\/span><\/p>\n<h1 style=\"text-align: left;\"><span style=\"color: #0b4cbd;\"><br \/>\n&gt;&gt;Humanizar<\/span><\/h1>\n<h2 style=\"text-align: center;\">Dise\u00f1o y mantenimiento centrados en el ser humano<\/h2>\n<h4 style=\"text-align: left;\"><img decoding=\"async\" class=\"alignleft wp-image-1239\" src=\"https:\/\/lezum.com\/wp-content\/uploads\/2025\/12\/2.png\" alt=\"\" width=\"861\" height=\"298\" srcset=\"https:\/\/www.lezum.com\/wp-content\/uploads\/2025\/12\/2.png 901w, https:\/\/www.lezum.com\/wp-content\/uploads\/2025\/12\/2-300x104.png 300w, https:\/\/www.lezum.com\/wp-content\/uploads\/2025\/12\/2-768x266.png 768w, https:\/\/www.lezum.com\/wp-content\/uploads\/2025\/12\/2-600x208.png 600w, https:\/\/www.lezum.com\/wp-content\/uploads\/2025\/12\/2-1x1.png 1w, https:\/\/www.lezum.com\/wp-content\/uploads\/2025\/12\/2-10x3.png 10w\" sizes=\"(max-width: 861px) 100vw, 861px\" \/><\/h4>\n<h4><\/h4>\n<h4 style=\"text-align: left;\"><\/h4>\n<p>&nbsp;<\/p>\n<h4 style=\"text-align: left;\">Asientos c\u00f3modos y ergon\u00f3micos<\/h4>\n<h4 style=\"text-align: left;\">joysticks,y centralizado<\/h4>\n<h4 style=\"text-align: left;\">puntos de mantenimiento<\/h4>\n<h4 style=\"text-align: left;\">comodidad del operador durante<\/h4>\n<h4 style=\"text-align: left;\">largas jornadas laborales y<\/h4>\n<h4 style=\"text-align: left;\">reducir significativamente el mantenimiento<\/h4>\n<h4 style=\"text-align: left;\">costes..<\/h4>\n<p>&nbsp;<\/p>\n<h1><\/h1>\n<h1><span style=\"color: #0b4cbd;\">&gt;&gt;Escenarios de aplicaci\u00f3n multifuncional<\/span><\/h1>\n<h2 style=\"text-align: center;\">Multi-functional: LT750 multifunctional solution<\/h2>\n<h4 style=\"text-align: center;\"><span style=\"color: #333333;\">Sistema de fijaci\u00f3n flexible<br \/>\n<\/span>Sus aplicaciones abarcan diversas industrias y campos como granjas, construcci\u00f3n, miner\u00eda, agricultura, puertos, eliminaci\u00f3n de residuos, ferrocarriles, construcci\u00f3n, metalurgia y procesamiento de madera, proporcionando potentes capacidades de manipulaci\u00f3n y carga para diversos proyectos y operaciones de ingenier\u00eda.<\/h4>\n<h4 style=\"text-align: left;\"><img loading=\"lazy\" decoding=\"async\" class=\"wp-image-1227 aligncenter\" src=\"https:\/\/lezum.com\/wp-content\/uploads\/2025\/12\/\u88c5\u8f7d\u673a\u901a\u7528.png\" alt=\"\" width=\"1199\" height=\"603\" srcset=\"https:\/\/www.lezum.com\/wp-content\/uploads\/2025\/12\/\u88c5\u8f7d\u673a\u901a\u7528.png 1318w, https:\/\/www.lezum.com\/wp-content\/uploads\/2025\/12\/\u88c5\u8f7d\u673a\u901a\u7528-300x151.png 300w, https:\/\/www.lezum.com\/wp-content\/uploads\/2025\/12\/\u88c5\u8f7d\u673a\u901a\u7528-1024x515.png 1024w, https:\/\/www.lezum.com\/wp-content\/uploads\/2025\/12\/\u88c5\u8f7d\u673a\u901a\u7528-768x386.png 768w, https:\/\/www.lezum.com\/wp-content\/uploads\/2025\/12\/\u88c5\u8f7d\u673a\u901a\u7528-600x302.png 600w, https:\/\/www.lezum.com\/wp-content\/uploads\/2025\/12\/\u88c5\u8f7d\u673a\u901a\u7528-1x1.png 1w, https:\/\/www.lezum.com\/wp-content\/uploads\/2025\/12\/\u88c5\u8f7d\u673a\u901a\u7528-10x5.png 10w\" sizes=\"(max-width: 1199px) 100vw, 1199px\" \/><\/h4>\n<h1><span style=\"color: #0b4cbd;\">&gt;&gt;LEZUM venta directa de f\u00e1brica<\/span><\/h1>\n<h2 style=\"text-align: center;\">Invitamos cordialmente a los distribuidores de todo el mundo a cooperar<\/h2>\n<h4 style=\"text-align: center; padding-left: 40px;\">Como fabricante chino l\u00edder de mini maquinaria de construcci\u00f3n el\u00e9ctrica inteligente, el Grupo LEZUM cuenta con una moderna base de producci\u00f3n de m\u00e1s de 50.000 metros cuadrados, certificada por normas internacionales como ISO 9001, CE y TUV. Estamos comprometidos a proporcionar a nuestros socios globales los productos m\u00e1s confiables y los canales de suministro m\u00e1s directos.<\/h4>\n<p><img loading=\"lazy\" decoding=\"async\" class=\"alignleft wp-image-1261\" src=\"https:\/\/lezum.com\/wp-content\/uploads\/2025\/12\/\u516c\u53f8\u5927BANNER-1024x341.gif\" alt=\"\" width=\"900\" height=\"300\" srcset=\"https:\/\/www.lezum.com\/wp-content\/uploads\/2025\/12\/\u516c\u53f8\u5927BANNER-1024x341.gif 1024w, https:\/\/www.lezum.com\/wp-content\/uploads\/2025\/12\/\u516c\u53f8\u5927BANNER-300x100.gif 300w, https:\/\/www.lezum.com\/wp-content\/uploads\/2025\/12\/\u516c\u53f8\u5927BANNER-768x256.gif 768w, https:\/\/www.lezum.com\/wp-content\/uploads\/2025\/12\/\u516c\u53f8\u5927BANNER-600x200.gif 600w, https:\/\/www.lezum.com\/wp-content\/uploads\/2025\/12\/\u516c\u53f8\u5927BANNER-1x1.gif 1w, https:\/\/www.lezum.com\/wp-content\/uploads\/2025\/12\/\u516c\u53f8\u5927BANNER-10x3.gif 10w\" sizes=\"(max-width: 900px) 100vw, 900px\" \/><\/p>\n<p>&nbsp;<\/p>\n<h4 style=\"text-align: center; padding-left: 40px;\"><span style=\"color: #333333;\">Ventajas exclusivas para distribuidores<\/span><\/h4>\n<h4 style=\"text-align: left; padding-left: 40px;\">\u221a Precio de venta directo de f\u00e1brica<\/h4>\n<p style=\"text-align: left; padding-left: 40px;\"><span style=\"color: #333333;\">\u00a0 \u00a0 \u00a0 Margen de beneficio m\u00e1ximo<\/span><span style=\"color: #333333;\"><br \/>\n<\/span><\/p>\n<h4 style=\"text-align: left; padding-left: 40px;\">\u221a Protecci\u00f3n de zonas<\/h4>\n<p style=\"text-align: left; padding-left: 40px;\"><span style=\"color: #333333;\">\u00a0 \u00a0 \u00a0 Derechos exclusivos de mercado<\/span><\/p>\n<h4 style=\"text-align: left; padding-left: 40px;\">\u221a 3 a\u00f1os de garant\u00eda<\/h4>\n<p style=\"padding-left: 40px;\">Asistencia posventa l\u00edder en el sector<\/p>\n<p>&nbsp;<\/p>","protected":false},"excerpt":{"rendered":"<ul dir=\"auto\" data-pm-slice=\"3 3 []\">\n<li>Precio competitivo: Venta directa de f\u00e1brica de cargadores de ruedas peque\u00f1os | Reclutamiento de distribuidores | Compra \u00fanica | Gama completa de productos | Certificado CE\/EPA\/Euro 5 | Garant\u00eda de f\u00e1brica<\/li>\n<li>ODM\/OEM\uff08Optional): Engine Brand: Cummins, 1. Optional: KOHLER\/CHANGCHAI\/Yunnei. 2. Optional: Color<\/li>\n<li>\n<p class=\"body\" dir=\"auto\">Correo electr\u00f3nico: service@lezum.com<\/p>\n<\/li>\n<li>\n<p class=\"body\" dir=\"auto\">WhatsApp\uff1a+86 18101064115<\/p>\n<\/li>\n<\/ul>","protected":false},"featured_media":1325,"template":"","meta":[],"etheme_brands":[],"product_brand":[],"product_cat":[22],"product_tag":[],"class_list":{"0":"post-1323","1":"product","2":"type-product","3":"status-publish","4":"has-post-thumbnail","6":"product_cat-forklift","8":"first","9":"instock","10":"shipping-taxable","11":"product-type-simple"},"_links":{"self":[{"href":"https:\/\/www.lezum.com\/es\/wp-json\/wp\/v2\/product\/1323","targetHints":{"allow":["GET"]}}],"collection":[{"href":"https:\/\/www.lezum.com\/es\/wp-json\/wp\/v2\/product"}],"about":[{"href":"https:\/\/www.lezum.com\/es\/wp-json\/wp\/v2\/types\/product"}],"version-history":[{"count":3,"href":"https:\/\/www.lezum.com\/es\/wp-json\/wp\/v2\/product\/1323\/revisions"}],"predecessor-version":[{"id":2423,"href":"https:\/\/www.lezum.com\/es\/wp-json\/wp\/v2\/product\/1323\/revisions\/2423"}],"wp:featuredmedia":[{"embeddable":true,"href":"https:\/\/www.lezum.com\/es\/wp-json\/wp\/v2\/media\/1325"}],"wp:attachment":[{"href":"https:\/\/www.lezum.com\/es\/wp-json\/wp\/v2\/media?parent=1323"}],"wp:term":[{"taxonomy":"brand","embeddable":true,"href":"https:\/\/www.lezum.com\/es\/wp-json\/wp\/v2\/etheme_brands?post=1323"},{"taxonomy":"product_brand","embeddable":true,"href":"https:\/\/www.lezum.com\/es\/wp-json\/wp\/v2\/product_brand?post=1323"},{"taxonomy":"product_cat","embeddable":true,"href":"https:\/\/www.lezum.com\/es\/wp-json\/wp\/v2\/product_cat?post=1323"},{"taxonomy":"product_tag","embeddable":true,"href":"https:\/\/www.lezum.com\/es\/wp-json\/wp\/v2\/product_tag?post=1323"}],"curies":[{"name":"wp","href":"https:\/\/api.w.org\/{rel}","templated":true}]}}