{"id":1602,"date":"2025-12-17T08:51:26","date_gmt":"2025-12-17T08:51:26","guid":{"rendered":"https:\/\/lezum.com\/?post_type=product&#038;p=1602"},"modified":"2026-01-06T05:16:38","modified_gmt":"2026-01-06T05:16:38","slug":"lezum-k30-farm-mini-diesel-forklifts-trucks","status":"publish","type":"product","link":"https:\/\/www.lezum.com\/es\/producto\/lezum-k30-farm-mini-diesel-forklifts-trucks\/","title":{"rendered":"LEZUM K30 Granja Mini Diesel Carretillas Elevadoras"},"content":{"rendered":"<h1><span style=\"color: #0b4cbd;\">&gt;&gt;Descripci\u00f3n general<\/span><\/h1>\n<h2 style=\"text-align: left;\">Maximizar la productividad: <strong>Carretillas elevadoras diesel LEZUM K30<\/strong> Camiones dise\u00f1ados para ofrecer el menor coste total de propiedad (TCO).<\/h2>\n<h2><img fetchpriority=\"high\" decoding=\"async\" class=\"wp-image-1613 size-full aligncenter\" src=\"https:\/\/lezum.com\/wp-content\/uploads\/2025\/12\/K30.png\" alt=\"\" width=\"1166\" height=\"570\" srcset=\"https:\/\/www.lezum.com\/wp-content\/uploads\/2025\/12\/K30.png 1166w, https:\/\/www.lezum.com\/wp-content\/uploads\/2025\/12\/K30-300x147.png 300w, https:\/\/www.lezum.com\/wp-content\/uploads\/2025\/12\/K30-1024x501.png 1024w, https:\/\/www.lezum.com\/wp-content\/uploads\/2025\/12\/K30-768x375.png 768w, https:\/\/www.lezum.com\/wp-content\/uploads\/2025\/12\/K30-600x293.png 600w, https:\/\/www.lezum.com\/wp-content\/uploads\/2025\/12\/K30-1x1.png 1w, https:\/\/www.lezum.com\/wp-content\/uploads\/2025\/12\/K30-10x5.png 10w\" sizes=\"(max-width: 1166px) 100vw, 1166px\" \/><\/h2>\n<p>&nbsp;<\/p>\n<h1><span style=\"color: #0b4cbd;\">&gt;&gt;Caracter\u00edsticas y ventajas<\/span><\/h1>\n<h2 style=\"text-align: left;\">Rendimiento superior: procedente de una cadena de suministro l\u00edder en el mundo<\/h2>\n<p><img decoding=\"async\" class=\"aligncenter wp-image-1690\" src=\"https:\/\/lezum.com\/wp-content\/uploads\/2025\/12\/K30.1-1.jpg\" alt=\"\" width=\"1200\" height=\"813\" srcset=\"https:\/\/www.lezum.com\/wp-content\/uploads\/2025\/12\/K30.1-1.jpg 2504w, https:\/\/www.lezum.com\/wp-content\/uploads\/2025\/12\/K30.1-1-300x203.jpg 300w, https:\/\/www.lezum.com\/wp-content\/uploads\/2025\/12\/K30.1-1-1024x694.jpg 1024w, https:\/\/www.lezum.com\/wp-content\/uploads\/2025\/12\/K30.1-1-768x520.jpg 768w, https:\/\/www.lezum.com\/wp-content\/uploads\/2025\/12\/K30.1-1-1536x1040.jpg 1536w, https:\/\/www.lezum.com\/wp-content\/uploads\/2025\/12\/K30.1-1-2048x1387.jpg 2048w, https:\/\/www.lezum.com\/wp-content\/uploads\/2025\/12\/K30.1-1-600x406.jpg 600w, https:\/\/www.lezum.com\/wp-content\/uploads\/2025\/12\/K30.1-1-1x1.jpg 1w, https:\/\/www.lezum.com\/wp-content\/uploads\/2025\/12\/K30.1-1-10x7.jpg 10w\" sizes=\"(max-width: 1200px) 100vw, 1200px\" \/><\/p>\n<h1><span style=\"color: #0b4cbd;\">&gt;&gt;Par\u00e1metros<\/span><\/h1>\n<h2 style=\"text-align: center;\">Especificaciones t\u00e9cnicas detalladas<\/h2>\n<h4 style=\"text-align: center;\">Un resumen de los par\u00e1metros clave, pr\u00e1ctico para que los concesionarios realicen comparaciones de mercado y lo presenten a los clientes.<\/h4>\n<p>&nbsp;<\/p>\n<p style=\"padding-left: 40px; text-align: left;\"><span style=\"color: #000000;\">Marca\uff1a LEZUM<\/span><br \/>\n<span style=\"color: #000000;\">Modelo\uff1a K30<\/span><br \/>\n<span style=\"color: #000000;\">Estado: Nuevo<\/span><br \/>\n<span style=\"color: #000000;\">Especificaciones de la horquilla( L*An*Al) 1070*120*45<\/span><br \/>\n<span style=\"color: #000000;\">Lugar de origen: Shandong, China<\/span><br \/>\n<span style=\"color: #000000;\">Longitud de la horquilla :1070 mm<\/span><br \/>\n<span style=\"color: #000000;\">Anchura de horquilla: 120 mm<\/span><br \/>\n<span style=\"color: #000000;\">Carretilla elevadora Radio de giro: 1950 mm<\/span><br \/>\n<span style=\"color: #000000;\">Distancia entre ejes de la carretilla :1250 mm<\/span><br \/>\n<span style=\"color: #000000;\">Distancia del centro de carga :1 000 mm<\/span><br \/>\n<span style=\"color: #000000;\">Tipo de m\u00e1stil: M\u00e1stil de una etapa, M\u00e1stil de tres etapas, M\u00e1stil de dos etapas<\/span><br \/>\n<span style=\"color: #000000;\">Fuente de energ\u00eda :Diese<\/span>l<\/p>\n<h1><span style=\"color: #0b4cbd;\"><br \/>\n&gt;&gt;Humanizar<\/span><\/h1>\n<p><img decoding=\"async\" class=\"alignleft wp-image-1636\" src=\"https:\/\/lezum.com\/wp-content\/uploads\/2025\/12\/661.jpg\" alt=\"\" width=\"862\" height=\"302\" srcset=\"https:\/\/www.lezum.com\/wp-content\/uploads\/2025\/12\/661.jpg 953w, https:\/\/www.lezum.com\/wp-content\/uploads\/2025\/12\/661-300x105.jpg 300w, https:\/\/www.lezum.com\/wp-content\/uploads\/2025\/12\/661-768x269.jpg 768w, https:\/\/www.lezum.com\/wp-content\/uploads\/2025\/12\/661-600x210.jpg 600w, https:\/\/www.lezum.com\/wp-content\/uploads\/2025\/12\/661-1x1.jpg 1w, https:\/\/www.lezum.com\/wp-content\/uploads\/2025\/12\/661-10x4.jpg 10w\" sizes=\"(max-width: 862px) 100vw, 862px\" \/><\/p>\n<h1><\/h1>\n<h4 style=\"text-align: left;\">Dise\u00f1o y mantenimiento centrados en el ser humano<br \/>\nAsientos c\u00f3modos y ergon\u00f3micos<br \/>\njoysticks,y centralizado<br \/>\npuntos de mantenimiento<br \/>\ncomodidad del operador durante<br \/>\nlargas jornadas laborales y<br \/>\nreducir significativamente el mantenimiento<br \/>\ncostes..<\/h4>\n<p>&nbsp;<\/p>\n<p>&nbsp;<\/p>\n<p>&nbsp;<\/p>\n<h1><span style=\"color: #0b4cbd;\">&gt;&gt;Escenarios de aplicaci\u00f3n multifuncional<\/span><\/h1>\n<h2 style=\"text-align: center;\">Multifuncional:Soluci\u00f3n multifuncional K30<\/h2>\n<h4 style=\"text-align: center;\">Sistema de fijaci\u00f3n flexible<br \/>\nSus aplicaciones abarcan diversas industrias y campos como granjas, construcci\u00f3n, miner\u00eda, agricultura, puertos, eliminaci\u00f3n de residuos, ferrocarriles, construcci\u00f3n, metalurgia y procesamiento de madera, proporcionando potentes capacidades de manipulaci\u00f3n y carga para diversos proyectos y operaciones de ingenier\u00eda.<\/h4>\n<p><img loading=\"lazy\" decoding=\"async\" class=\"aligncenter wp-image-1625\" src=\"https:\/\/lezum.com\/wp-content\/uploads\/2025\/12\/\u53c9\u8f66\u8f85\u5177\u56fe.png\" alt=\"\" width=\"1200\" height=\"585\" srcset=\"https:\/\/www.lezum.com\/wp-content\/uploads\/2025\/12\/\u53c9\u8f66\u8f85\u5177\u56fe.png 1320w, https:\/\/www.lezum.com\/wp-content\/uploads\/2025\/12\/\u53c9\u8f66\u8f85\u5177\u56fe-300x146.png 300w, https:\/\/www.lezum.com\/wp-content\/uploads\/2025\/12\/\u53c9\u8f66\u8f85\u5177\u56fe-1024x499.png 1024w, https:\/\/www.lezum.com\/wp-content\/uploads\/2025\/12\/\u53c9\u8f66\u8f85\u5177\u56fe-768x374.png 768w, https:\/\/www.lezum.com\/wp-content\/uploads\/2025\/12\/\u53c9\u8f66\u8f85\u5177\u56fe-600x292.png 600w, https:\/\/www.lezum.com\/wp-content\/uploads\/2025\/12\/\u53c9\u8f66\u8f85\u5177\u56fe-1x1.png 1w, https:\/\/www.lezum.com\/wp-content\/uploads\/2025\/12\/\u53c9\u8f66\u8f85\u5177\u56fe-10x5.png 10w\" sizes=\"(max-width: 1200px) 100vw, 1200px\" \/><\/p>\n<h1><\/h1>\n<h1><\/h1>\n<h1><\/h1>\n<h1><span style=\"color: #0b4cbd;\">&gt;&gt;LEZUM venta directa de f\u00e1brica<\/span><\/h1>\n<h2 style=\"text-align: center;\">Invitamos cordialmente a los distribuidores de todo el mundo a cooperar<\/h2>\n<h4 style=\"text-align: center; padding-left: 40px;\">Como fabricante chino l\u00edder de mini maquinaria de construcci\u00f3n el\u00e9ctrica inteligente, el Grupo LEZUM cuenta con una moderna base de producci\u00f3n de m\u00e1s de 50.000 metros cuadrados, certificada por normas internacionales como ISO 9001, CE y TUV. Estamos comprometidos a proporcionar a nuestros socios globales los productos m\u00e1s confiables y los canales de suministro m\u00e1s directos.<\/h4>\n<p><img loading=\"lazy\" decoding=\"async\" class=\"alignleft wp-image-953 size-full\" src=\"https:\/\/lezum.com\/wp-content\/uploads\/2025\/12\/\u5de5\u5382\u62fc\u56fe-\u8be6\u60c5.jpg\" alt=\"\" width=\"900\" height=\"300\" srcset=\"https:\/\/www.lezum.com\/wp-content\/uploads\/2025\/12\/\u5de5\u5382\u62fc\u56fe-\u8be6\u60c5.jpg 900w, https:\/\/www.lezum.com\/wp-content\/uploads\/2025\/12\/\u5de5\u5382\u62fc\u56fe-\u8be6\u60c5-300x100.jpg 300w, https:\/\/www.lezum.com\/wp-content\/uploads\/2025\/12\/\u5de5\u5382\u62fc\u56fe-\u8be6\u60c5-768x256.jpg 768w, https:\/\/www.lezum.com\/wp-content\/uploads\/2025\/12\/\u5de5\u5382\u62fc\u56fe-\u8be6\u60c5-600x200.jpg 600w, https:\/\/www.lezum.com\/wp-content\/uploads\/2025\/12\/\u5de5\u5382\u62fc\u56fe-\u8be6\u60c5-1x1.jpg 1w, https:\/\/www.lezum.com\/wp-content\/uploads\/2025\/12\/\u5de5\u5382\u62fc\u56fe-\u8be6\u60c5-10x3.jpg 10w\" sizes=\"(max-width: 900px) 100vw, 900px\" \/><\/p>\n<p>&nbsp;<\/p>\n<h4 style=\"text-align: center; padding-left: 40px;\"><span style=\"color: #333333;\">Ventajas exclusivas para distribuidores<\/span><\/h4>\n<h4 style=\"text-align: left; padding-left: 40px;\">\u221a Precio de venta directo de f\u00e1brica<\/h4>\n<p style=\"text-align: left; padding-left: 40px;\"><span style=\"color: #333333;\">\u00a0 \u00a0 \u00a0 Margen de beneficio m\u00e1ximo<\/span><span style=\"color: #333333;\"><br \/>\n<\/span><\/p>\n<h4 style=\"text-align: left; padding-left: 40px;\">\u221a Protecci\u00f3n de zonas<\/h4>\n<p style=\"text-align: left; padding-left: 40px;\"><span style=\"color: #333333;\">\u00a0 \u00a0 \u00a0 Derechos exclusivos de mercado<\/span><\/p>\n<h4 style=\"text-align: left; padding-left: 40px;\">\u221a 3 a\u00f1os de garant\u00eda<\/h4>\n<p style=\"padding-left: 40px;\">Asistencia posventa l\u00edder en el sector<\/p>\n<p>&nbsp;<\/p>","protected":false},"excerpt":{"rendered":"<ul>\n<li>Precio Competitivo: Venta directa de f\u00e1brica | Contrataci\u00f3n de distribuidores | Compra \u00fanica | Gama completa de productos | Certificado CE\/EPA\/Euro 5 | Garant\u00eda de f\u00e1brica<\/li>\n<li>Supplier highlights:Este vendedor es un fabricante y comerciante que ofrece servicios de almac\u00e9n en el extranjerofabricante y comerciante que ofrece servicios de almac\u00e9n en el extranjero<\/li>\n<li>\n<p class=\"body\" dir=\"auto\">Correo electr\u00f3nico: service@lezum.com<\/p>\n<\/li>\n<li>\n<p class=\"body\" dir=\"auto\">WhatsApp\uff1a+86 18101064115<\/p>\n<\/li>\n<\/ul>","protected":false},"featured_media":1604,"template":"","meta":[],"etheme_brands":[],"product_brand":[],"product_cat":[22],"product_tag":[],"class_list":{"0":"post-1602","1":"product","2":"type-product","3":"status-publish","4":"has-post-thumbnail","6":"product_cat-forklift","8":"first","9":"instock","10":"shipping-taxable","11":"product-type-simple"},"_links":{"self":[{"href":"https:\/\/www.lezum.com\/es\/wp-json\/wp\/v2\/product\/1602","targetHints":{"allow":["GET"]}}],"collection":[{"href":"https:\/\/www.lezum.com\/es\/wp-json\/wp\/v2\/product"}],"about":[{"href":"https:\/\/www.lezum.com\/es\/wp-json\/wp\/v2\/types\/product"}],"version-history":[{"count":20,"href":"https:\/\/www.lezum.com\/es\/wp-json\/wp\/v2\/product\/1602\/revisions"}],"predecessor-version":[{"id":2415,"href":"https:\/\/www.lezum.com\/es\/wp-json\/wp\/v2\/product\/1602\/revisions\/2415"}],"wp:featuredmedia":[{"embeddable":true,"href":"https:\/\/www.lezum.com\/es\/wp-json\/wp\/v2\/media\/1604"}],"wp:attachment":[{"href":"https:\/\/www.lezum.com\/es\/wp-json\/wp\/v2\/media?parent=1602"}],"wp:term":[{"taxonomy":"brand","embeddable":true,"href":"https:\/\/www.lezum.com\/es\/wp-json\/wp\/v2\/etheme_brands?post=1602"},{"taxonomy":"product_brand","embeddable":true,"href":"https:\/\/www.lezum.com\/es\/wp-json\/wp\/v2\/product_brand?post=1602"},{"taxonomy":"product_cat","embeddable":true,"href":"https:\/\/www.lezum.com\/es\/wp-json\/wp\/v2\/product_cat?post=1602"},{"taxonomy":"product_tag","embeddable":true,"href":"https:\/\/www.lezum.com\/es\/wp-json\/wp\/v2\/product_tag?post=1602"}],"curies":[{"name":"wp","href":"https:\/\/api.w.org\/{rel}","templated":true}]}}