{"id":1781,"date":"2025-12-18T09:36:13","date_gmt":"2025-12-18T09:36:13","guid":{"rendered":"https:\/\/lezum.com\/?post_type=product&#038;p=1781"},"modified":"2026-01-06T05:13:32","modified_gmt":"2026-01-06T05:13:32","slug":"lezum-dy12e-1-2t-factory-direct-electric-joystick-micro-digger-excavator","status":"publish","type":"product","link":"https:\/\/www.lezum.com\/es\/producto\/lezum-dy12e-1-2t-factory-direct-electric-joystick-micro-digger-excavator\/","title":{"rendered":"LEZUM DY12E 1.2T Directo de F\u00e1brica Joystick El\u00e9ctrico Micro Digger Excavadora"},"content":{"rendered":"<h1><span style=\"color: #0b4cbd;\">&gt;&gt;Descripci\u00f3n general<\/span><\/h1>\n<h2 style=\"text-align: left;\">Maximizar la productividad: \u00a0<strong>DY12E Electric Joystick Micro Digger Excavator <\/strong>Engineered for Lowest Total Cost of Ownership (Tco)<\/h2>\n<h2><img fetchpriority=\"high\" decoding=\"async\" class=\"wp-image-1790 aligncenter\" src=\"https:\/\/lezum.com\/wp-content\/uploads\/2025\/12\/12E-1.jpg\" alt=\"\" width=\"1200\" height=\"530\" srcset=\"https:\/\/www.lezum.com\/wp-content\/uploads\/2025\/12\/12E-1.jpg 1474w, https:\/\/www.lezum.com\/wp-content\/uploads\/2025\/12\/12E-1-500x221.jpg 500w, https:\/\/www.lezum.com\/wp-content\/uploads\/2025\/12\/12E-1-300x132.jpg 300w, https:\/\/www.lezum.com\/wp-content\/uploads\/2025\/12\/12E-1-768x339.jpg 768w, https:\/\/www.lezum.com\/wp-content\/uploads\/2025\/12\/12E-1-600x265.jpg 600w, https:\/\/www.lezum.com\/wp-content\/uploads\/2025\/12\/12E-1-1x1.jpg 1w, https:\/\/www.lezum.com\/wp-content\/uploads\/2025\/12\/12E-1-10x4.jpg 10w\" sizes=\"(max-width: 1200px) 100vw, 1200px\" \/><\/h2>\n<p>&nbsp;<\/p>\n<h1><span style=\"color: #0b4cbd;\">&gt;&gt;Caracter\u00edsticas y ventajas<\/span><\/h1>\n<h2 style=\"text-align: left;\">Rendimiento superior: procedente de una cadena de suministro l\u00edder en el mundo<img decoding=\"async\" class=\"wp-image-1800 size-full aligncenter\" src=\"https:\/\/lezum.com\/wp-content\/uploads\/2025\/12\/1233.jpg\" alt=\"\" width=\"1200\" height=\"812\" srcset=\"https:\/\/www.lezum.com\/wp-content\/uploads\/2025\/12\/1233.jpg 1200w, https:\/\/www.lezum.com\/wp-content\/uploads\/2025\/12\/1233-500x338.jpg 500w, https:\/\/www.lezum.com\/wp-content\/uploads\/2025\/12\/1233-300x203.jpg 300w, https:\/\/www.lezum.com\/wp-content\/uploads\/2025\/12\/1233-768x520.jpg 768w, https:\/\/www.lezum.com\/wp-content\/uploads\/2025\/12\/1233-600x406.jpg 600w, https:\/\/www.lezum.com\/wp-content\/uploads\/2025\/12\/1233-1x1.jpg 1w, https:\/\/www.lezum.com\/wp-content\/uploads\/2025\/12\/1233-10x7.jpg 10w\" sizes=\"(max-width: 1200px) 100vw, 1200px\" \/><\/h2>\n<p>&nbsp;<\/p>\n<h1><span style=\"color: #0b4cbd;\">&gt;&gt;Par\u00e1metros<\/span><\/h1>\n<h2 style=\"text-align: center;\">Especificaciones t\u00e9cnicas detalladas<\/h2>\n<h4 style=\"text-align: center;\">Un resumen de los par\u00e1metros clave, pr\u00e1ctico para que los concesionarios realicen comparaciones de mercado y lo presenten a los clientes.<\/h4>\n<p>&nbsp;<\/p>\n<p style=\"text-align: left; padding-left: 40px;\"><span style=\"color: #000000;\">Marca\uff1a LEZUM<\/span><img decoding=\"async\" class=\"alignright wp-image-1791\" src=\"https:\/\/lezum.com\/wp-content\/uploads\/2025\/12\/\u5305\u7edc\u56fe\u4ea7\u54c1\u56fe_\u753b\u677f-1-\u526f\u672c-15.jpg\" alt=\"\" width=\"600\" height=\"269\" srcset=\"https:\/\/www.lezum.com\/wp-content\/uploads\/2025\/12\/\u5305\u7edc\u56fe\u4ea7\u54c1\u56fe_\u753b\u677f-1-\u526f\u672c-15.jpg 2500w, https:\/\/www.lezum.com\/wp-content\/uploads\/2025\/12\/\u5305\u7edc\u56fe\u4ea7\u54c1\u56fe_\u753b\u677f-1-\u526f\u672c-15-500x224.jpg 500w, https:\/\/www.lezum.com\/wp-content\/uploads\/2025\/12\/\u5305\u7edc\u56fe\u4ea7\u54c1\u56fe_\u753b\u677f-1-\u526f\u672c-15-1920x859.jpg 1920w, https:\/\/www.lezum.com\/wp-content\/uploads\/2025\/12\/\u5305\u7edc\u56fe\u4ea7\u54c1\u56fe_\u753b\u677f-1-\u526f\u672c-15-300x134.jpg 300w, https:\/\/www.lezum.com\/wp-content\/uploads\/2025\/12\/\u5305\u7edc\u56fe\u4ea7\u54c1\u56fe_\u753b\u677f-1-\u526f\u672c-15-768x344.jpg 768w, https:\/\/www.lezum.com\/wp-content\/uploads\/2025\/12\/\u5305\u7edc\u56fe\u4ea7\u54c1\u56fe_\u753b\u677f-1-\u526f\u672c-15-1536x688.jpg 1536w, https:\/\/www.lezum.com\/wp-content\/uploads\/2025\/12\/\u5305\u7edc\u56fe\u4ea7\u54c1\u56fe_\u753b\u677f-1-\u526f\u672c-15-2048x917.jpg 2048w, https:\/\/www.lezum.com\/wp-content\/uploads\/2025\/12\/\u5305\u7edc\u56fe\u4ea7\u54c1\u56fe_\u753b\u677f-1-\u526f\u672c-15-600x269.jpg 600w, https:\/\/www.lezum.com\/wp-content\/uploads\/2025\/12\/\u5305\u7edc\u56fe\u4ea7\u54c1\u56fe_\u753b\u677f-1-\u526f\u672c-15-1x1.jpg 1w, https:\/\/www.lezum.com\/wp-content\/uploads\/2025\/12\/\u5305\u7edc\u56fe\u4ea7\u54c1\u56fe_\u753b\u677f-1-\u526f\u672c-15-10x4.jpg 10w\" sizes=\"(max-width: 600px) 100vw, 600px\" \/><span style=\"color: #000000;\"><br \/>\nModel\uff1a DY12E<br \/>\nEngine Model\uff1a KUBOTA<br \/>\nMaximum horsepower (ps)\uff1a 11<br \/>\nMaximum power (Kw)\uff1a 8.2<br \/>\nVelocidad m\u00e1xima (rpm)\uff1a 3000<br \/>\nMachine working weight (kg)\uff1a 1200<br \/>\nMaximum digging height\uff08mm\uff09\uff1a 2604<br \/>\nMaximum digging radius (mm) \uff1a 2988<br \/>\nMaximum digging depth (mm) \uff1a 16715<\/span><\/p>\n<p>&nbsp;<\/p>\n<p>&nbsp;<\/p>\n<p>&nbsp;<\/p>\n<h1><\/h1>\n<h1 style=\"text-align: left;\"><span style=\"color: #0b4cbd;\">&gt;&gt;Humanizar<\/span><\/h1>\n<h2 style=\"text-align: center;\">Dise\u00f1o y mantenimiento centrados en el ser humano<\/h2>\n<h4 style=\"text-align: left;\"><img loading=\"lazy\" decoding=\"async\" class=\"alignleft wp-image-1795\" src=\"https:\/\/lezum.com\/wp-content\/uploads\/2025\/12\/lll.jpg\" alt=\"\" width=\"861\" height=\"287\" srcset=\"https:\/\/www.lezum.com\/wp-content\/uploads\/2025\/12\/lll.jpg 900w, https:\/\/www.lezum.com\/wp-content\/uploads\/2025\/12\/lll-500x167.jpg 500w, https:\/\/www.lezum.com\/wp-content\/uploads\/2025\/12\/lll-300x100.jpg 300w, https:\/\/www.lezum.com\/wp-content\/uploads\/2025\/12\/lll-768x256.jpg 768w, https:\/\/www.lezum.com\/wp-content\/uploads\/2025\/12\/lll-600x200.jpg 600w, https:\/\/www.lezum.com\/wp-content\/uploads\/2025\/12\/lll-1x1.jpg 1w, https:\/\/www.lezum.com\/wp-content\/uploads\/2025\/12\/lll-10x3.jpg 10w\" sizes=\"(max-width: 861px) 100vw, 861px\" \/><\/h4>\n<h4><\/h4>\n<h4 style=\"text-align: left;\"><\/h4>\n<p>&nbsp;<\/p>\n<h4 style=\"text-align: left;\">Asientos c\u00f3modos y ergon\u00f3micos<\/h4>\n<h4 style=\"text-align: left;\">joysticks,y centralizado<\/h4>\n<h4 style=\"text-align: left;\">puntos de mantenimiento<\/h4>\n<h4 style=\"text-align: left;\">comodidad del operador durante<\/h4>\n<h4 style=\"text-align: left;\">largas jornadas laborales y<\/h4>\n<h4 style=\"text-align: left;\">reducir significativamente el mantenimiento<\/h4>\n<h4 style=\"text-align: left;\">costes..<\/h4>\n<p>&nbsp;<\/p>\n<p>&nbsp;<\/p>\n<h1><\/h1>\n<h1><span style=\"color: #0b4cbd;\">&gt;&gt;Escenarios de aplicaci\u00f3n multifuncional<\/span><\/h1>\n<h2 style=\"text-align: center;\">Multi-functional:DY12E multifunctional solution<\/h2>\n<h4 style=\"text-align: center;\"><span style=\"color: #333333;\">Sistema de fijaci\u00f3n flexible<br \/>\n<\/span>Sus aplicaciones abarcan diversas industrias y campos como granjas, construcci\u00f3n, miner\u00eda, agricultura, puertos, eliminaci\u00f3n de residuos, ferrocarriles, construcci\u00f3n, metalurgia y procesamiento de madera, proporcionando potentes capacidades de manipulaci\u00f3n y carga para diversos proyectos y operaciones de ingenier\u00eda.<\/h4>\n<h4 style=\"text-align: left;\"><img loading=\"lazy\" decoding=\"async\" class=\"wp-image-961 aligncenter\" src=\"https:\/\/lezum.com\/wp-content\/uploads\/2025\/12\/\u8f85\u5177-1.jpg\" alt=\"\" width=\"1200\" height=\"604\" srcset=\"https:\/\/www.lezum.com\/wp-content\/uploads\/2025\/12\/\u8f85\u5177-1.jpg 2430w, https:\/\/www.lezum.com\/wp-content\/uploads\/2025\/12\/\u8f85\u5177-1-300x151.jpg 300w, https:\/\/www.lezum.com\/wp-content\/uploads\/2025\/12\/\u8f85\u5177-1-1024x516.jpg 1024w, https:\/\/www.lezum.com\/wp-content\/uploads\/2025\/12\/\u8f85\u5177-1-768x387.jpg 768w, https:\/\/www.lezum.com\/wp-content\/uploads\/2025\/12\/\u8f85\u5177-1-1536x774.jpg 1536w, https:\/\/www.lezum.com\/wp-content\/uploads\/2025\/12\/\u8f85\u5177-1-2048x1032.jpg 2048w, https:\/\/www.lezum.com\/wp-content\/uploads\/2025\/12\/\u8f85\u5177-1-600x302.jpg 600w, https:\/\/www.lezum.com\/wp-content\/uploads\/2025\/12\/\u8f85\u5177-1-1x1.jpg 1w, https:\/\/www.lezum.com\/wp-content\/uploads\/2025\/12\/\u8f85\u5177-1-10x5.jpg 10w\" sizes=\"(max-width: 1200px) 100vw, 1200px\" \/><\/h4>\n<p>&nbsp;<\/p>\n<h1><span style=\"color: #0b4cbd;\">&gt;&gt;LEZUM venta directa de f\u00e1brica<\/span><\/h1>\n<h2 style=\"text-align: center;\">Invitamos cordialmente a los distribuidores de todo el mundo a cooperar<\/h2>\n<h4 style=\"text-align: center; padding-left: 40px;\">Como fabricante chino l\u00edder de mini maquinaria de construcci\u00f3n el\u00e9ctrica inteligente, el Grupo LEZUM cuenta con una moderna base de producci\u00f3n de m\u00e1s de 50.000 metros cuadrados, certificada por normas internacionales como ISO 9001, CE y TUV. Estamos comprometidos a proporcionar a nuestros socios globales los productos m\u00e1s confiables y los canales de suministro m\u00e1s directos.<\/h4>\n<p><img loading=\"lazy\" decoding=\"async\" class=\"alignleft size-full wp-image-953\" src=\"https:\/\/lezum.com\/wp-content\/uploads\/2025\/12\/\u5de5\u5382\u62fc\u56fe-\u8be6\u60c5.jpg\" alt=\"\" width=\"900\" height=\"300\" srcset=\"https:\/\/www.lezum.com\/wp-content\/uploads\/2025\/12\/\u5de5\u5382\u62fc\u56fe-\u8be6\u60c5.jpg 900w, https:\/\/www.lezum.com\/wp-content\/uploads\/2025\/12\/\u5de5\u5382\u62fc\u56fe-\u8be6\u60c5-300x100.jpg 300w, https:\/\/www.lezum.com\/wp-content\/uploads\/2025\/12\/\u5de5\u5382\u62fc\u56fe-\u8be6\u60c5-768x256.jpg 768w, https:\/\/www.lezum.com\/wp-content\/uploads\/2025\/12\/\u5de5\u5382\u62fc\u56fe-\u8be6\u60c5-600x200.jpg 600w, https:\/\/www.lezum.com\/wp-content\/uploads\/2025\/12\/\u5de5\u5382\u62fc\u56fe-\u8be6\u60c5-1x1.jpg 1w, https:\/\/www.lezum.com\/wp-content\/uploads\/2025\/12\/\u5de5\u5382\u62fc\u56fe-\u8be6\u60c5-10x3.jpg 10w\" sizes=\"(max-width: 900px) 100vw, 900px\" \/><\/p>\n<p>&nbsp;<\/p>\n<h4 style=\"text-align: center; padding-left: 40px;\"><span style=\"color: #333333;\">Ventajas exclusivas para distribuidores<\/span><\/h4>\n<h4 style=\"text-align: left; padding-left: 40px;\">\u221a Precio de venta directo de f\u00e1brica<\/h4>\n<p style=\"text-align: left; padding-left: 40px;\"><span style=\"color: #333333;\">\u00a0 \u00a0 \u00a0 Margen de beneficio m\u00e1ximo<\/span><span style=\"color: #333333;\"><br \/>\n<\/span><\/p>\n<h4 style=\"text-align: left; padding-left: 40px;\">\u221a Protecci\u00f3n de zonas<\/h4>\n<p style=\"text-align: left; padding-left: 40px;\"><span style=\"color: #333333;\">\u00a0 \u00a0 \u00a0 Derechos exclusivos de mercado<\/span><\/p>\n<h4 style=\"text-align: left; padding-left: 40px;\">\u221a 3 a\u00f1os de garant\u00eda<\/h4>\n<p style=\"padding-left: 40px;\">Asistencia posventa l\u00edder en el sector<\/p>\n<p>&nbsp;<\/p>","protected":false},"excerpt":{"rendered":"<ul>\n<li>Precio competitivo: Venta directa de f\u00e1brica de cargadores de ruedas peque\u00f1os | Reclutamiento de distribuidores | Compra \u00fanica | Gama completa de productos | Certificado CE\/EPA\/Euro 5 | Garant\u00eda de f\u00e1brica<\/li>\n<\/ul>\n<ul>\n<li>\n<p class=\"body\" dir=\"auto\">Correo electr\u00f3nico: service@lezum.com<\/p>\n<\/li>\n<li>\n<p class=\"body\" dir=\"auto\">WhatsApp\uff1a+86 18101064115<\/p>\n<\/li>\n<\/ul>","protected":false},"featured_media":1783,"template":"","meta":[],"etheme_brands":[],"product_brand":[],"product_cat":[43],"product_tag":[],"class_list":{"0":"post-1781","1":"product","2":"type-product","3":"status-publish","4":"has-post-thumbnail","6":"product_cat-mini-excavators","8":"first","9":"instock","10":"shipping-taxable","11":"product-type-simple"},"_links":{"self":[{"href":"https:\/\/www.lezum.com\/es\/wp-json\/wp\/v2\/product\/1781","targetHints":{"allow":["GET"]}}],"collection":[{"href":"https:\/\/www.lezum.com\/es\/wp-json\/wp\/v2\/product"}],"about":[{"href":"https:\/\/www.lezum.com\/es\/wp-json\/wp\/v2\/types\/product"}],"version-history":[{"count":8,"href":"https:\/\/www.lezum.com\/es\/wp-json\/wp\/v2\/product\/1781\/revisions"}],"predecessor-version":[{"id":2411,"href":"https:\/\/www.lezum.com\/es\/wp-json\/wp\/v2\/product\/1781\/revisions\/2411"}],"wp:featuredmedia":[{"embeddable":true,"href":"https:\/\/www.lezum.com\/es\/wp-json\/wp\/v2\/media\/1783"}],"wp:attachment":[{"href":"https:\/\/www.lezum.com\/es\/wp-json\/wp\/v2\/media?parent=1781"}],"wp:term":[{"taxonomy":"brand","embeddable":true,"href":"https:\/\/www.lezum.com\/es\/wp-json\/wp\/v2\/etheme_brands?post=1781"},{"taxonomy":"product_brand","embeddable":true,"href":"https:\/\/www.lezum.com\/es\/wp-json\/wp\/v2\/product_brand?post=1781"},{"taxonomy":"product_cat","embeddable":true,"href":"https:\/\/www.lezum.com\/es\/wp-json\/wp\/v2\/product_cat?post=1781"},{"taxonomy":"product_tag","embeddable":true,"href":"https:\/\/www.lezum.com\/es\/wp-json\/wp\/v2\/product_tag?post=1781"}],"curies":[{"name":"wp","href":"https:\/\/api.w.org\/{rel}","templated":true}]}}