{"id":2375,"date":"2025-12-31T05:58:24","date_gmt":"2025-12-31T05:58:24","guid":{"rendered":"https:\/\/www.lezum.com\/?post_type=product&#038;p=2375"},"modified":"2026-01-29T07:44:45","modified_gmt":"2026-01-29T07:44:45","slug":"lezum-dy18-kubota-engine-mini-excavator","status":"publish","type":"product","link":"https:\/\/www.lezum.com\/es\/producto\/lezum-dy18-kubota-engine-mini-excavator\/","title":{"rendered":"LEZUM DY18 Kubota Engine Mini Excavator \u2013 Factory Direct Quality for Global Dealers"},"content":{"rendered":"<h1>&gt;&gt;Descripci\u00f3n general<\/h1>\n<h2 style=\"text-align: left;\">The LEZUM DY18 Kubota Engine Mini Excavator offers a 1693mm digging depth and is high lighted by its Low Total Cost of Ownership (TCO). The machine is designed for easy maintenance, with centralized service points and wide-opening panels significantly reducing maintenance time. Factory direct sales bring you the most competitive pricing.<\/h2>\n<h2><img fetchpriority=\"high\" decoding=\"async\" class=\"alignleft size-full wp-image-2371\" src=\"https:\/\/www.lezum.com\/wp-content\/uploads\/2025\/12\/5555.png\" alt=\"\" width=\"2185\" height=\"1024\" srcset=\"https:\/\/www.lezum.com\/wp-content\/uploads\/2025\/12\/5555.png 2185w, https:\/\/www.lezum.com\/wp-content\/uploads\/2025\/12\/5555-500x234.png 500w, https:\/\/www.lezum.com\/wp-content\/uploads\/2025\/12\/5555-1920x900.png 1920w, https:\/\/www.lezum.com\/wp-content\/uploads\/2025\/12\/5555-300x141.png 300w, https:\/\/www.lezum.com\/wp-content\/uploads\/2025\/12\/5555-768x360.png 768w, https:\/\/www.lezum.com\/wp-content\/uploads\/2025\/12\/5555-1536x720.png 1536w, https:\/\/www.lezum.com\/wp-content\/uploads\/2025\/12\/5555-2048x960.png 2048w, https:\/\/www.lezum.com\/wp-content\/uploads\/2025\/12\/5555-18x8.png 18w, https:\/\/www.lezum.com\/wp-content\/uploads\/2025\/12\/5555-600x281.png 600w, https:\/\/www.lezum.com\/wp-content\/uploads\/2025\/12\/5555-1x1.png 1w, https:\/\/www.lezum.com\/wp-content\/uploads\/2025\/12\/5555-10x5.png 10w\" sizes=\"(max-width: 2185px) 100vw, 2185px\" \/><\/h2>\n<h1>&gt;&gt;Caracter\u00edsticas y ventajas<\/h1>\n<h2 style=\"text-align: left;\">Rendimiento superior: procedente de una cadena de suministro l\u00edder en el mundo<img decoding=\"async\" class=\"size-full wp-image-2368 aligncenter\" src=\"https:\/\/www.lezum.com\/wp-content\/uploads\/2025\/12\/\u7ec6\u8282\u62fc\u56fe3.jpg\" alt=\"\" width=\"1200\" height=\"812\" srcset=\"https:\/\/www.lezum.com\/wp-content\/uploads\/2025\/12\/\u7ec6\u8282\u62fc\u56fe3.jpg 1200w, https:\/\/www.lezum.com\/wp-content\/uploads\/2025\/12\/\u7ec6\u8282\u62fc\u56fe3-500x338.jpg 500w, https:\/\/www.lezum.com\/wp-content\/uploads\/2025\/12\/\u7ec6\u8282\u62fc\u56fe3-300x203.jpg 300w, https:\/\/www.lezum.com\/wp-content\/uploads\/2025\/12\/\u7ec6\u8282\u62fc\u56fe3-768x520.jpg 768w, https:\/\/www.lezum.com\/wp-content\/uploads\/2025\/12\/\u7ec6\u8282\u62fc\u56fe3-18x12.jpg 18w, https:\/\/www.lezum.com\/wp-content\/uploads\/2025\/12\/\u7ec6\u8282\u62fc\u56fe3-600x406.jpg 600w, https:\/\/www.lezum.com\/wp-content\/uploads\/2025\/12\/\u7ec6\u8282\u62fc\u56fe3-1x1.jpg 1w, https:\/\/www.lezum.com\/wp-content\/uploads\/2025\/12\/\u7ec6\u8282\u62fc\u56fe3-10x7.jpg 10w\" sizes=\"(max-width: 1200px) 100vw, 1200px\" \/><\/h2>\n<h1>&gt;&gt;Par\u00e1metros<\/h1>\n<h2 style=\"text-align: center;\">Especificaciones t\u00e9cnicas detalladas<\/h2>\n<h4 style=\"text-align: center;\">Un resumen de los par\u00e1metros clave, pr\u00e1ctico para que los concesionarios realicen comparaciones de mercado y lo presenten a los clientes.<\/h4>\n<p style=\"text-align: left; padding-left: 40px;\"><span style=\"color: #000000;\">Marca\uff1a LEZUM<\/span><img decoding=\"async\" class=\"alignright\" src=\"https:\/\/lezum.com\/wp-content\/uploads\/2025\/12\/185-1024x458.jpg\" alt=\"\" width=\"600\" height=\"269\" \/><br \/>\n<span style=\"color: #000000;\">Model\uff1a DY18<\/span><br \/>\n<span style=\"color: #000000;\">Modelo de motor\uff1a Kubota<\/span><br \/>\n<span style=\"color: #000000;\">Maximum horsepower (ps)\uff1a 13.9<\/span><br \/>\n<span style=\"color: #000000;\">Maximum power (Kw)\uff1a 10.2<\/span><br \/>\n<span style=\"color: #000000;\">Maximum speed (rpm)\uff1a 2500<\/span><br \/>\n<span style=\"color: #000000;\">Displacement (L)\uff1a 1.5<\/span><br \/>\n<span style=\"color: #000000;\">Machine working weight (kg)\uff1a1400<\/span><br \/>\n<span style=\"color: #000000;\">Maximum digging height\uff08mm\uff09\uff1a 2560<\/span><br \/>\n<span style=\"color: #000000;\">Maximum digging radius (mm) \uff1a 3060<\/span><br \/>\n<span style=\"color: #000000;\">Maximum digging depth (mm) \uff1a 1693<\/span><br \/>\n<span style=\"color: #000000;\">Bucket capacity(m\u00b3)\uff1a 0.03<\/span><\/p>\n<h1 style=\"text-align: left;\">&gt;&gt;Humanizar<\/h1>\n<h2 style=\"text-align: center;\">Dise\u00f1o y mantenimiento centrados en el ser humano<\/h2>\n<h4 style=\"text-align: left;\"><img loading=\"lazy\" decoding=\"async\" class=\"alignleft wp-image-2376\" src=\"https:\/\/www.lezum.com\/wp-content\/uploads\/2025\/12\/\u4eba\u6027\u5316-1.jpg\" alt=\"\" width=\"861\" height=\"287\" srcset=\"https:\/\/www.lezum.com\/wp-content\/uploads\/2025\/12\/\u4eba\u6027\u5316-1.jpg 900w, https:\/\/www.lezum.com\/wp-content\/uploads\/2025\/12\/\u4eba\u6027\u5316-1-500x167.jpg 500w, https:\/\/www.lezum.com\/wp-content\/uploads\/2025\/12\/\u4eba\u6027\u5316-1-300x100.jpg 300w, https:\/\/www.lezum.com\/wp-content\/uploads\/2025\/12\/\u4eba\u6027\u5316-1-768x256.jpg 768w, https:\/\/www.lezum.com\/wp-content\/uploads\/2025\/12\/\u4eba\u6027\u5316-1-18x6.jpg 18w, https:\/\/www.lezum.com\/wp-content\/uploads\/2025\/12\/\u4eba\u6027\u5316-1-600x200.jpg 600w, https:\/\/www.lezum.com\/wp-content\/uploads\/2025\/12\/\u4eba\u6027\u5316-1-1x1.jpg 1w, https:\/\/www.lezum.com\/wp-content\/uploads\/2025\/12\/\u4eba\u6027\u5316-1-10x3.jpg 10w\" sizes=\"(max-width: 861px) 100vw, 861px\" \/><\/h4>\n<h4><\/h4>\n<h4><\/h4>\n<h4 style=\"text-align: left;\">Asientos c\u00f3modos y ergon\u00f3micos<\/h4>\n<h4 style=\"text-align: left;\">joysticks,y centralizado<\/h4>\n<h4 style=\"text-align: left;\">puntos de mantenimiento<\/h4>\n<h4 style=\"text-align: left;\">comodidad del operador durante<\/h4>\n<h4 style=\"text-align: left;\">largas jornadas laborales y<\/h4>\n<h4 style=\"text-align: left;\">reducir significativamente el mantenimiento<\/h4>\n<h4 style=\"text-align: left;\">costes..<\/h4>\n<p>&nbsp;<\/p>\n<p>&nbsp;<\/p>\n<h1><\/h1>\n<h1>&gt;&gt;Escenarios de aplicaci\u00f3n multifuncional<\/h1>\n<h2 style=\"text-align: center;\">Multi-functional:DY18 multifunctional solution<\/h2>\n<h4 style=\"text-align: center;\">Sistema de fijaci\u00f3n flexible<br \/>\nSus aplicaciones abarcan diversas industrias y campos como granjas, construcci\u00f3n, miner\u00eda, agricultura, puertos, eliminaci\u00f3n de residuos, ferrocarriles, construcci\u00f3n, metalurgia y procesamiento de madera, proporcionando potentes capacidades de manipulaci\u00f3n y carga para diversos proyectos y operaciones de ingenier\u00eda.<\/h4>\n<h4 style=\"text-align: left;\"><img loading=\"lazy\" decoding=\"async\" src=\"https:\/\/lezum.com\/wp-content\/uploads\/2025\/12\/\u8f85\u5177-1.jpg\" alt=\"\" width=\"1200\" height=\"604\" \/><\/h4>\n<h1>&gt;&gt;LEZUM venta directa de f\u00e1brica<\/h1>\n<h2 style=\"text-align: center;\">Invitamos cordialmente a los distribuidores de todo el mundo a cooperar<\/h2>\n<h4 style=\"text-align: center; padding-left: 40px;\">Como fabricante chino l\u00edder de mini maquinaria de construcci\u00f3n el\u00e9ctrica inteligente, el Grupo LEZUM cuenta con una moderna base de producci\u00f3n de m\u00e1s de 50.000 metros cuadrados, certificada por normas internacionales como ISO 9001, CE y TUV. Estamos comprometidos a proporcionar a nuestros socios globales los productos m\u00e1s confiables y los canales de suministro m\u00e1s directos.<\/h4>\n<p><img loading=\"lazy\" decoding=\"async\" class=\"alignleft wp-image-1735\" src=\"https:\/\/www.lezum.com\/wp-content\/uploads\/2025\/12\/\u62fc\u56fe.jpg\" alt=\"\" width=\"661\" height=\"224\" srcset=\"https:\/\/www.lezum.com\/wp-content\/uploads\/2025\/12\/\u62fc\u56fe.jpg 1920w, https:\/\/www.lezum.com\/wp-content\/uploads\/2025\/12\/\u62fc\u56fe-300x102.jpg 300w, https:\/\/www.lezum.com\/wp-content\/uploads\/2025\/12\/\u62fc\u56fe-1024x347.jpg 1024w, https:\/\/www.lezum.com\/wp-content\/uploads\/2025\/12\/\u62fc\u56fe-768x260.jpg 768w, https:\/\/www.lezum.com\/wp-content\/uploads\/2025\/12\/\u62fc\u56fe-1536x520.jpg 1536w, https:\/\/www.lezum.com\/wp-content\/uploads\/2025\/12\/\u62fc\u56fe-600x203.jpg 600w, https:\/\/www.lezum.com\/wp-content\/uploads\/2025\/12\/\u62fc\u56fe-1x1.jpg 1w, https:\/\/www.lezum.com\/wp-content\/uploads\/2025\/12\/\u62fc\u56fe-10x3.jpg 10w\" sizes=\"(max-width: 661px) 100vw, 661px\" \/>Ventajas exclusivas para distribuidores<\/p>\n<h4 style=\"text-align: left; padding-left: 40px;\">\u221a Precio de venta directo de f\u00e1brica<\/h4>\n<p style=\"text-align: left; padding-left: 40px;\">\u00a0 \u00a0 \u00a0 Margen de beneficio m\u00e1ximo<\/p>\n<h4 style=\"text-align: left; padding-left: 40px;\">\u221a Protecci\u00f3n de zonas<\/h4>\n<p style=\"text-align: left; padding-left: 40px;\">\u00a0 \u00a0 \u00a0 Derechos exclusivos de mercado<\/p>\n<h4 style=\"text-align: left; padding-left: 40px;\">\u221a 3 a\u00f1os de garant\u00eda<\/h4>\n<p style=\"padding-left: 40px;\">Asistencia posventa l\u00edder en el sector<\/p>","protected":false},"excerpt":{"rendered":"<ul dir=\"auto\" data-pm-slice=\"3 3 []\">\n<li>\n<p class=\"body\" dir=\"auto\">Competitive Price: Factory Direct Deseil Mini Excavator for Sale | Recruiting Dealers | One-stop Purchasing | Full Range of Products | CE\/EPA\/Euro 5 Certified | Factory Warranty<br \/>\nODM\/OEM\uff08Optional): Engine Brand: Kubota, 1.Optional: KOOP,Laidong, RATO<\/p>\n<\/li>\n<li>\n<p class=\"body\" dir=\"auto\">Correo electr\u00f3nico: service@lezum.com<\/p>\n<\/li>\n<li>\n<p class=\"body\" dir=\"auto\">WhatsApp\uff1a+8618101064115<\/p>\n<\/li>\n<\/ul>","protected":false},"featured_media":2383,"template":"","meta":[],"etheme_brands":[],"product_brand":[],"product_cat":[43],"product_tag":[],"class_list":{"0":"post-2375","1":"product","2":"type-product","3":"status-publish","4":"has-post-thumbnail","6":"product_cat-mini-excavators","8":"first","9":"instock","10":"shipping-taxable","11":"product-type-simple"},"_links":{"self":[{"href":"https:\/\/www.lezum.com\/es\/wp-json\/wp\/v2\/product\/2375","targetHints":{"allow":["GET"]}}],"collection":[{"href":"https:\/\/www.lezum.com\/es\/wp-json\/wp\/v2\/product"}],"about":[{"href":"https:\/\/www.lezum.com\/es\/wp-json\/wp\/v2\/types\/product"}],"version-history":[{"count":17,"href":"https:\/\/www.lezum.com\/es\/wp-json\/wp\/v2\/product\/2375\/revisions"}],"predecessor-version":[{"id":2863,"href":"https:\/\/www.lezum.com\/es\/wp-json\/wp\/v2\/product\/2375\/revisions\/2863"}],"wp:featuredmedia":[{"embeddable":true,"href":"https:\/\/www.lezum.com\/es\/wp-json\/wp\/v2\/media\/2383"}],"wp:attachment":[{"href":"https:\/\/www.lezum.com\/es\/wp-json\/wp\/v2\/media?parent=2375"}],"wp:term":[{"taxonomy":"brand","embeddable":true,"href":"https:\/\/www.lezum.com\/es\/wp-json\/wp\/v2\/etheme_brands?post=2375"},{"taxonomy":"product_brand","embeddable":true,"href":"https:\/\/www.lezum.com\/es\/wp-json\/wp\/v2\/product_brand?post=2375"},{"taxonomy":"product_cat","embeddable":true,"href":"https:\/\/www.lezum.com\/es\/wp-json\/wp\/v2\/product_cat?post=2375"},{"taxonomy":"product_tag","embeddable":true,"href":"https:\/\/www.lezum.com\/es\/wp-json\/wp\/v2\/product_tag?post=2375"}],"curies":[{"name":"wp","href":"https:\/\/api.w.org\/{rel}","templated":true}]}}