{"id":2911,"date":"2026-01-30T07:54:23","date_gmt":"2026-01-30T07:54:23","guid":{"rendered":"https:\/\/www.lezum.com\/?post_type=product&#038;p=2911"},"modified":"2026-02-02T06:17:52","modified_gmt":"2026-02-02T06:17:52","slug":"lezum-dy18-kubota-engine-mini-excavator-factory-direct-global-dealer-recruitment","status":"publish","type":"product","link":"https:\/\/www.lezum.com\/es\/producto\/lezum-dy18-kubota-engine-mini-excavator-factory-direct-global-dealer-recruitment\/","title":{"rendered":"LEZUM DY18 Kubota Engine Mini Excavator \u2013 Factory Direct  Global Dealer Recruitment"},"content":{"rendered":"<h1>&gt;&gt;Descripci\u00f3n general<\/h1>\n<h2 style=\"text-align: left;\">The LEZUM <span style=\"color: #000000;\"><strong>DY18 Kubota Engine Mini Excavator<\/strong><\/span> offers a 2100mm digging depth and is high lighted by its Low Total Cost of Ownership (TCO). A reliable <span style=\"color: #000000;\">1.5 ton mini excavator<\/span> and <span style=\"color: #000000;\">2 ton mini excavator <\/span><\/h2>\n<h2><img fetchpriority=\"high\" decoding=\"async\" class=\"alignleft wp-image-2914 size-full\" src=\"https:\/\/www.lezum.com\/wp-content\/uploads\/2026\/01\/22222.jpg\" alt=\"\" width=\"1926\" height=\"896\" srcset=\"https:\/\/www.lezum.com\/wp-content\/uploads\/2026\/01\/22222.jpg 1926w, https:\/\/www.lezum.com\/wp-content\/uploads\/2026\/01\/22222-500x233.jpg 500w, https:\/\/www.lezum.com\/wp-content\/uploads\/2026\/01\/22222-1920x893.jpg 1920w, https:\/\/www.lezum.com\/wp-content\/uploads\/2026\/01\/22222-300x140.jpg 300w, https:\/\/www.lezum.com\/wp-content\/uploads\/2026\/01\/22222-768x357.jpg 768w, https:\/\/www.lezum.com\/wp-content\/uploads\/2026\/01\/22222-1536x715.jpg 1536w, https:\/\/www.lezum.com\/wp-content\/uploads\/2026\/01\/22222-18x8.jpg 18w, https:\/\/www.lezum.com\/wp-content\/uploads\/2026\/01\/22222-600x279.jpg 600w, https:\/\/www.lezum.com\/wp-content\/uploads\/2026\/01\/22222-1x1.jpg 1w, https:\/\/www.lezum.com\/wp-content\/uploads\/2026\/01\/22222-10x5.jpg 10w\" sizes=\"(max-width: 1926px) 100vw, 1926px\" \/><\/h2>\n<h1>&gt;&gt;Caracter\u00edsticas y ventajas<\/h1>\n<h2 style=\"text-align: left;\">Rendimiento superior: procedente de una cadena de suministro l\u00edder en el mundo<img decoding=\"async\" class=\"alignleft wp-image-2915 size-full\" src=\"https:\/\/www.lezum.com\/wp-content\/uploads\/2026\/01\/\u7ec6\u8282-\u7ec4\u54083.jpg\" alt=\"\" width=\"1200\" height=\"812\" srcset=\"https:\/\/www.lezum.com\/wp-content\/uploads\/2026\/01\/\u7ec6\u8282-\u7ec4\u54083.jpg 1200w, https:\/\/www.lezum.com\/wp-content\/uploads\/2026\/01\/\u7ec6\u8282-\u7ec4\u54083-500x338.jpg 500w, https:\/\/www.lezum.com\/wp-content\/uploads\/2026\/01\/\u7ec6\u8282-\u7ec4\u54083-300x203.jpg 300w, https:\/\/www.lezum.com\/wp-content\/uploads\/2026\/01\/\u7ec6\u8282-\u7ec4\u54083-768x520.jpg 768w, https:\/\/www.lezum.com\/wp-content\/uploads\/2026\/01\/\u7ec6\u8282-\u7ec4\u54083-18x12.jpg 18w, https:\/\/www.lezum.com\/wp-content\/uploads\/2026\/01\/\u7ec6\u8282-\u7ec4\u54083-600x406.jpg 600w, https:\/\/www.lezum.com\/wp-content\/uploads\/2026\/01\/\u7ec6\u8282-\u7ec4\u54083-1x1.jpg 1w, https:\/\/www.lezum.com\/wp-content\/uploads\/2026\/01\/\u7ec6\u8282-\u7ec4\u54083-10x7.jpg 10w\" sizes=\"(max-width: 1200px) 100vw, 1200px\" \/><\/h2>\n<h1>&gt;&gt;Par\u00e1metros<\/h1>\n<h2 style=\"text-align: center;\">Especificaciones t\u00e9cnicas detalladas<\/h2>\n<h4 style=\"text-align: center;\">Un resumen de los par\u00e1metros clave, pr\u00e1ctico para que los concesionarios realicen comparaciones de mercado y lo presenten a los clientes.<\/h4>\n<h4 style=\"text-align: left; padding-left: 40px;\"><span style=\"color: #000000;\">Marca\uff1a LEZUM<\/span><br \/>\n<span style=\"color: #000000;\">Model\uff1a DY18<\/span><br \/>\n<span style=\"color: #000000;\">Modelo de motor\uff1a Kubota<\/span><br \/>\n<span style=\"color: #000000;\">Maximum horsepower (ps)\uff1a 13.9<\/span><br \/>\n<span style=\"color: #000000;\">Maximum power (Kw)\uff1a 10.2<\/span><br \/>\n<span style=\"color: #000000;\">Maximum speed (rpm)\uff1a 2500<\/span><br \/>\n<span style=\"color: #000000;\">Displacement (L)\uff1a 1.5<\/span><br \/>\n<span style=\"color: #000000;\">Machine working weight (kg)\uff1a 1600<\/span><br \/>\n<span style=\"color: #000000;\">Maximum digging height\uff08mm\uff09\uff1a 2603<\/span><br \/>\n<span style=\"color: #000000;\">Maximum digging radius (mm) \uff1a 3061<\/span><br \/>\n<span style=\"color: #000000;\">Maximum digging depth (mm) \uff1a 2100<\/span><br \/>\n<span style=\"color: #000000;\">Bucket maximum digging force (Kg) \uff1a 940<\/span><\/h4>\n<h1 style=\"text-align: left;\">&gt;&gt;Humanizar<\/h1>\n<h2 style=\"text-align: center;\">Dise\u00f1o y mantenimiento centrados en el ser humano<\/h2>\n<h4 style=\"text-align: left;\"><img decoding=\"async\" class=\"alignleft wp-image-2916\" src=\"https:\/\/www.lezum.com\/wp-content\/uploads\/2026\/01\/\u672a\u547d\u540d.jpg\" alt=\"\" width=\"861\" height=\"287\" srcset=\"https:\/\/www.lezum.com\/wp-content\/uploads\/2026\/01\/\u672a\u547d\u540d.jpg 900w, https:\/\/www.lezum.com\/wp-content\/uploads\/2026\/01\/\u672a\u547d\u540d-500x167.jpg 500w, https:\/\/www.lezum.com\/wp-content\/uploads\/2026\/01\/\u672a\u547d\u540d-300x100.jpg 300w, https:\/\/www.lezum.com\/wp-content\/uploads\/2026\/01\/\u672a\u547d\u540d-768x256.jpg 768w, https:\/\/www.lezum.com\/wp-content\/uploads\/2026\/01\/\u672a\u547d\u540d-18x6.jpg 18w, https:\/\/www.lezum.com\/wp-content\/uploads\/2026\/01\/\u672a\u547d\u540d-600x200.jpg 600w, https:\/\/www.lezum.com\/wp-content\/uploads\/2026\/01\/\u672a\u547d\u540d-1x1.jpg 1w, https:\/\/www.lezum.com\/wp-content\/uploads\/2026\/01\/\u672a\u547d\u540d-10x3.jpg 10w\" sizes=\"(max-width: 861px) 100vw, 861px\" \/><\/h4>\n<h4><\/h4>\n<h4><\/h4>\n<h4 style=\"text-align: left;\">Asientos c\u00f3modos y ergon\u00f3micos<\/h4>\n<h4 style=\"text-align: left;\">joysticks,y centralizado<\/h4>\n<h4 style=\"text-align: left;\">puntos de mantenimiento<\/h4>\n<h4 style=\"text-align: left;\">comodidad del operador durante<\/h4>\n<h4 style=\"text-align: left;\">largas jornadas laborales y<\/h4>\n<h4 style=\"text-align: left;\">reducir significativamente el mantenimiento<\/h4>\n<h4 style=\"text-align: left;\">costes..<\/h4>\n<p>&nbsp;<\/p>\n<p>&nbsp;<\/p>\n<h1><\/h1>\n<h1>&gt;&gt;Escenarios de aplicaci\u00f3n multifuncional<\/h1>\n<h2 style=\"text-align: center;\">Multi-functional:DY18 multifunctional solution<\/h2>\n<h4 style=\"text-align: center;\">Sistema de fijaci\u00f3n flexible<br \/>\nSus aplicaciones abarcan diversas industrias y campos como granjas, construcci\u00f3n, miner\u00eda, agricultura, puertos, eliminaci\u00f3n de residuos, ferrocarriles, construcci\u00f3n, metalurgia y procesamiento de madera, proporcionando potentes capacidades de manipulaci\u00f3n y carga para diversos proyectos y operaciones de ingenier\u00eda.<\/h4>\n<h4 style=\"text-align: left;\"><img loading=\"lazy\" decoding=\"async\" src=\"https:\/\/lezum.com\/wp-content\/uploads\/2025\/12\/\u8f85\u5177-1.jpg\" alt=\"\" width=\"1200\" height=\"604\" \/><\/h4>\n<h1>&gt;&gt;LEZUM venta directa de f\u00e1brica<\/h1>\n<h2 style=\"text-align: center;\">Invitamos cordialmente a los distribuidores de todo el mundo a cooperar<\/h2>\n<h4 style=\"text-align: center; padding-left: 40px;\">Como fabricante chino l\u00edder de mini maquinaria de construcci\u00f3n el\u00e9ctrica inteligente, el Grupo LEZUM cuenta con una moderna base de producci\u00f3n de m\u00e1s de 50.000 metros cuadrados, certificada por normas internacionales como ISO 9001, CE y TUV. Estamos comprometidos a proporcionar a nuestros socios globales los productos m\u00e1s confiables y los canales de suministro m\u00e1s directos.<\/h4>\n<h4><img loading=\"lazy\" decoding=\"async\" class=\"alignleft wp-image-1735\" src=\"https:\/\/www.lezum.com\/wp-content\/uploads\/2025\/12\/\u62fc\u56fe.jpg\" alt=\"\" width=\"661\" height=\"224\" srcset=\"https:\/\/www.lezum.com\/wp-content\/uploads\/2025\/12\/\u62fc\u56fe.jpg 1920w, https:\/\/www.lezum.com\/wp-content\/uploads\/2025\/12\/\u62fc\u56fe-300x102.jpg 300w, https:\/\/www.lezum.com\/wp-content\/uploads\/2025\/12\/\u62fc\u56fe-1024x347.jpg 1024w, https:\/\/www.lezum.com\/wp-content\/uploads\/2025\/12\/\u62fc\u56fe-768x260.jpg 768w, https:\/\/www.lezum.com\/wp-content\/uploads\/2025\/12\/\u62fc\u56fe-1536x520.jpg 1536w, https:\/\/www.lezum.com\/wp-content\/uploads\/2025\/12\/\u62fc\u56fe-600x203.jpg 600w, https:\/\/www.lezum.com\/wp-content\/uploads\/2025\/12\/\u62fc\u56fe-1x1.jpg 1w, https:\/\/www.lezum.com\/wp-content\/uploads\/2025\/12\/\u62fc\u56fe-10x3.jpg 10w\" sizes=\"(max-width: 661px) 100vw, 661px\" \/>Ventajas exclusivas para distribuidores<\/h4>\n<h4 style=\"text-align: left; padding-left: 40px;\">\u221a Precio de venta directo de f\u00e1brica<\/h4>\n<h4 style=\"text-align: left; padding-left: 40px;\">\u00a0 \u00a0 \u00a0 Margen de beneficio m\u00e1ximo<\/h4>\n<h4 style=\"text-align: left; padding-left: 40px;\">\u221a Protecci\u00f3n de zonas<\/h4>\n<h4 style=\"text-align: left; padding-left: 40px;\">\u00a0 \u00a0 \u00a0 Derechos exclusivos de mercado<\/h4>\n<h4 style=\"text-align: left; padding-left: 40px;\">\u221a 3 a\u00f1os de garant\u00eda<\/h4>\n<h4 style=\"padding-left: 40px;\">Asistencia posventa l\u00edder en el sector<\/h4>","protected":false},"excerpt":{"rendered":"<ul dir=\"auto\" data-pm-slice=\"3 3 []\">\n<li>\n<p class=\"body\" dir=\"auto\">Competitive Price: Factory Direct Deseil Mini Excavator for Sale | Recruiting Dealers | One-stop Purchasing | Full Range of Products | CE\/EPA\/Euro 5 Certified | Factory Warranty<br \/>\nODM\/OEM\uff08Optional): Engine Brand: Kubota, 1.Optional: KOOP,Laidong, RATO<\/p>\n<\/li>\n<li>\n<p class=\"body\" dir=\"auto\">Correo electr\u00f3nico: service@lezum.com<\/p>\n<\/li>\n<li>\n<p class=\"body\" dir=\"auto\">WhatsApp\uff1a+8618101064115<\/p>\n<\/li>\n<\/ul>","protected":false},"featured_media":2912,"template":"","meta":[],"etheme_brands":[],"product_brand":[],"product_cat":[43],"product_tag":[],"class_list":{"0":"post-2911","1":"product","2":"type-product","3":"status-publish","4":"has-post-thumbnail","6":"product_cat-mini-excavators","8":"first","9":"instock","10":"shipping-taxable","11":"product-type-simple"},"_links":{"self":[{"href":"https:\/\/www.lezum.com\/es\/wp-json\/wp\/v2\/product\/2911","targetHints":{"allow":["GET"]}}],"collection":[{"href":"https:\/\/www.lezum.com\/es\/wp-json\/wp\/v2\/product"}],"about":[{"href":"https:\/\/www.lezum.com\/es\/wp-json\/wp\/v2\/types\/product"}],"version-history":[{"count":5,"href":"https:\/\/www.lezum.com\/es\/wp-json\/wp\/v2\/product\/2911\/revisions"}],"predecessor-version":[{"id":2920,"href":"https:\/\/www.lezum.com\/es\/wp-json\/wp\/v2\/product\/2911\/revisions\/2920"}],"wp:featuredmedia":[{"embeddable":true,"href":"https:\/\/www.lezum.com\/es\/wp-json\/wp\/v2\/media\/2912"}],"wp:attachment":[{"href":"https:\/\/www.lezum.com\/es\/wp-json\/wp\/v2\/media?parent=2911"}],"wp:term":[{"taxonomy":"brand","embeddable":true,"href":"https:\/\/www.lezum.com\/es\/wp-json\/wp\/v2\/etheme_brands?post=2911"},{"taxonomy":"product_brand","embeddable":true,"href":"https:\/\/www.lezum.com\/es\/wp-json\/wp\/v2\/product_brand?post=2911"},{"taxonomy":"product_cat","embeddable":true,"href":"https:\/\/www.lezum.com\/es\/wp-json\/wp\/v2\/product_cat?post=2911"},{"taxonomy":"product_tag","embeddable":true,"href":"https:\/\/www.lezum.com\/es\/wp-json\/wp\/v2\/product_tag?post=2911"}],"curies":[{"name":"wp","href":"https:\/\/api.w.org\/{rel}","templated":true}]}}