{"id":1126,"date":"2025-12-08T07:31:53","date_gmt":"2025-12-08T07:31:53","guid":{"rendered":"https:\/\/lezum.com\/?post_type=product&#038;p=1126"},"modified":"2026-01-06T05:34:16","modified_gmt":"2026-01-06T05:34:16","slug":"lezum-nk80-yanmar-engine-small-excavator","status":"publish","type":"product","link":"https:\/\/www.lezum.com\/fr\/produit\/lezum-nk80-yanmar-engine-small-excavator\/","title":{"rendered":"LEZUM NK80 Yanmar Engine Small Excavator"},"content":{"rendered":"<h1><span style=\"color: #0b4cbd;\">&gt;&gt;Vue d'ensemble<\/span><\/h1>\n<h2 style=\"text-align: center;\">Maximize Productivity:LEZUM NK80 Yanmar Engine Mini Excavator Engineered for Lowest Total Cost of Ownership (Tco).<\/h2>\n<h2><img fetchpriority=\"high\" decoding=\"async\" class=\"wp-image-1132 size-full aligncenter\" src=\"https:\/\/lezum.com\/wp-content\/uploads\/2025\/12\/photobank-41-1.jpg\" alt=\"\" width=\"1200\" height=\"600\" srcset=\"https:\/\/www.lezum.com\/wp-content\/uploads\/2025\/12\/photobank-41-1.jpg 1200w, https:\/\/www.lezum.com\/wp-content\/uploads\/2025\/12\/photobank-41-1-300x150.jpg 300w, https:\/\/www.lezum.com\/wp-content\/uploads\/2025\/12\/photobank-41-1-1024x512.jpg 1024w, https:\/\/www.lezum.com\/wp-content\/uploads\/2025\/12\/photobank-41-1-768x384.jpg 768w, https:\/\/www.lezum.com\/wp-content\/uploads\/2025\/12\/photobank-41-1-600x300.jpg 600w, https:\/\/www.lezum.com\/wp-content\/uploads\/2025\/12\/photobank-41-1-1x1.jpg 1w, https:\/\/www.lezum.com\/wp-content\/uploads\/2025\/12\/photobank-41-1-10x5.jpg 10w\" sizes=\"(max-width: 1200px) 100vw, 1200px\" \/><\/h2>\n<h1><span style=\"color: #0b4cbd;\">&gt;&gt;Caract\u00e9ristiques et avantages<\/span><\/h1>\n<h2 style=\"text-align: left;\">Performances sup\u00e9rieures : provenant d'une cha\u00eene d'approvisionnement de premier plan \u00e0 l'\u00e9chelle mondiale<img decoding=\"async\" class=\"wp-image-1129 aligncenter\" src=\"https:\/\/lezum.com\/wp-content\/uploads\/2025\/12\/70.jpg\" alt=\"\" width=\"1200\" height=\"813\" srcset=\"https:\/\/www.lezum.com\/wp-content\/uploads\/2025\/12\/70.jpg 2500w, https:\/\/www.lezum.com\/wp-content\/uploads\/2025\/12\/70-300x203.jpg 300w, https:\/\/www.lezum.com\/wp-content\/uploads\/2025\/12\/70-1024x693.jpg 1024w, https:\/\/www.lezum.com\/wp-content\/uploads\/2025\/12\/70-768x520.jpg 768w, https:\/\/www.lezum.com\/wp-content\/uploads\/2025\/12\/70-1536x1040.jpg 1536w, https:\/\/www.lezum.com\/wp-content\/uploads\/2025\/12\/70-2048x1386.jpg 2048w, https:\/\/www.lezum.com\/wp-content\/uploads\/2025\/12\/70-600x406.jpg 600w, https:\/\/www.lezum.com\/wp-content\/uploads\/2025\/12\/70-1x1.jpg 1w, https:\/\/www.lezum.com\/wp-content\/uploads\/2025\/12\/70-10x7.jpg 10w\" sizes=\"(max-width: 1200px) 100vw, 1200px\" \/><\/h2>\n<h1><span style=\"color: #0b4cbd;\">&gt;&gt;Param\u00e8tres<\/span><\/h1>\n<h2 style=\"text-align: center;\">Sp\u00e9cifications techniques d\u00e9taill\u00e9es<\/h2>\n<h4 style=\"text-align: center;\">Un r\u00e9sum\u00e9 des param\u00e8tres cl\u00e9s, pratique pour les concessionnaires qui souhaitent effectuer des comparaisons sur le march\u00e9 et les pr\u00e9senter \u00e0 leurs clients.<\/h4>\n<p style=\"text-align: left;\">Marque\uff1a LEZUM<br \/>\nModel\uff1a NK80<br \/>\nEngine Model\uff1a Yanmar\/Kubota<br \/>\nMaximum power (Kw)\uff1a 36.3KW\/42.5KW<br \/>\nSwing Speed (r\/min)\uff1a 12<br \/>\nBody Swing Radius (mm)\uff1a 1180<br \/>\nWalking Speed(Km\/h)\uff1a 4.2\/2.2<br \/>\nMachine working weight (kg)\uff1a 6600<br \/>\nBucket capacity (m\u00b3)\uff1a 0.23<br \/>\nMaximum digging height\uff08mm)\uff1a 5157<br \/>\nMaximum digging radius (mm) \uff1a 6044<br \/>\nMaximum digging depth (mm) \uff1a 3506<\/p>\n<h1 style=\"text-align: left;\"><span style=\"color: #0b4cbd;\">&gt;&gt;Humaniser<\/span><\/h1>\n<h2 style=\"text-align: center;\">Conception et maintenance centr\u00e9es sur l'homme<\/h2>\n<h4 style=\"text-align: left;\"><img decoding=\"async\" class=\"alignleft wp-image-1127 size-full\" src=\"https:\/\/lezum.com\/wp-content\/uploads\/2025\/12\/\u672a\u547d\u540d-5.jpg\" alt=\"\" width=\"900\" height=\"300\" srcset=\"https:\/\/www.lezum.com\/wp-content\/uploads\/2025\/12\/\u672a\u547d\u540d-5.jpg 900w, https:\/\/www.lezum.com\/wp-content\/uploads\/2025\/12\/\u672a\u547d\u540d-5-300x100.jpg 300w, https:\/\/www.lezum.com\/wp-content\/uploads\/2025\/12\/\u672a\u547d\u540d-5-768x256.jpg 768w, https:\/\/www.lezum.com\/wp-content\/uploads\/2025\/12\/\u672a\u547d\u540d-5-600x200.jpg 600w, https:\/\/www.lezum.com\/wp-content\/uploads\/2025\/12\/\u672a\u547d\u540d-5-1x1.jpg 1w, https:\/\/www.lezum.com\/wp-content\/uploads\/2025\/12\/\u672a\u547d\u540d-5-10x3.jpg 10w\" sizes=\"(max-width: 900px) 100vw, 900px\" \/><\/h4>\n<h4><\/h4>\n<h4 style=\"text-align: left;\"><\/h4>\n<p>&nbsp;<\/p>\n<h4 style=\"text-align: left;\">Si\u00e8ges confortables, ergonomiques<\/h4>\n<h4 style=\"text-align: left;\">joysticks, et un syst\u00e8me centralis\u00e9 de<\/h4>\n<h4 style=\"text-align: left;\">points de maintenanceassurer<\/h4>\n<h4 style=\"text-align: left;\">confort de l'op\u00e9rateur pendant<\/h4>\n<h4 style=\"text-align: left;\">de longues heures de travail et<\/h4>\n<h4 style=\"text-align: left;\">r\u00e9duire consid\u00e9rablement la maintenance<\/h4>\n<h4 style=\"text-align: left;\">co\u00fbts.<\/h4>\n<h4 style=\"text-align: left;\"><\/h4>\n<p>&nbsp;<\/p>\n<p>&nbsp;<\/p>\n<h1><span style=\"color: #0b4cbd;\">&gt;&gt;Sc\u00e9narios d'application multifonctionnelle<\/span><\/h1>\n<h2 style=\"text-align: center;\">Multi-functional:NK80 multifunctional solution<\/h2>\n<h4 style=\"text-align: center;\"><span style=\"color: #333333;\">Syst\u00e8me de fixation flexible<br \/>\n<\/span>Ses applications couvrent divers secteurs et domaines tels que l'agriculture, la construction, l'exploitation mini\u00e8re, l'agriculture, les ports, l'\u00e9limination des d\u00e9chets, les chemins de fer, la construction, la m\u00e9tallurgie et le traitement du bois, offrant des capacit\u00e9s de manutention et de chargement puissantes pour divers projets et op\u00e9rations d'ing\u00e9nierie.<\/h4>\n<h4 style=\"text-align: left;\"><img loading=\"lazy\" decoding=\"async\" class=\"wp-image-961 aligncenter\" src=\"https:\/\/lezum.com\/wp-content\/uploads\/2025\/12\/\u8f85\u5177-1.jpg\" alt=\"\" width=\"1200\" height=\"604\" srcset=\"https:\/\/www.lezum.com\/wp-content\/uploads\/2025\/12\/\u8f85\u5177-1.jpg 2430w, https:\/\/www.lezum.com\/wp-content\/uploads\/2025\/12\/\u8f85\u5177-1-300x151.jpg 300w, https:\/\/www.lezum.com\/wp-content\/uploads\/2025\/12\/\u8f85\u5177-1-1024x516.jpg 1024w, https:\/\/www.lezum.com\/wp-content\/uploads\/2025\/12\/\u8f85\u5177-1-768x387.jpg 768w, https:\/\/www.lezum.com\/wp-content\/uploads\/2025\/12\/\u8f85\u5177-1-1536x774.jpg 1536w, https:\/\/www.lezum.com\/wp-content\/uploads\/2025\/12\/\u8f85\u5177-1-2048x1032.jpg 2048w, https:\/\/www.lezum.com\/wp-content\/uploads\/2025\/12\/\u8f85\u5177-1-600x302.jpg 600w, https:\/\/www.lezum.com\/wp-content\/uploads\/2025\/12\/\u8f85\u5177-1-1x1.jpg 1w, https:\/\/www.lezum.com\/wp-content\/uploads\/2025\/12\/\u8f85\u5177-1-10x5.jpg 10w\" sizes=\"(max-width: 1200px) 100vw, 1200px\" \/><\/h4>\n<h1><span style=\"color: #0b4cbd;\">&gt;&gt;LEZUM vente directe \u00e0 l'usine<\/span><\/h1>\n<h2 style=\"text-align: center;\">Nous invitons cordialement les distributeurs du monde entier \u00e0 coop\u00e9rer.<\/h2>\n<h4 style=\"text-align: center; padding-left: 40px;\">En tant que fabricant chinois de premier plan de mini-machines de construction \u00e9lectriques intelligentes, LEZUM Group dispose d'une base de production moderne de plus de 50 000 m\u00e8tres carr\u00e9s, certifi\u00e9e par les normes internationales, notamment ISO 9001, CE et TUV. Nous nous engageons \u00e0 fournir \u00e0 nos partenaires internationaux les produits les plus fiables et les canaux d'approvisionnement les plus directs.<\/h4>\n<p><img loading=\"lazy\" decoding=\"async\" class=\"alignleft size-full wp-image-953\" src=\"https:\/\/lezum.com\/wp-content\/uploads\/2025\/12\/\u5de5\u5382\u62fc\u56fe-\u8be6\u60c5.jpg\" alt=\"\" width=\"900\" height=\"300\" srcset=\"https:\/\/www.lezum.com\/wp-content\/uploads\/2025\/12\/\u5de5\u5382\u62fc\u56fe-\u8be6\u60c5.jpg 900w, https:\/\/www.lezum.com\/wp-content\/uploads\/2025\/12\/\u5de5\u5382\u62fc\u56fe-\u8be6\u60c5-300x100.jpg 300w, https:\/\/www.lezum.com\/wp-content\/uploads\/2025\/12\/\u5de5\u5382\u62fc\u56fe-\u8be6\u60c5-768x256.jpg 768w, https:\/\/www.lezum.com\/wp-content\/uploads\/2025\/12\/\u5de5\u5382\u62fc\u56fe-\u8be6\u60c5-600x200.jpg 600w, https:\/\/www.lezum.com\/wp-content\/uploads\/2025\/12\/\u5de5\u5382\u62fc\u56fe-\u8be6\u60c5-1x1.jpg 1w, https:\/\/www.lezum.com\/wp-content\/uploads\/2025\/12\/\u5de5\u5382\u62fc\u56fe-\u8be6\u60c5-10x3.jpg 10w\" sizes=\"(max-width: 900px) 100vw, 900px\" \/><\/p>\n<p>&nbsp;<\/p>\n<h4 style=\"text-align: center;\"><span style=\"color: #333333;\">L'avantage d'un distributeur exclusif<\/span><\/h4>\n<h4 style=\"text-align: left;\">\u221a Prix de vente direct<\/h4>\n<p style=\"text-align: left;\"><span style=\"color: #333333;\">\u00a0 \u00a0 \u00a0 Marge b\u00e9n\u00e9ficiaire maximale<\/span><span style=\"color: #333333;\"><br \/>\n<\/span><\/p>\n<h4 style=\"text-align: left;\">\u221a Protection de la zone<\/h4>\n<p style=\"text-align: left;\"><span style=\"color: #333333;\">\u00a0 \u00a0 \u00a0 Droits exclusifs sur le march\u00e9<\/span><\/p>\n<h4 style=\"text-align: left;\">\u221a Garantie de 3 ans<\/h4>\n<p>Un service apr\u00e8s-vente \u00e0 la pointe de l'industrie<\/p>\n<p>&nbsp;<\/p>","protected":false},"excerpt":{"rendered":"<ul dir=\"auto\" data-pm-slice=\"3 3 []\">\n<li>\n<p class=\"body\" dir=\"auto\">Prix comp\u00e9titif : Petites chargeuses sur pneus en vente directe d'usine | Recrutement de concessionnaires | Achats en une seule fois | Gamme compl\u00e8te de produits | Certifi\u00e9e CE\/EPA\/Euro 5 | Garantie d'usine<\/p>\n<p class=\"body\" dir=\"auto\">\n<\/li>\n<li>\n<p class=\"body\" dir=\"auto\">E-Mail\uff1aservice@lezum.com<\/p>\n<\/li>\n<li>\n<p class=\"body\" dir=\"auto\">WhatsApp\uff1a+86 18101064115<\/p>\n<\/li>\n<\/ul>","protected":false},"featured_media":1498,"template":"","meta":[],"etheme_brands":[],"product_brand":[],"product_cat":[43],"product_tag":[],"class_list":{"0":"post-1126","1":"product","2":"type-product","3":"status-publish","4":"has-post-thumbnail","6":"product_cat-mini-excavators","8":"first","9":"instock","10":"shipping-taxable","11":"product-type-simple"},"_links":{"self":[{"href":"https:\/\/www.lezum.com\/fr\/wp-json\/wp\/v2\/product\/1126","targetHints":{"allow":["GET"]}}],"collection":[{"href":"https:\/\/www.lezum.com\/fr\/wp-json\/wp\/v2\/product"}],"about":[{"href":"https:\/\/www.lezum.com\/fr\/wp-json\/wp\/v2\/types\/product"}],"version-history":[{"count":4,"href":"https:\/\/www.lezum.com\/fr\/wp-json\/wp\/v2\/product\/1126\/revisions"}],"predecessor-version":[{"id":2435,"href":"https:\/\/www.lezum.com\/fr\/wp-json\/wp\/v2\/product\/1126\/revisions\/2435"}],"wp:featuredmedia":[{"embeddable":true,"href":"https:\/\/www.lezum.com\/fr\/wp-json\/wp\/v2\/media\/1498"}],"wp:attachment":[{"href":"https:\/\/www.lezum.com\/fr\/wp-json\/wp\/v2\/media?parent=1126"}],"wp:term":[{"taxonomy":"brand","embeddable":true,"href":"https:\/\/www.lezum.com\/fr\/wp-json\/wp\/v2\/etheme_brands?post=1126"},{"taxonomy":"product_brand","embeddable":true,"href":"https:\/\/www.lezum.com\/fr\/wp-json\/wp\/v2\/product_brand?post=1126"},{"taxonomy":"product_cat","embeddable":true,"href":"https:\/\/www.lezum.com\/fr\/wp-json\/wp\/v2\/product_cat?post=1126"},{"taxonomy":"product_tag","embeddable":true,"href":"https:\/\/www.lezum.com\/fr\/wp-json\/wp\/v2\/product_tag?post=1126"}],"curies":[{"name":"wp","href":"https:\/\/api.w.org\/{rel}","templated":true}]}}