{"id":1137,"date":"2025-12-08T08:01:33","date_gmt":"2025-12-08T08:01:33","guid":{"rendered":"https:\/\/lezum.com\/?post_type=product&#038;p=1137"},"modified":"2026-01-06T05:33:31","modified_gmt":"2026-01-06T05:33:31","slug":"lezum-dy10-1-0t-compact-excavator","status":"publish","type":"product","link":"https:\/\/www.lezum.com\/fr\/produit\/lezum-dy10-1-0t-compact-excavator\/","title":{"rendered":"Pelle compacte LEZUM DY10 1.0T"},"content":{"rendered":"<h1><span style=\"color: #0b4cbd;\">&gt;&gt;Vue d'ensemble<\/span><\/h1>\n<h2 style=\"text-align: left;\">La pelle compacte LEZUM DY10 1.0T est dot\u00e9e d'une profondeur de fouille de 1671 mm et d'un train de roulement variable qui am\u00e9liore consid\u00e9rablement la maniabilit\u00e9 tout en maintenant la stabilit\u00e9. Ce mod\u00e8le est le meilleur choix pour les soci\u00e9t\u00e9s de location et les entrepreneurs r\u00e9sidentiels, combinant des performances puissantes avec un contr\u00f4le sup\u00e9rieur pour r\u00e9duire efficacement les co\u00fbts d'exploitation. Nous vous invitons \u00e0 devenir notre distributeur r\u00e9gional et \u00e0 b\u00e9n\u00e9ficier de droits d'approvisionnement exclusifs.<\/h2>\n<h2><img fetchpriority=\"high\" decoding=\"async\" class=\"wp-image-1138 aligncenter\" src=\"https:\/\/lezum.com\/wp-content\/uploads\/2025\/12\/103.jpg\" alt=\"\" width=\"1202\" height=\"601\" srcset=\"https:\/\/www.lezum.com\/wp-content\/uploads\/2025\/12\/103.jpg 1200w, https:\/\/www.lezum.com\/wp-content\/uploads\/2025\/12\/103-300x150.jpg 300w, https:\/\/www.lezum.com\/wp-content\/uploads\/2025\/12\/103-1024x512.jpg 1024w, https:\/\/www.lezum.com\/wp-content\/uploads\/2025\/12\/103-768x384.jpg 768w, https:\/\/www.lezum.com\/wp-content\/uploads\/2025\/12\/103-600x300.jpg 600w, https:\/\/www.lezum.com\/wp-content\/uploads\/2025\/12\/103-1x1.jpg 1w, https:\/\/www.lezum.com\/wp-content\/uploads\/2025\/12\/103-10x5.jpg 10w\" sizes=\"(max-width: 1202px) 100vw, 1202px\" \/><\/h2>\n<h1><span style=\"color: #0b4cbd;\">&gt;&gt;Caract\u00e9ristiques et avantages<\/span><\/h1>\n<h2 style=\"text-align: left;\">Performances sup\u00e9rieures : provenant d'une cha\u00eene d'approvisionnement de premier plan \u00e0 l'\u00e9chelle mondiale<img decoding=\"async\" class=\"wp-image-1204 aligncenter\" src=\"https:\/\/lezum.com\/wp-content\/uploads\/2025\/12\/\u672a\u6807\u9898-1_\u753b\u677f-1-\u526f\u672c-11.jpg\" alt=\"\" width=\"1200\" height=\"812\" srcset=\"https:\/\/www.lezum.com\/wp-content\/uploads\/2025\/12\/\u672a\u6807\u9898-1_\u753b\u677f-1-\u526f\u672c-11.jpg 2500w, https:\/\/www.lezum.com\/wp-content\/uploads\/2025\/12\/\u672a\u6807\u9898-1_\u753b\u677f-1-\u526f\u672c-11-300x203.jpg 300w, https:\/\/www.lezum.com\/wp-content\/uploads\/2025\/12\/\u672a\u6807\u9898-1_\u753b\u677f-1-\u526f\u672c-11-1024x693.jpg 1024w, https:\/\/www.lezum.com\/wp-content\/uploads\/2025\/12\/\u672a\u6807\u9898-1_\u753b\u677f-1-\u526f\u672c-11-768x520.jpg 768w, https:\/\/www.lezum.com\/wp-content\/uploads\/2025\/12\/\u672a\u6807\u9898-1_\u753b\u677f-1-\u526f\u672c-11-1536x1040.jpg 1536w, https:\/\/www.lezum.com\/wp-content\/uploads\/2025\/12\/\u672a\u6807\u9898-1_\u753b\u677f-1-\u526f\u672c-11-2048x1386.jpg 2048w, https:\/\/www.lezum.com\/wp-content\/uploads\/2025\/12\/\u672a\u6807\u9898-1_\u753b\u677f-1-\u526f\u672c-11-600x406.jpg 600w, https:\/\/www.lezum.com\/wp-content\/uploads\/2025\/12\/\u672a\u6807\u9898-1_\u753b\u677f-1-\u526f\u672c-11-1x1.jpg 1w, https:\/\/www.lezum.com\/wp-content\/uploads\/2025\/12\/\u672a\u6807\u9898-1_\u753b\u677f-1-\u526f\u672c-11-10x7.jpg 10w\" sizes=\"(max-width: 1200px) 100vw, 1200px\" \/><\/h2>\n<h1><span style=\"color: #0b4cbd;\">&gt;&gt;Param\u00e8tres<\/span><\/h1>\n<h2 style=\"text-align: center;\">Sp\u00e9cifications techniques d\u00e9taill\u00e9es<\/h2>\n<h4 style=\"text-align: center;\">Un r\u00e9sum\u00e9 des param\u00e8tres cl\u00e9s, pratique pour les concessionnaires qui souhaitent effectuer des comparaisons sur le march\u00e9 et les pr\u00e9senter \u00e0 leurs clients.<\/h4>\n<p>&nbsp;<\/p>\n<p style=\"text-align: left; padding-left: 40px;\"><span style=\"color: #000000;\">Marque\uff1a LEZUM<\/span><img decoding=\"async\" class=\"alignright wp-image-1157\" src=\"https:\/\/lezum.com\/wp-content\/uploads\/2025\/12\/\u5305\u7edc\u56fe\u4ea7\u54c1\u56fe_\u753b\u677f-1-\u526f\u672c-1024x458.jpg\" alt=\"\" width=\"600\" height=\"269\" srcset=\"https:\/\/www.lezum.com\/wp-content\/uploads\/2025\/12\/\u5305\u7edc\u56fe\u4ea7\u54c1\u56fe_\u753b\u677f-1-\u526f\u672c-1024x458.jpg 1024w, https:\/\/www.lezum.com\/wp-content\/uploads\/2025\/12\/\u5305\u7edc\u56fe\u4ea7\u54c1\u56fe_\u753b\u677f-1-\u526f\u672c-300x134.jpg 300w, https:\/\/www.lezum.com\/wp-content\/uploads\/2025\/12\/\u5305\u7edc\u56fe\u4ea7\u54c1\u56fe_\u753b\u677f-1-\u526f\u672c-768x344.jpg 768w, https:\/\/www.lezum.com\/wp-content\/uploads\/2025\/12\/\u5305\u7edc\u56fe\u4ea7\u54c1\u56fe_\u753b\u677f-1-\u526f\u672c-1536x688.jpg 1536w, https:\/\/www.lezum.com\/wp-content\/uploads\/2025\/12\/\u5305\u7edc\u56fe\u4ea7\u54c1\u56fe_\u753b\u677f-1-\u526f\u672c-2048x917.jpg 2048w, https:\/\/www.lezum.com\/wp-content\/uploads\/2025\/12\/\u5305\u7edc\u56fe\u4ea7\u54c1\u56fe_\u753b\u677f-1-\u526f\u672c-600x269.jpg 600w, https:\/\/www.lezum.com\/wp-content\/uploads\/2025\/12\/\u5305\u7edc\u56fe\u4ea7\u54c1\u56fe_\u753b\u677f-1-\u526f\u672c-1x1.jpg 1w, https:\/\/www.lezum.com\/wp-content\/uploads\/2025\/12\/\u5305\u7edc\u56fe\u4ea7\u54c1\u56fe_\u753b\u677f-1-\u526f\u672c-10x4.jpg 10w\" sizes=\"(max-width: 600px) 100vw, 600px\" \/><br \/>\n<span style=\"color: #000000;\">Mod\u00e8le\uff1a DY10<\/span><br \/>\n<span style=\"color: #000000;\">Mod\u00e8le de moteur\uff1a RATO<\/span><br \/>\n<span style=\"color: #000000;\">Puissance maximale (ps)\uff1a 11,7<\/span><br \/>\n<span style=\"color: #000000;\">Puissance maximale (Kw)\uff1a 8,6<\/span><br \/>\n<span style=\"color: #000000;\">Vitesse maximale (tr\/min)\uff1a 3060<\/span><br \/>\n<span style=\"color: #000000;\">D\u00e9placement (L)\uff1a 0,479<\/span><br \/>\n<span style=\"color: #000000;\">Poids de la machine (kg)\uff1a1000<\/span><br \/>\n<span style=\"color: #000000;\">Hauteur de creusement maximale\uff08mm\uff09\uff1a 2240<\/span><br \/>\n<span style=\"color: #000000;\">Rayon de creusement maximal (mm) \uff1a 2500<\/span><br \/>\n<span style=\"color: #000000;\">Profondeur de fouille maximale (mm) \uff1a 1550<\/span><br \/>\n<span style=\"color: #000000;\">Force de creusement maximale du godet (Kg) \uff1a 800<\/span><\/p>\n<h1 style=\"text-align: left;\"><span style=\"color: #0b4cbd;\"><br \/>\n&gt;&gt;Humaniser<\/span><\/h1>\n<h2 style=\"text-align: center;\">Conception et maintenance centr\u00e9es sur l'homme<\/h2>\n<h4 style=\"text-align: left;\"><img loading=\"lazy\" decoding=\"async\" class=\"alignleft wp-image-1140\" src=\"https:\/\/lezum.com\/wp-content\/uploads\/2025\/12\/\u4eba\u6027\u5316.jpg\" alt=\"\" width=\"861\" height=\"287\" srcset=\"https:\/\/www.lezum.com\/wp-content\/uploads\/2025\/12\/\u4eba\u6027\u5316.jpg 900w, https:\/\/www.lezum.com\/wp-content\/uploads\/2025\/12\/\u4eba\u6027\u5316-300x100.jpg 300w, https:\/\/www.lezum.com\/wp-content\/uploads\/2025\/12\/\u4eba\u6027\u5316-768x256.jpg 768w, https:\/\/www.lezum.com\/wp-content\/uploads\/2025\/12\/\u4eba\u6027\u5316-600x200.jpg 600w, https:\/\/www.lezum.com\/wp-content\/uploads\/2025\/12\/\u4eba\u6027\u5316-1x1.jpg 1w, https:\/\/www.lezum.com\/wp-content\/uploads\/2025\/12\/\u4eba\u6027\u5316-10x3.jpg 10w\" sizes=\"(max-width: 861px) 100vw, 861px\" \/><\/h4>\n<h4><\/h4>\n<h4 style=\"text-align: left;\"><\/h4>\n<p>&nbsp;<\/p>\n<h4 style=\"text-align: left;\">Si\u00e8ges confortables, ergonomiques<\/h4>\n<h4 style=\"text-align: left;\">joysticks, et un syst\u00e8me centralis\u00e9 de<\/h4>\n<h4 style=\"text-align: left;\">points de maintenanceassurer<\/h4>\n<h4 style=\"text-align: left;\">confort de l'op\u00e9rateur pendant<\/h4>\n<h4 style=\"text-align: left;\">de longues heures de travail et<\/h4>\n<h4 style=\"text-align: left;\">r\u00e9duire consid\u00e9rablement la maintenance<\/h4>\n<h4 style=\"text-align: left;\">co\u00fbts.<\/h4>\n<p>&nbsp;<\/p>\n<h1><\/h1>\n<h1><span style=\"color: #0b4cbd;\">&gt;&gt;Sc\u00e9narios d'application multifonctionnelle<\/span><\/h1>\n<h2 style=\"text-align: center;\">Multifonctionnel : solution multifonctionnelle DY10<\/h2>\n<h4 style=\"text-align: center;\"><span style=\"color: #333333;\">Syst\u00e8me de fixation flexible<br \/>\n<\/span>Ses applications couvrent divers secteurs et domaines tels que l'agriculture, la construction, l'exploitation mini\u00e8re, l'agriculture, les ports, l'\u00e9limination des d\u00e9chets, les chemins de fer, la construction, la m\u00e9tallurgie et le traitement du bois, offrant des capacit\u00e9s de manutention et de chargement puissantes pour divers projets et op\u00e9rations d'ing\u00e9nierie.<\/h4>\n<h4 style=\"text-align: left;\"><img loading=\"lazy\" decoding=\"async\" class=\"wp-image-961 aligncenter\" src=\"https:\/\/lezum.com\/wp-content\/uploads\/2025\/12\/\u8f85\u5177-1.jpg\" alt=\"\" width=\"1200\" height=\"604\" srcset=\"https:\/\/www.lezum.com\/wp-content\/uploads\/2025\/12\/\u8f85\u5177-1.jpg 2430w, https:\/\/www.lezum.com\/wp-content\/uploads\/2025\/12\/\u8f85\u5177-1-300x151.jpg 300w, https:\/\/www.lezum.com\/wp-content\/uploads\/2025\/12\/\u8f85\u5177-1-1024x516.jpg 1024w, https:\/\/www.lezum.com\/wp-content\/uploads\/2025\/12\/\u8f85\u5177-1-768x387.jpg 768w, https:\/\/www.lezum.com\/wp-content\/uploads\/2025\/12\/\u8f85\u5177-1-1536x774.jpg 1536w, https:\/\/www.lezum.com\/wp-content\/uploads\/2025\/12\/\u8f85\u5177-1-2048x1032.jpg 2048w, https:\/\/www.lezum.com\/wp-content\/uploads\/2025\/12\/\u8f85\u5177-1-600x302.jpg 600w, https:\/\/www.lezum.com\/wp-content\/uploads\/2025\/12\/\u8f85\u5177-1-1x1.jpg 1w, https:\/\/www.lezum.com\/wp-content\/uploads\/2025\/12\/\u8f85\u5177-1-10x5.jpg 10w\" sizes=\"(max-width: 1200px) 100vw, 1200px\" \/><\/h4>\n<h1><span style=\"color: #0b4cbd;\">&gt;&gt;LEZUM vente directe \u00e0 l'usine<\/span><\/h1>\n<h2 style=\"text-align: center;\">Nous invitons cordialement les distributeurs du monde entier \u00e0 coop\u00e9rer.<\/h2>\n<h4 style=\"text-align: center; padding-left: 40px;\">En tant que fabricant chinois de premier plan de mini-machines de construction \u00e9lectriques intelligentes, LEZUM Group dispose d'une base de production moderne de plus de 50 000 m\u00e8tres carr\u00e9s, certifi\u00e9e par les normes internationales, notamment ISO 9001, CE et TUV. Nous nous engageons \u00e0 fournir \u00e0 nos partenaires internationaux les produits les plus fiables et les canaux d'approvisionnement les plus directs.<\/h4>\n<p><img loading=\"lazy\" decoding=\"async\" class=\"alignleft size-full wp-image-953\" src=\"https:\/\/lezum.com\/wp-content\/uploads\/2025\/12\/\u5de5\u5382\u62fc\u56fe-\u8be6\u60c5.jpg\" alt=\"\" width=\"900\" height=\"300\" srcset=\"https:\/\/www.lezum.com\/wp-content\/uploads\/2025\/12\/\u5de5\u5382\u62fc\u56fe-\u8be6\u60c5.jpg 900w, https:\/\/www.lezum.com\/wp-content\/uploads\/2025\/12\/\u5de5\u5382\u62fc\u56fe-\u8be6\u60c5-300x100.jpg 300w, https:\/\/www.lezum.com\/wp-content\/uploads\/2025\/12\/\u5de5\u5382\u62fc\u56fe-\u8be6\u60c5-768x256.jpg 768w, https:\/\/www.lezum.com\/wp-content\/uploads\/2025\/12\/\u5de5\u5382\u62fc\u56fe-\u8be6\u60c5-600x200.jpg 600w, https:\/\/www.lezum.com\/wp-content\/uploads\/2025\/12\/\u5de5\u5382\u62fc\u56fe-\u8be6\u60c5-1x1.jpg 1w, https:\/\/www.lezum.com\/wp-content\/uploads\/2025\/12\/\u5de5\u5382\u62fc\u56fe-\u8be6\u60c5-10x3.jpg 10w\" sizes=\"(max-width: 900px) 100vw, 900px\" \/><\/p>\n<p>&nbsp;<\/p>\n<h4 style=\"text-align: center;\"><span style=\"color: #333333;\">L'avantage d'un distributeur exclusif<\/span><\/h4>\n<h4 style=\"text-align: left;\">\u221a Prix de vente direct<\/h4>\n<p style=\"text-align: left;\"><span style=\"color: #333333;\">\u00a0 \u00a0 \u00a0 Marge b\u00e9n\u00e9ficiaire maximale<\/span><span style=\"color: #333333;\"><br \/>\n<\/span><\/p>\n<h4 style=\"text-align: left;\">\u221a Protection de la zone<\/h4>\n<p style=\"text-align: left;\"><span style=\"color: #333333;\">\u00a0 \u00a0 \u00a0 Droits exclusifs sur le march\u00e9<\/span><\/p>\n<h4 style=\"text-align: left;\">\u221a Garantie de 3 ans<\/h4>\n<p>Un service apr\u00e8s-vente \u00e0 la pointe de l'industrie<\/p>\n<p>&nbsp;<\/p>","protected":false},"excerpt":{"rendered":"<ul dir=\"auto\" data-pm-slice=\"3 3 []\">\n<li>\n<p class=\"body\" dir=\"auto\">Prix comp\u00e9titif : Mini-pelle Deseil en vente directe d'usine | Recrutement de concessionnaires | Achat unique | Gamme compl\u00e8te de produits | Certifi\u00e9 CE\/EPA\/Euro 5 | Garantie d'usine ODM\/OEM\uff08Optionnel):Marque du moteur:KOOP,1.Optionnel:RATO,<\/p>\n<\/li>\n<li>\n<p class=\"body\" dir=\"auto\">En option : Fl\u00e8che pivotante, rail r\u00e9tractable, pouce hydraulique.<\/p>\n<p class=\"body\" dir=\"auto\">\n<\/li>\n<li>\n<p class=\"body\" dir=\"auto\">E-Mail\uff1aservice@lezum.com<\/p>\n<\/li>\n<li>\n<p class=\"body\" dir=\"auto\">WhatsApp\uff1a+86 18101064115<\/p>\n<\/li>\n<\/ul>","protected":false},"featured_media":1483,"template":"","meta":[],"etheme_brands":[],"product_brand":[],"product_cat":[43],"product_tag":[],"class_list":{"0":"post-1137","1":"product","2":"type-product","3":"status-publish","4":"has-post-thumbnail","6":"product_cat-mini-excavators","8":"first","9":"instock","10":"shipping-taxable","11":"product-type-simple"},"_links":{"self":[{"href":"https:\/\/www.lezum.com\/fr\/wp-json\/wp\/v2\/product\/1137","targetHints":{"allow":["GET"]}}],"collection":[{"href":"https:\/\/www.lezum.com\/fr\/wp-json\/wp\/v2\/product"}],"about":[{"href":"https:\/\/www.lezum.com\/fr\/wp-json\/wp\/v2\/types\/product"}],"version-history":[{"count":29,"href":"https:\/\/www.lezum.com\/fr\/wp-json\/wp\/v2\/product\/1137\/revisions"}],"predecessor-version":[{"id":2434,"href":"https:\/\/www.lezum.com\/fr\/wp-json\/wp\/v2\/product\/1137\/revisions\/2434"}],"wp:featuredmedia":[{"embeddable":true,"href":"https:\/\/www.lezum.com\/fr\/wp-json\/wp\/v2\/media\/1483"}],"wp:attachment":[{"href":"https:\/\/www.lezum.com\/fr\/wp-json\/wp\/v2\/media?parent=1137"}],"wp:term":[{"taxonomy":"brand","embeddable":true,"href":"https:\/\/www.lezum.com\/fr\/wp-json\/wp\/v2\/etheme_brands?post=1137"},{"taxonomy":"product_brand","embeddable":true,"href":"https:\/\/www.lezum.com\/fr\/wp-json\/wp\/v2\/product_brand?post=1137"},{"taxonomy":"product_cat","embeddable":true,"href":"https:\/\/www.lezum.com\/fr\/wp-json\/wp\/v2\/product_cat?post=1137"},{"taxonomy":"product_tag","embeddable":true,"href":"https:\/\/www.lezum.com\/fr\/wp-json\/wp\/v2\/product_tag?post=1137"}],"curies":[{"name":"wp","href":"https:\/\/api.w.org\/{rel}","templated":true}]}}