{"id":1185,"date":"2025-12-09T01:51:43","date_gmt":"2025-12-09T01:51:43","guid":{"rendered":"https:\/\/lezum.com\/?post_type=product&#038;p=1185"},"modified":"2026-01-06T05:32:27","modified_gmt":"2026-01-06T05:32:27","slug":"lezum-dy13-hydraulic-joystick-mini-excavator-with-kubota-diesel-engine","status":"publish","type":"product","link":"https:\/\/www.lezum.com\/fr\/produit\/lezum-dy13-hydraulic-joystick-mini-excavator-with-kubota-diesel-engine\/","title":{"rendered":"Mini-pelle LEZUM DY13 avec moteur diesel Kubota et joystick hydraulique"},"content":{"rendered":"<h1><span style=\"color: #0b4cbd;\">&gt;&gt;Vue d'ensemble<\/span><\/h1>\n<h2 style=\"text-align: left;\">Factory direct china LEZUM DY13 mini excavators for sale,wholesale chinese cheap compact crawler 1.2 Ton hydraulic pilot joystick mini excavator seeking agents.<\/h2>\n<h2><img fetchpriority=\"high\" decoding=\"async\" class=\"wp-image-1150 size-full aligncenter\" src=\"https:\/\/lezum.com\/wp-content\/uploads\/2025\/12\/131.jpg\" alt=\"\" width=\"1200\" height=\"600\" srcset=\"https:\/\/www.lezum.com\/wp-content\/uploads\/2025\/12\/131.jpg 1200w, https:\/\/www.lezum.com\/wp-content\/uploads\/2025\/12\/131-300x150.jpg 300w, https:\/\/www.lezum.com\/wp-content\/uploads\/2025\/12\/131-1024x512.jpg 1024w, https:\/\/www.lezum.com\/wp-content\/uploads\/2025\/12\/131-768x384.jpg 768w, https:\/\/www.lezum.com\/wp-content\/uploads\/2025\/12\/131-600x300.jpg 600w, https:\/\/www.lezum.com\/wp-content\/uploads\/2025\/12\/131-1x1.jpg 1w, https:\/\/www.lezum.com\/wp-content\/uploads\/2025\/12\/131-10x5.jpg 10w\" sizes=\"(max-width: 1200px) 100vw, 1200px\" \/><\/h2>\n<h1><span style=\"color: #0b4cbd;\">&gt;&gt;Caract\u00e9ristiques et avantages<\/span><\/h1>\n<h2 style=\"text-align: left;\">Performances sup\u00e9rieures : provenant d'une cha\u00eene d'approvisionnement de premier plan \u00e0 l'\u00e9chelle mondiale<img decoding=\"async\" class=\"aligncenter wp-image-1209\" src=\"https:\/\/lezum.com\/wp-content\/uploads\/2025\/12\/\u672a\u6807\u9898-1_\u753b\u677f-1-\u526f\u672c-12.jpg\" alt=\"\" width=\"1200\" height=\"812\" srcset=\"https:\/\/www.lezum.com\/wp-content\/uploads\/2025\/12\/\u672a\u6807\u9898-1_\u753b\u677f-1-\u526f\u672c-12.jpg 2500w, https:\/\/www.lezum.com\/wp-content\/uploads\/2025\/12\/\u672a\u6807\u9898-1_\u753b\u677f-1-\u526f\u672c-12-300x203.jpg 300w, https:\/\/www.lezum.com\/wp-content\/uploads\/2025\/12\/\u672a\u6807\u9898-1_\u753b\u677f-1-\u526f\u672c-12-1024x693.jpg 1024w, https:\/\/www.lezum.com\/wp-content\/uploads\/2025\/12\/\u672a\u6807\u9898-1_\u753b\u677f-1-\u526f\u672c-12-768x520.jpg 768w, https:\/\/www.lezum.com\/wp-content\/uploads\/2025\/12\/\u672a\u6807\u9898-1_\u753b\u677f-1-\u526f\u672c-12-1536x1040.jpg 1536w, https:\/\/www.lezum.com\/wp-content\/uploads\/2025\/12\/\u672a\u6807\u9898-1_\u753b\u677f-1-\u526f\u672c-12-2048x1386.jpg 2048w, https:\/\/www.lezum.com\/wp-content\/uploads\/2025\/12\/\u672a\u6807\u9898-1_\u753b\u677f-1-\u526f\u672c-12-600x406.jpg 600w, https:\/\/www.lezum.com\/wp-content\/uploads\/2025\/12\/\u672a\u6807\u9898-1_\u753b\u677f-1-\u526f\u672c-12-1x1.jpg 1w, https:\/\/www.lezum.com\/wp-content\/uploads\/2025\/12\/\u672a\u6807\u9898-1_\u753b\u677f-1-\u526f\u672c-12-10x7.jpg 10w\" sizes=\"(max-width: 1200px) 100vw, 1200px\" \/><\/h2>\n<h1><span style=\"color: #0b4cbd;\">&gt;&gt;Param\u00e8tres<\/span><\/h1>\n<h2 style=\"text-align: center;\">Sp\u00e9cifications techniques d\u00e9taill\u00e9es<\/h2>\n<h4 style=\"text-align: center;\">Un r\u00e9sum\u00e9 des param\u00e8tres cl\u00e9s, pratique pour les concessionnaires qui souhaitent effectuer des comparaisons sur le march\u00e9 et les pr\u00e9senter \u00e0 leurs clients.<\/h4>\n<p>&nbsp;<\/p>\n<p style=\"text-align: left; padding-left: 40px;\"><span style=\"color: #000000;\">Marque\uff1a LEZUM<\/span><img decoding=\"async\" class=\"alignright wp-image-1172\" src=\"https:\/\/lezum.com\/wp-content\/uploads\/2025\/12\/\u5305\u7edc\u56fe\u4ea7\u54c1\u56fe_\u753b\u677f-1-\u526f\u672c-3-1024x458.jpg\" alt=\"\" width=\"600\" height=\"269\" srcset=\"https:\/\/www.lezum.com\/wp-content\/uploads\/2025\/12\/\u5305\u7edc\u56fe\u4ea7\u54c1\u56fe_\u753b\u677f-1-\u526f\u672c-3-1024x458.jpg 1024w, https:\/\/www.lezum.com\/wp-content\/uploads\/2025\/12\/\u5305\u7edc\u56fe\u4ea7\u54c1\u56fe_\u753b\u677f-1-\u526f\u672c-3-300x134.jpg 300w, https:\/\/www.lezum.com\/wp-content\/uploads\/2025\/12\/\u5305\u7edc\u56fe\u4ea7\u54c1\u56fe_\u753b\u677f-1-\u526f\u672c-3-768x344.jpg 768w, https:\/\/www.lezum.com\/wp-content\/uploads\/2025\/12\/\u5305\u7edc\u56fe\u4ea7\u54c1\u56fe_\u753b\u677f-1-\u526f\u672c-3-1536x688.jpg 1536w, https:\/\/www.lezum.com\/wp-content\/uploads\/2025\/12\/\u5305\u7edc\u56fe\u4ea7\u54c1\u56fe_\u753b\u677f-1-\u526f\u672c-3-2048x917.jpg 2048w, https:\/\/www.lezum.com\/wp-content\/uploads\/2025\/12\/\u5305\u7edc\u56fe\u4ea7\u54c1\u56fe_\u753b\u677f-1-\u526f\u672c-3-600x269.jpg 600w, https:\/\/www.lezum.com\/wp-content\/uploads\/2025\/12\/\u5305\u7edc\u56fe\u4ea7\u54c1\u56fe_\u753b\u677f-1-\u526f\u672c-3-1x1.jpg 1w, https:\/\/www.lezum.com\/wp-content\/uploads\/2025\/12\/\u5305\u7edc\u56fe\u4ea7\u54c1\u56fe_\u753b\u677f-1-\u526f\u672c-3-10x4.jpg 10w\" sizes=\"(max-width: 600px) 100vw, 600px\" \/><br \/>\n<span style=\"color: #000000;\">Model\uff1a DY13<\/span><br \/>\n<span style=\"color: #000000;\">Engine Model\uff1a Kubota\/Koop<\/span><br \/>\n<span style=\"color: #000000;\">Maximum horsepower (ps)\uff1a 13.8\/11<\/span><br \/>\n<span style=\"color: #000000;\">Maximum power (Kw)\uff1a 10.2\/8.2<\/span><br \/>\n<span style=\"color: #000000;\">Maximum speed (rpm)\uff1a 3600\/3000<\/span><br \/>\n<span style=\"color: #000000;\">D\u00e9placement (L)\uff1a 0,479<\/span><br \/>\n<span style=\"color: #000000;\">Machine working weight (kg)\uff1a1300<\/span><br \/>\n<span style=\"color: #000000;\">Maximum digging height\uff08mm\uff09\uff1a 2604<\/span><br \/>\n<span style=\"color: #000000;\">Maximum digging radius (mm) \uff1a 2988<\/span><br \/>\n<span style=\"color: #000000;\">Maximum digging depth (mm) \uff1a 1671<\/span><br \/>\n<span style=\"color: #000000;\">Force de creusement maximale du godet (Kg) \uff1a 800<\/span><\/p>\n<h1 style=\"text-align: left;\"><span style=\"color: #0b4cbd;\"><br \/>\n&gt;&gt;Humaniser<\/span><\/h1>\n<h2 style=\"text-align: center;\">Conception et maintenance centr\u00e9es sur l'homme<\/h2>\n<h4 style=\"text-align: left;\"><img loading=\"lazy\" decoding=\"async\" class=\"alignleft wp-image-1171\" src=\"https:\/\/lezum.com\/wp-content\/uploads\/2025\/12\/\u672a\u547d\u540d-7.jpg\" alt=\"\" width=\"861\" height=\"287\" srcset=\"https:\/\/www.lezum.com\/wp-content\/uploads\/2025\/12\/\u672a\u547d\u540d-7.jpg 900w, https:\/\/www.lezum.com\/wp-content\/uploads\/2025\/12\/\u672a\u547d\u540d-7-300x100.jpg 300w, https:\/\/www.lezum.com\/wp-content\/uploads\/2025\/12\/\u672a\u547d\u540d-7-768x256.jpg 768w, https:\/\/www.lezum.com\/wp-content\/uploads\/2025\/12\/\u672a\u547d\u540d-7-600x200.jpg 600w, https:\/\/www.lezum.com\/wp-content\/uploads\/2025\/12\/\u672a\u547d\u540d-7-1x1.jpg 1w, https:\/\/www.lezum.com\/wp-content\/uploads\/2025\/12\/\u672a\u547d\u540d-7-10x3.jpg 10w\" sizes=\"(max-width: 861px) 100vw, 861px\" \/><\/h4>\n<h4><\/h4>\n<h4 style=\"text-align: left;\"><\/h4>\n<p>&nbsp;<\/p>\n<h4 style=\"text-align: left;\">Si\u00e8ges confortables, ergonomiques<\/h4>\n<h4 style=\"text-align: left;\">joysticks, et un syst\u00e8me centralis\u00e9 de<\/h4>\n<h4 style=\"text-align: left;\">points de maintenanceassurer<\/h4>\n<h4 style=\"text-align: left;\">confort de l'op\u00e9rateur pendant<\/h4>\n<h4 style=\"text-align: left;\">de longues heures de travail et<\/h4>\n<h4 style=\"text-align: left;\">r\u00e9duire consid\u00e9rablement la maintenance<\/h4>\n<h4 style=\"text-align: left;\">co\u00fbts.<\/h4>\n<p>&nbsp;<\/p>\n<h1><\/h1>\n<h1><span style=\"color: #0b4cbd;\">&gt;&gt;Sc\u00e9narios d'application multifonctionnelle<\/span><\/h1>\n<h2 style=\"text-align: center;\">Multi-functional:DY13 multifunctional solution<\/h2>\n<h4 style=\"text-align: center;\"><span style=\"color: #333333;\">Syst\u00e8me de fixation flexible<br \/>\n<\/span>Ses applications couvrent divers secteurs et domaines tels que l'agriculture, la construction, l'exploitation mini\u00e8re, l'agriculture, les ports, l'\u00e9limination des d\u00e9chets, les chemins de fer, la construction, la m\u00e9tallurgie et le traitement du bois, offrant des capacit\u00e9s de manutention et de chargement puissantes pour divers projets et op\u00e9rations d'ing\u00e9nierie.<\/h4>\n<h4 style=\"text-align: left;\"><img loading=\"lazy\" decoding=\"async\" class=\"wp-image-961 aligncenter\" src=\"https:\/\/lezum.com\/wp-content\/uploads\/2025\/12\/\u8f85\u5177-1.jpg\" alt=\"\" width=\"1200\" height=\"604\" srcset=\"https:\/\/www.lezum.com\/wp-content\/uploads\/2025\/12\/\u8f85\u5177-1.jpg 2430w, https:\/\/www.lezum.com\/wp-content\/uploads\/2025\/12\/\u8f85\u5177-1-300x151.jpg 300w, https:\/\/www.lezum.com\/wp-content\/uploads\/2025\/12\/\u8f85\u5177-1-1024x516.jpg 1024w, https:\/\/www.lezum.com\/wp-content\/uploads\/2025\/12\/\u8f85\u5177-1-768x387.jpg 768w, https:\/\/www.lezum.com\/wp-content\/uploads\/2025\/12\/\u8f85\u5177-1-1536x774.jpg 1536w, https:\/\/www.lezum.com\/wp-content\/uploads\/2025\/12\/\u8f85\u5177-1-2048x1032.jpg 2048w, https:\/\/www.lezum.com\/wp-content\/uploads\/2025\/12\/\u8f85\u5177-1-600x302.jpg 600w, https:\/\/www.lezum.com\/wp-content\/uploads\/2025\/12\/\u8f85\u5177-1-1x1.jpg 1w, https:\/\/www.lezum.com\/wp-content\/uploads\/2025\/12\/\u8f85\u5177-1-10x5.jpg 10w\" sizes=\"(max-width: 1200px) 100vw, 1200px\" \/><\/h4>\n<h1><span style=\"color: #0b4cbd;\">&gt;&gt;LEZUM vente directe \u00e0 l'usine<\/span><\/h1>\n<h2 style=\"text-align: center;\">Nous invitons cordialement les distributeurs du monde entier \u00e0 coop\u00e9rer.<\/h2>\n<h4 style=\"text-align: center; padding-left: 40px;\">En tant que fabricant chinois de premier plan de mini-machines de construction \u00e9lectriques intelligentes, LEZUM Group dispose d'une base de production moderne de plus de 50 000 m\u00e8tres carr\u00e9s, certifi\u00e9e par les normes internationales, notamment ISO 9001, CE et TUV. Nous nous engageons \u00e0 fournir \u00e0 nos partenaires internationaux les produits les plus fiables et les canaux d'approvisionnement les plus directs.<\/h4>\n<p><img loading=\"lazy\" decoding=\"async\" class=\"alignleft size-full wp-image-953\" src=\"https:\/\/lezum.com\/wp-content\/uploads\/2025\/12\/\u5de5\u5382\u62fc\u56fe-\u8be6\u60c5.jpg\" alt=\"\" width=\"900\" height=\"300\" srcset=\"https:\/\/www.lezum.com\/wp-content\/uploads\/2025\/12\/\u5de5\u5382\u62fc\u56fe-\u8be6\u60c5.jpg 900w, https:\/\/www.lezum.com\/wp-content\/uploads\/2025\/12\/\u5de5\u5382\u62fc\u56fe-\u8be6\u60c5-300x100.jpg 300w, https:\/\/www.lezum.com\/wp-content\/uploads\/2025\/12\/\u5de5\u5382\u62fc\u56fe-\u8be6\u60c5-768x256.jpg 768w, https:\/\/www.lezum.com\/wp-content\/uploads\/2025\/12\/\u5de5\u5382\u62fc\u56fe-\u8be6\u60c5-600x200.jpg 600w, https:\/\/www.lezum.com\/wp-content\/uploads\/2025\/12\/\u5de5\u5382\u62fc\u56fe-\u8be6\u60c5-1x1.jpg 1w, https:\/\/www.lezum.com\/wp-content\/uploads\/2025\/12\/\u5de5\u5382\u62fc\u56fe-\u8be6\u60c5-10x3.jpg 10w\" sizes=\"(max-width: 900px) 100vw, 900px\" \/><\/p>\n<p>&nbsp;<\/p>\n<h4 style=\"text-align: center;\"><span style=\"color: #333333;\">L'avantage d'un distributeur exclusif<\/span><\/h4>\n<h4 style=\"text-align: left;\">\u221a Prix de vente direct<\/h4>\n<p style=\"text-align: left;\"><span style=\"color: #333333;\">\u00a0 \u00a0 \u00a0 Marge b\u00e9n\u00e9ficiaire maximale<\/span><span style=\"color: #333333;\"><br \/>\n<\/span><\/p>\n<h4 style=\"text-align: left;\">\u221a Protection de la zone<\/h4>\n<p style=\"text-align: left;\"><span style=\"color: #333333;\">\u00a0 \u00a0 \u00a0 Droits exclusifs sur le march\u00e9<\/span><\/p>\n<h4 style=\"text-align: left;\">\u221a Garantie de 3 ans<\/h4>\n<p>Un service apr\u00e8s-vente \u00e0 la pointe de l'industrie<\/p>\n<p>&nbsp;<\/p>","protected":false},"excerpt":{"rendered":"<ul dir=\"auto\" data-pm-slice=\"3 3 []\">\n<li>\n<p class=\"body\" dir=\"auto\">Competitive Price: Factory Direct Deseil Mini Excavator for Sale | Recruiting Dealers | One-stop Purchasing | Full Range of Products | CE\/EPA\/Euro 5 Certified | Factory Warranty<br \/>\nODM\/OEM\uff08Optional): Engine Brand: Kubota, 1.Optional:KOOP, RATO;<\/p>\n<\/li>\n<li>\n<p class=\"body\" dir=\"auto\">Optional: Swing Boom, Retractable Track, Hydraulic Thumb, Cabin.<\/p>\n<\/li>\n<li>\n<p class=\"body\" dir=\"auto\">E-Mail\uff1aservice@lezum.com<\/p>\n<\/li>\n<li>\n<p class=\"body\" dir=\"auto\">WhatsApp\uff1a+86 18101064115<\/p>\n<\/li>\n<\/ul>","protected":false},"featured_media":1540,"template":"","meta":[],"etheme_brands":[],"product_brand":[],"product_cat":[43],"product_tag":[],"class_list":{"0":"post-1185","1":"product","2":"type-product","3":"status-publish","4":"has-post-thumbnail","6":"product_cat-mini-excavators","8":"first","9":"instock","10":"shipping-taxable","11":"product-type-simple"},"_links":{"self":[{"href":"https:\/\/www.lezum.com\/fr\/wp-json\/wp\/v2\/product\/1185","targetHints":{"allow":["GET"]}}],"collection":[{"href":"https:\/\/www.lezum.com\/fr\/wp-json\/wp\/v2\/product"}],"about":[{"href":"https:\/\/www.lezum.com\/fr\/wp-json\/wp\/v2\/types\/product"}],"version-history":[{"count":9,"href":"https:\/\/www.lezum.com\/fr\/wp-json\/wp\/v2\/product\/1185\/revisions"}],"predecessor-version":[{"id":2433,"href":"https:\/\/www.lezum.com\/fr\/wp-json\/wp\/v2\/product\/1185\/revisions\/2433"}],"wp:featuredmedia":[{"embeddable":true,"href":"https:\/\/www.lezum.com\/fr\/wp-json\/wp\/v2\/media\/1540"}],"wp:attachment":[{"href":"https:\/\/www.lezum.com\/fr\/wp-json\/wp\/v2\/media?parent=1185"}],"wp:term":[{"taxonomy":"brand","embeddable":true,"href":"https:\/\/www.lezum.com\/fr\/wp-json\/wp\/v2\/etheme_brands?post=1185"},{"taxonomy":"product_brand","embeddable":true,"href":"https:\/\/www.lezum.com\/fr\/wp-json\/wp\/v2\/product_brand?post=1185"},{"taxonomy":"product_cat","embeddable":true,"href":"https:\/\/www.lezum.com\/fr\/wp-json\/wp\/v2\/product_cat?post=1185"},{"taxonomy":"product_tag","embeddable":true,"href":"https:\/\/www.lezum.com\/fr\/wp-json\/wp\/v2\/product_tag?post=1185"}],"curies":[{"name":"wp","href":"https:\/\/api.w.org\/{rel}","templated":true}]}}