{"id":1252,"date":"2025-12-09T08:25:58","date_gmt":"2025-12-09T08:25:58","guid":{"rendered":"https:\/\/lezum.com\/?post_type=product&#038;p=1252"},"modified":"2026-01-06T05:27:50","modified_gmt":"2026-01-06T05:27:50","slug":"lezum-lb3cx-mini-backhoe-loader","status":"publish","type":"product","link":"https:\/\/www.lezum.com\/fr\/produit\/lezum-lb3cx-mini-backhoe-loader\/","title":{"rendered":"LEZUM LB3CX Mini Backhoe Loader"},"content":{"rendered":"<h1><span style=\"color: #0b4cbd;\">&gt;&gt;Vue d'ensemble<\/span><\/h1>\n<h2 style=\"text-align: left;\"><strong>LEZUM LB3CX Mini Backhoe Loader,Wholesale Price!<\/strong><br \/>\nThe 2-in-1 Solution: <strong>LEZUM Backhoe Loader<\/strong> for Unmatched Versatility and Cost Efficiency.<\/h2>\n<h2><img fetchpriority=\"high\" decoding=\"async\" class=\"wp-image-1248 size-full aligncenter\" src=\"https:\/\/lezum.com\/wp-content\/uploads\/2025\/12\/photobank-37-2.jpg\" alt=\"\" width=\"1200\" height=\"600\" srcset=\"https:\/\/www.lezum.com\/wp-content\/uploads\/2025\/12\/photobank-37-2.jpg 1200w, https:\/\/www.lezum.com\/wp-content\/uploads\/2025\/12\/photobank-37-2-300x150.jpg 300w, https:\/\/www.lezum.com\/wp-content\/uploads\/2025\/12\/photobank-37-2-1024x512.jpg 1024w, https:\/\/www.lezum.com\/wp-content\/uploads\/2025\/12\/photobank-37-2-768x384.jpg 768w, https:\/\/www.lezum.com\/wp-content\/uploads\/2025\/12\/photobank-37-2-600x300.jpg 600w, https:\/\/www.lezum.com\/wp-content\/uploads\/2025\/12\/photobank-37-2-1x1.jpg 1w, https:\/\/www.lezum.com\/wp-content\/uploads\/2025\/12\/photobank-37-2-10x5.jpg 10w\" sizes=\"(max-width: 1200px) 100vw, 1200px\" \/><\/h2>\n<h1><span style=\"color: #0b4cbd;\">&gt;&gt;Caract\u00e9ristiques et avantages<\/span><\/h1>\n<h2 style=\"text-align: left;\">Performances sup\u00e9rieures : provenant d'une cha\u00eene d'approvisionnement de premier plan \u00e0 l'\u00e9chelle mondiale<img decoding=\"async\" class=\"wp-image-1223 aligncenter\" src=\"https:\/\/lezum.com\/wp-content\/uploads\/2025\/12\/\u4e24\u5934\u5fd9\u901a\u7528.png\" alt=\"\" width=\"1201\" height=\"714\" srcset=\"https:\/\/www.lezum.com\/wp-content\/uploads\/2025\/12\/\u4e24\u5934\u5fd9\u901a\u7528.png 1369w, https:\/\/www.lezum.com\/wp-content\/uploads\/2025\/12\/\u4e24\u5934\u5fd9\u901a\u7528-300x178.png 300w, https:\/\/www.lezum.com\/wp-content\/uploads\/2025\/12\/\u4e24\u5934\u5fd9\u901a\u7528-1024x609.png 1024w, https:\/\/www.lezum.com\/wp-content\/uploads\/2025\/12\/\u4e24\u5934\u5fd9\u901a\u7528-768x457.png 768w, https:\/\/www.lezum.com\/wp-content\/uploads\/2025\/12\/\u4e24\u5934\u5fd9\u901a\u7528-600x357.png 600w, https:\/\/www.lezum.com\/wp-content\/uploads\/2025\/12\/\u4e24\u5934\u5fd9\u901a\u7528-1x1.png 1w, https:\/\/www.lezum.com\/wp-content\/uploads\/2025\/12\/\u4e24\u5934\u5fd9\u901a\u7528-10x6.png 10w\" sizes=\"(max-width: 1201px) 100vw, 1201px\" \/><\/h2>\n<h1><span style=\"color: #0b4cbd;\">&gt;&gt;Param\u00e8tres<\/span><\/h1>\n<h2 style=\"text-align: center;\">Sp\u00e9cifications techniques d\u00e9taill\u00e9es<\/h2>\n<h4 style=\"text-align: center;\">Un r\u00e9sum\u00e9 des param\u00e8tres cl\u00e9s, pratique pour les concessionnaires qui souhaitent effectuer des comparaisons sur le march\u00e9 et les pr\u00e9senter \u00e0 leurs clients.<\/h4>\n<p>&nbsp;<\/p>\n<p style=\"text-align: left; padding-left: 40px;\"><span style=\"color: #000000;\">Marque\uff1a LEZUM<\/span><br \/>\n<span style=\"color: #000000;\">Model\uff1a LB3CX<\/span><br \/>\n<span style=\"color: #000000;\">Engine Model\uff1a Cummins\/YUCHAI\/Fiat<\/span><br \/>\n<span style=\"color: #000000;\">Maximum power (Kw)\uff1a 92KW\/85KW\/75KW<\/span><br \/>\n<span style=\"color: #000000;\">L*W*H\uff08mm) 7600\u00d72260\u00d72890<\/span><br \/>\n<span style=\"color: #000000;\">Steering Angle \u00b136\u00b0<\/span><br \/>\n<span style=\"color: #000000;\">Max. Speed\uff08km\/h) 36<\/span><br \/>\n<span style=\"color: #000000;\">Operation Weight (kg)\uff1a 7800<\/span><br \/>\n<span style=\"color: #000000;\">Bucket Capacity(m\u00b3)\uff1a 1.3<\/span><br \/>\n<span style=\"color: #000000;\">Loading Lifting Capacity (kg)\uff1a 2500<\/span><br \/>\n<span style=\"color: #000000;\">Max. Digging Depth\uff08mm) 4000<\/span><br \/>\n<span style=\"color: #000000;\">Unloading Height of bucket\uff08mm) 2800<\/span><\/p>\n<h1 style=\"text-align: left;\"><span style=\"color: #0b4cbd;\"><br \/>\n&gt;&gt;Humaniser<\/span><\/h1>\n<h2 style=\"text-align: center;\">Conception et maintenance centr\u00e9es sur l'homme<\/h2>\n<h4 style=\"text-align: left;\"><img decoding=\"async\" class=\"alignleft wp-image-1239\" src=\"https:\/\/lezum.com\/wp-content\/uploads\/2025\/12\/2.png\" alt=\"\" width=\"861\" height=\"298\" srcset=\"https:\/\/www.lezum.com\/wp-content\/uploads\/2025\/12\/2.png 901w, https:\/\/www.lezum.com\/wp-content\/uploads\/2025\/12\/2-300x104.png 300w, https:\/\/www.lezum.com\/wp-content\/uploads\/2025\/12\/2-768x266.png 768w, https:\/\/www.lezum.com\/wp-content\/uploads\/2025\/12\/2-600x208.png 600w, https:\/\/www.lezum.com\/wp-content\/uploads\/2025\/12\/2-1x1.png 1w, https:\/\/www.lezum.com\/wp-content\/uploads\/2025\/12\/2-10x3.png 10w\" sizes=\"(max-width: 861px) 100vw, 861px\" \/><\/h4>\n<h4><\/h4>\n<h4 style=\"text-align: left;\"><\/h4>\n<p>&nbsp;<\/p>\n<h4 style=\"text-align: left;\">Si\u00e8ges confortables, ergonomiques<\/h4>\n<h4 style=\"text-align: left;\">joysticks, et un syst\u00e8me centralis\u00e9 de<\/h4>\n<h4 style=\"text-align: left;\">points de maintenanceassurer<\/h4>\n<h4 style=\"text-align: left;\">confort de l'op\u00e9rateur pendant<\/h4>\n<h4 style=\"text-align: left;\">de longues heures de travail et<\/h4>\n<h4 style=\"text-align: left;\">r\u00e9duire consid\u00e9rablement la maintenance<\/h4>\n<h4 style=\"text-align: left;\">co\u00fbts.<\/h4>\n<p>&nbsp;<\/p>\n<h1><\/h1>\n<h1><span style=\"color: #0b4cbd;\">&gt;&gt;Sc\u00e9narios d'application multifonctionnelle<\/span><\/h1>\n<h2 style=\"text-align: center;\">Multi-functional: LB3CX multifunctional solution<\/h2>\n<h4 style=\"text-align: center;\"><span style=\"color: #333333;\">Syst\u00e8me de fixation flexible<br \/>\n<\/span>Ses applications couvrent divers secteurs et domaines tels que l'agriculture, la construction, l'exploitation mini\u00e8re, l'agriculture, les ports, l'\u00e9limination des d\u00e9chets, les chemins de fer, la construction, la m\u00e9tallurgie et le traitement du bois, offrant des capacit\u00e9s de manutention et de chargement puissantes pour divers projets et op\u00e9rations d'ing\u00e9nierie.<\/h4>\n<h4 style=\"text-align: left;\"><img loading=\"lazy\" decoding=\"async\" class=\"wp-image-1227 aligncenter\" src=\"https:\/\/lezum.com\/wp-content\/uploads\/2025\/12\/\u88c5\u8f7d\u673a\u901a\u7528.png\" alt=\"\" width=\"1199\" height=\"603\" srcset=\"https:\/\/www.lezum.com\/wp-content\/uploads\/2025\/12\/\u88c5\u8f7d\u673a\u901a\u7528.png 1318w, https:\/\/www.lezum.com\/wp-content\/uploads\/2025\/12\/\u88c5\u8f7d\u673a\u901a\u7528-300x151.png 300w, https:\/\/www.lezum.com\/wp-content\/uploads\/2025\/12\/\u88c5\u8f7d\u673a\u901a\u7528-1024x515.png 1024w, https:\/\/www.lezum.com\/wp-content\/uploads\/2025\/12\/\u88c5\u8f7d\u673a\u901a\u7528-768x386.png 768w, https:\/\/www.lezum.com\/wp-content\/uploads\/2025\/12\/\u88c5\u8f7d\u673a\u901a\u7528-600x302.png 600w, https:\/\/www.lezum.com\/wp-content\/uploads\/2025\/12\/\u88c5\u8f7d\u673a\u901a\u7528-1x1.png 1w, https:\/\/www.lezum.com\/wp-content\/uploads\/2025\/12\/\u88c5\u8f7d\u673a\u901a\u7528-10x5.png 10w\" sizes=\"(max-width: 1199px) 100vw, 1199px\" \/><\/h4>\n<h1><span style=\"color: #0b4cbd;\">&gt;&gt;LEZUM vente directe \u00e0 l'usine<\/span><\/h1>\n<h2 style=\"text-align: center;\">Nous invitons cordialement les distributeurs du monde entier \u00e0 coop\u00e9rer.<\/h2>\n<h4 style=\"text-align: center; padding-left: 40px;\">En tant que fabricant chinois de premier plan de mini-machines de construction \u00e9lectriques intelligentes, LEZUM Group dispose d'une base de production moderne de plus de 50 000 m\u00e8tres carr\u00e9s, certifi\u00e9e par les normes internationales, notamment ISO 9001, CE et TUV. Nous nous engageons \u00e0 fournir \u00e0 nos partenaires internationaux les produits les plus fiables et les canaux d'approvisionnement les plus directs.<\/h4>\n<p><img loading=\"lazy\" decoding=\"async\" class=\"alignleft wp-image-1261\" src=\"https:\/\/lezum.com\/wp-content\/uploads\/2025\/12\/\u516c\u53f8\u5927BANNER-1024x341.gif\" alt=\"\" width=\"900\" height=\"300\" srcset=\"https:\/\/www.lezum.com\/wp-content\/uploads\/2025\/12\/\u516c\u53f8\u5927BANNER-1024x341.gif 1024w, https:\/\/www.lezum.com\/wp-content\/uploads\/2025\/12\/\u516c\u53f8\u5927BANNER-300x100.gif 300w, https:\/\/www.lezum.com\/wp-content\/uploads\/2025\/12\/\u516c\u53f8\u5927BANNER-768x256.gif 768w, https:\/\/www.lezum.com\/wp-content\/uploads\/2025\/12\/\u516c\u53f8\u5927BANNER-600x200.gif 600w, https:\/\/www.lezum.com\/wp-content\/uploads\/2025\/12\/\u516c\u53f8\u5927BANNER-1x1.gif 1w, https:\/\/www.lezum.com\/wp-content\/uploads\/2025\/12\/\u516c\u53f8\u5927BANNER-10x3.gif 10w\" sizes=\"(max-width: 900px) 100vw, 900px\" \/><\/p>\n<p>&nbsp;<\/p>\n<h4 style=\"text-align: center; padding-left: 40px;\"><span style=\"color: #333333;\">L'avantage d'un distributeur exclusif<\/span><\/h4>\n<h4 style=\"text-align: left; padding-left: 40px;\">\u221a Prix de vente direct<\/h4>\n<p style=\"text-align: left; padding-left: 40px;\"><span style=\"color: #333333;\">\u00a0 \u00a0 \u00a0 Marge b\u00e9n\u00e9ficiaire maximale<\/span><span style=\"color: #333333;\"><br \/>\n<\/span><\/p>\n<h4 style=\"text-align: left; padding-left: 40px;\">\u221a Protection de la zone<\/h4>\n<p style=\"text-align: left; padding-left: 40px;\"><span style=\"color: #333333;\">\u00a0 \u00a0 \u00a0 Droits exclusifs sur le march\u00e9<\/span><\/p>\n<h4 style=\"text-align: left; padding-left: 40px;\">\u221a Garantie de 3 ans<\/h4>\n<p style=\"padding-left: 40px;\">Un service apr\u00e8s-vente \u00e0 la pointe de l'industrie<\/p>\n<p>&nbsp;<\/p>","protected":false},"excerpt":{"rendered":"<ul dir=\"auto\" data-pm-slice=\"3 3 []\">\n<li>Prix comp\u00e9titif : Petites chargeuses sur pneus en vente directe d'usine | Recrutement de concessionnaires | Achats en une seule fois | Gamme compl\u00e8te de produits | Certifi\u00e9e CE\/EPA\/Euro 5 | Garantie d'usine<\/li>\n<li>ODM\/OEM\uff08Optional): Engine Brand:Cummins,1. Optional: YUCHAI\/Fiat. 2. Optional: Color<\/li>\n<li>\n<p class=\"body\" dir=\"auto\">E-Mail\uff1aservice@lezum.com<\/p>\n<\/li>\n<li>\n<p class=\"body\" dir=\"auto\">WhatsApp\uff1a+86 18101064115<\/p>\n<\/li>\n<\/ul>","protected":false},"featured_media":1249,"template":"","meta":[],"etheme_brands":[],"product_brand":[],"product_cat":[34],"product_tag":[],"class_list":{"0":"post-1252","1":"product","2":"type-product","3":"status-publish","4":"has-post-thumbnail","6":"product_cat-backhoe-loaders","8":"first","9":"instock","10":"shipping-taxable","11":"product-type-simple"},"_links":{"self":[{"href":"https:\/\/www.lezum.com\/fr\/wp-json\/wp\/v2\/product\/1252","targetHints":{"allow":["GET"]}}],"collection":[{"href":"https:\/\/www.lezum.com\/fr\/wp-json\/wp\/v2\/product"}],"about":[{"href":"https:\/\/www.lezum.com\/fr\/wp-json\/wp\/v2\/types\/product"}],"version-history":[{"count":7,"href":"https:\/\/www.lezum.com\/fr\/wp-json\/wp\/v2\/product\/1252\/revisions"}],"predecessor-version":[{"id":2428,"href":"https:\/\/www.lezum.com\/fr\/wp-json\/wp\/v2\/product\/1252\/revisions\/2428"}],"wp:featuredmedia":[{"embeddable":true,"href":"https:\/\/www.lezum.com\/fr\/wp-json\/wp\/v2\/media\/1249"}],"wp:attachment":[{"href":"https:\/\/www.lezum.com\/fr\/wp-json\/wp\/v2\/media?parent=1252"}],"wp:term":[{"taxonomy":"brand","embeddable":true,"href":"https:\/\/www.lezum.com\/fr\/wp-json\/wp\/v2\/etheme_brands?post=1252"},{"taxonomy":"product_brand","embeddable":true,"href":"https:\/\/www.lezum.com\/fr\/wp-json\/wp\/v2\/product_brand?post=1252"},{"taxonomy":"product_cat","embeddable":true,"href":"https:\/\/www.lezum.com\/fr\/wp-json\/wp\/v2\/product_cat?post=1252"},{"taxonomy":"product_tag","embeddable":true,"href":"https:\/\/www.lezum.com\/fr\/wp-json\/wp\/v2\/product_tag?post=1252"}],"curies":[{"name":"wp","href":"https:\/\/api.w.org\/{rel}","templated":true}]}}