{"id":1566,"date":"2025-12-17T07:53:10","date_gmt":"2025-12-17T07:53:10","guid":{"rendered":"https:\/\/lezum.com\/?post_type=product&#038;p=1566"},"modified":"2026-01-06T05:17:31","modified_gmt":"2026-01-06T05:17:31","slug":"lezum-d1200-machinery-all-terrain-electric-transport-vehicle","status":"publish","type":"product","link":"https:\/\/www.lezum.com\/fr\/produit\/lezum-d1200-machinery-all-terrain-electric-transport-vehicle\/","title":{"rendered":"LEZUM D1200 Machinery All Terrain Electric Transport Vehicle"},"content":{"rendered":"<h1><span style=\"color: #0b4cbd;\">&gt;&gt;Vue d'ensemble<\/span><\/h1>\n<h2 style=\"text-align: left;\">We are a Chinese All-Terrain Vehicles Manufacturer, offering a complete product line. We are a factory direct seller and looking for partners.<\/h2>\n<h2><img fetchpriority=\"high\" decoding=\"async\" class=\"wp-image-1575 aligncenter\" src=\"https:\/\/lezum.com\/wp-content\/uploads\/2025\/12\/1200.7.jpg\" alt=\"\" width=\"1200\" height=\"492\" srcset=\"https:\/\/www.lezum.com\/wp-content\/uploads\/2025\/12\/1200.7.jpg 1300w, https:\/\/www.lezum.com\/wp-content\/uploads\/2025\/12\/1200.7-300x123.jpg 300w, https:\/\/www.lezum.com\/wp-content\/uploads\/2025\/12\/1200.7-1024x420.jpg 1024w, https:\/\/www.lezum.com\/wp-content\/uploads\/2025\/12\/1200.7-768x315.jpg 768w, https:\/\/www.lezum.com\/wp-content\/uploads\/2025\/12\/1200.7-600x246.jpg 600w, https:\/\/www.lezum.com\/wp-content\/uploads\/2025\/12\/1200.7-1x1.jpg 1w, https:\/\/www.lezum.com\/wp-content\/uploads\/2025\/12\/1200.7-10x4.jpg 10w\" sizes=\"(max-width: 1200px) 100vw, 1200px\" \/><\/h2>\n<h1><span style=\"color: #0b4cbd;\">&gt;&gt;Caract\u00e9ristiques et avantages<\/span><\/h1>\n<h2 style=\"text-align: left;\">Performances sup\u00e9rieures : provenant d'une cha\u00eene d'approvisionnement de premier plan \u00e0 l'\u00e9chelle mondiale<\/h2>\n<p><img decoding=\"async\" class=\"wp-image-1580 aligncenter\" src=\"https:\/\/lezum.com\/wp-content\/uploads\/2025\/12\/D1200\u4fee\u6539_\u753b\u677f-51.jpg\" alt=\"\" width=\"1200\" height=\"763\" srcset=\"https:\/\/www.lezum.com\/wp-content\/uploads\/2025\/12\/D1200\u4fee\u6539_\u753b\u677f-51.jpg 2292w, https:\/\/www.lezum.com\/wp-content\/uploads\/2025\/12\/D1200\u4fee\u6539_\u753b\u677f-51-300x191.jpg 300w, https:\/\/www.lezum.com\/wp-content\/uploads\/2025\/12\/D1200\u4fee\u6539_\u753b\u677f-51-1024x651.jpg 1024w, https:\/\/www.lezum.com\/wp-content\/uploads\/2025\/12\/D1200\u4fee\u6539_\u753b\u677f-51-768x489.jpg 768w, https:\/\/www.lezum.com\/wp-content\/uploads\/2025\/12\/D1200\u4fee\u6539_\u753b\u677f-51-1536x977.jpg 1536w, https:\/\/www.lezum.com\/wp-content\/uploads\/2025\/12\/D1200\u4fee\u6539_\u753b\u677f-51-2048x1303.jpg 2048w, https:\/\/www.lezum.com\/wp-content\/uploads\/2025\/12\/D1200\u4fee\u6539_\u753b\u677f-51-600x382.jpg 600w, https:\/\/www.lezum.com\/wp-content\/uploads\/2025\/12\/D1200\u4fee\u6539_\u753b\u677f-51-1x1.jpg 1w, https:\/\/www.lezum.com\/wp-content\/uploads\/2025\/12\/D1200\u4fee\u6539_\u753b\u677f-51-10x6.jpg 10w\" sizes=\"(max-width: 1200px) 100vw, 1200px\" \/><\/p>\n<h1><span style=\"color: #0b4cbd;\">&gt;&gt;Param\u00e8tres<\/span><\/h1>\n<h2 style=\"text-align: center;\">Sp\u00e9cifications techniques d\u00e9taill\u00e9es<\/h2>\n<h4 style=\"text-align: center;\">Un r\u00e9sum\u00e9 des param\u00e8tres cl\u00e9s, pratique pour les concessionnaires qui souhaitent effectuer des comparaisons sur le march\u00e9 et les pr\u00e9senter \u00e0 leurs clients.<\/h4>\n<p>&nbsp;<\/p>\n<p style=\"padding-left: 40px; text-align: left;\"><span style=\"color: #000000;\"> Marque\uff1a LEZUM<br \/>\nModel\uff1a D-1200<br \/>\nVehicle size L: 1980 W: 1380 H: 830mm<br \/>\nBody size L: 1830 W: 1130 H: 300mm<br \/>\nMax capacity 1000kg<br \/>\ncontroller 24 tubes<br \/>\nCargo box off the ground 550mm<br \/>\nOff road characteristics All terrain, climbing slope -45\u00b0<br \/>\nTire size 400-10 (8 pieces)<br \/>\nBraking method Electromagnetic brake (anti slip slope)<\/span><\/p>\n<h1><span style=\"color: #0b4cbd;\"><br \/>\n&gt;&gt;Multiple scene applications<\/span><\/h1>\n<h4 style=\"text-align: left;\"><img decoding=\"async\" class=\"aligncenter wp-image-1589\" src=\"https:\/\/lezum.com\/wp-content\/uploads\/2025\/12\/D1200\u4fee\u6539_\u753b\u677f-41.jpg\" alt=\"\" width=\"1200\" height=\"763\" srcset=\"https:\/\/www.lezum.com\/wp-content\/uploads\/2025\/12\/D1200\u4fee\u6539_\u753b\u677f-41.jpg 2292w, https:\/\/www.lezum.com\/wp-content\/uploads\/2025\/12\/D1200\u4fee\u6539_\u753b\u677f-41-300x191.jpg 300w, https:\/\/www.lezum.com\/wp-content\/uploads\/2025\/12\/D1200\u4fee\u6539_\u753b\u677f-41-1024x651.jpg 1024w, https:\/\/www.lezum.com\/wp-content\/uploads\/2025\/12\/D1200\u4fee\u6539_\u753b\u677f-41-768x489.jpg 768w, https:\/\/www.lezum.com\/wp-content\/uploads\/2025\/12\/D1200\u4fee\u6539_\u753b\u677f-41-1536x977.jpg 1536w, https:\/\/www.lezum.com\/wp-content\/uploads\/2025\/12\/D1200\u4fee\u6539_\u753b\u677f-41-2048x1303.jpg 2048w, https:\/\/www.lezum.com\/wp-content\/uploads\/2025\/12\/D1200\u4fee\u6539_\u753b\u677f-41-600x382.jpg 600w, https:\/\/www.lezum.com\/wp-content\/uploads\/2025\/12\/D1200\u4fee\u6539_\u753b\u677f-41-1x1.jpg 1w, https:\/\/www.lezum.com\/wp-content\/uploads\/2025\/12\/D1200\u4fee\u6539_\u753b\u677f-41-10x6.jpg 10w\" sizes=\"(max-width: 1200px) 100vw, 1200px\" \/><\/h4>\n<p>&nbsp;<\/p>\n<h4 style=\"text-align: left;\"><\/h4>\n<h1><span style=\"color: #0b4cbd;\">&gt;&gt;LEZUM vente directe \u00e0 l'usine<\/span><\/h1>\n<h2 style=\"text-align: center;\">Nous invitons cordialement les distributeurs du monde entier \u00e0 coop\u00e9rer.<\/h2>\n<h4 style=\"text-align: center; padding-left: 40px;\">En tant que fabricant chinois de premier plan de mini-machines de construction \u00e9lectriques intelligentes, LEZUM Group dispose d'une base de production moderne de plus de 50 000 m\u00e8tres carr\u00e9s, certifi\u00e9e par les normes internationales, notamment ISO 9001, CE et TUV. Nous nous engageons \u00e0 fournir \u00e0 nos partenaires internationaux les produits les plus fiables et les canaux d'approvisionnement les plus directs.<\/h4>\n<p><img loading=\"lazy\" decoding=\"async\" class=\"alignleft wp-image-1492\" src=\"https:\/\/lezum.com\/wp-content\/uploads\/2025\/12\/\u5de5\u5382-1024x347.jpg\" alt=\"\" width=\"900\" height=\"305\" srcset=\"https:\/\/www.lezum.com\/wp-content\/uploads\/2025\/12\/\u5de5\u5382-1024x347.jpg 1024w, https:\/\/www.lezum.com\/wp-content\/uploads\/2025\/12\/\u5de5\u5382-300x102.jpg 300w, https:\/\/www.lezum.com\/wp-content\/uploads\/2025\/12\/\u5de5\u5382-768x260.jpg 768w, https:\/\/www.lezum.com\/wp-content\/uploads\/2025\/12\/\u5de5\u5382-1536x520.jpg 1536w, https:\/\/www.lezum.com\/wp-content\/uploads\/2025\/12\/\u5de5\u5382-2048x693.jpg 2048w, https:\/\/www.lezum.com\/wp-content\/uploads\/2025\/12\/\u5de5\u5382-600x203.jpg 600w, https:\/\/www.lezum.com\/wp-content\/uploads\/2025\/12\/\u5de5\u5382-1x1.jpg 1w, https:\/\/www.lezum.com\/wp-content\/uploads\/2025\/12\/\u5de5\u5382-10x3.jpg 10w\" sizes=\"(max-width: 900px) 100vw, 900px\" \/><\/p>\n<p>&nbsp;<\/p>\n<h4 style=\"text-align: center; padding-left: 40px;\"><span style=\"color: #333333;\">L'avantage d'un distributeur exclusif<\/span><\/h4>\n<h4 style=\"text-align: left; padding-left: 40px;\">\u221a Prix de vente direct<\/h4>\n<p style=\"text-align: left; padding-left: 40px;\"><span style=\"color: #333333;\">\u00a0 \u00a0 \u00a0 Marge b\u00e9n\u00e9ficiaire maximale<\/span><span style=\"color: #333333;\"><br \/>\n<\/span><\/p>\n<h4 style=\"text-align: left; padding-left: 40px;\">\u221a Protection de la zone<\/h4>\n<p style=\"text-align: left; padding-left: 40px;\"><span style=\"color: #333333;\">\u00a0 \u00a0 \u00a0 Droits exclusifs sur le march\u00e9<\/span><\/p>\n<h4 style=\"text-align: left; padding-left: 40px;\">\u221a Garantie de 3 ans<\/h4>\n<p style=\"padding-left: 40px;\">Un service apr\u00e8s-vente \u00e0 la pointe de l'industrie<\/p>\n<p>&nbsp;<\/p>","protected":false},"excerpt":{"rendered":"<ul>\n<li>Competitive Price: Factory Direct for Sale | Recruiting Dealers | One-stop Purchasing | Full Range of Products | CE\/EPA\/Euro 5 Certified | Factory Warranty<\/li>\n<li>Supplier highlights:This seller is a manufacturer and trader offering overseas warehouse servicesmanufacturer and trader overseas warehouse services<\/li>\n<li>\n<p class=\"body\" dir=\"auto\">E-Mail\uff1aservice@lezum.com<\/p>\n<\/li>\n<li>\n<p class=\"body\" dir=\"auto\">WhatsApp\uff1a+86 18101064115<\/p>\n<\/li>\n<\/ul>","protected":false},"featured_media":1568,"template":"","meta":[],"etheme_brands":[],"product_brand":[],"product_cat":[38],"product_tag":[],"class_list":{"0":"post-1566","1":"product","2":"type-product","3":"status-publish","4":"has-post-thumbnail","6":"product_cat-transport-vehicle","8":"first","9":"instock","10":"shipping-taxable","11":"product-type-simple"},"_links":{"self":[{"href":"https:\/\/www.lezum.com\/fr\/wp-json\/wp\/v2\/product\/1566","targetHints":{"allow":["GET"]}}],"collection":[{"href":"https:\/\/www.lezum.com\/fr\/wp-json\/wp\/v2\/product"}],"about":[{"href":"https:\/\/www.lezum.com\/fr\/wp-json\/wp\/v2\/types\/product"}],"version-history":[{"count":8,"href":"https:\/\/www.lezum.com\/fr\/wp-json\/wp\/v2\/product\/1566\/revisions"}],"predecessor-version":[{"id":2416,"href":"https:\/\/www.lezum.com\/fr\/wp-json\/wp\/v2\/product\/1566\/revisions\/2416"}],"wp:featuredmedia":[{"embeddable":true,"href":"https:\/\/www.lezum.com\/fr\/wp-json\/wp\/v2\/media\/1568"}],"wp:attachment":[{"href":"https:\/\/www.lezum.com\/fr\/wp-json\/wp\/v2\/media?parent=1566"}],"wp:term":[{"taxonomy":"brand","embeddable":true,"href":"https:\/\/www.lezum.com\/fr\/wp-json\/wp\/v2\/etheme_brands?post=1566"},{"taxonomy":"product_brand","embeddable":true,"href":"https:\/\/www.lezum.com\/fr\/wp-json\/wp\/v2\/product_brand?post=1566"},{"taxonomy":"product_cat","embeddable":true,"href":"https:\/\/www.lezum.com\/fr\/wp-json\/wp\/v2\/product_cat?post=1566"},{"taxonomy":"product_tag","embeddable":true,"href":"https:\/\/www.lezum.com\/fr\/wp-json\/wp\/v2\/product_tag?post=1566"}],"curies":[{"name":"wp","href":"https:\/\/api.w.org\/{rel}","templated":true}]}}