{"id":1649,"date":"2025-12-18T01:21:16","date_gmt":"2025-12-18T01:21:16","guid":{"rendered":"https:\/\/lezum.com\/?post_type=product&#038;p=1649"},"modified":"2026-01-06T05:15:33","modified_gmt":"2026-01-06T05:15:33","slug":"lezum-china-farm1-5-2-3-ton-4x4-mini-electric-forklifts","status":"publish","type":"product","link":"https:\/\/www.lezum.com\/fr\/produit\/lezum-china-farm1-5-2-3-ton-4x4-mini-electric-forklifts\/","title":{"rendered":"LEZUM China Farm1.5 2 3 Ton 4&#215;4  Mini Electric Forklifts"},"content":{"rendered":"<h1><span style=\"color: #0b4cbd;\">&gt;&gt;Vue d'ensemble<\/span><\/h1>\n<h2 style=\"text-align: left;\">Maximize Productivity: <strong>LEZUM China Farm Mini Electric Forklifts\u00a0<\/strong>Trucks Engineered for Lowest Total Cost of Ownership (TCO).<\/h2>\n<h2><img fetchpriority=\"high\" decoding=\"async\" class=\"wp-image-1666 aligncenter\" src=\"https:\/\/lezum.com\/wp-content\/uploads\/2025\/12\/4-3.jpg\" alt=\"\" width=\"1200\" height=\"455\" srcset=\"https:\/\/www.lezum.com\/wp-content\/uploads\/2025\/12\/4-3.jpg 1980w, https:\/\/www.lezum.com\/wp-content\/uploads\/2025\/12\/4-3-300x114.jpg 300w, https:\/\/www.lezum.com\/wp-content\/uploads\/2025\/12\/4-3-1024x388.jpg 1024w, https:\/\/www.lezum.com\/wp-content\/uploads\/2025\/12\/4-3-768x291.jpg 768w, https:\/\/www.lezum.com\/wp-content\/uploads\/2025\/12\/4-3-1536x582.jpg 1536w, https:\/\/www.lezum.com\/wp-content\/uploads\/2025\/12\/4-3-600x227.jpg 600w, https:\/\/www.lezum.com\/wp-content\/uploads\/2025\/12\/4-3-1x1.jpg 1w, https:\/\/www.lezum.com\/wp-content\/uploads\/2025\/12\/4-3-10x4.jpg 10w\" sizes=\"(max-width: 1200px) 100vw, 1200px\" \/><\/h2>\n<p>&nbsp;<\/p>\n<h1><span style=\"color: #0b4cbd;\">&gt;&gt;Caract\u00e9ristiques et avantages<\/span><\/h1>\n<h2 style=\"text-align: left;\">Performances sup\u00e9rieures : provenant d'une cha\u00eene d'approvisionnement de premier plan \u00e0 l'\u00e9chelle mondiale<\/h2>\n<p><img decoding=\"async\" class=\"wp-image-1690 aligncenter\" src=\"https:\/\/lezum.com\/wp-content\/uploads\/2025\/12\/K30.1-1.jpg\" alt=\"\" width=\"1200\" height=\"813\" srcset=\"https:\/\/www.lezum.com\/wp-content\/uploads\/2025\/12\/K30.1-1.jpg 2504w, https:\/\/www.lezum.com\/wp-content\/uploads\/2025\/12\/K30.1-1-300x203.jpg 300w, https:\/\/www.lezum.com\/wp-content\/uploads\/2025\/12\/K30.1-1-1024x694.jpg 1024w, https:\/\/www.lezum.com\/wp-content\/uploads\/2025\/12\/K30.1-1-768x520.jpg 768w, https:\/\/www.lezum.com\/wp-content\/uploads\/2025\/12\/K30.1-1-1536x1040.jpg 1536w, https:\/\/www.lezum.com\/wp-content\/uploads\/2025\/12\/K30.1-1-2048x1387.jpg 2048w, https:\/\/www.lezum.com\/wp-content\/uploads\/2025\/12\/K30.1-1-600x406.jpg 600w, https:\/\/www.lezum.com\/wp-content\/uploads\/2025\/12\/K30.1-1-1x1.jpg 1w, https:\/\/www.lezum.com\/wp-content\/uploads\/2025\/12\/K30.1-1-10x7.jpg 10w\" sizes=\"(max-width: 1200px) 100vw, 1200px\" \/><\/p>\n<p>&nbsp;<\/p>\n<h1><span style=\"color: #0b4cbd;\">&gt;&gt;Param\u00e8tres<\/span><\/h1>\n<h2 style=\"text-align: center;\">Sp\u00e9cifications techniques d\u00e9taill\u00e9es<\/h2>\n<h4 style=\"text-align: center;\">Un r\u00e9sum\u00e9 des param\u00e8tres cl\u00e9s, pratique pour les concessionnaires qui souhaitent effectuer des comparaisons sur le march\u00e9 et les pr\u00e9senter \u00e0 leurs clients.<\/h4>\n<p>&nbsp;<\/p>\n<p style=\"padding-left: 40px; text-align: left;\"><span style=\"color: #000000;\">Brand\uff1aLEZUM<\/span><br \/>\n<span style=\"color: #000000;\">Model\uff1aElectric Forklift<\/span><br \/>\n<span style=\"color: #000000;\">Travel motor\uff1a7.5kw AC motor<\/span><br \/>\n<span style=\"color: #000000;\">Maximum lifting weight (kg)\uff1a3200<\/span><br \/>\n<span style=\"color: #000000;\">Voltage\uff1a60v<\/span><br \/>\n<span style=\"color: #000000;\">Maximum lifting height(mm)\uff1a3000<\/span><br \/>\n<span style=\"color: #000000;\">Hydraulic lift motor\uff1a7.5kW AC motor<\/span><br \/>\n<span style=\"color: #000000;\">Turning radius(mm)\uff1a2520<\/span><br \/>\n<span style=\"color: #000000;\">Battery\uff1a10 maintenance-free batteries(12v-85v)<\/span><br \/>\n<span style=\"color: #000000;\">Fork length(mm)\uff1a1070<\/span><\/p>\n<h1><span style=\"color: #0b4cbd;\">&gt;&gt;Humaniser<\/span><\/h1>\n<p><img decoding=\"async\" class=\"alignleft wp-image-1636\" src=\"https:\/\/lezum.com\/wp-content\/uploads\/2025\/12\/661.jpg\" alt=\"\" width=\"859\" height=\"301\" srcset=\"https:\/\/www.lezum.com\/wp-content\/uploads\/2025\/12\/661.jpg 953w, https:\/\/www.lezum.com\/wp-content\/uploads\/2025\/12\/661-300x105.jpg 300w, https:\/\/www.lezum.com\/wp-content\/uploads\/2025\/12\/661-768x269.jpg 768w, https:\/\/www.lezum.com\/wp-content\/uploads\/2025\/12\/661-600x210.jpg 600w, https:\/\/www.lezum.com\/wp-content\/uploads\/2025\/12\/661-1x1.jpg 1w, https:\/\/www.lezum.com\/wp-content\/uploads\/2025\/12\/661-10x4.jpg 10w\" sizes=\"(max-width: 859px) 100vw, 859px\" \/><\/p>\n<h1><\/h1>\n<h4 style=\"text-align: left;\">Conception et maintenance centr\u00e9es sur l'homme<br \/>\nSi\u00e8ges confortables, ergonomiques<br \/>\njoysticks, et un syst\u00e8me centralis\u00e9 de<br \/>\npoints de maintenanceassurer<br \/>\noperator comfort during<br \/>\nde longues heures de travail et<br \/>\nr\u00e9duire consid\u00e9rablement la maintenance<br \/>\nco\u00fbts.<\/h4>\n<p>&nbsp;<\/p>\n<p>&nbsp;<\/p>\n<p>&nbsp;<\/p>\n<h1><span style=\"color: #0b4cbd;\">&gt;&gt;Sc\u00e9narios d'application multifonctionnelle<\/span><\/h1>\n<h2 style=\"text-align: center;\">Multi-functional\uff1aMini Electric Forklifts multifunctional solution<\/h2>\n<h4 style=\"text-align: center;\">Syst\u00e8me de fixation flexible<br \/>\nSes applications couvrent divers secteurs et domaines tels que l'agriculture, la construction, l'exploitation mini\u00e8re, l'agriculture, les ports, l'\u00e9limination des d\u00e9chets, les chemins de fer, la construction, la m\u00e9tallurgie et le traitement du bois, offrant des capacit\u00e9s de manutention et de chargement puissantes pour divers projets et op\u00e9rations d'ing\u00e9nierie.<\/h4>\n<p><img loading=\"lazy\" decoding=\"async\" class=\"aligncenter wp-image-1625\" src=\"https:\/\/lezum.com\/wp-content\/uploads\/2025\/12\/\u53c9\u8f66\u8f85\u5177\u56fe.png\" alt=\"\" width=\"1200\" height=\"585\" srcset=\"https:\/\/www.lezum.com\/wp-content\/uploads\/2025\/12\/\u53c9\u8f66\u8f85\u5177\u56fe.png 1320w, https:\/\/www.lezum.com\/wp-content\/uploads\/2025\/12\/\u53c9\u8f66\u8f85\u5177\u56fe-300x146.png 300w, https:\/\/www.lezum.com\/wp-content\/uploads\/2025\/12\/\u53c9\u8f66\u8f85\u5177\u56fe-1024x499.png 1024w, https:\/\/www.lezum.com\/wp-content\/uploads\/2025\/12\/\u53c9\u8f66\u8f85\u5177\u56fe-768x374.png 768w, https:\/\/www.lezum.com\/wp-content\/uploads\/2025\/12\/\u53c9\u8f66\u8f85\u5177\u56fe-600x292.png 600w, https:\/\/www.lezum.com\/wp-content\/uploads\/2025\/12\/\u53c9\u8f66\u8f85\u5177\u56fe-1x1.png 1w, https:\/\/www.lezum.com\/wp-content\/uploads\/2025\/12\/\u53c9\u8f66\u8f85\u5177\u56fe-10x5.png 10w\" sizes=\"(max-width: 1200px) 100vw, 1200px\" \/><\/p>\n<h1><\/h1>\n<h1><\/h1>\n<h1><\/h1>\n<h1><span style=\"color: #0b4cbd;\">&gt;&gt;LEZUM vente directe \u00e0 l'usine<\/span><\/h1>\n<h2 style=\"text-align: center;\">Nous invitons cordialement les distributeurs du monde entier \u00e0 coop\u00e9rer.<\/h2>\n<h4 style=\"text-align: center; padding-left: 40px;\">En tant que fabricant chinois de premier plan de mini-machines de construction \u00e9lectriques intelligentes, LEZUM Group dispose d'une base de production moderne de plus de 50 000 m\u00e8tres carr\u00e9s, certifi\u00e9e par les normes internationales, notamment ISO 9001, CE et TUV. Nous nous engageons \u00e0 fournir \u00e0 nos partenaires internationaux les produits les plus fiables et les canaux d'approvisionnement les plus directs.<\/h4>\n<p><img loading=\"lazy\" decoding=\"async\" class=\"alignleft wp-image-953 size-full\" src=\"https:\/\/lezum.com\/wp-content\/uploads\/2025\/12\/\u5de5\u5382\u62fc\u56fe-\u8be6\u60c5.jpg\" alt=\"\" width=\"900\" height=\"300\" srcset=\"https:\/\/www.lezum.com\/wp-content\/uploads\/2025\/12\/\u5de5\u5382\u62fc\u56fe-\u8be6\u60c5.jpg 900w, https:\/\/www.lezum.com\/wp-content\/uploads\/2025\/12\/\u5de5\u5382\u62fc\u56fe-\u8be6\u60c5-300x100.jpg 300w, https:\/\/www.lezum.com\/wp-content\/uploads\/2025\/12\/\u5de5\u5382\u62fc\u56fe-\u8be6\u60c5-768x256.jpg 768w, https:\/\/www.lezum.com\/wp-content\/uploads\/2025\/12\/\u5de5\u5382\u62fc\u56fe-\u8be6\u60c5-600x200.jpg 600w, https:\/\/www.lezum.com\/wp-content\/uploads\/2025\/12\/\u5de5\u5382\u62fc\u56fe-\u8be6\u60c5-1x1.jpg 1w, https:\/\/www.lezum.com\/wp-content\/uploads\/2025\/12\/\u5de5\u5382\u62fc\u56fe-\u8be6\u60c5-10x3.jpg 10w\" sizes=\"(max-width: 900px) 100vw, 900px\" \/><\/p>\n<p>&nbsp;<\/p>\n<h4 style=\"text-align: center; padding-left: 40px;\"><span style=\"color: #333333;\">L'avantage d'un distributeur exclusif<\/span><\/h4>\n<h4 style=\"text-align: left; padding-left: 40px;\">\u221a Prix de vente direct<\/h4>\n<p style=\"text-align: left; padding-left: 40px;\"><span style=\"color: #333333;\">\u00a0 \u00a0 \u00a0 Marge b\u00e9n\u00e9ficiaire maximale<\/span><span style=\"color: #333333;\"><br \/>\n<\/span><\/p>\n<h4 style=\"text-align: left; padding-left: 40px;\">\u221a Protection de la zone<\/h4>\n<p style=\"text-align: left; padding-left: 40px;\"><span style=\"color: #333333;\">\u00a0 \u00a0 \u00a0 Droits exclusifs sur le march\u00e9<\/span><\/p>\n<h4 style=\"text-align: left; padding-left: 40px;\">\u221a Garantie de 3 ans<\/h4>\n<p style=\"padding-left: 40px;\">Un service apr\u00e8s-vente \u00e0 la pointe de l'industrie<\/p>\n<p>&nbsp;<\/p>","protected":false},"excerpt":{"rendered":"<ul>\n<li>Competitive Price: Factory Direct for Sale | Recruiting Dealers | One-stop Purchasing | Full Range of Products | CE\/EPA\/Euro 5 Certified | Factory Warranty<\/li>\n<li>Supplier highlights:This seller is a manufacturer and trader offering overseas warehouse servicesmanufacturer and trader overseas warehouse services<\/li>\n<li>\n<p class=\"body\" dir=\"auto\">E-Mail\uff1aservice@lezum.com<\/p>\n<\/li>\n<li>\n<p class=\"body\" dir=\"auto\">WhatsApp\uff1a+86 18101064115<\/p>\n<\/li>\n<\/ul>","protected":false},"featured_media":1651,"template":"","meta":[],"etheme_brands":[],"product_brand":[],"product_cat":[22],"product_tag":[],"class_list":{"0":"post-1649","1":"product","2":"type-product","3":"status-publish","4":"has-post-thumbnail","6":"product_cat-forklift","8":"first","9":"instock","10":"shipping-taxable","11":"product-type-simple"},"_links":{"self":[{"href":"https:\/\/www.lezum.com\/fr\/wp-json\/wp\/v2\/product\/1649","targetHints":{"allow":["GET"]}}],"collection":[{"href":"https:\/\/www.lezum.com\/fr\/wp-json\/wp\/v2\/product"}],"about":[{"href":"https:\/\/www.lezum.com\/fr\/wp-json\/wp\/v2\/types\/product"}],"version-history":[{"count":8,"href":"https:\/\/www.lezum.com\/fr\/wp-json\/wp\/v2\/product\/1649\/revisions"}],"predecessor-version":[{"id":2414,"href":"https:\/\/www.lezum.com\/fr\/wp-json\/wp\/v2\/product\/1649\/revisions\/2414"}],"wp:featuredmedia":[{"embeddable":true,"href":"https:\/\/www.lezum.com\/fr\/wp-json\/wp\/v2\/media\/1651"}],"wp:attachment":[{"href":"https:\/\/www.lezum.com\/fr\/wp-json\/wp\/v2\/media?parent=1649"}],"wp:term":[{"taxonomy":"brand","embeddable":true,"href":"https:\/\/www.lezum.com\/fr\/wp-json\/wp\/v2\/etheme_brands?post=1649"},{"taxonomy":"product_brand","embeddable":true,"href":"https:\/\/www.lezum.com\/fr\/wp-json\/wp\/v2\/product_brand?post=1649"},{"taxonomy":"product_cat","embeddable":true,"href":"https:\/\/www.lezum.com\/fr\/wp-json\/wp\/v2\/product_cat?post=1649"},{"taxonomy":"product_tag","embeddable":true,"href":"https:\/\/www.lezum.com\/fr\/wp-json\/wp\/v2\/product_tag?post=1649"}],"curies":[{"name":"wp","href":"https:\/\/api.w.org\/{rel}","templated":true}]}}