{"id":1705,"date":"2025-12-18T05:36:12","date_gmt":"2025-12-18T05:36:12","guid":{"rendered":"https:\/\/lezum.com\/?post_type=product&#038;p=1705"},"modified":"2026-01-06T05:14:40","modified_gmt":"2026-01-06T05:14:40","slug":"lezum-h100-factory-direct-diesel-mini-dumper-truck","status":"publish","type":"product","link":"https:\/\/www.lezum.com\/fr\/produit\/lezum-h100-factory-direct-diesel-mini-dumper-truck\/","title":{"rendered":"LEZUM H100 Factory Direct Diesel  Mini Dumper Truck"},"content":{"rendered":"<h1><span style=\"color: #0b4cbd;\">&gt;&gt;Vue d'ensemble<\/span><\/h1>\n<h2 style=\"text-align: left;\">Maximize Productivity: <strong>LEZUM H100 Diesel Dumper Truck<\/strong>\u00a0Engineered for Lowest Total Cost of Ownership (TCO).<\/h2>\n<h2><img fetchpriority=\"high\" decoding=\"async\" class=\"wp-image-1770 aligncenter\" src=\"https:\/\/lezum.com\/wp-content\/uploads\/2025\/12\/1001.jpg\" alt=\"\" width=\"1200\" height=\"528\" srcset=\"https:\/\/www.lezum.com\/wp-content\/uploads\/2025\/12\/1001.jpg 1500w, https:\/\/www.lezum.com\/wp-content\/uploads\/2025\/12\/1001-300x132.jpg 300w, https:\/\/www.lezum.com\/wp-content\/uploads\/2025\/12\/1001-1024x451.jpg 1024w, https:\/\/www.lezum.com\/wp-content\/uploads\/2025\/12\/1001-768x338.jpg 768w, https:\/\/www.lezum.com\/wp-content\/uploads\/2025\/12\/1001-600x264.jpg 600w, https:\/\/www.lezum.com\/wp-content\/uploads\/2025\/12\/1001-1x1.jpg 1w, https:\/\/www.lezum.com\/wp-content\/uploads\/2025\/12\/1001-10x4.jpg 10w\" sizes=\"(max-width: 1200px) 100vw, 1200px\" \/><\/h2>\n<h1><\/h1>\n<h1><span style=\"color: #0b4cbd;\">&gt;&gt;Param\u00e8tres<\/span><\/h1>\n<h2 style=\"text-align: center;\">Sp\u00e9cifications techniques d\u00e9taill\u00e9es<\/h2>\n<h4 style=\"text-align: center;\">Un r\u00e9sum\u00e9 des param\u00e8tres cl\u00e9s, pratique pour les concessionnaires qui souhaitent effectuer des comparaisons sur le march\u00e9 et les pr\u00e9senter \u00e0 leurs clients.<\/h4>\n<p>&nbsp;<\/p>\n<p style=\"text-align: left; padding-left: 40px;\"><span style=\"color: #000000;\">Marque\uff1a LEZUM<\/span><br \/>\n<span style=\"color: #000000;\">Model\uff1a H100<\/span><br \/>\n<span style=\"color: #000000;\">Engine Model\uff1a XINCHAI<\/span><br \/>\n<span style=\"color: #000000;\">Maximum power (Kw)\uff1a 18.5<\/span><br \/>\n<span style=\"color: #000000;\">L*W*H\uff08mm)\uff1a 3320*1150*2150<\/span><br \/>\n<span style=\"color: #000000;\">Minimum Ground Clearance\uff08mm)\uff1a 227<\/span><br \/>\n<span style=\"color: #000000;\">Payload (kg)\uff1a 1000<\/span><br \/>\n<span style=\"color: #000000;\">Bucket capacity(m\u00b3)\uff1a 0.6<\/span><br \/>\n<span style=\"color: #000000;\">Shipping weight (kg)\uff1a 1000<\/span><br \/>\n<span style=\"color: #000000;\">Maximum Dump Height(mm)\uff1a 2327<\/span><\/p>\n<h1 style=\"text-align: left;\"><span style=\"color: #0b4cbd;\"><br \/>\n&gt;&gt;Humaniser<\/span><\/h1>\n<h2 style=\"text-align: center;\">Conception et maintenance centr\u00e9es sur l'homme<\/h2>\n<h4 style=\"text-align: left;\"><img decoding=\"async\" class=\"alignleft wp-image-1417\" src=\"https:\/\/lezum.com\/wp-content\/uploads\/2025\/12\/\u672a\u547d\u540d-14.jpg\" alt=\"\" width=\"861\" height=\"287\" srcset=\"https:\/\/www.lezum.com\/wp-content\/uploads\/2025\/12\/\u672a\u547d\u540d-14.jpg 900w, https:\/\/www.lezum.com\/wp-content\/uploads\/2025\/12\/\u672a\u547d\u540d-14-300x100.jpg 300w, https:\/\/www.lezum.com\/wp-content\/uploads\/2025\/12\/\u672a\u547d\u540d-14-768x256.jpg 768w, https:\/\/www.lezum.com\/wp-content\/uploads\/2025\/12\/\u672a\u547d\u540d-14-600x200.jpg 600w, https:\/\/www.lezum.com\/wp-content\/uploads\/2025\/12\/\u672a\u547d\u540d-14-1x1.jpg 1w, https:\/\/www.lezum.com\/wp-content\/uploads\/2025\/12\/\u672a\u547d\u540d-14-10x3.jpg 10w\" sizes=\"(max-width: 861px) 100vw, 861px\" \/><\/h4>\n<h4><\/h4>\n<h4 style=\"text-align: left;\"><\/h4>\n<p>&nbsp;<\/p>\n<h4 style=\"text-align: left;\">Si\u00e8ges confortables, ergonomiques<\/h4>\n<h4 style=\"text-align: left;\">joysticks, et un syst\u00e8me centralis\u00e9 de<\/h4>\n<h4 style=\"text-align: left;\">points de maintenanceassurer<\/h4>\n<h4 style=\"text-align: left;\">confort de l'op\u00e9rateur pendant<\/h4>\n<h4 style=\"text-align: left;\">de longues heures de travail et<\/h4>\n<h4 style=\"text-align: left;\">r\u00e9duire consid\u00e9rablement la maintenance<\/h4>\n<h4 style=\"text-align: left;\">co\u00fbts.<\/h4>\n<p>&nbsp;<\/p>\n<p>&nbsp;<\/p>\n<h4 style=\"text-align: center;\"><\/h4>\n<h4 style=\"text-align: left;\"><\/h4>\n<h1><span style=\"color: #0b4cbd;\">&gt;&gt;LEZUM vente directe \u00e0 l'usine<\/span><\/h1>\n<h2 style=\"text-align: center;\">Nous invitons cordialement les distributeurs du monde entier \u00e0 coop\u00e9rer.<\/h2>\n<h4 style=\"text-align: center; padding-left: 40px;\">En tant que fabricant chinois de premier plan de mini-machines de construction \u00e9lectriques intelligentes, LEZUM Group dispose d'une base de production moderne de plus de 50 000 m\u00e8tres carr\u00e9s, certifi\u00e9e par les normes internationales, notamment ISO 9001, CE et TUV. Nous nous engageons \u00e0 fournir \u00e0 nos partenaires internationaux les produits les plus fiables et les canaux d'approvisionnement les plus directs.<\/h4>\n<p><img decoding=\"async\" class=\"alignleft wp-image-953 size-full\" src=\"https:\/\/lezum.com\/wp-content\/uploads\/2025\/12\/\u5de5\u5382\u62fc\u56fe-\u8be6\u60c5.jpg\" alt=\"\" width=\"900\" height=\"300\" srcset=\"https:\/\/www.lezum.com\/wp-content\/uploads\/2025\/12\/\u5de5\u5382\u62fc\u56fe-\u8be6\u60c5.jpg 900w, https:\/\/www.lezum.com\/wp-content\/uploads\/2025\/12\/\u5de5\u5382\u62fc\u56fe-\u8be6\u60c5-300x100.jpg 300w, https:\/\/www.lezum.com\/wp-content\/uploads\/2025\/12\/\u5de5\u5382\u62fc\u56fe-\u8be6\u60c5-768x256.jpg 768w, https:\/\/www.lezum.com\/wp-content\/uploads\/2025\/12\/\u5de5\u5382\u62fc\u56fe-\u8be6\u60c5-600x200.jpg 600w, https:\/\/www.lezum.com\/wp-content\/uploads\/2025\/12\/\u5de5\u5382\u62fc\u56fe-\u8be6\u60c5-1x1.jpg 1w, https:\/\/www.lezum.com\/wp-content\/uploads\/2025\/12\/\u5de5\u5382\u62fc\u56fe-\u8be6\u60c5-10x3.jpg 10w\" sizes=\"(max-width: 900px) 100vw, 900px\" \/><\/p>\n<p>&nbsp;<\/p>\n<h4 style=\"text-align: center; padding-left: 40px;\"><span style=\"color: #333333;\">L'avantage d'un distributeur exclusif<\/span><\/h4>\n<h4 style=\"text-align: left; padding-left: 40px;\">\u221a Prix de vente direct<\/h4>\n<p style=\"text-align: left; padding-left: 40px;\"><span style=\"color: #333333;\">\u00a0 \u00a0 \u00a0 Marge b\u00e9n\u00e9ficiaire maximale<\/span><span style=\"color: #333333;\"><br \/>\n<\/span><\/p>\n<h4 style=\"text-align: left; padding-left: 40px;\">\u221a Protection de la zone<\/h4>\n<p style=\"text-align: left; padding-left: 40px;\"><span style=\"color: #333333;\">\u00a0 \u00a0 \u00a0 Droits exclusifs sur le march\u00e9<\/span><\/p>\n<h4 style=\"text-align: left; padding-left: 40px;\">\u221a Garantie de 3 ans<\/h4>\n<p style=\"padding-left: 40px;\">Un service apr\u00e8s-vente \u00e0 la pointe de l'industrie<\/p>\n<p>&nbsp;<\/p>","protected":false},"excerpt":{"rendered":"<ul dir=\"auto\" data-pm-slice=\"3 3 []\">\n<li>Competitive Price: Factory Direct Deseil Mini Skid Steer Loader for Sale | Recruiting Dealers | One-stop Purchasing | Full Range of Products | CE\/EPA\/Euro 5 Certified | Factory Warranty<\/li>\n<li>ODM\/OEM\uff08Optional): Engine Brand: RATO,1. Optional: Honda, Briggs &amp; Stratton.<\/li>\n<li>\n<p class=\"body\" dir=\"auto\">E-Mail\uff1aservice@lezum.com<\/p>\n<\/li>\n<li>\n<p class=\"body\" dir=\"auto\">WhatsApp\uff1a+86 18101064115<\/p>\n<\/li>\n<\/ul>","protected":false},"featured_media":1709,"template":"","meta":[],"etheme_brands":[],"product_brand":[],"product_cat":[38],"product_tag":[],"class_list":{"0":"post-1705","1":"product","2":"type-product","3":"status-publish","4":"has-post-thumbnail","6":"product_cat-transport-vehicle","8":"first","9":"instock","10":"shipping-taxable","11":"product-type-simple"},"_links":{"self":[{"href":"https:\/\/www.lezum.com\/fr\/wp-json\/wp\/v2\/product\/1705","targetHints":{"allow":["GET"]}}],"collection":[{"href":"https:\/\/www.lezum.com\/fr\/wp-json\/wp\/v2\/product"}],"about":[{"href":"https:\/\/www.lezum.com\/fr\/wp-json\/wp\/v2\/types\/product"}],"version-history":[{"count":8,"href":"https:\/\/www.lezum.com\/fr\/wp-json\/wp\/v2\/product\/1705\/revisions"}],"predecessor-version":[{"id":2413,"href":"https:\/\/www.lezum.com\/fr\/wp-json\/wp\/v2\/product\/1705\/revisions\/2413"}],"wp:featuredmedia":[{"embeddable":true,"href":"https:\/\/www.lezum.com\/fr\/wp-json\/wp\/v2\/media\/1709"}],"wp:attachment":[{"href":"https:\/\/www.lezum.com\/fr\/wp-json\/wp\/v2\/media?parent=1705"}],"wp:term":[{"taxonomy":"brand","embeddable":true,"href":"https:\/\/www.lezum.com\/fr\/wp-json\/wp\/v2\/etheme_brands?post=1705"},{"taxonomy":"product_brand","embeddable":true,"href":"https:\/\/www.lezum.com\/fr\/wp-json\/wp\/v2\/product_brand?post=1705"},{"taxonomy":"product_cat","embeddable":true,"href":"https:\/\/www.lezum.com\/fr\/wp-json\/wp\/v2\/product_cat?post=1705"},{"taxonomy":"product_tag","embeddable":true,"href":"https:\/\/www.lezum.com\/fr\/wp-json\/wp\/v2\/product_tag?post=1705"}],"curies":[{"name":"wp","href":"https:\/\/api.w.org\/{rel}","templated":true}]}}