{"id":1781,"date":"2025-12-18T09:36:13","date_gmt":"2025-12-18T09:36:13","guid":{"rendered":"https:\/\/lezum.com\/?post_type=product&#038;p=1781"},"modified":"2026-01-06T05:13:32","modified_gmt":"2026-01-06T05:13:32","slug":"lezum-dy12e-1-2t-factory-direct-electric-joystick-micro-digger-excavator","status":"publish","type":"product","link":"https:\/\/www.lezum.com\/fr\/produit\/lezum-dy12e-1-2t-factory-direct-electric-joystick-micro-digger-excavator\/","title":{"rendered":"LEZUM DY12E 1.2T Factory Direct Electric Joystick Micro Digger Excavator"},"content":{"rendered":"<h1><span style=\"color: #0b4cbd;\">&gt;&gt;Vue d'ensemble<\/span><\/h1>\n<h2 style=\"text-align: left;\">Maximize Productivity: \u00a0<strong>DY12E Electric Joystick Micro Digger Excavator <\/strong>Engineered for Lowest Total Cost of Ownership (Tco)<\/h2>\n<h2><img fetchpriority=\"high\" decoding=\"async\" class=\"wp-image-1790 aligncenter\" src=\"https:\/\/lezum.com\/wp-content\/uploads\/2025\/12\/12E-1.jpg\" alt=\"\" width=\"1200\" height=\"530\" srcset=\"https:\/\/www.lezum.com\/wp-content\/uploads\/2025\/12\/12E-1.jpg 1474w, https:\/\/www.lezum.com\/wp-content\/uploads\/2025\/12\/12E-1-500x221.jpg 500w, https:\/\/www.lezum.com\/wp-content\/uploads\/2025\/12\/12E-1-300x132.jpg 300w, https:\/\/www.lezum.com\/wp-content\/uploads\/2025\/12\/12E-1-768x339.jpg 768w, https:\/\/www.lezum.com\/wp-content\/uploads\/2025\/12\/12E-1-600x265.jpg 600w, https:\/\/www.lezum.com\/wp-content\/uploads\/2025\/12\/12E-1-1x1.jpg 1w, https:\/\/www.lezum.com\/wp-content\/uploads\/2025\/12\/12E-1-10x4.jpg 10w\" sizes=\"(max-width: 1200px) 100vw, 1200px\" \/><\/h2>\n<p>&nbsp;<\/p>\n<h1><span style=\"color: #0b4cbd;\">&gt;&gt;Caract\u00e9ristiques et avantages<\/span><\/h1>\n<h2 style=\"text-align: left;\">Performances sup\u00e9rieures : provenant d'une cha\u00eene d'approvisionnement de premier plan \u00e0 l'\u00e9chelle mondiale<img decoding=\"async\" class=\"wp-image-1800 size-full aligncenter\" src=\"https:\/\/lezum.com\/wp-content\/uploads\/2025\/12\/1233.jpg\" alt=\"\" width=\"1200\" height=\"812\" srcset=\"https:\/\/www.lezum.com\/wp-content\/uploads\/2025\/12\/1233.jpg 1200w, https:\/\/www.lezum.com\/wp-content\/uploads\/2025\/12\/1233-500x338.jpg 500w, https:\/\/www.lezum.com\/wp-content\/uploads\/2025\/12\/1233-300x203.jpg 300w, https:\/\/www.lezum.com\/wp-content\/uploads\/2025\/12\/1233-768x520.jpg 768w, https:\/\/www.lezum.com\/wp-content\/uploads\/2025\/12\/1233-600x406.jpg 600w, https:\/\/www.lezum.com\/wp-content\/uploads\/2025\/12\/1233-1x1.jpg 1w, https:\/\/www.lezum.com\/wp-content\/uploads\/2025\/12\/1233-10x7.jpg 10w\" sizes=\"(max-width: 1200px) 100vw, 1200px\" \/><\/h2>\n<p>&nbsp;<\/p>\n<h1><span style=\"color: #0b4cbd;\">&gt;&gt;Param\u00e8tres<\/span><\/h1>\n<h2 style=\"text-align: center;\">Sp\u00e9cifications techniques d\u00e9taill\u00e9es<\/h2>\n<h4 style=\"text-align: center;\">Un r\u00e9sum\u00e9 des param\u00e8tres cl\u00e9s, pratique pour les concessionnaires qui souhaitent effectuer des comparaisons sur le march\u00e9 et les pr\u00e9senter \u00e0 leurs clients.<\/h4>\n<p>&nbsp;<\/p>\n<p style=\"text-align: left; padding-left: 40px;\"><span style=\"color: #000000;\">Marque\uff1a LEZUM<\/span><img decoding=\"async\" class=\"alignright wp-image-1791\" src=\"https:\/\/lezum.com\/wp-content\/uploads\/2025\/12\/\u5305\u7edc\u56fe\u4ea7\u54c1\u56fe_\u753b\u677f-1-\u526f\u672c-15.jpg\" alt=\"\" width=\"600\" height=\"269\" srcset=\"https:\/\/www.lezum.com\/wp-content\/uploads\/2025\/12\/\u5305\u7edc\u56fe\u4ea7\u54c1\u56fe_\u753b\u677f-1-\u526f\u672c-15.jpg 2500w, https:\/\/www.lezum.com\/wp-content\/uploads\/2025\/12\/\u5305\u7edc\u56fe\u4ea7\u54c1\u56fe_\u753b\u677f-1-\u526f\u672c-15-500x224.jpg 500w, https:\/\/www.lezum.com\/wp-content\/uploads\/2025\/12\/\u5305\u7edc\u56fe\u4ea7\u54c1\u56fe_\u753b\u677f-1-\u526f\u672c-15-1920x859.jpg 1920w, https:\/\/www.lezum.com\/wp-content\/uploads\/2025\/12\/\u5305\u7edc\u56fe\u4ea7\u54c1\u56fe_\u753b\u677f-1-\u526f\u672c-15-300x134.jpg 300w, https:\/\/www.lezum.com\/wp-content\/uploads\/2025\/12\/\u5305\u7edc\u56fe\u4ea7\u54c1\u56fe_\u753b\u677f-1-\u526f\u672c-15-768x344.jpg 768w, https:\/\/www.lezum.com\/wp-content\/uploads\/2025\/12\/\u5305\u7edc\u56fe\u4ea7\u54c1\u56fe_\u753b\u677f-1-\u526f\u672c-15-1536x688.jpg 1536w, https:\/\/www.lezum.com\/wp-content\/uploads\/2025\/12\/\u5305\u7edc\u56fe\u4ea7\u54c1\u56fe_\u753b\u677f-1-\u526f\u672c-15-2048x917.jpg 2048w, https:\/\/www.lezum.com\/wp-content\/uploads\/2025\/12\/\u5305\u7edc\u56fe\u4ea7\u54c1\u56fe_\u753b\u677f-1-\u526f\u672c-15-600x269.jpg 600w, https:\/\/www.lezum.com\/wp-content\/uploads\/2025\/12\/\u5305\u7edc\u56fe\u4ea7\u54c1\u56fe_\u753b\u677f-1-\u526f\u672c-15-1x1.jpg 1w, https:\/\/www.lezum.com\/wp-content\/uploads\/2025\/12\/\u5305\u7edc\u56fe\u4ea7\u54c1\u56fe_\u753b\u677f-1-\u526f\u672c-15-10x4.jpg 10w\" sizes=\"(max-width: 600px) 100vw, 600px\" \/><span style=\"color: #000000;\"><br \/>\nModel\uff1a DY12E<br \/>\nEngine Model\uff1a KUBOTA<br \/>\nMaximum horsepower (ps)\uff1a 11<br \/>\nMaximum power (Kw)\uff1a 8.2<br \/>\nVitesse maximale (tr\/min)\uff1a 3000<br \/>\nMachine working weight (kg)\uff1a 1200<br \/>\nMaximum digging height\uff08mm\uff09\uff1a 2604<br \/>\nMaximum digging radius (mm) \uff1a 2988<br \/>\nMaximum digging depth (mm) \uff1a 16715<\/span><\/p>\n<p>&nbsp;<\/p>\n<p>&nbsp;<\/p>\n<p>&nbsp;<\/p>\n<h1><\/h1>\n<h1 style=\"text-align: left;\"><span style=\"color: #0b4cbd;\">&gt;&gt;Humaniser<\/span><\/h1>\n<h2 style=\"text-align: center;\">Conception et maintenance centr\u00e9es sur l'homme<\/h2>\n<h4 style=\"text-align: left;\"><img loading=\"lazy\" decoding=\"async\" class=\"alignleft wp-image-1795\" src=\"https:\/\/lezum.com\/wp-content\/uploads\/2025\/12\/lll.jpg\" alt=\"\" width=\"861\" height=\"287\" srcset=\"https:\/\/www.lezum.com\/wp-content\/uploads\/2025\/12\/lll.jpg 900w, https:\/\/www.lezum.com\/wp-content\/uploads\/2025\/12\/lll-500x167.jpg 500w, https:\/\/www.lezum.com\/wp-content\/uploads\/2025\/12\/lll-300x100.jpg 300w, https:\/\/www.lezum.com\/wp-content\/uploads\/2025\/12\/lll-768x256.jpg 768w, https:\/\/www.lezum.com\/wp-content\/uploads\/2025\/12\/lll-600x200.jpg 600w, https:\/\/www.lezum.com\/wp-content\/uploads\/2025\/12\/lll-1x1.jpg 1w, https:\/\/www.lezum.com\/wp-content\/uploads\/2025\/12\/lll-10x3.jpg 10w\" sizes=\"(max-width: 861px) 100vw, 861px\" \/><\/h4>\n<h4><\/h4>\n<h4 style=\"text-align: left;\"><\/h4>\n<p>&nbsp;<\/p>\n<h4 style=\"text-align: left;\">Si\u00e8ges confortables, ergonomiques<\/h4>\n<h4 style=\"text-align: left;\">joysticks, et un syst\u00e8me centralis\u00e9 de<\/h4>\n<h4 style=\"text-align: left;\">points de maintenanceassurer<\/h4>\n<h4 style=\"text-align: left;\">confort de l'op\u00e9rateur pendant<\/h4>\n<h4 style=\"text-align: left;\">de longues heures de travail et<\/h4>\n<h4 style=\"text-align: left;\">r\u00e9duire consid\u00e9rablement la maintenance<\/h4>\n<h4 style=\"text-align: left;\">co\u00fbts.<\/h4>\n<p>&nbsp;<\/p>\n<p>&nbsp;<\/p>\n<h1><\/h1>\n<h1><span style=\"color: #0b4cbd;\">&gt;&gt;Sc\u00e9narios d'application multifonctionnelle<\/span><\/h1>\n<h2 style=\"text-align: center;\">Multi-functional:DY12E multifunctional solution<\/h2>\n<h4 style=\"text-align: center;\"><span style=\"color: #333333;\">Syst\u00e8me de fixation flexible<br \/>\n<\/span>Ses applications couvrent divers secteurs et domaines tels que l'agriculture, la construction, l'exploitation mini\u00e8re, l'agriculture, les ports, l'\u00e9limination des d\u00e9chets, les chemins de fer, la construction, la m\u00e9tallurgie et le traitement du bois, offrant des capacit\u00e9s de manutention et de chargement puissantes pour divers projets et op\u00e9rations d'ing\u00e9nierie.<\/h4>\n<h4 style=\"text-align: left;\"><img loading=\"lazy\" decoding=\"async\" class=\"wp-image-961 aligncenter\" src=\"https:\/\/lezum.com\/wp-content\/uploads\/2025\/12\/\u8f85\u5177-1.jpg\" alt=\"\" width=\"1200\" height=\"604\" srcset=\"https:\/\/www.lezum.com\/wp-content\/uploads\/2025\/12\/\u8f85\u5177-1.jpg 2430w, https:\/\/www.lezum.com\/wp-content\/uploads\/2025\/12\/\u8f85\u5177-1-300x151.jpg 300w, https:\/\/www.lezum.com\/wp-content\/uploads\/2025\/12\/\u8f85\u5177-1-1024x516.jpg 1024w, https:\/\/www.lezum.com\/wp-content\/uploads\/2025\/12\/\u8f85\u5177-1-768x387.jpg 768w, https:\/\/www.lezum.com\/wp-content\/uploads\/2025\/12\/\u8f85\u5177-1-1536x774.jpg 1536w, https:\/\/www.lezum.com\/wp-content\/uploads\/2025\/12\/\u8f85\u5177-1-2048x1032.jpg 2048w, https:\/\/www.lezum.com\/wp-content\/uploads\/2025\/12\/\u8f85\u5177-1-600x302.jpg 600w, https:\/\/www.lezum.com\/wp-content\/uploads\/2025\/12\/\u8f85\u5177-1-1x1.jpg 1w, https:\/\/www.lezum.com\/wp-content\/uploads\/2025\/12\/\u8f85\u5177-1-10x5.jpg 10w\" sizes=\"(max-width: 1200px) 100vw, 1200px\" \/><\/h4>\n<p>&nbsp;<\/p>\n<h1><span style=\"color: #0b4cbd;\">&gt;&gt;LEZUM vente directe \u00e0 l'usine<\/span><\/h1>\n<h2 style=\"text-align: center;\">Nous invitons cordialement les distributeurs du monde entier \u00e0 coop\u00e9rer.<\/h2>\n<h4 style=\"text-align: center; padding-left: 40px;\">En tant que fabricant chinois de premier plan de mini-machines de construction \u00e9lectriques intelligentes, LEZUM Group dispose d'une base de production moderne de plus de 50 000 m\u00e8tres carr\u00e9s, certifi\u00e9e par les normes internationales, notamment ISO 9001, CE et TUV. Nous nous engageons \u00e0 fournir \u00e0 nos partenaires internationaux les produits les plus fiables et les canaux d'approvisionnement les plus directs.<\/h4>\n<p><img loading=\"lazy\" decoding=\"async\" class=\"alignleft size-full wp-image-953\" src=\"https:\/\/lezum.com\/wp-content\/uploads\/2025\/12\/\u5de5\u5382\u62fc\u56fe-\u8be6\u60c5.jpg\" alt=\"\" width=\"900\" height=\"300\" srcset=\"https:\/\/www.lezum.com\/wp-content\/uploads\/2025\/12\/\u5de5\u5382\u62fc\u56fe-\u8be6\u60c5.jpg 900w, https:\/\/www.lezum.com\/wp-content\/uploads\/2025\/12\/\u5de5\u5382\u62fc\u56fe-\u8be6\u60c5-300x100.jpg 300w, https:\/\/www.lezum.com\/wp-content\/uploads\/2025\/12\/\u5de5\u5382\u62fc\u56fe-\u8be6\u60c5-768x256.jpg 768w, https:\/\/www.lezum.com\/wp-content\/uploads\/2025\/12\/\u5de5\u5382\u62fc\u56fe-\u8be6\u60c5-600x200.jpg 600w, https:\/\/www.lezum.com\/wp-content\/uploads\/2025\/12\/\u5de5\u5382\u62fc\u56fe-\u8be6\u60c5-1x1.jpg 1w, https:\/\/www.lezum.com\/wp-content\/uploads\/2025\/12\/\u5de5\u5382\u62fc\u56fe-\u8be6\u60c5-10x3.jpg 10w\" sizes=\"(max-width: 900px) 100vw, 900px\" \/><\/p>\n<p>&nbsp;<\/p>\n<h4 style=\"text-align: center; padding-left: 40px;\"><span style=\"color: #333333;\">L'avantage d'un distributeur exclusif<\/span><\/h4>\n<h4 style=\"text-align: left; padding-left: 40px;\">\u221a Prix de vente direct<\/h4>\n<p style=\"text-align: left; padding-left: 40px;\"><span style=\"color: #333333;\">\u00a0 \u00a0 \u00a0 Marge b\u00e9n\u00e9ficiaire maximale<\/span><span style=\"color: #333333;\"><br \/>\n<\/span><\/p>\n<h4 style=\"text-align: left; padding-left: 40px;\">\u221a Protection de la zone<\/h4>\n<p style=\"text-align: left; padding-left: 40px;\"><span style=\"color: #333333;\">\u00a0 \u00a0 \u00a0 Droits exclusifs sur le march\u00e9<\/span><\/p>\n<h4 style=\"text-align: left; padding-left: 40px;\">\u221a Garantie de 3 ans<\/h4>\n<p style=\"padding-left: 40px;\">Un service apr\u00e8s-vente \u00e0 la pointe de l'industrie<\/p>\n<p>&nbsp;<\/p>","protected":false},"excerpt":{"rendered":"<ul>\n<li>Prix comp\u00e9titif : Petites chargeuses sur pneus en vente directe d'usine | Recrutement de concessionnaires | Achats en une seule fois | Gamme compl\u00e8te de produits | Certifi\u00e9e CE\/EPA\/Euro 5 | Garantie d'usine<\/li>\n<\/ul>\n<ul>\n<li>\n<p class=\"body\" dir=\"auto\">E-Mail\uff1aservice@lezum.com<\/p>\n<\/li>\n<li>\n<p class=\"body\" dir=\"auto\">WhatsApp\uff1a+86 18101064115<\/p>\n<\/li>\n<\/ul>","protected":false},"featured_media":1783,"template":"","meta":[],"etheme_brands":[],"product_brand":[],"product_cat":[43],"product_tag":[],"class_list":{"0":"post-1781","1":"product","2":"type-product","3":"status-publish","4":"has-post-thumbnail","6":"product_cat-mini-excavators","8":"first","9":"instock","10":"shipping-taxable","11":"product-type-simple"},"_links":{"self":[{"href":"https:\/\/www.lezum.com\/fr\/wp-json\/wp\/v2\/product\/1781","targetHints":{"allow":["GET"]}}],"collection":[{"href":"https:\/\/www.lezum.com\/fr\/wp-json\/wp\/v2\/product"}],"about":[{"href":"https:\/\/www.lezum.com\/fr\/wp-json\/wp\/v2\/types\/product"}],"version-history":[{"count":8,"href":"https:\/\/www.lezum.com\/fr\/wp-json\/wp\/v2\/product\/1781\/revisions"}],"predecessor-version":[{"id":2411,"href":"https:\/\/www.lezum.com\/fr\/wp-json\/wp\/v2\/product\/1781\/revisions\/2411"}],"wp:featuredmedia":[{"embeddable":true,"href":"https:\/\/www.lezum.com\/fr\/wp-json\/wp\/v2\/media\/1783"}],"wp:attachment":[{"href":"https:\/\/www.lezum.com\/fr\/wp-json\/wp\/v2\/media?parent=1781"}],"wp:term":[{"taxonomy":"brand","embeddable":true,"href":"https:\/\/www.lezum.com\/fr\/wp-json\/wp\/v2\/etheme_brands?post=1781"},{"taxonomy":"product_brand","embeddable":true,"href":"https:\/\/www.lezum.com\/fr\/wp-json\/wp\/v2\/product_brand?post=1781"},{"taxonomy":"product_cat","embeddable":true,"href":"https:\/\/www.lezum.com\/fr\/wp-json\/wp\/v2\/product_cat?post=1781"},{"taxonomy":"product_tag","embeddable":true,"href":"https:\/\/www.lezum.com\/fr\/wp-json\/wp\/v2\/product_tag?post=1781"}],"curies":[{"name":"wp","href":"https:\/\/api.w.org\/{rel}","templated":true}]}}