{"id":2375,"date":"2025-12-31T05:58:24","date_gmt":"2025-12-31T05:58:24","guid":{"rendered":"https:\/\/www.lezum.com\/?post_type=product&#038;p=2375"},"modified":"2026-01-29T07:44:45","modified_gmt":"2026-01-29T07:44:45","slug":"lezum-dy18-kubota-engine-mini-excavator","status":"publish","type":"product","link":"https:\/\/www.lezum.com\/fr\/produit\/lezum-dy18-kubota-engine-mini-excavator\/","title":{"rendered":"LEZUM DY18 Kubota Engine Mini Excavator \u2013 Factory Direct Quality for Global Dealers"},"content":{"rendered":"<h1>&gt;&gt;Vue d'ensemble<\/h1>\n<h2 style=\"text-align: left;\">The LEZUM DY18 Kubota Engine Mini Excavator offers a 1693mm digging depth and is high lighted by its Low Total Cost of Ownership (TCO). The machine is designed for easy maintenance, with centralized service points and wide-opening panels significantly reducing maintenance time. Factory direct sales bring you the most competitive pricing.<\/h2>\n<h2><img fetchpriority=\"high\" decoding=\"async\" class=\"alignleft size-full wp-image-2371\" src=\"https:\/\/www.lezum.com\/wp-content\/uploads\/2025\/12\/5555.png\" alt=\"\" width=\"2185\" height=\"1024\" srcset=\"https:\/\/www.lezum.com\/wp-content\/uploads\/2025\/12\/5555.png 2185w, https:\/\/www.lezum.com\/wp-content\/uploads\/2025\/12\/5555-500x234.png 500w, https:\/\/www.lezum.com\/wp-content\/uploads\/2025\/12\/5555-1920x900.png 1920w, https:\/\/www.lezum.com\/wp-content\/uploads\/2025\/12\/5555-300x141.png 300w, https:\/\/www.lezum.com\/wp-content\/uploads\/2025\/12\/5555-768x360.png 768w, https:\/\/www.lezum.com\/wp-content\/uploads\/2025\/12\/5555-1536x720.png 1536w, https:\/\/www.lezum.com\/wp-content\/uploads\/2025\/12\/5555-2048x960.png 2048w, https:\/\/www.lezum.com\/wp-content\/uploads\/2025\/12\/5555-18x8.png 18w, https:\/\/www.lezum.com\/wp-content\/uploads\/2025\/12\/5555-600x281.png 600w, https:\/\/www.lezum.com\/wp-content\/uploads\/2025\/12\/5555-1x1.png 1w, https:\/\/www.lezum.com\/wp-content\/uploads\/2025\/12\/5555-10x5.png 10w\" sizes=\"(max-width: 2185px) 100vw, 2185px\" \/><\/h2>\n<h1>&gt;&gt;Caract\u00e9ristiques et avantages<\/h1>\n<h2 style=\"text-align: left;\">Performances sup\u00e9rieures : provenant d'une cha\u00eene d'approvisionnement de premier plan \u00e0 l'\u00e9chelle mondiale<img decoding=\"async\" class=\"size-full wp-image-2368 aligncenter\" src=\"https:\/\/www.lezum.com\/wp-content\/uploads\/2025\/12\/\u7ec6\u8282\u62fc\u56fe3.jpg\" alt=\"\" width=\"1200\" height=\"812\" srcset=\"https:\/\/www.lezum.com\/wp-content\/uploads\/2025\/12\/\u7ec6\u8282\u62fc\u56fe3.jpg 1200w, https:\/\/www.lezum.com\/wp-content\/uploads\/2025\/12\/\u7ec6\u8282\u62fc\u56fe3-500x338.jpg 500w, https:\/\/www.lezum.com\/wp-content\/uploads\/2025\/12\/\u7ec6\u8282\u62fc\u56fe3-300x203.jpg 300w, https:\/\/www.lezum.com\/wp-content\/uploads\/2025\/12\/\u7ec6\u8282\u62fc\u56fe3-768x520.jpg 768w, https:\/\/www.lezum.com\/wp-content\/uploads\/2025\/12\/\u7ec6\u8282\u62fc\u56fe3-18x12.jpg 18w, https:\/\/www.lezum.com\/wp-content\/uploads\/2025\/12\/\u7ec6\u8282\u62fc\u56fe3-600x406.jpg 600w, https:\/\/www.lezum.com\/wp-content\/uploads\/2025\/12\/\u7ec6\u8282\u62fc\u56fe3-1x1.jpg 1w, https:\/\/www.lezum.com\/wp-content\/uploads\/2025\/12\/\u7ec6\u8282\u62fc\u56fe3-10x7.jpg 10w\" sizes=\"(max-width: 1200px) 100vw, 1200px\" \/><\/h2>\n<h1>&gt;&gt;Param\u00e8tres<\/h1>\n<h2 style=\"text-align: center;\">Sp\u00e9cifications techniques d\u00e9taill\u00e9es<\/h2>\n<h4 style=\"text-align: center;\">Un r\u00e9sum\u00e9 des param\u00e8tres cl\u00e9s, pratique pour les concessionnaires qui souhaitent effectuer des comparaisons sur le march\u00e9 et les pr\u00e9senter \u00e0 leurs clients.<\/h4>\n<p style=\"text-align: left; padding-left: 40px;\"><span style=\"color: #000000;\">Marque\uff1a LEZUM<\/span><img decoding=\"async\" class=\"alignright\" src=\"https:\/\/lezum.com\/wp-content\/uploads\/2025\/12\/185-1024x458.jpg\" alt=\"\" width=\"600\" height=\"269\" \/><br \/>\n<span style=\"color: #000000;\">Model\uff1a DY18<\/span><br \/>\n<span style=\"color: #000000;\">Mod\u00e8le de moteur\uff1a Kubota<\/span><br \/>\n<span style=\"color: #000000;\">Maximum horsepower (ps)\uff1a 13.9<\/span><br \/>\n<span style=\"color: #000000;\">Maximum power (Kw)\uff1a 10.2<\/span><br \/>\n<span style=\"color: #000000;\">Maximum speed (rpm)\uff1a 2500<\/span><br \/>\n<span style=\"color: #000000;\">Displacement (L)\uff1a 1.5<\/span><br \/>\n<span style=\"color: #000000;\">Machine working weight (kg)\uff1a1400<\/span><br \/>\n<span style=\"color: #000000;\">Maximum digging height\uff08mm\uff09\uff1a 2560<\/span><br \/>\n<span style=\"color: #000000;\">Maximum digging radius (mm) \uff1a 3060<\/span><br \/>\n<span style=\"color: #000000;\">Maximum digging depth (mm) \uff1a 1693<\/span><br \/>\n<span style=\"color: #000000;\">Bucket capacity(m\u00b3)\uff1a 0.03<\/span><\/p>\n<h1 style=\"text-align: left;\">&gt;&gt;Humaniser<\/h1>\n<h2 style=\"text-align: center;\">Conception et maintenance centr\u00e9es sur l'homme<\/h2>\n<h4 style=\"text-align: left;\"><img loading=\"lazy\" decoding=\"async\" class=\"alignleft wp-image-2376\" src=\"https:\/\/www.lezum.com\/wp-content\/uploads\/2025\/12\/\u4eba\u6027\u5316-1.jpg\" alt=\"\" width=\"861\" height=\"287\" srcset=\"https:\/\/www.lezum.com\/wp-content\/uploads\/2025\/12\/\u4eba\u6027\u5316-1.jpg 900w, https:\/\/www.lezum.com\/wp-content\/uploads\/2025\/12\/\u4eba\u6027\u5316-1-500x167.jpg 500w, https:\/\/www.lezum.com\/wp-content\/uploads\/2025\/12\/\u4eba\u6027\u5316-1-300x100.jpg 300w, https:\/\/www.lezum.com\/wp-content\/uploads\/2025\/12\/\u4eba\u6027\u5316-1-768x256.jpg 768w, https:\/\/www.lezum.com\/wp-content\/uploads\/2025\/12\/\u4eba\u6027\u5316-1-18x6.jpg 18w, https:\/\/www.lezum.com\/wp-content\/uploads\/2025\/12\/\u4eba\u6027\u5316-1-600x200.jpg 600w, https:\/\/www.lezum.com\/wp-content\/uploads\/2025\/12\/\u4eba\u6027\u5316-1-1x1.jpg 1w, https:\/\/www.lezum.com\/wp-content\/uploads\/2025\/12\/\u4eba\u6027\u5316-1-10x3.jpg 10w\" sizes=\"(max-width: 861px) 100vw, 861px\" \/><\/h4>\n<h4><\/h4>\n<h4><\/h4>\n<h4 style=\"text-align: left;\">Si\u00e8ges confortables, ergonomiques<\/h4>\n<h4 style=\"text-align: left;\">joysticks, et un syst\u00e8me centralis\u00e9 de<\/h4>\n<h4 style=\"text-align: left;\">points de maintenanceassurer<\/h4>\n<h4 style=\"text-align: left;\">confort de l'op\u00e9rateur pendant<\/h4>\n<h4 style=\"text-align: left;\">de longues heures de travail et<\/h4>\n<h4 style=\"text-align: left;\">r\u00e9duire consid\u00e9rablement la maintenance<\/h4>\n<h4 style=\"text-align: left;\">co\u00fbts.<\/h4>\n<p>&nbsp;<\/p>\n<p>&nbsp;<\/p>\n<h1><\/h1>\n<h1>&gt;&gt;Sc\u00e9narios d'application multifonctionnelle<\/h1>\n<h2 style=\"text-align: center;\">Multi-functional:DY18 multifunctional solution<\/h2>\n<h4 style=\"text-align: center;\">Syst\u00e8me de fixation flexible<br \/>\nSes applications couvrent divers secteurs et domaines tels que l'agriculture, la construction, l'exploitation mini\u00e8re, l'agriculture, les ports, l'\u00e9limination des d\u00e9chets, les chemins de fer, la construction, la m\u00e9tallurgie et le traitement du bois, offrant des capacit\u00e9s de manutention et de chargement puissantes pour divers projets et op\u00e9rations d'ing\u00e9nierie.<\/h4>\n<h4 style=\"text-align: left;\"><img loading=\"lazy\" decoding=\"async\" src=\"https:\/\/lezum.com\/wp-content\/uploads\/2025\/12\/\u8f85\u5177-1.jpg\" alt=\"\" width=\"1200\" height=\"604\" \/><\/h4>\n<h1>&gt;&gt;LEZUM vente directe \u00e0 l'usine<\/h1>\n<h2 style=\"text-align: center;\">Nous invitons cordialement les distributeurs du monde entier \u00e0 coop\u00e9rer.<\/h2>\n<h4 style=\"text-align: center; padding-left: 40px;\">En tant que fabricant chinois de premier plan de mini-machines de construction \u00e9lectriques intelligentes, LEZUM Group dispose d'une base de production moderne de plus de 50 000 m\u00e8tres carr\u00e9s, certifi\u00e9e par les normes internationales, notamment ISO 9001, CE et TUV. Nous nous engageons \u00e0 fournir \u00e0 nos partenaires internationaux les produits les plus fiables et les canaux d'approvisionnement les plus directs.<\/h4>\n<p><img loading=\"lazy\" decoding=\"async\" class=\"alignleft wp-image-1735\" src=\"https:\/\/www.lezum.com\/wp-content\/uploads\/2025\/12\/\u62fc\u56fe.jpg\" alt=\"\" width=\"661\" height=\"224\" srcset=\"https:\/\/www.lezum.com\/wp-content\/uploads\/2025\/12\/\u62fc\u56fe.jpg 1920w, https:\/\/www.lezum.com\/wp-content\/uploads\/2025\/12\/\u62fc\u56fe-300x102.jpg 300w, https:\/\/www.lezum.com\/wp-content\/uploads\/2025\/12\/\u62fc\u56fe-1024x347.jpg 1024w, https:\/\/www.lezum.com\/wp-content\/uploads\/2025\/12\/\u62fc\u56fe-768x260.jpg 768w, https:\/\/www.lezum.com\/wp-content\/uploads\/2025\/12\/\u62fc\u56fe-1536x520.jpg 1536w, https:\/\/www.lezum.com\/wp-content\/uploads\/2025\/12\/\u62fc\u56fe-600x203.jpg 600w, https:\/\/www.lezum.com\/wp-content\/uploads\/2025\/12\/\u62fc\u56fe-1x1.jpg 1w, https:\/\/www.lezum.com\/wp-content\/uploads\/2025\/12\/\u62fc\u56fe-10x3.jpg 10w\" sizes=\"(max-width: 661px) 100vw, 661px\" \/>L'avantage d'un distributeur exclusif<\/p>\n<h4 style=\"text-align: left; padding-left: 40px;\">\u221a Prix de vente direct<\/h4>\n<p style=\"text-align: left; padding-left: 40px;\">\u00a0 \u00a0 \u00a0 Marge b\u00e9n\u00e9ficiaire maximale<\/p>\n<h4 style=\"text-align: left; padding-left: 40px;\">\u221a Protection de la zone<\/h4>\n<p style=\"text-align: left; padding-left: 40px;\">\u00a0 \u00a0 \u00a0 Droits exclusifs sur le march\u00e9<\/p>\n<h4 style=\"text-align: left; padding-left: 40px;\">\u221a Garantie de 3 ans<\/h4>\n<p style=\"padding-left: 40px;\">Un service apr\u00e8s-vente \u00e0 la pointe de l'industrie<\/p>","protected":false},"excerpt":{"rendered":"<ul dir=\"auto\" data-pm-slice=\"3 3 []\">\n<li>\n<p class=\"body\" dir=\"auto\">Competitive Price: Factory Direct Deseil Mini Excavator for Sale | Recruiting Dealers | One-stop Purchasing | Full Range of Products | CE\/EPA\/Euro 5 Certified | Factory Warranty<br \/>\nODM\/OEM\uff08Optional): Engine Brand: Kubota, 1.Optional: KOOP,Laidong, RATO<\/p>\n<\/li>\n<li>\n<p class=\"body\" dir=\"auto\">E-Mail\uff1aservice@lezum.com<\/p>\n<\/li>\n<li>\n<p class=\"body\" dir=\"auto\">WhatsApp\uff1a+8618101064115<\/p>\n<\/li>\n<\/ul>","protected":false},"featured_media":2383,"template":"","meta":[],"etheme_brands":[],"product_brand":[],"product_cat":[43],"product_tag":[],"class_list":{"0":"post-2375","1":"product","2":"type-product","3":"status-publish","4":"has-post-thumbnail","6":"product_cat-mini-excavators","8":"first","9":"instock","10":"shipping-taxable","11":"product-type-simple"},"_links":{"self":[{"href":"https:\/\/www.lezum.com\/fr\/wp-json\/wp\/v2\/product\/2375","targetHints":{"allow":["GET"]}}],"collection":[{"href":"https:\/\/www.lezum.com\/fr\/wp-json\/wp\/v2\/product"}],"about":[{"href":"https:\/\/www.lezum.com\/fr\/wp-json\/wp\/v2\/types\/product"}],"version-history":[{"count":17,"href":"https:\/\/www.lezum.com\/fr\/wp-json\/wp\/v2\/product\/2375\/revisions"}],"predecessor-version":[{"id":2863,"href":"https:\/\/www.lezum.com\/fr\/wp-json\/wp\/v2\/product\/2375\/revisions\/2863"}],"wp:featuredmedia":[{"embeddable":true,"href":"https:\/\/www.lezum.com\/fr\/wp-json\/wp\/v2\/media\/2383"}],"wp:attachment":[{"href":"https:\/\/www.lezum.com\/fr\/wp-json\/wp\/v2\/media?parent=2375"}],"wp:term":[{"taxonomy":"brand","embeddable":true,"href":"https:\/\/www.lezum.com\/fr\/wp-json\/wp\/v2\/etheme_brands?post=2375"},{"taxonomy":"product_brand","embeddable":true,"href":"https:\/\/www.lezum.com\/fr\/wp-json\/wp\/v2\/product_brand?post=2375"},{"taxonomy":"product_cat","embeddable":true,"href":"https:\/\/www.lezum.com\/fr\/wp-json\/wp\/v2\/product_cat?post=2375"},{"taxonomy":"product_tag","embeddable":true,"href":"https:\/\/www.lezum.com\/fr\/wp-json\/wp\/v2\/product_tag?post=2375"}],"curies":[{"name":"wp","href":"https:\/\/api.w.org\/{rel}","templated":true}]}}