{"id":1085,"date":"2025-12-08T03:06:51","date_gmt":"2025-12-08T03:06:51","guid":{"rendered":"https:\/\/lezum.com\/?post_type=product&#038;p=1085"},"modified":"2026-01-06T05:36:50","modified_gmt":"2026-01-06T05:36:50","slug":"lezum-nk22-ton-mini-excavators-kubota-engine","status":"publish","type":"product","link":"https:\/\/www.lezum.com\/it\/prodotto\/lezum-nk22-ton-mini-excavators-kubota-engine\/","title":{"rendered":"Miniescavatori LEZUM NK22 Ton - Motore Kubota"},"content":{"rendered":"<h1><span style=\"color: #0b4cbd;\">&gt;&gt;Panoramica<\/span><\/h1>\n<h2 style=\"text-align: center;\">Massimizzare la produttivit\u00e0: il miniescavatore con motore Kubota NK22 \u00e8 stato progettato per ottenere il pi\u00f9 basso costo totale di propriet\u00e0 (Tco).<\/h2>\n<h2><img fetchpriority=\"high\" decoding=\"async\" class=\"wp-image-1094 size-full aligncenter\" src=\"https:\/\/lezum.com\/wp-content\/uploads\/2025\/12\/2221.jpg\" alt=\"\" width=\"1200\" height=\"600\" srcset=\"https:\/\/www.lezum.com\/wp-content\/uploads\/2025\/12\/2221.jpg 1200w, https:\/\/www.lezum.com\/wp-content\/uploads\/2025\/12\/2221-300x150.jpg 300w, https:\/\/www.lezum.com\/wp-content\/uploads\/2025\/12\/2221-1024x512.jpg 1024w, https:\/\/www.lezum.com\/wp-content\/uploads\/2025\/12\/2221-768x384.jpg 768w, https:\/\/www.lezum.com\/wp-content\/uploads\/2025\/12\/2221-600x300.jpg 600w, https:\/\/www.lezum.com\/wp-content\/uploads\/2025\/12\/2221-1x1.jpg 1w, https:\/\/www.lezum.com\/wp-content\/uploads\/2025\/12\/2221-10x5.jpg 10w\" sizes=\"(max-width: 1200px) 100vw, 1200px\" \/><\/h2>\n<h1><span style=\"color: #0b4cbd;\">&gt;&gt;Caratteristiche e vantaggi<\/span><\/h1>\n<h2 style=\"text-align: left;\">Prestazioni superiori: provenienti da una catena di fornitura leader a livello mondiale<img decoding=\"async\" class=\"wp-image-1099 aligncenter\" src=\"https:\/\/lezum.com\/wp-content\/uploads\/2025\/12\/22-1.jpg\" alt=\"\" width=\"1200\" height=\"813\" srcset=\"https:\/\/www.lezum.com\/wp-content\/uploads\/2025\/12\/22-1.jpg 2500w, https:\/\/www.lezum.com\/wp-content\/uploads\/2025\/12\/22-1-300x203.jpg 300w, https:\/\/www.lezum.com\/wp-content\/uploads\/2025\/12\/22-1-1024x693.jpg 1024w, https:\/\/www.lezum.com\/wp-content\/uploads\/2025\/12\/22-1-768x520.jpg 768w, https:\/\/www.lezum.com\/wp-content\/uploads\/2025\/12\/22-1-1536x1040.jpg 1536w, https:\/\/www.lezum.com\/wp-content\/uploads\/2025\/12\/22-1-2048x1386.jpg 2048w, https:\/\/www.lezum.com\/wp-content\/uploads\/2025\/12\/22-1-600x406.jpg 600w, https:\/\/www.lezum.com\/wp-content\/uploads\/2025\/12\/22-1-1x1.jpg 1w, https:\/\/www.lezum.com\/wp-content\/uploads\/2025\/12\/22-1-10x7.jpg 10w\" sizes=\"(max-width: 1200px) 100vw, 1200px\" \/><\/h2>\n<h1><span style=\"color: #0b4cbd;\">&gt;&gt;Parametri<\/span><\/h1>\n<h2 style=\"text-align: center;\">Specifiche tecniche dettagliate<\/h2>\n<h4 style=\"text-align: center;\">Un riepilogo dei parametri chiave, comodo per i concessionari per effettuare confronti di mercato e presentarlo ai clienti.<\/h4>\n<p style=\"text-align: left;\"><span style=\"color: #333333;\">Marchio: LEZUM<\/span><br \/>\n<span style=\"color: #333333;\">Modello: NK22<\/span><br \/>\n<span style=\"color: #333333;\">Modello motore: Kubota<\/span><br \/>\n<span style=\"color: #333333;\">Potenza massima (ps)\uff1a 25<\/span><br \/>\n<span style=\"color: #333333;\">Potenza massima (Kw)\uff1a 18,2<\/span><br \/>\n<span style=\"color: #333333;\">Velocit\u00e0 massima (rpm)\uff1a 3000<\/span><br \/>\n<span style=\"color: #333333;\">Velocit\u00e0 di camminata (Km\/h)\uff1a 3,4<\/span><br \/>\n<span style=\"color: #333333;\">Peso di lavoro della macchina (kg)\uff1a 2100<\/span><br \/>\n<span style=\"color: #333333;\">Capacit\u00e0 della benna (m\u00b3)\uff1a 0,07<\/span><br \/>\n<span style=\"color: #333333;\">Altezza massima di scavo (mm)\uff1a 3427<\/span><br \/>\n<span style=\"color: #333333;\">Raggio massimo di scavo (mm) \uff1a 4390<\/span><br \/>\n<span style=\"color: #333333;\">Profondit\u00e0 massima di scavo (mm) \uff1a 2752<\/span><\/p>\n<h1 style=\"text-align: left;\"><span style=\"color: #0b4cbd;\">&gt;&gt;Umanizzare<\/span><\/h1>\n<h2 style=\"text-align: center;\">Progettazione e manutenzione incentrate sull'uomo<\/h2>\n<h4 style=\"text-align: left;\"><img decoding=\"async\" class=\"alignleft wp-image-1100\" src=\"https:\/\/lezum.com\/wp-content\/uploads\/2025\/12\/\u672a\u547d\u540d-2.jpg\" alt=\"\" width=\"861\" height=\"287\" srcset=\"https:\/\/www.lezum.com\/wp-content\/uploads\/2025\/12\/\u672a\u547d\u540d-2.jpg 900w, https:\/\/www.lezum.com\/wp-content\/uploads\/2025\/12\/\u672a\u547d\u540d-2-300x100.jpg 300w, https:\/\/www.lezum.com\/wp-content\/uploads\/2025\/12\/\u672a\u547d\u540d-2-768x256.jpg 768w, https:\/\/www.lezum.com\/wp-content\/uploads\/2025\/12\/\u672a\u547d\u540d-2-600x200.jpg 600w, https:\/\/www.lezum.com\/wp-content\/uploads\/2025\/12\/\u672a\u547d\u540d-2-1x1.jpg 1w, https:\/\/www.lezum.com\/wp-content\/uploads\/2025\/12\/\u672a\u547d\u540d-2-10x3.jpg 10w\" sizes=\"(max-width: 861px) 100vw, 861px\" \/><\/h4>\n<h4><\/h4>\n<h4 style=\"text-align: left;\"><\/h4>\n<p>&nbsp;<\/p>\n<h4 style=\"text-align: left;\">Sedili confortevoli, ergonomici<\/h4>\n<h4 style=\"text-align: left;\">joystick, e centralizzato<\/h4>\n<h4 style=\"text-align: left;\">punti di manutenzioneassicurare<\/h4>\n<h4 style=\"text-align: left;\">comfort dell'operatore durante<\/h4>\n<h4 style=\"text-align: left;\">lunghi orari di lavoro e<\/h4>\n<h4 style=\"text-align: left;\">ridurre significativamente la manutenzione<\/h4>\n<h4 style=\"text-align: left;\">costi.<\/h4>\n<h4 style=\"text-align: left;\"><\/h4>\n<p>&nbsp;<\/p>\n<p>&nbsp;<\/p>\n<h1><span style=\"color: #0b4cbd;\">&gt;&gt;Scenari applicativi multifunzionali<\/span><\/h1>\n<h2 style=\"text-align: center;\">Multifunzionale: soluzione multifunzionale NK22<\/h2>\n<h4 style=\"text-align: center;\"><span style=\"color: #333333;\">Sistema di attacchi flessibile<br \/>\n<\/span>Le sue applicazioni coprono vari settori e campi come l'agricoltura, l'edilizia, le miniere, l'agricoltura, i porti, lo smaltimento dei rifiuti, le ferrovie, l'edilizia, la metallurgia e la lavorazione del legno, fornendo potenti capacit\u00e0 di movimentazione e carico per vari progetti e operazioni di ingegneria.<\/h4>\n<h4 style=\"text-align: left;\"><img loading=\"lazy\" decoding=\"async\" class=\"wp-image-961 aligncenter\" src=\"https:\/\/lezum.com\/wp-content\/uploads\/2025\/12\/\u8f85\u5177-1.jpg\" alt=\"\" width=\"1200\" height=\"604\" srcset=\"https:\/\/www.lezum.com\/wp-content\/uploads\/2025\/12\/\u8f85\u5177-1.jpg 2430w, https:\/\/www.lezum.com\/wp-content\/uploads\/2025\/12\/\u8f85\u5177-1-300x151.jpg 300w, https:\/\/www.lezum.com\/wp-content\/uploads\/2025\/12\/\u8f85\u5177-1-1024x516.jpg 1024w, https:\/\/www.lezum.com\/wp-content\/uploads\/2025\/12\/\u8f85\u5177-1-768x387.jpg 768w, https:\/\/www.lezum.com\/wp-content\/uploads\/2025\/12\/\u8f85\u5177-1-1536x774.jpg 1536w, https:\/\/www.lezum.com\/wp-content\/uploads\/2025\/12\/\u8f85\u5177-1-2048x1032.jpg 2048w, https:\/\/www.lezum.com\/wp-content\/uploads\/2025\/12\/\u8f85\u5177-1-600x302.jpg 600w, https:\/\/www.lezum.com\/wp-content\/uploads\/2025\/12\/\u8f85\u5177-1-1x1.jpg 1w, https:\/\/www.lezum.com\/wp-content\/uploads\/2025\/12\/\u8f85\u5177-1-10x5.jpg 10w\" sizes=\"(max-width: 1200px) 100vw, 1200px\" \/><\/h4>\n<h1><span style=\"color: #0b4cbd;\">&gt;&gt;LEZUM vendite dirette in fabbrica<\/span><\/h1>\n<h2 style=\"text-align: center;\">Invitiamo cordialmente i distributori globali a collaborare<\/h2>\n<h4 style=\"text-align: center; padding-left: 40px;\">In qualit\u00e0 di produttore cinese leader di mini macchine edili elettriche intelligenti, il Gruppo LEZUM vanta una moderna base produttiva di oltre 50.000 metri quadrati, certificata da standard internazionali quali ISO 9001, CE e TUV. Ci impegniamo a fornire ai nostri partner globali i prodotti pi\u00f9 affidabili e i canali di fornitura pi\u00f9 diretti.<\/h4>\n<p><img loading=\"lazy\" decoding=\"async\" class=\"alignleft size-full wp-image-953\" src=\"https:\/\/lezum.com\/wp-content\/uploads\/2025\/12\/\u5de5\u5382\u62fc\u56fe-\u8be6\u60c5.jpg\" alt=\"\" width=\"900\" height=\"300\" srcset=\"https:\/\/www.lezum.com\/wp-content\/uploads\/2025\/12\/\u5de5\u5382\u62fc\u56fe-\u8be6\u60c5.jpg 900w, https:\/\/www.lezum.com\/wp-content\/uploads\/2025\/12\/\u5de5\u5382\u62fc\u56fe-\u8be6\u60c5-300x100.jpg 300w, https:\/\/www.lezum.com\/wp-content\/uploads\/2025\/12\/\u5de5\u5382\u62fc\u56fe-\u8be6\u60c5-768x256.jpg 768w, https:\/\/www.lezum.com\/wp-content\/uploads\/2025\/12\/\u5de5\u5382\u62fc\u56fe-\u8be6\u60c5-600x200.jpg 600w, https:\/\/www.lezum.com\/wp-content\/uploads\/2025\/12\/\u5de5\u5382\u62fc\u56fe-\u8be6\u60c5-1x1.jpg 1w, https:\/\/www.lezum.com\/wp-content\/uploads\/2025\/12\/\u5de5\u5382\u62fc\u56fe-\u8be6\u60c5-10x3.jpg 10w\" sizes=\"(max-width: 900px) 100vw, 900px\" \/><\/p>\n<p>&nbsp;<\/p>\n<h4 style=\"text-align: center;\"><span style=\"color: #333333;\">Vantaggio esclusivo del concessionario<\/span><\/h4>\n<h4 style=\"text-align: left;\">\u221a Prezzo di vendita diretto in fabbrica<\/h4>\n<p style=\"text-align: left;\"><span style=\"color: #333333;\">\u00a0 \u00a0 \u00a0 Margine di profitto massimo<\/span><span style=\"color: #333333;\"><br \/>\n<\/span><\/p>\n<h4 style=\"text-align: left;\">\u221a Protezione dell'area<\/h4>\n<p style=\"text-align: left;\"><span style=\"color: #333333;\">\u00a0 \u00a0 \u00a0 Diritti di mercato esclusivi<\/span><\/p>\n<h4 style=\"text-align: left;\">\u221a Garanzia di 3 anni<\/h4>\n<p>Assistenza post-vendita leader nel settore<\/p>\n<p>&nbsp;<\/p>","protected":false},"excerpt":{"rendered":"<ul dir=\"auto\" data-pm-slice=\"3 3 []\">\n<li>\n<p class=\"body\" dir=\"auto\">Prezzo competitivo: Piccola pala gommata diretta in fabbrica in vendita | Rivenditori di reclutamento | Acquisto in un'unica soluzione | Gamma completa di prodotti | Certificazione CE\/EPA\/Euro 5 | Garanzia di fabbrica<\/p>\n<p class=\"body\" dir=\"auto\">\n<\/li>\n<li>\n<p class=\"body\" dir=\"auto\">Posta elettronica: service@lezum.com<\/p>\n<\/li>\n<li>\n<p class=\"body\" dir=\"auto\">WhatsApp:+86 18101064115<\/p>\n<\/li>\n<\/ul>","protected":false},"featured_media":1496,"template":"","meta":[],"etheme_brands":[],"product_brand":[],"product_cat":[43],"product_tag":[],"class_list":{"0":"post-1085","1":"product","2":"type-product","3":"status-publish","4":"has-post-thumbnail","6":"product_cat-mini-excavators","8":"first","9":"instock","10":"shipping-taxable","11":"product-type-simple"},"_links":{"self":[{"href":"https:\/\/www.lezum.com\/it\/wp-json\/wp\/v2\/product\/1085","targetHints":{"allow":["GET"]}}],"collection":[{"href":"https:\/\/www.lezum.com\/it\/wp-json\/wp\/v2\/product"}],"about":[{"href":"https:\/\/www.lezum.com\/it\/wp-json\/wp\/v2\/types\/product"}],"version-history":[{"count":7,"href":"https:\/\/www.lezum.com\/it\/wp-json\/wp\/v2\/product\/1085\/revisions"}],"predecessor-version":[{"id":2438,"href":"https:\/\/www.lezum.com\/it\/wp-json\/wp\/v2\/product\/1085\/revisions\/2438"}],"wp:featuredmedia":[{"embeddable":true,"href":"https:\/\/www.lezum.com\/it\/wp-json\/wp\/v2\/media\/1496"}],"wp:attachment":[{"href":"https:\/\/www.lezum.com\/it\/wp-json\/wp\/v2\/media?parent=1085"}],"wp:term":[{"taxonomy":"brand","embeddable":true,"href":"https:\/\/www.lezum.com\/it\/wp-json\/wp\/v2\/etheme_brands?post=1085"},{"taxonomy":"product_brand","embeddable":true,"href":"https:\/\/www.lezum.com\/it\/wp-json\/wp\/v2\/product_brand?post=1085"},{"taxonomy":"product_cat","embeddable":true,"href":"https:\/\/www.lezum.com\/it\/wp-json\/wp\/v2\/product_cat?post=1085"},{"taxonomy":"product_tag","embeddable":true,"href":"https:\/\/www.lezum.com\/it\/wp-json\/wp\/v2\/product_tag?post=1085"}],"curies":[{"name":"wp","href":"https:\/\/api.w.org\/{rel}","templated":true}]}}