{"id":1126,"date":"2025-12-08T07:31:53","date_gmt":"2025-12-08T07:31:53","guid":{"rendered":"https:\/\/lezum.com\/?post_type=product&#038;p=1126"},"modified":"2026-01-06T05:34:16","modified_gmt":"2026-01-06T05:34:16","slug":"lezum-nk80-yanmar-engine-small-excavator","status":"publish","type":"product","link":"https:\/\/www.lezum.com\/it\/prodotto\/lezum-nk80-yanmar-engine-small-excavator\/","title":{"rendered":"LEZUM NK80 Motore Yanmar Piccolo Escavatore"},"content":{"rendered":"<h1><span style=\"color: #0b4cbd;\">&gt;&gt;Panoramica<\/span><\/h1>\n<h2 style=\"text-align: center;\">Massimizzare la produttivit\u00e0: il miniescavatore LEZUM NK80 con motore Yanmar \u00e8 stato progettato per ottenere il minor costo totale di propriet\u00e0 (Tco).<\/h2>\n<h2><img fetchpriority=\"high\" decoding=\"async\" class=\"wp-image-1132 size-full aligncenter\" src=\"https:\/\/lezum.com\/wp-content\/uploads\/2025\/12\/photobank-41-1.jpg\" alt=\"\" width=\"1200\" height=\"600\" srcset=\"https:\/\/www.lezum.com\/wp-content\/uploads\/2025\/12\/photobank-41-1.jpg 1200w, https:\/\/www.lezum.com\/wp-content\/uploads\/2025\/12\/photobank-41-1-300x150.jpg 300w, https:\/\/www.lezum.com\/wp-content\/uploads\/2025\/12\/photobank-41-1-1024x512.jpg 1024w, https:\/\/www.lezum.com\/wp-content\/uploads\/2025\/12\/photobank-41-1-768x384.jpg 768w, https:\/\/www.lezum.com\/wp-content\/uploads\/2025\/12\/photobank-41-1-600x300.jpg 600w, https:\/\/www.lezum.com\/wp-content\/uploads\/2025\/12\/photobank-41-1-1x1.jpg 1w, https:\/\/www.lezum.com\/wp-content\/uploads\/2025\/12\/photobank-41-1-10x5.jpg 10w\" sizes=\"(max-width: 1200px) 100vw, 1200px\" \/><\/h2>\n<h1><span style=\"color: #0b4cbd;\">&gt;&gt;Caratteristiche e vantaggi<\/span><\/h1>\n<h2 style=\"text-align: left;\">Prestazioni superiori: provenienti da una catena di fornitura leader a livello mondiale<img decoding=\"async\" class=\"wp-image-1129 aligncenter\" src=\"https:\/\/lezum.com\/wp-content\/uploads\/2025\/12\/70.jpg\" alt=\"\" width=\"1200\" height=\"813\" srcset=\"https:\/\/www.lezum.com\/wp-content\/uploads\/2025\/12\/70.jpg 2500w, https:\/\/www.lezum.com\/wp-content\/uploads\/2025\/12\/70-300x203.jpg 300w, https:\/\/www.lezum.com\/wp-content\/uploads\/2025\/12\/70-1024x693.jpg 1024w, https:\/\/www.lezum.com\/wp-content\/uploads\/2025\/12\/70-768x520.jpg 768w, https:\/\/www.lezum.com\/wp-content\/uploads\/2025\/12\/70-1536x1040.jpg 1536w, https:\/\/www.lezum.com\/wp-content\/uploads\/2025\/12\/70-2048x1386.jpg 2048w, https:\/\/www.lezum.com\/wp-content\/uploads\/2025\/12\/70-600x406.jpg 600w, https:\/\/www.lezum.com\/wp-content\/uploads\/2025\/12\/70-1x1.jpg 1w, https:\/\/www.lezum.com\/wp-content\/uploads\/2025\/12\/70-10x7.jpg 10w\" sizes=\"(max-width: 1200px) 100vw, 1200px\" \/><\/h2>\n<h1><span style=\"color: #0b4cbd;\">&gt;&gt;Parametri<\/span><\/h1>\n<h2 style=\"text-align: center;\">Specifiche tecniche dettagliate<\/h2>\n<h4 style=\"text-align: center;\">Un riepilogo dei parametri chiave, comodo per i concessionari per effettuare confronti di mercato e presentarlo ai clienti.<\/h4>\n<p style=\"text-align: left;\">Marchio: LEZUM<br \/>\nModello: NK80<br \/>\nModello motore: Yanmar\/Kubota<br \/>\nPotenza massima (Kw)\uff1a 36,3KW\/42,5KW<br \/>\nVelocit\u00e0 di rotazione (r\/min)\uff1a 12<br \/>\nRaggio di oscillazione del corpo (mm)\uff1a 1180<br \/>\nVelocit\u00e0 di camminata (Km\/h)\uff1a 4,2\/2,2<br \/>\nPeso di lavoro della macchina (kg)\uff1a 6600<br \/>\nCapacit\u00e0 della benna (m\u00b3)\uff1a 0,23<br \/>\nAltezza massima di scavo (mm)\uff1a 5157<br \/>\nRaggio massimo di scavo (mm) \uff1a 6044<br \/>\nProfondit\u00e0 massima di scavo (mm) \uff1a 3506<\/p>\n<h1 style=\"text-align: left;\"><span style=\"color: #0b4cbd;\">&gt;&gt;Umanizzare<\/span><\/h1>\n<h2 style=\"text-align: center;\">Progettazione e manutenzione incentrate sull'uomo<\/h2>\n<h4 style=\"text-align: left;\"><img decoding=\"async\" class=\"alignleft wp-image-1127 size-full\" src=\"https:\/\/lezum.com\/wp-content\/uploads\/2025\/12\/\u672a\u547d\u540d-5.jpg\" alt=\"\" width=\"900\" height=\"300\" srcset=\"https:\/\/www.lezum.com\/wp-content\/uploads\/2025\/12\/\u672a\u547d\u540d-5.jpg 900w, https:\/\/www.lezum.com\/wp-content\/uploads\/2025\/12\/\u672a\u547d\u540d-5-300x100.jpg 300w, https:\/\/www.lezum.com\/wp-content\/uploads\/2025\/12\/\u672a\u547d\u540d-5-768x256.jpg 768w, https:\/\/www.lezum.com\/wp-content\/uploads\/2025\/12\/\u672a\u547d\u540d-5-600x200.jpg 600w, https:\/\/www.lezum.com\/wp-content\/uploads\/2025\/12\/\u672a\u547d\u540d-5-1x1.jpg 1w, https:\/\/www.lezum.com\/wp-content\/uploads\/2025\/12\/\u672a\u547d\u540d-5-10x3.jpg 10w\" sizes=\"(max-width: 900px) 100vw, 900px\" \/><\/h4>\n<h4><\/h4>\n<h4 style=\"text-align: left;\"><\/h4>\n<p>&nbsp;<\/p>\n<h4 style=\"text-align: left;\">Sedili confortevoli, ergonomici<\/h4>\n<h4 style=\"text-align: left;\">joystick, e centralizzato<\/h4>\n<h4 style=\"text-align: left;\">punti di manutenzioneassicurare<\/h4>\n<h4 style=\"text-align: left;\">comfort dell'operatore durante<\/h4>\n<h4 style=\"text-align: left;\">lunghi orari di lavoro e<\/h4>\n<h4 style=\"text-align: left;\">ridurre significativamente la manutenzione<\/h4>\n<h4 style=\"text-align: left;\">costi.<\/h4>\n<h4 style=\"text-align: left;\"><\/h4>\n<p>&nbsp;<\/p>\n<p>&nbsp;<\/p>\n<h1><span style=\"color: #0b4cbd;\">&gt;&gt;Scenari applicativi multifunzionali<\/span><\/h1>\n<h2 style=\"text-align: center;\">Multifunzionale: soluzione multifunzionale NK80<\/h2>\n<h4 style=\"text-align: center;\"><span style=\"color: #333333;\">Sistema di attacchi flessibile<br \/>\n<\/span>Le sue applicazioni coprono vari settori e campi come l'agricoltura, l'edilizia, le miniere, l'agricoltura, i porti, lo smaltimento dei rifiuti, le ferrovie, l'edilizia, la metallurgia e la lavorazione del legno, fornendo potenti capacit\u00e0 di movimentazione e carico per vari progetti e operazioni di ingegneria.<\/h4>\n<h4 style=\"text-align: left;\"><img loading=\"lazy\" decoding=\"async\" class=\"wp-image-961 aligncenter\" src=\"https:\/\/lezum.com\/wp-content\/uploads\/2025\/12\/\u8f85\u5177-1.jpg\" alt=\"\" width=\"1200\" height=\"604\" srcset=\"https:\/\/www.lezum.com\/wp-content\/uploads\/2025\/12\/\u8f85\u5177-1.jpg 2430w, https:\/\/www.lezum.com\/wp-content\/uploads\/2025\/12\/\u8f85\u5177-1-300x151.jpg 300w, https:\/\/www.lezum.com\/wp-content\/uploads\/2025\/12\/\u8f85\u5177-1-1024x516.jpg 1024w, https:\/\/www.lezum.com\/wp-content\/uploads\/2025\/12\/\u8f85\u5177-1-768x387.jpg 768w, https:\/\/www.lezum.com\/wp-content\/uploads\/2025\/12\/\u8f85\u5177-1-1536x774.jpg 1536w, https:\/\/www.lezum.com\/wp-content\/uploads\/2025\/12\/\u8f85\u5177-1-2048x1032.jpg 2048w, https:\/\/www.lezum.com\/wp-content\/uploads\/2025\/12\/\u8f85\u5177-1-600x302.jpg 600w, https:\/\/www.lezum.com\/wp-content\/uploads\/2025\/12\/\u8f85\u5177-1-1x1.jpg 1w, https:\/\/www.lezum.com\/wp-content\/uploads\/2025\/12\/\u8f85\u5177-1-10x5.jpg 10w\" sizes=\"(max-width: 1200px) 100vw, 1200px\" \/><\/h4>\n<h1><span style=\"color: #0b4cbd;\">&gt;&gt;LEZUM vendite dirette in fabbrica<\/span><\/h1>\n<h2 style=\"text-align: center;\">Invitiamo cordialmente i distributori globali a collaborare<\/h2>\n<h4 style=\"text-align: center; padding-left: 40px;\">In qualit\u00e0 di produttore cinese leader di mini macchine edili elettriche intelligenti, il Gruppo LEZUM vanta una moderna base produttiva di oltre 50.000 metri quadrati, certificata da standard internazionali quali ISO 9001, CE e TUV. Ci impegniamo a fornire ai nostri partner globali i prodotti pi\u00f9 affidabili e i canali di fornitura pi\u00f9 diretti.<\/h4>\n<p><img loading=\"lazy\" decoding=\"async\" class=\"alignleft size-full wp-image-953\" src=\"https:\/\/lezum.com\/wp-content\/uploads\/2025\/12\/\u5de5\u5382\u62fc\u56fe-\u8be6\u60c5.jpg\" alt=\"\" width=\"900\" height=\"300\" srcset=\"https:\/\/www.lezum.com\/wp-content\/uploads\/2025\/12\/\u5de5\u5382\u62fc\u56fe-\u8be6\u60c5.jpg 900w, https:\/\/www.lezum.com\/wp-content\/uploads\/2025\/12\/\u5de5\u5382\u62fc\u56fe-\u8be6\u60c5-300x100.jpg 300w, https:\/\/www.lezum.com\/wp-content\/uploads\/2025\/12\/\u5de5\u5382\u62fc\u56fe-\u8be6\u60c5-768x256.jpg 768w, https:\/\/www.lezum.com\/wp-content\/uploads\/2025\/12\/\u5de5\u5382\u62fc\u56fe-\u8be6\u60c5-600x200.jpg 600w, https:\/\/www.lezum.com\/wp-content\/uploads\/2025\/12\/\u5de5\u5382\u62fc\u56fe-\u8be6\u60c5-1x1.jpg 1w, https:\/\/www.lezum.com\/wp-content\/uploads\/2025\/12\/\u5de5\u5382\u62fc\u56fe-\u8be6\u60c5-10x3.jpg 10w\" sizes=\"(max-width: 900px) 100vw, 900px\" \/><\/p>\n<p>&nbsp;<\/p>\n<h4 style=\"text-align: center;\"><span style=\"color: #333333;\">Vantaggio esclusivo del concessionario<\/span><\/h4>\n<h4 style=\"text-align: left;\">\u221a Prezzo di vendita diretto in fabbrica<\/h4>\n<p style=\"text-align: left;\"><span style=\"color: #333333;\">\u00a0 \u00a0 \u00a0 Margine di profitto massimo<\/span><span style=\"color: #333333;\"><br \/>\n<\/span><\/p>\n<h4 style=\"text-align: left;\">\u221a Protezione dell'area<\/h4>\n<p style=\"text-align: left;\"><span style=\"color: #333333;\">\u00a0 \u00a0 \u00a0 Diritti di mercato esclusivi<\/span><\/p>\n<h4 style=\"text-align: left;\">\u221a Garanzia di 3 anni<\/h4>\n<p>Assistenza post-vendita leader nel settore<\/p>\n<p>&nbsp;<\/p>","protected":false},"excerpt":{"rendered":"<ul dir=\"auto\" data-pm-slice=\"3 3 []\">\n<li>\n<p class=\"body\" dir=\"auto\">Prezzo competitivo: Piccola pala gommata diretta in fabbrica in vendita | Rivenditori di reclutamento | Acquisto in un'unica soluzione | Gamma completa di prodotti | Certificazione CE\/EPA\/Euro 5 | Garanzia di fabbrica<\/p>\n<p class=\"body\" dir=\"auto\">\n<\/li>\n<li>\n<p class=\"body\" dir=\"auto\">Posta elettronica: service@lezum.com<\/p>\n<\/li>\n<li>\n<p class=\"body\" dir=\"auto\">WhatsApp:+86 18101064115<\/p>\n<\/li>\n<\/ul>","protected":false},"featured_media":1498,"template":"","meta":[],"etheme_brands":[],"product_brand":[],"product_cat":[43],"product_tag":[],"class_list":{"0":"post-1126","1":"product","2":"type-product","3":"status-publish","4":"has-post-thumbnail","6":"product_cat-mini-excavators","8":"first","9":"instock","10":"shipping-taxable","11":"product-type-simple"},"_links":{"self":[{"href":"https:\/\/www.lezum.com\/it\/wp-json\/wp\/v2\/product\/1126","targetHints":{"allow":["GET"]}}],"collection":[{"href":"https:\/\/www.lezum.com\/it\/wp-json\/wp\/v2\/product"}],"about":[{"href":"https:\/\/www.lezum.com\/it\/wp-json\/wp\/v2\/types\/product"}],"version-history":[{"count":4,"href":"https:\/\/www.lezum.com\/it\/wp-json\/wp\/v2\/product\/1126\/revisions"}],"predecessor-version":[{"id":2435,"href":"https:\/\/www.lezum.com\/it\/wp-json\/wp\/v2\/product\/1126\/revisions\/2435"}],"wp:featuredmedia":[{"embeddable":true,"href":"https:\/\/www.lezum.com\/it\/wp-json\/wp\/v2\/media\/1498"}],"wp:attachment":[{"href":"https:\/\/www.lezum.com\/it\/wp-json\/wp\/v2\/media?parent=1126"}],"wp:term":[{"taxonomy":"brand","embeddable":true,"href":"https:\/\/www.lezum.com\/it\/wp-json\/wp\/v2\/etheme_brands?post=1126"},{"taxonomy":"product_brand","embeddable":true,"href":"https:\/\/www.lezum.com\/it\/wp-json\/wp\/v2\/product_brand?post=1126"},{"taxonomy":"product_cat","embeddable":true,"href":"https:\/\/www.lezum.com\/it\/wp-json\/wp\/v2\/product_cat?post=1126"},{"taxonomy":"product_tag","embeddable":true,"href":"https:\/\/www.lezum.com\/it\/wp-json\/wp\/v2\/product_tag?post=1126"}],"curies":[{"name":"wp","href":"https:\/\/api.w.org\/{rel}","templated":true}]}}