{"id":1137,"date":"2025-12-08T08:01:33","date_gmt":"2025-12-08T08:01:33","guid":{"rendered":"https:\/\/lezum.com\/?post_type=product&#038;p=1137"},"modified":"2026-01-06T05:33:31","modified_gmt":"2026-01-06T05:33:31","slug":"lezum-dy10-1-0t-compact-excavator","status":"publish","type":"product","link":"https:\/\/www.lezum.com\/it\/prodotto\/lezum-dy10-1-0t-compact-excavator\/","title":{"rendered":"Escavatore compatto LEZUM DY10 1.0T"},"content":{"rendered":"<h1><span style=\"color: #0b4cbd;\">&gt;&gt;Panoramica<\/span><\/h1>\n<h2 style=\"text-align: left;\">L'escavatore compatto LEZUM DY10 1.0T vanta una profondit\u00e0 di scavo di 1671 mm e un sottocarro variabile, che migliora notevolmente la manovrabilit\u00e0 mantenendo la stabilit\u00e0. Questo modello \u00e8 la scelta migliore per le societ\u00e0 di noleggio e gli appaltatori residenziali, combinando prestazioni potenti con un controllo superiore per ridurre efficacemente i costi operativi. Siamo lieti di essere il nostro concessionario regionale e di godere di diritti di fornitura esclusivi.<\/h2>\n<h2><img fetchpriority=\"high\" decoding=\"async\" class=\"wp-image-1138 aligncenter\" src=\"https:\/\/lezum.com\/wp-content\/uploads\/2025\/12\/103.jpg\" alt=\"\" width=\"1202\" height=\"601\" srcset=\"https:\/\/www.lezum.com\/wp-content\/uploads\/2025\/12\/103.jpg 1200w, https:\/\/www.lezum.com\/wp-content\/uploads\/2025\/12\/103-300x150.jpg 300w, https:\/\/www.lezum.com\/wp-content\/uploads\/2025\/12\/103-1024x512.jpg 1024w, https:\/\/www.lezum.com\/wp-content\/uploads\/2025\/12\/103-768x384.jpg 768w, https:\/\/www.lezum.com\/wp-content\/uploads\/2025\/12\/103-600x300.jpg 600w, https:\/\/www.lezum.com\/wp-content\/uploads\/2025\/12\/103-1x1.jpg 1w, https:\/\/www.lezum.com\/wp-content\/uploads\/2025\/12\/103-10x5.jpg 10w\" sizes=\"(max-width: 1202px) 100vw, 1202px\" \/><\/h2>\n<h1><span style=\"color: #0b4cbd;\">&gt;&gt;Caratteristiche e vantaggi<\/span><\/h1>\n<h2 style=\"text-align: left;\">Prestazioni superiori: provenienti da una catena di fornitura leader a livello mondiale<img decoding=\"async\" class=\"wp-image-1204 aligncenter\" src=\"https:\/\/lezum.com\/wp-content\/uploads\/2025\/12\/\u672a\u6807\u9898-1_\u753b\u677f-1-\u526f\u672c-11.jpg\" alt=\"\" width=\"1200\" height=\"812\" srcset=\"https:\/\/www.lezum.com\/wp-content\/uploads\/2025\/12\/\u672a\u6807\u9898-1_\u753b\u677f-1-\u526f\u672c-11.jpg 2500w, https:\/\/www.lezum.com\/wp-content\/uploads\/2025\/12\/\u672a\u6807\u9898-1_\u753b\u677f-1-\u526f\u672c-11-300x203.jpg 300w, https:\/\/www.lezum.com\/wp-content\/uploads\/2025\/12\/\u672a\u6807\u9898-1_\u753b\u677f-1-\u526f\u672c-11-1024x693.jpg 1024w, https:\/\/www.lezum.com\/wp-content\/uploads\/2025\/12\/\u672a\u6807\u9898-1_\u753b\u677f-1-\u526f\u672c-11-768x520.jpg 768w, https:\/\/www.lezum.com\/wp-content\/uploads\/2025\/12\/\u672a\u6807\u9898-1_\u753b\u677f-1-\u526f\u672c-11-1536x1040.jpg 1536w, https:\/\/www.lezum.com\/wp-content\/uploads\/2025\/12\/\u672a\u6807\u9898-1_\u753b\u677f-1-\u526f\u672c-11-2048x1386.jpg 2048w, https:\/\/www.lezum.com\/wp-content\/uploads\/2025\/12\/\u672a\u6807\u9898-1_\u753b\u677f-1-\u526f\u672c-11-600x406.jpg 600w, https:\/\/www.lezum.com\/wp-content\/uploads\/2025\/12\/\u672a\u6807\u9898-1_\u753b\u677f-1-\u526f\u672c-11-1x1.jpg 1w, https:\/\/www.lezum.com\/wp-content\/uploads\/2025\/12\/\u672a\u6807\u9898-1_\u753b\u677f-1-\u526f\u672c-11-10x7.jpg 10w\" sizes=\"(max-width: 1200px) 100vw, 1200px\" \/><\/h2>\n<h1><span style=\"color: #0b4cbd;\">&gt;&gt;Parametri<\/span><\/h1>\n<h2 style=\"text-align: center;\">Specifiche tecniche dettagliate<\/h2>\n<h4 style=\"text-align: center;\">Un riepilogo dei parametri chiave, comodo per i concessionari per effettuare confronti di mercato e presentarlo ai clienti.<\/h4>\n<p>&nbsp;<\/p>\n<p style=\"text-align: left; padding-left: 40px;\"><span style=\"color: #000000;\">Marchio: LEZUM<\/span><img decoding=\"async\" class=\"alignright wp-image-1157\" src=\"https:\/\/lezum.com\/wp-content\/uploads\/2025\/12\/\u5305\u7edc\u56fe\u4ea7\u54c1\u56fe_\u753b\u677f-1-\u526f\u672c-1024x458.jpg\" alt=\"\" width=\"600\" height=\"269\" srcset=\"https:\/\/www.lezum.com\/wp-content\/uploads\/2025\/12\/\u5305\u7edc\u56fe\u4ea7\u54c1\u56fe_\u753b\u677f-1-\u526f\u672c-1024x458.jpg 1024w, https:\/\/www.lezum.com\/wp-content\/uploads\/2025\/12\/\u5305\u7edc\u56fe\u4ea7\u54c1\u56fe_\u753b\u677f-1-\u526f\u672c-300x134.jpg 300w, https:\/\/www.lezum.com\/wp-content\/uploads\/2025\/12\/\u5305\u7edc\u56fe\u4ea7\u54c1\u56fe_\u753b\u677f-1-\u526f\u672c-768x344.jpg 768w, https:\/\/www.lezum.com\/wp-content\/uploads\/2025\/12\/\u5305\u7edc\u56fe\u4ea7\u54c1\u56fe_\u753b\u677f-1-\u526f\u672c-1536x688.jpg 1536w, https:\/\/www.lezum.com\/wp-content\/uploads\/2025\/12\/\u5305\u7edc\u56fe\u4ea7\u54c1\u56fe_\u753b\u677f-1-\u526f\u672c-2048x917.jpg 2048w, https:\/\/www.lezum.com\/wp-content\/uploads\/2025\/12\/\u5305\u7edc\u56fe\u4ea7\u54c1\u56fe_\u753b\u677f-1-\u526f\u672c-600x269.jpg 600w, https:\/\/www.lezum.com\/wp-content\/uploads\/2025\/12\/\u5305\u7edc\u56fe\u4ea7\u54c1\u56fe_\u753b\u677f-1-\u526f\u672c-1x1.jpg 1w, https:\/\/www.lezum.com\/wp-content\/uploads\/2025\/12\/\u5305\u7edc\u56fe\u4ea7\u54c1\u56fe_\u753b\u677f-1-\u526f\u672c-10x4.jpg 10w\" sizes=\"(max-width: 600px) 100vw, 600px\" \/><br \/>\n<span style=\"color: #000000;\">Modello: DY10<\/span><br \/>\n<span style=\"color: #000000;\">Modello motore: RATO<\/span><br \/>\n<span style=\"color: #000000;\">Potenza massima (ps)\uff1a 11,7<\/span><br \/>\n<span style=\"color: #000000;\">Potenza massima (Kw)\uff1a 8,6<\/span><br \/>\n<span style=\"color: #000000;\">Velocit\u00e0 massima (rpm)\uff1a 3060<\/span><br \/>\n<span style=\"color: #000000;\">Spostamento (L)\uff1a 0,479<\/span><br \/>\n<span style=\"color: #000000;\">Peso di lavoro della macchina (kg)\uff1a1000<\/span><br \/>\n<span style=\"color: #000000;\">Altezza massima di scavo\uff08mm\uff09\uff1a 2240<\/span><br \/>\n<span style=\"color: #000000;\">Raggio massimo di scavo (mm) \uff1a 2500<\/span><br \/>\n<span style=\"color: #000000;\">Profondit\u00e0 massima di scavo (mm) \uff1a 1550<\/span><br \/>\n<span style=\"color: #000000;\">Forza massima di scavo della benna (Kg) \uff1a 800<\/span><\/p>\n<h1 style=\"text-align: left;\"><span style=\"color: #0b4cbd;\"><br \/>\n&gt;&gt;Umanizzare<\/span><\/h1>\n<h2 style=\"text-align: center;\">Progettazione e manutenzione incentrate sull'uomo<\/h2>\n<h4 style=\"text-align: left;\"><img loading=\"lazy\" decoding=\"async\" class=\"alignleft wp-image-1140\" src=\"https:\/\/lezum.com\/wp-content\/uploads\/2025\/12\/\u4eba\u6027\u5316.jpg\" alt=\"\" width=\"861\" height=\"287\" srcset=\"https:\/\/www.lezum.com\/wp-content\/uploads\/2025\/12\/\u4eba\u6027\u5316.jpg 900w, https:\/\/www.lezum.com\/wp-content\/uploads\/2025\/12\/\u4eba\u6027\u5316-300x100.jpg 300w, https:\/\/www.lezum.com\/wp-content\/uploads\/2025\/12\/\u4eba\u6027\u5316-768x256.jpg 768w, https:\/\/www.lezum.com\/wp-content\/uploads\/2025\/12\/\u4eba\u6027\u5316-600x200.jpg 600w, https:\/\/www.lezum.com\/wp-content\/uploads\/2025\/12\/\u4eba\u6027\u5316-1x1.jpg 1w, https:\/\/www.lezum.com\/wp-content\/uploads\/2025\/12\/\u4eba\u6027\u5316-10x3.jpg 10w\" sizes=\"(max-width: 861px) 100vw, 861px\" \/><\/h4>\n<h4><\/h4>\n<h4 style=\"text-align: left;\"><\/h4>\n<p>&nbsp;<\/p>\n<h4 style=\"text-align: left;\">Sedili confortevoli, ergonomici<\/h4>\n<h4 style=\"text-align: left;\">joystick, e centralizzato<\/h4>\n<h4 style=\"text-align: left;\">punti di manutenzioneassicurare<\/h4>\n<h4 style=\"text-align: left;\">comfort dell'operatore durante<\/h4>\n<h4 style=\"text-align: left;\">lunghi orari di lavoro e<\/h4>\n<h4 style=\"text-align: left;\">ridurre significativamente la manutenzione<\/h4>\n<h4 style=\"text-align: left;\">costi.<\/h4>\n<p>&nbsp;<\/p>\n<h1><\/h1>\n<h1><span style=\"color: #0b4cbd;\">&gt;&gt;Scenari applicativi multifunzionali<\/span><\/h1>\n<h2 style=\"text-align: center;\">Multifunzionale: soluzione multifunzionale DY10<\/h2>\n<h4 style=\"text-align: center;\"><span style=\"color: #333333;\">Sistema di attacchi flessibile<br \/>\n<\/span>Le sue applicazioni coprono vari settori e campi come l'agricoltura, l'edilizia, le miniere, l'agricoltura, i porti, lo smaltimento dei rifiuti, le ferrovie, l'edilizia, la metallurgia e la lavorazione del legno, fornendo potenti capacit\u00e0 di movimentazione e carico per vari progetti e operazioni di ingegneria.<\/h4>\n<h4 style=\"text-align: left;\"><img loading=\"lazy\" decoding=\"async\" class=\"wp-image-961 aligncenter\" src=\"https:\/\/lezum.com\/wp-content\/uploads\/2025\/12\/\u8f85\u5177-1.jpg\" alt=\"\" width=\"1200\" height=\"604\" srcset=\"https:\/\/www.lezum.com\/wp-content\/uploads\/2025\/12\/\u8f85\u5177-1.jpg 2430w, https:\/\/www.lezum.com\/wp-content\/uploads\/2025\/12\/\u8f85\u5177-1-300x151.jpg 300w, https:\/\/www.lezum.com\/wp-content\/uploads\/2025\/12\/\u8f85\u5177-1-1024x516.jpg 1024w, https:\/\/www.lezum.com\/wp-content\/uploads\/2025\/12\/\u8f85\u5177-1-768x387.jpg 768w, https:\/\/www.lezum.com\/wp-content\/uploads\/2025\/12\/\u8f85\u5177-1-1536x774.jpg 1536w, https:\/\/www.lezum.com\/wp-content\/uploads\/2025\/12\/\u8f85\u5177-1-2048x1032.jpg 2048w, https:\/\/www.lezum.com\/wp-content\/uploads\/2025\/12\/\u8f85\u5177-1-600x302.jpg 600w, https:\/\/www.lezum.com\/wp-content\/uploads\/2025\/12\/\u8f85\u5177-1-1x1.jpg 1w, https:\/\/www.lezum.com\/wp-content\/uploads\/2025\/12\/\u8f85\u5177-1-10x5.jpg 10w\" sizes=\"(max-width: 1200px) 100vw, 1200px\" \/><\/h4>\n<h1><span style=\"color: #0b4cbd;\">&gt;&gt;LEZUM vendite dirette in fabbrica<\/span><\/h1>\n<h2 style=\"text-align: center;\">Invitiamo cordialmente i distributori globali a collaborare<\/h2>\n<h4 style=\"text-align: center; padding-left: 40px;\">In qualit\u00e0 di produttore cinese leader di mini macchine edili elettriche intelligenti, il Gruppo LEZUM vanta una moderna base produttiva di oltre 50.000 metri quadrati, certificata da standard internazionali quali ISO 9001, CE e TUV. Ci impegniamo a fornire ai nostri partner globali i prodotti pi\u00f9 affidabili e i canali di fornitura pi\u00f9 diretti.<\/h4>\n<p><img loading=\"lazy\" decoding=\"async\" class=\"alignleft size-full wp-image-953\" src=\"https:\/\/lezum.com\/wp-content\/uploads\/2025\/12\/\u5de5\u5382\u62fc\u56fe-\u8be6\u60c5.jpg\" alt=\"\" width=\"900\" height=\"300\" srcset=\"https:\/\/www.lezum.com\/wp-content\/uploads\/2025\/12\/\u5de5\u5382\u62fc\u56fe-\u8be6\u60c5.jpg 900w, https:\/\/www.lezum.com\/wp-content\/uploads\/2025\/12\/\u5de5\u5382\u62fc\u56fe-\u8be6\u60c5-300x100.jpg 300w, https:\/\/www.lezum.com\/wp-content\/uploads\/2025\/12\/\u5de5\u5382\u62fc\u56fe-\u8be6\u60c5-768x256.jpg 768w, https:\/\/www.lezum.com\/wp-content\/uploads\/2025\/12\/\u5de5\u5382\u62fc\u56fe-\u8be6\u60c5-600x200.jpg 600w, https:\/\/www.lezum.com\/wp-content\/uploads\/2025\/12\/\u5de5\u5382\u62fc\u56fe-\u8be6\u60c5-1x1.jpg 1w, https:\/\/www.lezum.com\/wp-content\/uploads\/2025\/12\/\u5de5\u5382\u62fc\u56fe-\u8be6\u60c5-10x3.jpg 10w\" sizes=\"(max-width: 900px) 100vw, 900px\" \/><\/p>\n<p>&nbsp;<\/p>\n<h4 style=\"text-align: center;\"><span style=\"color: #333333;\">Vantaggio esclusivo del concessionario<\/span><\/h4>\n<h4 style=\"text-align: left;\">\u221a Prezzo di vendita diretto in fabbrica<\/h4>\n<p style=\"text-align: left;\"><span style=\"color: #333333;\">\u00a0 \u00a0 \u00a0 Margine di profitto massimo<\/span><span style=\"color: #333333;\"><br \/>\n<\/span><\/p>\n<h4 style=\"text-align: left;\">\u221a Protezione dell'area<\/h4>\n<p style=\"text-align: left;\"><span style=\"color: #333333;\">\u00a0 \u00a0 \u00a0 Diritti di mercato esclusivi<\/span><\/p>\n<h4 style=\"text-align: left;\">\u221a Garanzia di 3 anni<\/h4>\n<p>Assistenza post-vendita leader nel settore<\/p>\n<p>&nbsp;<\/p>","protected":false},"excerpt":{"rendered":"<ul dir=\"auto\" data-pm-slice=\"3 3 []\">\n<li>\n<p class=\"body\" dir=\"auto\">Prezzo competitivo: Fabbrica diretta Deseil Mini Escavatore in vendita | Rivenditori di reclutamento | Acquisto unico | Gamma completa di prodotti | CE\/EPA\/Euro 5 Certificato | Garanzia di fabbrica ODM\/OEM\uff08Optional): Marca del motore: KOOP, 1.Optional: RATO,<\/p>\n<\/li>\n<li>\n<p class=\"body\" dir=\"auto\">Opzionale: Braccio oscillante, binario retrattile, pollice idraulico.<\/p>\n<p class=\"body\" dir=\"auto\">\n<\/li>\n<li>\n<p class=\"body\" dir=\"auto\">Posta elettronica: service@lezum.com<\/p>\n<\/li>\n<li>\n<p class=\"body\" dir=\"auto\">WhatsApp:+86 18101064115<\/p>\n<\/li>\n<\/ul>","protected":false},"featured_media":1483,"template":"","meta":[],"etheme_brands":[],"product_brand":[],"product_cat":[43],"product_tag":[],"class_list":{"0":"post-1137","1":"product","2":"type-product","3":"status-publish","4":"has-post-thumbnail","6":"product_cat-mini-excavators","8":"first","9":"instock","10":"shipping-taxable","11":"product-type-simple"},"_links":{"self":[{"href":"https:\/\/www.lezum.com\/it\/wp-json\/wp\/v2\/product\/1137","targetHints":{"allow":["GET"]}}],"collection":[{"href":"https:\/\/www.lezum.com\/it\/wp-json\/wp\/v2\/product"}],"about":[{"href":"https:\/\/www.lezum.com\/it\/wp-json\/wp\/v2\/types\/product"}],"version-history":[{"count":29,"href":"https:\/\/www.lezum.com\/it\/wp-json\/wp\/v2\/product\/1137\/revisions"}],"predecessor-version":[{"id":2434,"href":"https:\/\/www.lezum.com\/it\/wp-json\/wp\/v2\/product\/1137\/revisions\/2434"}],"wp:featuredmedia":[{"embeddable":true,"href":"https:\/\/www.lezum.com\/it\/wp-json\/wp\/v2\/media\/1483"}],"wp:attachment":[{"href":"https:\/\/www.lezum.com\/it\/wp-json\/wp\/v2\/media?parent=1137"}],"wp:term":[{"taxonomy":"brand","embeddable":true,"href":"https:\/\/www.lezum.com\/it\/wp-json\/wp\/v2\/etheme_brands?post=1137"},{"taxonomy":"product_brand","embeddable":true,"href":"https:\/\/www.lezum.com\/it\/wp-json\/wp\/v2\/product_brand?post=1137"},{"taxonomy":"product_cat","embeddable":true,"href":"https:\/\/www.lezum.com\/it\/wp-json\/wp\/v2\/product_cat?post=1137"},{"taxonomy":"product_tag","embeddable":true,"href":"https:\/\/www.lezum.com\/it\/wp-json\/wp\/v2\/product_tag?post=1137"}],"curies":[{"name":"wp","href":"https:\/\/api.w.org\/{rel}","templated":true}]}}