{"id":2375,"date":"2025-12-31T05:58:24","date_gmt":"2025-12-31T05:58:24","guid":{"rendered":"https:\/\/www.lezum.com\/?post_type=product&#038;p=2375"},"modified":"2026-01-29T07:44:45","modified_gmt":"2026-01-29T07:44:45","slug":"lezum-dy18-kubota-engine-mini-excavator","status":"publish","type":"product","link":"https:\/\/www.lezum.com\/it\/prodotto\/lezum-dy18-kubota-engine-mini-excavator\/","title":{"rendered":"LEZUM DY18 Kubota Engine Mini Excavator \u2013 Factory Direct Quality for Global Dealers"},"content":{"rendered":"<h1>&gt;&gt;Panoramica<\/h1>\n<h2 style=\"text-align: left;\">Il miniescavatore LEZUM DY18 con motore Kubota offre una profondit\u00e0 di scavo di 1693 mm ed \u00e8 caratterizzato da un basso costo totale di gestione (TCO). La macchina \u00e8 progettata per una facile manutenzione, con punti di assistenza centralizzati e pannelli ad ampia apertura che riducono notevolmente i tempi di manutenzione. Le vendite dirette in fabbrica garantiscono i prezzi pi\u00f9 competitivi.<\/h2>\n<h2><img fetchpriority=\"high\" decoding=\"async\" class=\"alignleft size-full wp-image-2371\" src=\"https:\/\/www.lezum.com\/wp-content\/uploads\/2025\/12\/5555.png\" alt=\"\" width=\"2185\" height=\"1024\" srcset=\"https:\/\/www.lezum.com\/wp-content\/uploads\/2025\/12\/5555.png 2185w, https:\/\/www.lezum.com\/wp-content\/uploads\/2025\/12\/5555-500x234.png 500w, https:\/\/www.lezum.com\/wp-content\/uploads\/2025\/12\/5555-1920x900.png 1920w, https:\/\/www.lezum.com\/wp-content\/uploads\/2025\/12\/5555-300x141.png 300w, https:\/\/www.lezum.com\/wp-content\/uploads\/2025\/12\/5555-768x360.png 768w, https:\/\/www.lezum.com\/wp-content\/uploads\/2025\/12\/5555-1536x720.png 1536w, https:\/\/www.lezum.com\/wp-content\/uploads\/2025\/12\/5555-2048x960.png 2048w, https:\/\/www.lezum.com\/wp-content\/uploads\/2025\/12\/5555-18x8.png 18w, https:\/\/www.lezum.com\/wp-content\/uploads\/2025\/12\/5555-600x281.png 600w, https:\/\/www.lezum.com\/wp-content\/uploads\/2025\/12\/5555-1x1.png 1w, https:\/\/www.lezum.com\/wp-content\/uploads\/2025\/12\/5555-10x5.png 10w\" sizes=\"(max-width: 2185px) 100vw, 2185px\" \/><\/h2>\n<h1>&gt;&gt;Caratteristiche e vantaggi<\/h1>\n<h2 style=\"text-align: left;\">Prestazioni superiori: provenienti da una catena di fornitura leader a livello mondiale<img decoding=\"async\" class=\"size-full wp-image-2368 aligncenter\" src=\"https:\/\/www.lezum.com\/wp-content\/uploads\/2025\/12\/\u7ec6\u8282\u62fc\u56fe3.jpg\" alt=\"\" width=\"1200\" height=\"812\" srcset=\"https:\/\/www.lezum.com\/wp-content\/uploads\/2025\/12\/\u7ec6\u8282\u62fc\u56fe3.jpg 1200w, https:\/\/www.lezum.com\/wp-content\/uploads\/2025\/12\/\u7ec6\u8282\u62fc\u56fe3-500x338.jpg 500w, https:\/\/www.lezum.com\/wp-content\/uploads\/2025\/12\/\u7ec6\u8282\u62fc\u56fe3-300x203.jpg 300w, https:\/\/www.lezum.com\/wp-content\/uploads\/2025\/12\/\u7ec6\u8282\u62fc\u56fe3-768x520.jpg 768w, https:\/\/www.lezum.com\/wp-content\/uploads\/2025\/12\/\u7ec6\u8282\u62fc\u56fe3-18x12.jpg 18w, https:\/\/www.lezum.com\/wp-content\/uploads\/2025\/12\/\u7ec6\u8282\u62fc\u56fe3-600x406.jpg 600w, https:\/\/www.lezum.com\/wp-content\/uploads\/2025\/12\/\u7ec6\u8282\u62fc\u56fe3-1x1.jpg 1w, https:\/\/www.lezum.com\/wp-content\/uploads\/2025\/12\/\u7ec6\u8282\u62fc\u56fe3-10x7.jpg 10w\" sizes=\"(max-width: 1200px) 100vw, 1200px\" \/><\/h2>\n<h1>&gt;&gt;Parametri<\/h1>\n<h2 style=\"text-align: center;\">Specifiche tecniche dettagliate<\/h2>\n<h4 style=\"text-align: center;\">Un riepilogo dei parametri chiave, comodo per i concessionari per effettuare confronti di mercato e presentarlo ai clienti.<\/h4>\n<p style=\"text-align: left; padding-left: 40px;\"><span style=\"color: #000000;\">Marchio: LEZUM<\/span><img decoding=\"async\" class=\"alignright\" src=\"https:\/\/lezum.com\/wp-content\/uploads\/2025\/12\/185-1024x458.jpg\" alt=\"\" width=\"600\" height=\"269\" \/><br \/>\n<span style=\"color: #000000;\">Modello: DY18<\/span><br \/>\n<span style=\"color: #000000;\">Modello motore: Kubota<\/span><br \/>\n<span style=\"color: #000000;\">Potenza massima (ps)\uff1a 13,9<\/span><br \/>\n<span style=\"color: #000000;\">Potenza massima (Kw)\uff1a 10,2<\/span><br \/>\n<span style=\"color: #000000;\">Velocit\u00e0 massima (rpm)\uff1a 2500<\/span><br \/>\n<span style=\"color: #000000;\">Spostamento (L)\uff1a 1,5<\/span><br \/>\n<span style=\"color: #000000;\">Peso di lavoro della macchina (kg)\uff1a1400<\/span><br \/>\n<span style=\"color: #000000;\">Altezza massima di scavo\uff08mm\uff09\uff1a 2560<\/span><br \/>\n<span style=\"color: #000000;\">Raggio massimo di scavo (mm) \uff1a 3060<\/span><br \/>\n<span style=\"color: #000000;\">Profondit\u00e0 massima di scavo (mm) \uff1a 1693<\/span><br \/>\n<span style=\"color: #000000;\">Capacit\u00e0 della benna (m\u00b3)\uff1a 0,03<\/span><\/p>\n<h1 style=\"text-align: left;\">&gt;&gt;Umanizzare<\/h1>\n<h2 style=\"text-align: center;\">Progettazione e manutenzione incentrate sull'uomo<\/h2>\n<h4 style=\"text-align: left;\"><img loading=\"lazy\" decoding=\"async\" class=\"alignleft wp-image-2376\" src=\"https:\/\/www.lezum.com\/wp-content\/uploads\/2025\/12\/\u4eba\u6027\u5316-1.jpg\" alt=\"\" width=\"861\" height=\"287\" srcset=\"https:\/\/www.lezum.com\/wp-content\/uploads\/2025\/12\/\u4eba\u6027\u5316-1.jpg 900w, https:\/\/www.lezum.com\/wp-content\/uploads\/2025\/12\/\u4eba\u6027\u5316-1-500x167.jpg 500w, https:\/\/www.lezum.com\/wp-content\/uploads\/2025\/12\/\u4eba\u6027\u5316-1-300x100.jpg 300w, https:\/\/www.lezum.com\/wp-content\/uploads\/2025\/12\/\u4eba\u6027\u5316-1-768x256.jpg 768w, https:\/\/www.lezum.com\/wp-content\/uploads\/2025\/12\/\u4eba\u6027\u5316-1-18x6.jpg 18w, https:\/\/www.lezum.com\/wp-content\/uploads\/2025\/12\/\u4eba\u6027\u5316-1-600x200.jpg 600w, https:\/\/www.lezum.com\/wp-content\/uploads\/2025\/12\/\u4eba\u6027\u5316-1-1x1.jpg 1w, https:\/\/www.lezum.com\/wp-content\/uploads\/2025\/12\/\u4eba\u6027\u5316-1-10x3.jpg 10w\" sizes=\"(max-width: 861px) 100vw, 861px\" \/><\/h4>\n<h4><\/h4>\n<h4><\/h4>\n<h4 style=\"text-align: left;\">Sedili confortevoli, ergonomici<\/h4>\n<h4 style=\"text-align: left;\">joystick, e centralizzato<\/h4>\n<h4 style=\"text-align: left;\">punti di manutenzioneassicurare<\/h4>\n<h4 style=\"text-align: left;\">comfort dell'operatore durante<\/h4>\n<h4 style=\"text-align: left;\">lunghi orari di lavoro e<\/h4>\n<h4 style=\"text-align: left;\">ridurre significativamente la manutenzione<\/h4>\n<h4 style=\"text-align: left;\">costi.<\/h4>\n<p>&nbsp;<\/p>\n<p>&nbsp;<\/p>\n<h1><\/h1>\n<h1>&gt;&gt;Scenari applicativi multifunzionali<\/h1>\n<h2 style=\"text-align: center;\">Multifunzionale: soluzione multifunzionale DY18<\/h2>\n<h4 style=\"text-align: center;\">Sistema di attacchi flessibile<br \/>\nLe sue applicazioni coprono vari settori e campi come l'agricoltura, l'edilizia, le miniere, l'agricoltura, i porti, lo smaltimento dei rifiuti, le ferrovie, l'edilizia, la metallurgia e la lavorazione del legno, fornendo potenti capacit\u00e0 di movimentazione e carico per vari progetti e operazioni di ingegneria.<\/h4>\n<h4 style=\"text-align: left;\"><img loading=\"lazy\" decoding=\"async\" src=\"https:\/\/lezum.com\/wp-content\/uploads\/2025\/12\/\u8f85\u5177-1.jpg\" alt=\"\" width=\"1200\" height=\"604\" \/><\/h4>\n<h1>&gt;&gt;LEZUM vendite dirette in fabbrica<\/h1>\n<h2 style=\"text-align: center;\">Invitiamo cordialmente i distributori globali a collaborare<\/h2>\n<h4 style=\"text-align: center; padding-left: 40px;\">In qualit\u00e0 di produttore cinese leader di mini macchine edili elettriche intelligenti, il Gruppo LEZUM vanta una moderna base produttiva di oltre 50.000 metri quadrati, certificata da standard internazionali quali ISO 9001, CE e TUV. Ci impegniamo a fornire ai nostri partner globali i prodotti pi\u00f9 affidabili e i canali di fornitura pi\u00f9 diretti.<\/h4>\n<p><img loading=\"lazy\" decoding=\"async\" class=\"alignleft wp-image-1735\" src=\"https:\/\/www.lezum.com\/wp-content\/uploads\/2025\/12\/\u62fc\u56fe.jpg\" alt=\"\" width=\"661\" height=\"224\" srcset=\"https:\/\/www.lezum.com\/wp-content\/uploads\/2025\/12\/\u62fc\u56fe.jpg 1920w, https:\/\/www.lezum.com\/wp-content\/uploads\/2025\/12\/\u62fc\u56fe-300x102.jpg 300w, https:\/\/www.lezum.com\/wp-content\/uploads\/2025\/12\/\u62fc\u56fe-1024x347.jpg 1024w, https:\/\/www.lezum.com\/wp-content\/uploads\/2025\/12\/\u62fc\u56fe-768x260.jpg 768w, https:\/\/www.lezum.com\/wp-content\/uploads\/2025\/12\/\u62fc\u56fe-1536x520.jpg 1536w, https:\/\/www.lezum.com\/wp-content\/uploads\/2025\/12\/\u62fc\u56fe-600x203.jpg 600w, https:\/\/www.lezum.com\/wp-content\/uploads\/2025\/12\/\u62fc\u56fe-1x1.jpg 1w, https:\/\/www.lezum.com\/wp-content\/uploads\/2025\/12\/\u62fc\u56fe-10x3.jpg 10w\" sizes=\"(max-width: 661px) 100vw, 661px\" \/>Vantaggio esclusivo del concessionario<\/p>\n<h4 style=\"text-align: left; padding-left: 40px;\">\u221a Prezzo di vendita diretto in fabbrica<\/h4>\n<p style=\"text-align: left; padding-left: 40px;\">\u00a0 \u00a0 \u00a0 Margine di profitto massimo<\/p>\n<h4 style=\"text-align: left; padding-left: 40px;\">\u221a Protezione dell'area<\/h4>\n<p style=\"text-align: left; padding-left: 40px;\">\u00a0 \u00a0 \u00a0 Diritti di mercato esclusivi<\/p>\n<h4 style=\"text-align: left; padding-left: 40px;\">\u221a Garanzia di 3 anni<\/h4>\n<p style=\"padding-left: 40px;\">Assistenza post-vendita leader nel settore<\/p>","protected":false},"excerpt":{"rendered":"<ul dir=\"auto\" data-pm-slice=\"3 3 []\">\n<li>\n<p class=\"body\" dir=\"auto\">Prezzo competitivo: Mini escavatore Deseil diretto in fabbrica in vendita | Rivenditori di reclutamento | Acquisto in un'unica soluzione | Gamma completa di prodotti | Certificazione CE\/EPA\/Euro 5 | Garanzia di fabbrica<br \/>\nODM\/OEM (opzionale): Marca del motore: Kubota, 1.Optional: KOOP, Laidong, RATO<\/p>\n<\/li>\n<li>\n<p class=\"body\" dir=\"auto\">Posta elettronica: service@lezum.com<\/p>\n<\/li>\n<li>\n<p class=\"body\" dir=\"auto\">WhatsApp\uff1a+8618101064115<\/p>\n<\/li>\n<\/ul>","protected":false},"featured_media":2383,"template":"","meta":[],"etheme_brands":[],"product_brand":[],"product_cat":[43],"product_tag":[],"class_list":{"0":"post-2375","1":"product","2":"type-product","3":"status-publish","4":"has-post-thumbnail","6":"product_cat-mini-excavators","8":"first","9":"instock","10":"shipping-taxable","11":"product-type-simple"},"_links":{"self":[{"href":"https:\/\/www.lezum.com\/it\/wp-json\/wp\/v2\/product\/2375","targetHints":{"allow":["GET"]}}],"collection":[{"href":"https:\/\/www.lezum.com\/it\/wp-json\/wp\/v2\/product"}],"about":[{"href":"https:\/\/www.lezum.com\/it\/wp-json\/wp\/v2\/types\/product"}],"version-history":[{"count":17,"href":"https:\/\/www.lezum.com\/it\/wp-json\/wp\/v2\/product\/2375\/revisions"}],"predecessor-version":[{"id":2863,"href":"https:\/\/www.lezum.com\/it\/wp-json\/wp\/v2\/product\/2375\/revisions\/2863"}],"wp:featuredmedia":[{"embeddable":true,"href":"https:\/\/www.lezum.com\/it\/wp-json\/wp\/v2\/media\/2383"}],"wp:attachment":[{"href":"https:\/\/www.lezum.com\/it\/wp-json\/wp\/v2\/media?parent=2375"}],"wp:term":[{"taxonomy":"brand","embeddable":true,"href":"https:\/\/www.lezum.com\/it\/wp-json\/wp\/v2\/etheme_brands?post=2375"},{"taxonomy":"product_brand","embeddable":true,"href":"https:\/\/www.lezum.com\/it\/wp-json\/wp\/v2\/product_brand?post=2375"},{"taxonomy":"product_cat","embeddable":true,"href":"https:\/\/www.lezum.com\/it\/wp-json\/wp\/v2\/product_cat?post=2375"},{"taxonomy":"product_tag","embeddable":true,"href":"https:\/\/www.lezum.com\/it\/wp-json\/wp\/v2\/product_tag?post=2375"}],"curies":[{"name":"wp","href":"https:\/\/api.w.org\/{rel}","templated":true}]}}