{"id":1236,"date":"2025-12-09T07:30:00","date_gmt":"2025-12-09T07:30:00","guid":{"rendered":"https:\/\/lezum.com\/?post_type=product&#038;p=1236"},"modified":"2026-01-06T05:30:12","modified_gmt":"2026-01-06T05:30:12","slug":"lezum-lw920-small-wheel-loader","status":"publish","type":"product","link":"https:\/\/www.lezum.com\/pt\/produto\/lezum-lw920-small-wheel-loader\/","title":{"rendered":"LEZUM LW920 Small Wheel Loader"},"content":{"rendered":"<h1><span style=\"color: #0b4cbd;\">&gt;&gt;Vis\u00e3o geral<\/span><\/h1>\n<h2 style=\"text-align: left;\">Maximizar a produtividade: <strong>LEZUM LW920 Wheel Loader<\/strong> Engineered for Lowest Total Cost of Ownership (TCO).<\/h2>\n<h2><img fetchpriority=\"high\" decoding=\"async\" class=\"aligncenter wp-image-1237 size-full\" src=\"https:\/\/lezum.com\/wp-content\/uploads\/2025\/12\/photobank-32-2.jpg\" alt=\"\" width=\"1200\" height=\"600\" srcset=\"https:\/\/www.lezum.com\/wp-content\/uploads\/2025\/12\/photobank-32-2.jpg 1200w, https:\/\/www.lezum.com\/wp-content\/uploads\/2025\/12\/photobank-32-2-300x150.jpg 300w, https:\/\/www.lezum.com\/wp-content\/uploads\/2025\/12\/photobank-32-2-1024x512.jpg 1024w, https:\/\/www.lezum.com\/wp-content\/uploads\/2025\/12\/photobank-32-2-768x384.jpg 768w, https:\/\/www.lezum.com\/wp-content\/uploads\/2025\/12\/photobank-32-2-600x300.jpg 600w, https:\/\/www.lezum.com\/wp-content\/uploads\/2025\/12\/photobank-32-2-1x1.jpg 1w, https:\/\/www.lezum.com\/wp-content\/uploads\/2025\/12\/photobank-32-2-10x5.jpg 10w\" sizes=\"(max-width: 1200px) 100vw, 1200px\" \/><\/h2>\n<h1><span style=\"color: #0b4cbd;\">&gt;&gt;Carater\u00edsticas e benef\u00edcios<\/span><\/h1>\n<h2 style=\"text-align: left;\">Desempenho superior: proveniente de uma cadeia de abastecimento l\u00edder a n\u00edvel mundial<img decoding=\"async\" class=\"wp-image-1223 aligncenter\" src=\"https:\/\/lezum.com\/wp-content\/uploads\/2025\/12\/\u4e24\u5934\u5fd9\u901a\u7528.png\" alt=\"\" width=\"1201\" height=\"714\" srcset=\"https:\/\/www.lezum.com\/wp-content\/uploads\/2025\/12\/\u4e24\u5934\u5fd9\u901a\u7528.png 1369w, https:\/\/www.lezum.com\/wp-content\/uploads\/2025\/12\/\u4e24\u5934\u5fd9\u901a\u7528-300x178.png 300w, https:\/\/www.lezum.com\/wp-content\/uploads\/2025\/12\/\u4e24\u5934\u5fd9\u901a\u7528-1024x609.png 1024w, https:\/\/www.lezum.com\/wp-content\/uploads\/2025\/12\/\u4e24\u5934\u5fd9\u901a\u7528-768x457.png 768w, https:\/\/www.lezum.com\/wp-content\/uploads\/2025\/12\/\u4e24\u5934\u5fd9\u901a\u7528-600x357.png 600w, https:\/\/www.lezum.com\/wp-content\/uploads\/2025\/12\/\u4e24\u5934\u5fd9\u901a\u7528-1x1.png 1w, https:\/\/www.lezum.com\/wp-content\/uploads\/2025\/12\/\u4e24\u5934\u5fd9\u901a\u7528-10x6.png 10w\" sizes=\"(max-width: 1201px) 100vw, 1201px\" \/><\/h2>\n<h1><span style=\"color: #0b4cbd;\">&gt;&gt;Par\u00e2metros<\/span><\/h1>\n<h2 style=\"text-align: center;\">Especifica\u00e7\u00f5es t\u00e9cnicas pormenorizadas<\/h2>\n<h4 style=\"text-align: center;\">Um resumo dos principais par\u00e2metros, conveniente para os concession\u00e1rios efectuarem compara\u00e7\u00f5es de mercado e apresentarem aos clientes.<\/h4>\n<p>&nbsp;<\/p>\n<p style=\"text-align: left; padding-left: 40px;\"><span style=\"color: #000000;\">Marca\uff1a LEZUM<\/span><br \/>\n<span style=\"color: #000000;\">Model\uff1a LW920<\/span><br \/>\n<span style=\"color: #000000;\">Engine Model\uff1a YUNNEI<\/span><br \/>\n<span style=\"color: #000000;\">Maximum power (Kw)\uff1a 65<\/span><br \/>\n<span style=\"color: #000000;\">L*W*H\uff08mm) 5660\u00d72000\u00d72800<\/span><br \/>\n<span style=\"color: #000000;\">maximum speed\uff08km\/h) 38<\/span><br \/>\n<span style=\"color: #000000;\">overall weight(kg)\uff1a 5000<\/span><br \/>\n<span style=\"color: #000000;\">Rated load(kg)\uff1a 2000<\/span><br \/>\n<span style=\"color: #000000;\">Bucket Capacity(m\u00b3)\uff1a 1<\/span><br \/>\n<span style=\"color: #000000;\">Dumping height\uff08mm) 2850<\/span><\/p>\n<h1 style=\"text-align: left;\"><span style=\"color: #0b4cbd;\"><br \/>\n&gt;&gt;Humanizar<\/span><\/h1>\n<h2 style=\"text-align: center;\">Conce\u00e7\u00e3o e manuten\u00e7\u00e3o centradas no ser humano<\/h2>\n<h4 style=\"text-align: left;\"><img decoding=\"async\" class=\"alignleft wp-image-1239\" src=\"https:\/\/lezum.com\/wp-content\/uploads\/2025\/12\/2.png\" alt=\"\" width=\"861\" height=\"298\" srcset=\"https:\/\/www.lezum.com\/wp-content\/uploads\/2025\/12\/2.png 901w, https:\/\/www.lezum.com\/wp-content\/uploads\/2025\/12\/2-300x104.png 300w, https:\/\/www.lezum.com\/wp-content\/uploads\/2025\/12\/2-768x266.png 768w, https:\/\/www.lezum.com\/wp-content\/uploads\/2025\/12\/2-600x208.png 600w, https:\/\/www.lezum.com\/wp-content\/uploads\/2025\/12\/2-1x1.png 1w, https:\/\/www.lezum.com\/wp-content\/uploads\/2025\/12\/2-10x3.png 10w\" sizes=\"(max-width: 861px) 100vw, 861px\" \/><\/h4>\n<h4><\/h4>\n<h4 style=\"text-align: left;\"><\/h4>\n<p>&nbsp;<\/p>\n<h4 style=\"text-align: left;\">Assentos confort\u00e1veis, ergon\u00f3micos<\/h4>\n<h4 style=\"text-align: left;\">joysticks, e centralizado<\/h4>\n<h4 style=\"text-align: left;\">pontos de manuten\u00e7\u00e3ogarantir<\/h4>\n<h4 style=\"text-align: left;\">conforto do operador durante<\/h4>\n<h4 style=\"text-align: left;\">longos hor\u00e1rios de trabalho e<\/h4>\n<h4 style=\"text-align: left;\">reduzir significativamente a manuten\u00e7\u00e3o<\/h4>\n<h4 style=\"text-align: left;\">custos...<\/h4>\n<p>&nbsp;<\/p>\n<h1><\/h1>\n<h1><span style=\"color: #0b4cbd;\">&gt;&gt;Cen\u00e1rios de aplica\u00e7\u00f5es multifuncionais<\/span><\/h1>\n<h2 style=\"text-align: center;\">Multi-functional: LW920 multifunctional solution<\/h2>\n<h4 style=\"text-align: center;\"><span style=\"color: #333333;\">Sistema de fixa\u00e7\u00e3o flex\u00edvel<br \/>\n<\/span>As suas aplica\u00e7\u00f5es abrangem v\u00e1rias ind\u00fastrias e dom\u00ednios, tais como a agricultura, a constru\u00e7\u00e3o, a minera\u00e7\u00e3o, a agricultura, os portos, a elimina\u00e7\u00e3o de res\u00edduos, os caminhos-de-ferro, a constru\u00e7\u00e3o, a metalurgia e o processamento de madeira, proporcionando capacidades poderosas de manuseamento e carregamento para v\u00e1rios projectos e opera\u00e7\u00f5es de engenharia.<\/h4>\n<h4 style=\"text-align: left;\"><img loading=\"lazy\" decoding=\"async\" class=\"wp-image-1227 aligncenter\" src=\"https:\/\/lezum.com\/wp-content\/uploads\/2025\/12\/\u88c5\u8f7d\u673a\u901a\u7528.png\" alt=\"\" width=\"1199\" height=\"603\" srcset=\"https:\/\/www.lezum.com\/wp-content\/uploads\/2025\/12\/\u88c5\u8f7d\u673a\u901a\u7528.png 1318w, https:\/\/www.lezum.com\/wp-content\/uploads\/2025\/12\/\u88c5\u8f7d\u673a\u901a\u7528-300x151.png 300w, https:\/\/www.lezum.com\/wp-content\/uploads\/2025\/12\/\u88c5\u8f7d\u673a\u901a\u7528-1024x515.png 1024w, https:\/\/www.lezum.com\/wp-content\/uploads\/2025\/12\/\u88c5\u8f7d\u673a\u901a\u7528-768x386.png 768w, https:\/\/www.lezum.com\/wp-content\/uploads\/2025\/12\/\u88c5\u8f7d\u673a\u901a\u7528-600x302.png 600w, https:\/\/www.lezum.com\/wp-content\/uploads\/2025\/12\/\u88c5\u8f7d\u673a\u901a\u7528-1x1.png 1w, https:\/\/www.lezum.com\/wp-content\/uploads\/2025\/12\/\u88c5\u8f7d\u673a\u901a\u7528-10x5.png 10w\" sizes=\"(max-width: 1199px) 100vw, 1199px\" \/><\/h4>\n<h1><span style=\"color: #0b4cbd;\">&gt;&gt;LEZUM venda direta na f\u00e1brica<\/span><\/h1>\n<h2 style=\"text-align: center;\">Convidamos cordialmente os distribuidores globais a cooperar<\/h2>\n<h4 style=\"text-align: center; padding-left: 40px;\">Como um dos principais fabricantes chineses de mini-maquinaria de constru\u00e7\u00e3o el\u00e9ctrica inteligente, o Grupo LEZUM possui uma base de produ\u00e7\u00e3o moderna de mais de 50.000 metros quadrados, certificada por normas internacionais, incluindo ISO 9001, CE e TUV. Estamos empenhados em fornecer aos nossos parceiros globais os produtos mais fi\u00e1veis e os canais de fornecimento mais diretos.<\/h4>\n<p><img loading=\"lazy\" decoding=\"async\" class=\"alignleft wp-image-1261\" src=\"https:\/\/lezum.com\/wp-content\/uploads\/2025\/12\/\u516c\u53f8\u5927BANNER-1024x341.gif\" alt=\"\" width=\"900\" height=\"300\" srcset=\"https:\/\/www.lezum.com\/wp-content\/uploads\/2025\/12\/\u516c\u53f8\u5927BANNER-1024x341.gif 1024w, https:\/\/www.lezum.com\/wp-content\/uploads\/2025\/12\/\u516c\u53f8\u5927BANNER-300x100.gif 300w, https:\/\/www.lezum.com\/wp-content\/uploads\/2025\/12\/\u516c\u53f8\u5927BANNER-768x256.gif 768w, https:\/\/www.lezum.com\/wp-content\/uploads\/2025\/12\/\u516c\u53f8\u5927BANNER-600x200.gif 600w, https:\/\/www.lezum.com\/wp-content\/uploads\/2025\/12\/\u516c\u53f8\u5927BANNER-1x1.gif 1w, https:\/\/www.lezum.com\/wp-content\/uploads\/2025\/12\/\u516c\u53f8\u5927BANNER-10x3.gif 10w\" sizes=\"(max-width: 900px) 100vw, 900px\" \/><\/p>\n<p>&nbsp;<\/p>\n<h4 style=\"text-align: center; padding-left: 40px;\"><span style=\"color: #333333;\">Vantagem exclusiva do concession\u00e1rio<\/span><\/h4>\n<h4 style=\"text-align: left; padding-left: 40px;\">\u221a Pre\u00e7o de venda direta da f\u00e1brica<\/h4>\n<p style=\"text-align: left; padding-left: 40px;\"><span style=\"color: #333333;\">\u00a0 \u00a0 \u00a0 Margem de lucro m\u00e1xima<\/span><span style=\"color: #333333;\"><br \/>\n<\/span><\/p>\n<h4 style=\"text-align: left; padding-left: 40px;\">\u221a Prote\u00e7\u00e3o da \u00e1rea<\/h4>\n<p style=\"text-align: left; padding-left: 40px;\"><span style=\"color: #333333;\">\u00a0 \u00a0 \u00a0 Direitos exclusivos de mercado<\/span><\/p>\n<h4 style=\"text-align: left; padding-left: 40px;\">\u221a Garantia de 3 anos<\/h4>\n<p style=\"padding-left: 40px;\">Assist\u00eancia p\u00f3s-venda l\u00edder no sector<\/p>\n<p>&nbsp;<\/p>","protected":false},"excerpt":{"rendered":"<ul dir=\"auto\" data-pm-slice=\"3 3 []\">\n<li>\n<p class=\"body\" dir=\"auto\">Pre\u00e7o competitivo: Carregadeira de rodas pequena direta da f\u00e1brica para venda | Recrutamento de revendedores | Compra \u00fanica | Gama completa de produtos | Certificado CE\/EPA\/Euro 5 | Garantia de f\u00e1brica<\/p>\n<\/li>\n<li>\n<p class=\"body\" dir=\"auto\">ODM\/OEM\uff08Optional): Engine Brand:Cummins,1. Optional: YANMAR\/YTO\/YUCHAI\/KOHLER. 2. Optional: Color<\/p>\n<\/li>\n<li>\n<p class=\"body\" dir=\"auto\">E-Mail\uff1aservice@lezum.com<\/p>\n<\/li>\n<li>\n<p class=\"body\" dir=\"auto\">WhatsApp\uff1a+86 18101064115<\/p>\n<\/li>\n<\/ul>","protected":false},"featured_media":1243,"template":"","meta":[],"etheme_brands":[],"product_brand":[],"product_cat":[33],"product_tag":[],"class_list":{"0":"post-1236","1":"product","2":"type-product","3":"status-publish","4":"has-post-thumbnail","6":"product_cat-wheel-loader","8":"first","9":"instock","10":"shipping-taxable","11":"product-type-simple"},"_links":{"self":[{"href":"https:\/\/www.lezum.com\/pt\/wp-json\/wp\/v2\/product\/1236","targetHints":{"allow":["GET"]}}],"collection":[{"href":"https:\/\/www.lezum.com\/pt\/wp-json\/wp\/v2\/product"}],"about":[{"href":"https:\/\/www.lezum.com\/pt\/wp-json\/wp\/v2\/types\/product"}],"version-history":[{"count":10,"href":"https:\/\/www.lezum.com\/pt\/wp-json\/wp\/v2\/product\/1236\/revisions"}],"predecessor-version":[{"id":2430,"href":"https:\/\/www.lezum.com\/pt\/wp-json\/wp\/v2\/product\/1236\/revisions\/2430"}],"wp:featuredmedia":[{"embeddable":true,"href":"https:\/\/www.lezum.com\/pt\/wp-json\/wp\/v2\/media\/1243"}],"wp:attachment":[{"href":"https:\/\/www.lezum.com\/pt\/wp-json\/wp\/v2\/media?parent=1236"}],"wp:term":[{"taxonomy":"brand","embeddable":true,"href":"https:\/\/www.lezum.com\/pt\/wp-json\/wp\/v2\/etheme_brands?post=1236"},{"taxonomy":"product_brand","embeddable":true,"href":"https:\/\/www.lezum.com\/pt\/wp-json\/wp\/v2\/product_brand?post=1236"},{"taxonomy":"product_cat","embeddable":true,"href":"https:\/\/www.lezum.com\/pt\/wp-json\/wp\/v2\/product_cat?post=1236"},{"taxonomy":"product_tag","embeddable":true,"href":"https:\/\/www.lezum.com\/pt\/wp-json\/wp\/v2\/product_tag?post=1236"}],"curies":[{"name":"wp","href":"https:\/\/api.w.org\/{rel}","templated":true}]}}