{"id":1602,"date":"2025-12-17T08:51:26","date_gmt":"2025-12-17T08:51:26","guid":{"rendered":"https:\/\/lezum.com\/?post_type=product&#038;p=1602"},"modified":"2026-01-06T05:16:38","modified_gmt":"2026-01-06T05:16:38","slug":"lezum-k30-farm-mini-diesel-forklifts-trucks","status":"publish","type":"product","link":"https:\/\/www.lezum.com\/pt\/produto\/lezum-k30-farm-mini-diesel-forklifts-trucks\/","title":{"rendered":"LEZUM K30 Farm Mini Diesel Forklifts Trucks"},"content":{"rendered":"<h1><span style=\"color: #0b4cbd;\">&gt;&gt;Vis\u00e3o geral<\/span><\/h1>\n<h2 style=\"text-align: left;\">Maximizar a produtividade: <strong>LEZUM K30 Diesel Forklifts<\/strong> Trucks Engineered for Lowest Total Cost of Ownership (TCO).<\/h2>\n<h2><img fetchpriority=\"high\" decoding=\"async\" class=\"wp-image-1613 size-full aligncenter\" src=\"https:\/\/lezum.com\/wp-content\/uploads\/2025\/12\/K30.png\" alt=\"\" width=\"1166\" height=\"570\" srcset=\"https:\/\/www.lezum.com\/wp-content\/uploads\/2025\/12\/K30.png 1166w, https:\/\/www.lezum.com\/wp-content\/uploads\/2025\/12\/K30-300x147.png 300w, https:\/\/www.lezum.com\/wp-content\/uploads\/2025\/12\/K30-1024x501.png 1024w, https:\/\/www.lezum.com\/wp-content\/uploads\/2025\/12\/K30-768x375.png 768w, https:\/\/www.lezum.com\/wp-content\/uploads\/2025\/12\/K30-600x293.png 600w, https:\/\/www.lezum.com\/wp-content\/uploads\/2025\/12\/K30-1x1.png 1w, https:\/\/www.lezum.com\/wp-content\/uploads\/2025\/12\/K30-10x5.png 10w\" sizes=\"(max-width: 1166px) 100vw, 1166px\" \/><\/h2>\n<p>&nbsp;<\/p>\n<h1><span style=\"color: #0b4cbd;\">&gt;&gt;Carater\u00edsticas e benef\u00edcios<\/span><\/h1>\n<h2 style=\"text-align: left;\">Desempenho superior: proveniente de uma cadeia de abastecimento l\u00edder a n\u00edvel mundial<\/h2>\n<p><img decoding=\"async\" class=\"aligncenter wp-image-1690\" src=\"https:\/\/lezum.com\/wp-content\/uploads\/2025\/12\/K30.1-1.jpg\" alt=\"\" width=\"1200\" height=\"813\" srcset=\"https:\/\/www.lezum.com\/wp-content\/uploads\/2025\/12\/K30.1-1.jpg 2504w, https:\/\/www.lezum.com\/wp-content\/uploads\/2025\/12\/K30.1-1-300x203.jpg 300w, https:\/\/www.lezum.com\/wp-content\/uploads\/2025\/12\/K30.1-1-1024x694.jpg 1024w, https:\/\/www.lezum.com\/wp-content\/uploads\/2025\/12\/K30.1-1-768x520.jpg 768w, https:\/\/www.lezum.com\/wp-content\/uploads\/2025\/12\/K30.1-1-1536x1040.jpg 1536w, https:\/\/www.lezum.com\/wp-content\/uploads\/2025\/12\/K30.1-1-2048x1387.jpg 2048w, https:\/\/www.lezum.com\/wp-content\/uploads\/2025\/12\/K30.1-1-600x406.jpg 600w, https:\/\/www.lezum.com\/wp-content\/uploads\/2025\/12\/K30.1-1-1x1.jpg 1w, https:\/\/www.lezum.com\/wp-content\/uploads\/2025\/12\/K30.1-1-10x7.jpg 10w\" sizes=\"(max-width: 1200px) 100vw, 1200px\" \/><\/p>\n<h1><span style=\"color: #0b4cbd;\">&gt;&gt;Par\u00e2metros<\/span><\/h1>\n<h2 style=\"text-align: center;\">Especifica\u00e7\u00f5es t\u00e9cnicas pormenorizadas<\/h2>\n<h4 style=\"text-align: center;\">Um resumo dos principais par\u00e2metros, conveniente para os concession\u00e1rios efectuarem compara\u00e7\u00f5es de mercado e apresentarem aos clientes.<\/h4>\n<p>&nbsp;<\/p>\n<p style=\"padding-left: 40px; text-align: left;\"><span style=\"color: #000000;\">Marca\uff1a LEZUM<\/span><br \/>\n<span style=\"color: #000000;\">Model\uff1a K30<\/span><br \/>\n<span style=\"color: #000000;\">Condition: New<\/span><br \/>\n<span style=\"color: #000000;\">Fork Specifications( L*W*H) 1070*120*45<\/span><br \/>\n<span style=\"color: #000000;\">Place of Origin: Shandong, China<\/span><br \/>\n<span style=\"color: #000000;\">Fork Length :1070 mm<\/span><br \/>\n<span style=\"color: #000000;\">Fork Width: 120mm<\/span><br \/>\n<span style=\"color: #000000;\">Forklift Turning radius: 1950 mm<\/span><br \/>\n<span style=\"color: #000000;\">Forklift Wheelbase :1250 mm<\/span><br \/>\n<span style=\"color: #000000;\">Load centre distance :1 000 mm<\/span><br \/>\n<span style=\"color: #000000;\">Mast Type: Single Stage Mast, Three Stage Mast, Two Stage Mast<\/span><br \/>\n<span style=\"color: #000000;\">Power Source :Diese<\/span>l<\/p>\n<h1><span style=\"color: #0b4cbd;\"><br \/>\n&gt;&gt;Humanizar<\/span><\/h1>\n<p><img decoding=\"async\" class=\"alignleft wp-image-1636\" src=\"https:\/\/lezum.com\/wp-content\/uploads\/2025\/12\/661.jpg\" alt=\"\" width=\"862\" height=\"302\" srcset=\"https:\/\/www.lezum.com\/wp-content\/uploads\/2025\/12\/661.jpg 953w, https:\/\/www.lezum.com\/wp-content\/uploads\/2025\/12\/661-300x105.jpg 300w, https:\/\/www.lezum.com\/wp-content\/uploads\/2025\/12\/661-768x269.jpg 768w, https:\/\/www.lezum.com\/wp-content\/uploads\/2025\/12\/661-600x210.jpg 600w, https:\/\/www.lezum.com\/wp-content\/uploads\/2025\/12\/661-1x1.jpg 1w, https:\/\/www.lezum.com\/wp-content\/uploads\/2025\/12\/661-10x4.jpg 10w\" sizes=\"(max-width: 862px) 100vw, 862px\" \/><\/p>\n<h1><\/h1>\n<h4 style=\"text-align: left;\">Conce\u00e7\u00e3o e manuten\u00e7\u00e3o centradas no ser humano<br \/>\nAssentos confort\u00e1veis, ergon\u00f3micos<br \/>\njoysticks, e centralizado<br \/>\npontos de manuten\u00e7\u00e3ogarantir<br \/>\noperator comfort during<br \/>\nlongos hor\u00e1rios de trabalho e<br \/>\nreduzir significativamente a manuten\u00e7\u00e3o<br \/>\ncustos...<\/h4>\n<p>&nbsp;<\/p>\n<p>&nbsp;<\/p>\n<p>&nbsp;<\/p>\n<h1><span style=\"color: #0b4cbd;\">&gt;&gt;Cen\u00e1rios de aplica\u00e7\u00f5es multifuncionais<\/span><\/h1>\n<h2 style=\"text-align: center;\">Multi-functional:K30 multifunctional solution<\/h2>\n<h4 style=\"text-align: center;\">Sistema de fixa\u00e7\u00e3o flex\u00edvel<br \/>\nAs suas aplica\u00e7\u00f5es abrangem v\u00e1rias ind\u00fastrias e dom\u00ednios, tais como a agricultura, a constru\u00e7\u00e3o, a minera\u00e7\u00e3o, a agricultura, os portos, a elimina\u00e7\u00e3o de res\u00edduos, os caminhos-de-ferro, a constru\u00e7\u00e3o, a metalurgia e o processamento de madeira, proporcionando capacidades poderosas de manuseamento e carregamento para v\u00e1rios projectos e opera\u00e7\u00f5es de engenharia.<\/h4>\n<p><img loading=\"lazy\" decoding=\"async\" class=\"aligncenter wp-image-1625\" src=\"https:\/\/lezum.com\/wp-content\/uploads\/2025\/12\/\u53c9\u8f66\u8f85\u5177\u56fe.png\" alt=\"\" width=\"1200\" height=\"585\" srcset=\"https:\/\/www.lezum.com\/wp-content\/uploads\/2025\/12\/\u53c9\u8f66\u8f85\u5177\u56fe.png 1320w, https:\/\/www.lezum.com\/wp-content\/uploads\/2025\/12\/\u53c9\u8f66\u8f85\u5177\u56fe-300x146.png 300w, https:\/\/www.lezum.com\/wp-content\/uploads\/2025\/12\/\u53c9\u8f66\u8f85\u5177\u56fe-1024x499.png 1024w, https:\/\/www.lezum.com\/wp-content\/uploads\/2025\/12\/\u53c9\u8f66\u8f85\u5177\u56fe-768x374.png 768w, https:\/\/www.lezum.com\/wp-content\/uploads\/2025\/12\/\u53c9\u8f66\u8f85\u5177\u56fe-600x292.png 600w, https:\/\/www.lezum.com\/wp-content\/uploads\/2025\/12\/\u53c9\u8f66\u8f85\u5177\u56fe-1x1.png 1w, https:\/\/www.lezum.com\/wp-content\/uploads\/2025\/12\/\u53c9\u8f66\u8f85\u5177\u56fe-10x5.png 10w\" sizes=\"(max-width: 1200px) 100vw, 1200px\" \/><\/p>\n<h1><\/h1>\n<h1><\/h1>\n<h1><\/h1>\n<h1><span style=\"color: #0b4cbd;\">&gt;&gt;LEZUM venda direta na f\u00e1brica<\/span><\/h1>\n<h2 style=\"text-align: center;\">Convidamos cordialmente os distribuidores globais a cooperar<\/h2>\n<h4 style=\"text-align: center; padding-left: 40px;\">Como um dos principais fabricantes chineses de mini-maquinaria de constru\u00e7\u00e3o el\u00e9ctrica inteligente, o Grupo LEZUM possui uma base de produ\u00e7\u00e3o moderna de mais de 50.000 metros quadrados, certificada por normas internacionais, incluindo ISO 9001, CE e TUV. Estamos empenhados em fornecer aos nossos parceiros globais os produtos mais fi\u00e1veis e os canais de fornecimento mais diretos.<\/h4>\n<p><img loading=\"lazy\" decoding=\"async\" class=\"alignleft wp-image-953 size-full\" src=\"https:\/\/lezum.com\/wp-content\/uploads\/2025\/12\/\u5de5\u5382\u62fc\u56fe-\u8be6\u60c5.jpg\" alt=\"\" width=\"900\" height=\"300\" srcset=\"https:\/\/www.lezum.com\/wp-content\/uploads\/2025\/12\/\u5de5\u5382\u62fc\u56fe-\u8be6\u60c5.jpg 900w, https:\/\/www.lezum.com\/wp-content\/uploads\/2025\/12\/\u5de5\u5382\u62fc\u56fe-\u8be6\u60c5-300x100.jpg 300w, https:\/\/www.lezum.com\/wp-content\/uploads\/2025\/12\/\u5de5\u5382\u62fc\u56fe-\u8be6\u60c5-768x256.jpg 768w, https:\/\/www.lezum.com\/wp-content\/uploads\/2025\/12\/\u5de5\u5382\u62fc\u56fe-\u8be6\u60c5-600x200.jpg 600w, https:\/\/www.lezum.com\/wp-content\/uploads\/2025\/12\/\u5de5\u5382\u62fc\u56fe-\u8be6\u60c5-1x1.jpg 1w, https:\/\/www.lezum.com\/wp-content\/uploads\/2025\/12\/\u5de5\u5382\u62fc\u56fe-\u8be6\u60c5-10x3.jpg 10w\" sizes=\"(max-width: 900px) 100vw, 900px\" \/><\/p>\n<p>&nbsp;<\/p>\n<h4 style=\"text-align: center; padding-left: 40px;\"><span style=\"color: #333333;\">Vantagem exclusiva do concession\u00e1rio<\/span><\/h4>\n<h4 style=\"text-align: left; padding-left: 40px;\">\u221a Pre\u00e7o de venda direta da f\u00e1brica<\/h4>\n<p style=\"text-align: left; padding-left: 40px;\"><span style=\"color: #333333;\">\u00a0 \u00a0 \u00a0 Margem de lucro m\u00e1xima<\/span><span style=\"color: #333333;\"><br \/>\n<\/span><\/p>\n<h4 style=\"text-align: left; padding-left: 40px;\">\u221a Prote\u00e7\u00e3o da \u00e1rea<\/h4>\n<p style=\"text-align: left; padding-left: 40px;\"><span style=\"color: #333333;\">\u00a0 \u00a0 \u00a0 Direitos exclusivos de mercado<\/span><\/p>\n<h4 style=\"text-align: left; padding-left: 40px;\">\u221a Garantia de 3 anos<\/h4>\n<p style=\"padding-left: 40px;\">Assist\u00eancia p\u00f3s-venda l\u00edder no sector<\/p>\n<p>&nbsp;<\/p>","protected":false},"excerpt":{"rendered":"<ul>\n<li>Competitive Price: Factory Direct for Sale | Recruiting Dealers | One-stop Purchasing | Full Range of Products | CE\/EPA\/Euro 5 Certified | Factory Warranty<\/li>\n<li>Supplier highlights:This seller is a manufacturer and trader offering overseas warehouse servicesmanufacturer and trader overseas warehouse services<\/li>\n<li>\n<p class=\"body\" dir=\"auto\">E-Mail\uff1aservice@lezum.com<\/p>\n<\/li>\n<li>\n<p class=\"body\" dir=\"auto\">WhatsApp\uff1a+86 18101064115<\/p>\n<\/li>\n<\/ul>","protected":false},"featured_media":1604,"template":"","meta":[],"etheme_brands":[],"product_brand":[],"product_cat":[22],"product_tag":[],"class_list":{"0":"post-1602","1":"product","2":"type-product","3":"status-publish","4":"has-post-thumbnail","6":"product_cat-forklift","8":"first","9":"instock","10":"shipping-taxable","11":"product-type-simple"},"_links":{"self":[{"href":"https:\/\/www.lezum.com\/pt\/wp-json\/wp\/v2\/product\/1602","targetHints":{"allow":["GET"]}}],"collection":[{"href":"https:\/\/www.lezum.com\/pt\/wp-json\/wp\/v2\/product"}],"about":[{"href":"https:\/\/www.lezum.com\/pt\/wp-json\/wp\/v2\/types\/product"}],"version-history":[{"count":20,"href":"https:\/\/www.lezum.com\/pt\/wp-json\/wp\/v2\/product\/1602\/revisions"}],"predecessor-version":[{"id":2415,"href":"https:\/\/www.lezum.com\/pt\/wp-json\/wp\/v2\/product\/1602\/revisions\/2415"}],"wp:featuredmedia":[{"embeddable":true,"href":"https:\/\/www.lezum.com\/pt\/wp-json\/wp\/v2\/media\/1604"}],"wp:attachment":[{"href":"https:\/\/www.lezum.com\/pt\/wp-json\/wp\/v2\/media?parent=1602"}],"wp:term":[{"taxonomy":"brand","embeddable":true,"href":"https:\/\/www.lezum.com\/pt\/wp-json\/wp\/v2\/etheme_brands?post=1602"},{"taxonomy":"product_brand","embeddable":true,"href":"https:\/\/www.lezum.com\/pt\/wp-json\/wp\/v2\/product_brand?post=1602"},{"taxonomy":"product_cat","embeddable":true,"href":"https:\/\/www.lezum.com\/pt\/wp-json\/wp\/v2\/product_cat?post=1602"},{"taxonomy":"product_tag","embeddable":true,"href":"https:\/\/www.lezum.com\/pt\/wp-json\/wp\/v2\/product_tag?post=1602"}],"curies":[{"name":"wp","href":"https:\/\/api.w.org\/{rel}","templated":true}]}}