{"id":1705,"date":"2025-12-18T05:36:12","date_gmt":"2025-12-18T05:36:12","guid":{"rendered":"https:\/\/lezum.com\/?post_type=product&#038;p=1705"},"modified":"2026-01-06T05:14:40","modified_gmt":"2026-01-06T05:14:40","slug":"lezum-h100-factory-direct-diesel-mini-dumper-truck","status":"publish","type":"product","link":"https:\/\/www.lezum.com\/pt\/produto\/lezum-h100-factory-direct-diesel-mini-dumper-truck\/","title":{"rendered":"LEZUM H100 Factory Direct Diesel  Mini Dumper Truck"},"content":{"rendered":"<h1><span style=\"color: #0b4cbd;\">&gt;&gt;Vis\u00e3o geral<\/span><\/h1>\n<h2 style=\"text-align: left;\">Maximizar a produtividade: <strong>LEZUM H100 Diesel Dumper Truck<\/strong>\u00a0Engineered for Lowest Total Cost of Ownership (TCO).<\/h2>\n<h2><img fetchpriority=\"high\" decoding=\"async\" class=\"wp-image-1770 aligncenter\" src=\"https:\/\/lezum.com\/wp-content\/uploads\/2025\/12\/1001.jpg\" alt=\"\" width=\"1200\" height=\"528\" srcset=\"https:\/\/www.lezum.com\/wp-content\/uploads\/2025\/12\/1001.jpg 1500w, https:\/\/www.lezum.com\/wp-content\/uploads\/2025\/12\/1001-300x132.jpg 300w, https:\/\/www.lezum.com\/wp-content\/uploads\/2025\/12\/1001-1024x451.jpg 1024w, https:\/\/www.lezum.com\/wp-content\/uploads\/2025\/12\/1001-768x338.jpg 768w, https:\/\/www.lezum.com\/wp-content\/uploads\/2025\/12\/1001-600x264.jpg 600w, https:\/\/www.lezum.com\/wp-content\/uploads\/2025\/12\/1001-1x1.jpg 1w, https:\/\/www.lezum.com\/wp-content\/uploads\/2025\/12\/1001-10x4.jpg 10w\" sizes=\"(max-width: 1200px) 100vw, 1200px\" \/><\/h2>\n<h1><\/h1>\n<h1><span style=\"color: #0b4cbd;\">&gt;&gt;Par\u00e2metros<\/span><\/h1>\n<h2 style=\"text-align: center;\">Especifica\u00e7\u00f5es t\u00e9cnicas pormenorizadas<\/h2>\n<h4 style=\"text-align: center;\">Um resumo dos principais par\u00e2metros, conveniente para os concession\u00e1rios efectuarem compara\u00e7\u00f5es de mercado e apresentarem aos clientes.<\/h4>\n<p>&nbsp;<\/p>\n<p style=\"text-align: left; padding-left: 40px;\"><span style=\"color: #000000;\">Marca\uff1a LEZUM<\/span><br \/>\n<span style=\"color: #000000;\">Model\uff1a H100<\/span><br \/>\n<span style=\"color: #000000;\">Engine Model\uff1a XINCHAI<\/span><br \/>\n<span style=\"color: #000000;\">Maximum power (Kw)\uff1a 18.5<\/span><br \/>\n<span style=\"color: #000000;\">L*W*H\uff08mm)\uff1a 3320*1150*2150<\/span><br \/>\n<span style=\"color: #000000;\">Minimum Ground Clearance\uff08mm)\uff1a 227<\/span><br \/>\n<span style=\"color: #000000;\">Payload (kg)\uff1a 1000<\/span><br \/>\n<span style=\"color: #000000;\">Bucket capacity(m\u00b3)\uff1a 0.6<\/span><br \/>\n<span style=\"color: #000000;\">Shipping weight (kg)\uff1a 1000<\/span><br \/>\n<span style=\"color: #000000;\">Maximum Dump Height(mm)\uff1a 2327<\/span><\/p>\n<h1 style=\"text-align: left;\"><span style=\"color: #0b4cbd;\"><br \/>\n&gt;&gt;Humanizar<\/span><\/h1>\n<h2 style=\"text-align: center;\">Conce\u00e7\u00e3o e manuten\u00e7\u00e3o centradas no ser humano<\/h2>\n<h4 style=\"text-align: left;\"><img decoding=\"async\" class=\"alignleft wp-image-1417\" src=\"https:\/\/lezum.com\/wp-content\/uploads\/2025\/12\/\u672a\u547d\u540d-14.jpg\" alt=\"\" width=\"861\" height=\"287\" srcset=\"https:\/\/www.lezum.com\/wp-content\/uploads\/2025\/12\/\u672a\u547d\u540d-14.jpg 900w, https:\/\/www.lezum.com\/wp-content\/uploads\/2025\/12\/\u672a\u547d\u540d-14-300x100.jpg 300w, https:\/\/www.lezum.com\/wp-content\/uploads\/2025\/12\/\u672a\u547d\u540d-14-768x256.jpg 768w, https:\/\/www.lezum.com\/wp-content\/uploads\/2025\/12\/\u672a\u547d\u540d-14-600x200.jpg 600w, https:\/\/www.lezum.com\/wp-content\/uploads\/2025\/12\/\u672a\u547d\u540d-14-1x1.jpg 1w, https:\/\/www.lezum.com\/wp-content\/uploads\/2025\/12\/\u672a\u547d\u540d-14-10x3.jpg 10w\" sizes=\"(max-width: 861px) 100vw, 861px\" \/><\/h4>\n<h4><\/h4>\n<h4 style=\"text-align: left;\"><\/h4>\n<p>&nbsp;<\/p>\n<h4 style=\"text-align: left;\">Assentos confort\u00e1veis, ergon\u00f3micos<\/h4>\n<h4 style=\"text-align: left;\">joysticks, e centralizado<\/h4>\n<h4 style=\"text-align: left;\">pontos de manuten\u00e7\u00e3ogarantir<\/h4>\n<h4 style=\"text-align: left;\">conforto do operador durante<\/h4>\n<h4 style=\"text-align: left;\">longos hor\u00e1rios de trabalho e<\/h4>\n<h4 style=\"text-align: left;\">reduzir significativamente a manuten\u00e7\u00e3o<\/h4>\n<h4 style=\"text-align: left;\">custos...<\/h4>\n<p>&nbsp;<\/p>\n<p>&nbsp;<\/p>\n<h4 style=\"text-align: center;\"><\/h4>\n<h4 style=\"text-align: left;\"><\/h4>\n<h1><span style=\"color: #0b4cbd;\">&gt;&gt;LEZUM venda direta na f\u00e1brica<\/span><\/h1>\n<h2 style=\"text-align: center;\">Convidamos cordialmente os distribuidores globais a cooperar<\/h2>\n<h4 style=\"text-align: center; padding-left: 40px;\">Como um dos principais fabricantes chineses de mini-maquinaria de constru\u00e7\u00e3o el\u00e9ctrica inteligente, o Grupo LEZUM possui uma base de produ\u00e7\u00e3o moderna de mais de 50.000 metros quadrados, certificada por normas internacionais, incluindo ISO 9001, CE e TUV. Estamos empenhados em fornecer aos nossos parceiros globais os produtos mais fi\u00e1veis e os canais de fornecimento mais diretos.<\/h4>\n<p><img decoding=\"async\" class=\"alignleft wp-image-953 size-full\" src=\"https:\/\/lezum.com\/wp-content\/uploads\/2025\/12\/\u5de5\u5382\u62fc\u56fe-\u8be6\u60c5.jpg\" alt=\"\" width=\"900\" height=\"300\" srcset=\"https:\/\/www.lezum.com\/wp-content\/uploads\/2025\/12\/\u5de5\u5382\u62fc\u56fe-\u8be6\u60c5.jpg 900w, https:\/\/www.lezum.com\/wp-content\/uploads\/2025\/12\/\u5de5\u5382\u62fc\u56fe-\u8be6\u60c5-300x100.jpg 300w, https:\/\/www.lezum.com\/wp-content\/uploads\/2025\/12\/\u5de5\u5382\u62fc\u56fe-\u8be6\u60c5-768x256.jpg 768w, https:\/\/www.lezum.com\/wp-content\/uploads\/2025\/12\/\u5de5\u5382\u62fc\u56fe-\u8be6\u60c5-600x200.jpg 600w, https:\/\/www.lezum.com\/wp-content\/uploads\/2025\/12\/\u5de5\u5382\u62fc\u56fe-\u8be6\u60c5-1x1.jpg 1w, https:\/\/www.lezum.com\/wp-content\/uploads\/2025\/12\/\u5de5\u5382\u62fc\u56fe-\u8be6\u60c5-10x3.jpg 10w\" sizes=\"(max-width: 900px) 100vw, 900px\" \/><\/p>\n<p>&nbsp;<\/p>\n<h4 style=\"text-align: center; padding-left: 40px;\"><span style=\"color: #333333;\">Vantagem exclusiva do concession\u00e1rio<\/span><\/h4>\n<h4 style=\"text-align: left; padding-left: 40px;\">\u221a Pre\u00e7o de venda direta da f\u00e1brica<\/h4>\n<p style=\"text-align: left; padding-left: 40px;\"><span style=\"color: #333333;\">\u00a0 \u00a0 \u00a0 Margem de lucro m\u00e1xima<\/span><span style=\"color: #333333;\"><br \/>\n<\/span><\/p>\n<h4 style=\"text-align: left; padding-left: 40px;\">\u221a Prote\u00e7\u00e3o da \u00e1rea<\/h4>\n<p style=\"text-align: left; padding-left: 40px;\"><span style=\"color: #333333;\">\u00a0 \u00a0 \u00a0 Direitos exclusivos de mercado<\/span><\/p>\n<h4 style=\"text-align: left; padding-left: 40px;\">\u221a Garantia de 3 anos<\/h4>\n<p style=\"padding-left: 40px;\">Assist\u00eancia p\u00f3s-venda l\u00edder no sector<\/p>\n<p>&nbsp;<\/p>","protected":false},"excerpt":{"rendered":"<ul dir=\"auto\" data-pm-slice=\"3 3 []\">\n<li>Competitive Price: Factory Direct Deseil Mini Skid Steer Loader for Sale | Recruiting Dealers | One-stop Purchasing | Full Range of Products | CE\/EPA\/Euro 5 Certified | Factory Warranty<\/li>\n<li>ODM\/OEM\uff08Optional): Engine Brand: RATO,1. Optional: Honda, Briggs &amp; Stratton.<\/li>\n<li>\n<p class=\"body\" dir=\"auto\">E-Mail\uff1aservice@lezum.com<\/p>\n<\/li>\n<li>\n<p class=\"body\" dir=\"auto\">WhatsApp\uff1a+86 18101064115<\/p>\n<\/li>\n<\/ul>","protected":false},"featured_media":1709,"template":"","meta":[],"etheme_brands":[],"product_brand":[],"product_cat":[38],"product_tag":[],"class_list":{"0":"post-1705","1":"product","2":"type-product","3":"status-publish","4":"has-post-thumbnail","6":"product_cat-transport-vehicle","8":"first","9":"instock","10":"shipping-taxable","11":"product-type-simple"},"_links":{"self":[{"href":"https:\/\/www.lezum.com\/pt\/wp-json\/wp\/v2\/product\/1705","targetHints":{"allow":["GET"]}}],"collection":[{"href":"https:\/\/www.lezum.com\/pt\/wp-json\/wp\/v2\/product"}],"about":[{"href":"https:\/\/www.lezum.com\/pt\/wp-json\/wp\/v2\/types\/product"}],"version-history":[{"count":8,"href":"https:\/\/www.lezum.com\/pt\/wp-json\/wp\/v2\/product\/1705\/revisions"}],"predecessor-version":[{"id":2413,"href":"https:\/\/www.lezum.com\/pt\/wp-json\/wp\/v2\/product\/1705\/revisions\/2413"}],"wp:featuredmedia":[{"embeddable":true,"href":"https:\/\/www.lezum.com\/pt\/wp-json\/wp\/v2\/media\/1709"}],"wp:attachment":[{"href":"https:\/\/www.lezum.com\/pt\/wp-json\/wp\/v2\/media?parent=1705"}],"wp:term":[{"taxonomy":"brand","embeddable":true,"href":"https:\/\/www.lezum.com\/pt\/wp-json\/wp\/v2\/etheme_brands?post=1705"},{"taxonomy":"product_brand","embeddable":true,"href":"https:\/\/www.lezum.com\/pt\/wp-json\/wp\/v2\/product_brand?post=1705"},{"taxonomy":"product_cat","embeddable":true,"href":"https:\/\/www.lezum.com\/pt\/wp-json\/wp\/v2\/product_cat?post=1705"},{"taxonomy":"product_tag","embeddable":true,"href":"https:\/\/www.lezum.com\/pt\/wp-json\/wp\/v2\/product_tag?post=1705"}],"curies":[{"name":"wp","href":"https:\/\/api.w.org\/{rel}","templated":true}]}}