{"id":1814,"date":"2025-12-19T02:18:35","date_gmt":"2025-12-19T02:18:35","guid":{"rendered":"https:\/\/lezum.com\/?post_type=product&#038;p=1814"},"modified":"2026-01-06T05:12:07","modified_gmt":"2026-01-06T05:12:07","slug":"lezum-la580-mini-skid-steer-loader","status":"publish","type":"product","link":"https:\/\/www.lezum.com\/pt\/produto\/lezum-la580-mini-skid-steer-loader\/","title":{"rendered":"LEZUM LA580 Mini Skid Steer Loader"},"content":{"rendered":"<div data-elementor-type=\"product-post\" data-elementor-id=\"1814\" class=\"elementor elementor-1814\" data-elementor-post-type=\"product\">\n\t\t\t\t<div class=\"elementor-element elementor-element-35af9a21 e-flex e-con-boxed e-con e-parent\" data-id=\"35af9a21\" data-element_type=\"container\">\n\t\t\t\t\t<div class=\"e-con-inner\">\n\t\t\t\t<div class=\"elementor-element elementor-element-4726f497 elementor-widget elementor-widget-text-editor\" data-id=\"4726f497\" data-element_type=\"widget\" data-widget_type=\"text-editor.default\">\n\t\t\t\t\t\t\t\t\t<h1><span style=\"color: #0b4cbd;\">&gt;&gt;Vis\u00e3o geral<\/span><\/h1>\r\n<h2 style=\"text-align: left;\">Maximizar a produtividade: <strong>LA580 Mini Skid Steer Loader<\/strong>\u00a0Engineered for Lowest Total Cost of Ownership (TCO).<\/h2>\r\n<h2><img fetchpriority=\"high\" decoding=\"async\" class=\"wp-image-1804 size-full aligncenter\" src=\"https:\/\/lezum.com\/wp-content\/uploads\/2025\/12\/380.png\" alt=\"\" width=\"1166\" height=\"512\" srcset=\"https:\/\/www.lezum.com\/wp-content\/uploads\/2025\/12\/380.png 1166w, https:\/\/www.lezum.com\/wp-content\/uploads\/2025\/12\/380-500x220.png 500w, https:\/\/www.lezum.com\/wp-content\/uploads\/2025\/12\/380-300x132.png 300w, https:\/\/www.lezum.com\/wp-content\/uploads\/2025\/12\/380-768x337.png 768w, https:\/\/www.lezum.com\/wp-content\/uploads\/2025\/12\/380-600x263.png 600w, https:\/\/www.lezum.com\/wp-content\/uploads\/2025\/12\/380-1x1.png 1w, https:\/\/www.lezum.com\/wp-content\/uploads\/2025\/12\/380-10x4.png 10w\" sizes=\"(max-width: 1166px) 100vw, 1166px\" \/><\/h2>\r\n<h1><span style=\"color: #0b4cbd;\">&gt;&gt;Carater\u00edsticas e benef\u00edcios<\/span><\/h1>\r\n<h2 style=\"text-align: left;\">Desempenho superior: proveniente de uma cadeia de abastecimento l\u00edder a n\u00edvel mundial<img decoding=\"async\" class=\"wp-image-1847 size-full aligncenter\" src=\"https:\/\/lezum.com\/wp-content\/uploads\/2025\/12\/\u62fc\u56fe580.jpg\" alt=\"\" width=\"1200\" height=\"812\" srcset=\"https:\/\/www.lezum.com\/wp-content\/uploads\/2025\/12\/\u62fc\u56fe580.jpg 1200w, https:\/\/www.lezum.com\/wp-content\/uploads\/2025\/12\/\u62fc\u56fe580-500x338.jpg 500w, https:\/\/www.lezum.com\/wp-content\/uploads\/2025\/12\/\u62fc\u56fe580-300x203.jpg 300w, https:\/\/www.lezum.com\/wp-content\/uploads\/2025\/12\/\u62fc\u56fe580-768x520.jpg 768w, https:\/\/www.lezum.com\/wp-content\/uploads\/2025\/12\/\u62fc\u56fe580-600x406.jpg 600w, https:\/\/www.lezum.com\/wp-content\/uploads\/2025\/12\/\u62fc\u56fe580-1x1.jpg 1w, https:\/\/www.lezum.com\/wp-content\/uploads\/2025\/12\/\u62fc\u56fe580-10x7.jpg 10w\" sizes=\"(max-width: 1200px) 100vw, 1200px\" \/><\/h2>\r\n<h1><span style=\"color: #0b4cbd;\">&gt;&gt;Par\u00e2metros<\/span><\/h1>\r\n<h2 style=\"text-align: center;\">Especifica\u00e7\u00f5es t\u00e9cnicas pormenorizadas<\/h2>\r\n<h4 style=\"text-align: center;\">Um resumo dos principais par\u00e2metros, conveniente para os concession\u00e1rios efectuarem compara\u00e7\u00f5es de mercado e apresentarem aos clientes.<\/h4>\r\n&nbsp;\r\n<p style=\"text-align: left; padding-left: 40px;\"><span style=\"color: #000000;\">Marca\uff1a LEZUM<\/span>\r\n<span style=\"color: #000000;\">Model\uff1a LA580<\/span>\r\n<span style=\"color: #000000;\">Modelo do motor\uff1a Kubota<\/span>\r\n<span style=\"color: #000000;\">Maximum horsepower (ps)\uff1a 25<\/span>\r\n<span style=\"color: #000000;\">Maximum power (Kw)\uff1a 18.2<\/span>\r\n<span style=\"color: #000000;\">Maximum speed (rpm)\uff1a 3000<\/span>\r\n<span style=\"color: #000000;\">Displacement (L)\uff1a 1.5<\/span>\r\n<span style=\"color: #000000;\">Operating weight(kg)\uff1a 1250<\/span>\r\n<span style=\"color: #000000;\">otal lengtt (L)with bucket(mm): 2752<\/span>\r\n<span style=\"color: #000000;\">Max dump height (mm) \uff1a 1617<\/span>\r\n<span style=\"color: #000000;\">Maximum digging height (mm) \uff1a 2420<\/span>\r\n<span style=\"color: #000000;\">Bucket maximum digging force (Kg) \uff1a 454<\/span><\/p>\r\n\r\n<h1 style=\"text-align: left;\"><span style=\"color: #0b4cbd;\">\r\n&gt;&gt;Humanizar<\/span><\/h1>\r\n<h2 style=\"text-align: center;\">Conce\u00e7\u00e3o e manuten\u00e7\u00e3o centradas no ser humano<\/h2>\r\n<h4 style=\"text-align: left;\"><img decoding=\"async\" class=\"alignleft wp-image-1815\" src=\"https:\/\/lezum.com\/wp-content\/uploads\/2025\/12\/\u672a\u547d\u540d-18.jpg\" alt=\"\" width=\"861\" height=\"287\" srcset=\"https:\/\/www.lezum.com\/wp-content\/uploads\/2025\/12\/\u672a\u547d\u540d-18.jpg 900w, https:\/\/www.lezum.com\/wp-content\/uploads\/2025\/12\/\u672a\u547d\u540d-18-500x167.jpg 500w, https:\/\/www.lezum.com\/wp-content\/uploads\/2025\/12\/\u672a\u547d\u540d-18-300x100.jpg 300w, https:\/\/www.lezum.com\/wp-content\/uploads\/2025\/12\/\u672a\u547d\u540d-18-768x256.jpg 768w, https:\/\/www.lezum.com\/wp-content\/uploads\/2025\/12\/\u672a\u547d\u540d-18-600x200.jpg 600w, https:\/\/www.lezum.com\/wp-content\/uploads\/2025\/12\/\u672a\u547d\u540d-18-1x1.jpg 1w, https:\/\/www.lezum.com\/wp-content\/uploads\/2025\/12\/\u672a\u547d\u540d-18-10x3.jpg 10w\" sizes=\"(max-width: 861px) 100vw, 861px\" \/><\/h4>\r\n<h4><\/h4>\r\n<h4 style=\"text-align: left;\"><\/h4>\r\n&nbsp;\r\n<h4 style=\"text-align: left;\">Assentos confort\u00e1veis, ergon\u00f3micos<\/h4>\r\n<h4 style=\"text-align: left;\">joysticks, e centralizado<\/h4>\r\n<h4 style=\"text-align: left;\">pontos de manuten\u00e7\u00e3ogarantir<\/h4>\r\n<h4 style=\"text-align: left;\">conforto do operador durante<\/h4>\r\n<h4 style=\"text-align: left;\">longos hor\u00e1rios de trabalho e<\/h4>\r\n<h4 style=\"text-align: left;\">reduzir significativamente a manuten\u00e7\u00e3o<\/h4>\r\n<h4 style=\"text-align: left;\">custos...<\/h4>\r\n&nbsp;\r\n<h1><\/h1>\r\n<h1><span style=\"color: #0b4cbd;\">&gt;&gt;Cen\u00e1rios de aplica\u00e7\u00f5es multifuncionais<\/span><\/h1>\r\n<h2 style=\"text-align: center;\">Multi-functional: LA580 multifunctional solution<\/h2>\r\n<h4 style=\"text-align: center;\"><span style=\"color: #333333;\">Sistema de fixa\u00e7\u00e3o flex\u00edvel\r\n<\/span>As suas aplica\u00e7\u00f5es abrangem v\u00e1rias ind\u00fastrias e dom\u00ednios, tais como a agricultura, a constru\u00e7\u00e3o, a minera\u00e7\u00e3o, a agricultura, os portos, a elimina\u00e7\u00e3o de res\u00edduos, os caminhos-de-ferro, a constru\u00e7\u00e3o, a metalurgia e o processamento de madeira, proporcionando capacidades poderosas de manuseamento e carregamento para v\u00e1rios projectos e opera\u00e7\u00f5es de engenharia.<\/h4>\r\n<h4 style=\"text-align: left;\"><img loading=\"lazy\" decoding=\"async\" class=\"wp-image-1227 aligncenter\" src=\"https:\/\/lezum.com\/wp-content\/uploads\/2025\/12\/\u88c5\u8f7d\u673a\u901a\u7528.png\" alt=\"\" width=\"1199\" height=\"603\" srcset=\"https:\/\/www.lezum.com\/wp-content\/uploads\/2025\/12\/\u88c5\u8f7d\u673a\u901a\u7528.png 1318w, https:\/\/www.lezum.com\/wp-content\/uploads\/2025\/12\/\u88c5\u8f7d\u673a\u901a\u7528-300x151.png 300w, https:\/\/www.lezum.com\/wp-content\/uploads\/2025\/12\/\u88c5\u8f7d\u673a\u901a\u7528-1024x515.png 1024w, https:\/\/www.lezum.com\/wp-content\/uploads\/2025\/12\/\u88c5\u8f7d\u673a\u901a\u7528-768x386.png 768w, https:\/\/www.lezum.com\/wp-content\/uploads\/2025\/12\/\u88c5\u8f7d\u673a\u901a\u7528-600x302.png 600w, https:\/\/www.lezum.com\/wp-content\/uploads\/2025\/12\/\u88c5\u8f7d\u673a\u901a\u7528-1x1.png 1w, https:\/\/www.lezum.com\/wp-content\/uploads\/2025\/12\/\u88c5\u8f7d\u673a\u901a\u7528-10x5.png 10w\" sizes=\"(max-width: 1199px) 100vw, 1199px\" \/><\/h4>\r\n<h1><span style=\"color: #0b4cbd;\">&gt;&gt;LEZUM venda direta na f\u00e1brica<\/span><\/h1>\r\n<h2 style=\"text-align: center;\">Convidamos cordialmente os distribuidores globais a cooperar<\/h2>\r\n<h4 style=\"text-align: center; padding-left: 40px;\">Como um dos principais fabricantes chineses de mini-maquinaria de constru\u00e7\u00e3o el\u00e9ctrica inteligente, o Grupo LEZUM possui uma base de produ\u00e7\u00e3o moderna de mais de 50.000 metros quadrados, certificada por normas internacionais, incluindo ISO 9001, CE e TUV. Estamos empenhados em fornecer aos nossos parceiros globais os produtos mais fi\u00e1veis e os canais de fornecimento mais diretos.<\/h4>\r\n<img loading=\"lazy\" decoding=\"async\" class=\"alignleft wp-image-953 size-full\" src=\"https:\/\/lezum.com\/wp-content\/uploads\/2025\/12\/\u5de5\u5382\u62fc\u56fe-\u8be6\u60c5.jpg\" alt=\"\" width=\"900\" height=\"300\" srcset=\"https:\/\/www.lezum.com\/wp-content\/uploads\/2025\/12\/\u5de5\u5382\u62fc\u56fe-\u8be6\u60c5.jpg 900w, https:\/\/www.lezum.com\/wp-content\/uploads\/2025\/12\/\u5de5\u5382\u62fc\u56fe-\u8be6\u60c5-300x100.jpg 300w, https:\/\/www.lezum.com\/wp-content\/uploads\/2025\/12\/\u5de5\u5382\u62fc\u56fe-\u8be6\u60c5-768x256.jpg 768w, https:\/\/www.lezum.com\/wp-content\/uploads\/2025\/12\/\u5de5\u5382\u62fc\u56fe-\u8be6\u60c5-600x200.jpg 600w, https:\/\/www.lezum.com\/wp-content\/uploads\/2025\/12\/\u5de5\u5382\u62fc\u56fe-\u8be6\u60c5-1x1.jpg 1w, https:\/\/www.lezum.com\/wp-content\/uploads\/2025\/12\/\u5de5\u5382\u62fc\u56fe-\u8be6\u60c5-10x3.jpg 10w\" sizes=\"(max-width: 900px) 100vw, 900px\" \/>\r\n\r\n&nbsp;\r\n<h4 style=\"text-align: center; padding-left: 40px;\"><span style=\"color: #333333;\">Vantagem exclusiva do concession\u00e1rio<\/span><\/h4>\r\n<h4 style=\"text-align: left; padding-left: 40px;\">\u221a Pre\u00e7o de venda direta da f\u00e1brica<\/h4>\r\n<p style=\"text-align: left; padding-left: 40px;\"><span style=\"color: #333333;\">\u00a0 \u00a0 \u00a0 Margem de lucro m\u00e1xima<\/span><span style=\"color: #333333;\">\r\n<\/span><\/p>\r\n\r\n<h4 style=\"text-align: left; padding-left: 40px;\">\u221a Prote\u00e7\u00e3o da \u00e1rea<\/h4>\r\n<p style=\"text-align: left; padding-left: 40px;\"><span style=\"color: #333333;\">\u00a0 \u00a0 \u00a0 Direitos exclusivos de mercado<\/span><\/p>\r\n\r\n<h4 style=\"text-align: left; padding-left: 40px;\">\u221a Garantia de 3 anos<\/h4>\r\n<p style=\"padding-left: 40px;\">Assist\u00eancia p\u00f3s-venda l\u00edder no sector<\/p>\r\n&nbsp;\t\t\t\t\t\t\t\t<\/div>\n\t\t\t\t\t<\/div>\n\t\t\t\t<\/div>\n\t\t\t\t<\/div>","protected":false},"excerpt":{"rendered":"<ul dir=\"auto\" data-pm-slice=\"3 3 []\">\n<li>Competitive Price: Factory Direct Deseil Mini Skid Steer Loader for Sale | Recruiting Dealers | One-stop Purchasing | Full Range of Products | CE\/EPA\/Euro 5 Certified | Factory Warranty<\/li>\n<li>ODM\/OEM\uff08Optional): Engine Brand: RATO,1. Optional: Honda, Briggs &amp; Stratton.<\/li>\n<li>\n<p class=\"body\" dir=\"auto\">E-Mail\uff1aservice@lezum.com<\/p>\n<\/li>\n<li>\n<p class=\"body\" dir=\"auto\">WhatsApp\uff1a+86 18101064115<\/p>\n<\/li>\n<\/ul>","protected":false},"featured_media":1822,"template":"","meta":[],"etheme_brands":[],"product_brand":[],"product_cat":[17],"product_tag":[],"class_list":{"0":"post-1814","1":"product","2":"type-product","3":"status-publish","4":"has-post-thumbnail","6":"product_cat-skid-steer-loader","8":"first","9":"instock","10":"shipping-taxable","11":"product-type-simple"},"_links":{"self":[{"href":"https:\/\/www.lezum.com\/pt\/wp-json\/wp\/v2\/product\/1814","targetHints":{"allow":["GET"]}}],"collection":[{"href":"https:\/\/www.lezum.com\/pt\/wp-json\/wp\/v2\/product"}],"about":[{"href":"https:\/\/www.lezum.com\/pt\/wp-json\/wp\/v2\/types\/product"}],"version-history":[{"count":8,"href":"https:\/\/www.lezum.com\/pt\/wp-json\/wp\/v2\/product\/1814\/revisions"}],"predecessor-version":[{"id":2409,"href":"https:\/\/www.lezum.com\/pt\/wp-json\/wp\/v2\/product\/1814\/revisions\/2409"}],"wp:featuredmedia":[{"embeddable":true,"href":"https:\/\/www.lezum.com\/pt\/wp-json\/wp\/v2\/media\/1822"}],"wp:attachment":[{"href":"https:\/\/www.lezum.com\/pt\/wp-json\/wp\/v2\/media?parent=1814"}],"wp:term":[{"taxonomy":"brand","embeddable":true,"href":"https:\/\/www.lezum.com\/pt\/wp-json\/wp\/v2\/etheme_brands?post=1814"},{"taxonomy":"product_brand","embeddable":true,"href":"https:\/\/www.lezum.com\/pt\/wp-json\/wp\/v2\/product_brand?post=1814"},{"taxonomy":"product_cat","embeddable":true,"href":"https:\/\/www.lezum.com\/pt\/wp-json\/wp\/v2\/product_cat?post=1814"},{"taxonomy":"product_tag","embeddable":true,"href":"https:\/\/www.lezum.com\/pt\/wp-json\/wp\/v2\/product_tag?post=1814"}],"curies":[{"name":"wp","href":"https:\/\/api.w.org\/{rel}","templated":true}]}}