{"id":2375,"date":"2025-12-31T05:58:24","date_gmt":"2025-12-31T05:58:24","guid":{"rendered":"https:\/\/www.lezum.com\/?post_type=product&#038;p=2375"},"modified":"2026-01-29T07:44:45","modified_gmt":"2026-01-29T07:44:45","slug":"lezum-dy18-kubota-engine-mini-excavator","status":"publish","type":"product","link":"https:\/\/www.lezum.com\/pt\/produto\/lezum-dy18-kubota-engine-mini-excavator\/","title":{"rendered":"LEZUM DY18 Kubota Engine Mini Excavator \u2013 Factory Direct Quality for Global Dealers"},"content":{"rendered":"<h1>&gt;&gt;Vis\u00e3o geral<\/h1>\n<h2 style=\"text-align: left;\">The LEZUM DY18 Kubota Engine Mini Excavator offers a 1693mm digging depth and is high lighted by its Low Total Cost of Ownership (TCO). The machine is designed for easy maintenance, with centralized service points and wide-opening panels significantly reducing maintenance time. Factory direct sales bring you the most competitive pricing.<\/h2>\n<h2><img fetchpriority=\"high\" decoding=\"async\" class=\"alignleft size-full wp-image-2371\" src=\"https:\/\/www.lezum.com\/wp-content\/uploads\/2025\/12\/5555.png\" alt=\"\" width=\"2185\" height=\"1024\" srcset=\"https:\/\/www.lezum.com\/wp-content\/uploads\/2025\/12\/5555.png 2185w, https:\/\/www.lezum.com\/wp-content\/uploads\/2025\/12\/5555-500x234.png 500w, https:\/\/www.lezum.com\/wp-content\/uploads\/2025\/12\/5555-1920x900.png 1920w, https:\/\/www.lezum.com\/wp-content\/uploads\/2025\/12\/5555-300x141.png 300w, https:\/\/www.lezum.com\/wp-content\/uploads\/2025\/12\/5555-768x360.png 768w, https:\/\/www.lezum.com\/wp-content\/uploads\/2025\/12\/5555-1536x720.png 1536w, https:\/\/www.lezum.com\/wp-content\/uploads\/2025\/12\/5555-2048x960.png 2048w, https:\/\/www.lezum.com\/wp-content\/uploads\/2025\/12\/5555-18x8.png 18w, https:\/\/www.lezum.com\/wp-content\/uploads\/2025\/12\/5555-600x281.png 600w, https:\/\/www.lezum.com\/wp-content\/uploads\/2025\/12\/5555-1x1.png 1w, https:\/\/www.lezum.com\/wp-content\/uploads\/2025\/12\/5555-10x5.png 10w\" sizes=\"(max-width: 2185px) 100vw, 2185px\" \/><\/h2>\n<h1>&gt;&gt;Carater\u00edsticas e benef\u00edcios<\/h1>\n<h2 style=\"text-align: left;\">Desempenho superior: proveniente de uma cadeia de abastecimento l\u00edder a n\u00edvel mundial<img decoding=\"async\" class=\"size-full wp-image-2368 aligncenter\" src=\"https:\/\/www.lezum.com\/wp-content\/uploads\/2025\/12\/\u7ec6\u8282\u62fc\u56fe3.jpg\" alt=\"\" width=\"1200\" height=\"812\" srcset=\"https:\/\/www.lezum.com\/wp-content\/uploads\/2025\/12\/\u7ec6\u8282\u62fc\u56fe3.jpg 1200w, https:\/\/www.lezum.com\/wp-content\/uploads\/2025\/12\/\u7ec6\u8282\u62fc\u56fe3-500x338.jpg 500w, https:\/\/www.lezum.com\/wp-content\/uploads\/2025\/12\/\u7ec6\u8282\u62fc\u56fe3-300x203.jpg 300w, https:\/\/www.lezum.com\/wp-content\/uploads\/2025\/12\/\u7ec6\u8282\u62fc\u56fe3-768x520.jpg 768w, https:\/\/www.lezum.com\/wp-content\/uploads\/2025\/12\/\u7ec6\u8282\u62fc\u56fe3-18x12.jpg 18w, https:\/\/www.lezum.com\/wp-content\/uploads\/2025\/12\/\u7ec6\u8282\u62fc\u56fe3-600x406.jpg 600w, https:\/\/www.lezum.com\/wp-content\/uploads\/2025\/12\/\u7ec6\u8282\u62fc\u56fe3-1x1.jpg 1w, https:\/\/www.lezum.com\/wp-content\/uploads\/2025\/12\/\u7ec6\u8282\u62fc\u56fe3-10x7.jpg 10w\" sizes=\"(max-width: 1200px) 100vw, 1200px\" \/><\/h2>\n<h1>&gt;&gt;Par\u00e2metros<\/h1>\n<h2 style=\"text-align: center;\">Especifica\u00e7\u00f5es t\u00e9cnicas pormenorizadas<\/h2>\n<h4 style=\"text-align: center;\">Um resumo dos principais par\u00e2metros, conveniente para os concession\u00e1rios efectuarem compara\u00e7\u00f5es de mercado e apresentarem aos clientes.<\/h4>\n<p style=\"text-align: left; padding-left: 40px;\"><span style=\"color: #000000;\">Marca\uff1a LEZUM<\/span><img decoding=\"async\" class=\"alignright\" src=\"https:\/\/lezum.com\/wp-content\/uploads\/2025\/12\/185-1024x458.jpg\" alt=\"\" width=\"600\" height=\"269\" \/><br \/>\n<span style=\"color: #000000;\">Model\uff1a DY18<\/span><br \/>\n<span style=\"color: #000000;\">Modelo do motor\uff1a Kubota<\/span><br \/>\n<span style=\"color: #000000;\">Pot\u00eancia m\u00e1xima (ps)\uff1a 13,9<\/span><br \/>\n<span style=\"color: #000000;\">Pot\u00eancia m\u00e1xima (Kw)\uff1a 10,2<\/span><br \/>\n<span style=\"color: #000000;\">Velocidade m\u00e1xima (rpm)\uff1a 2500<\/span><br \/>\n<span style=\"color: #000000;\">Displacement (L)\uff1a 1.5<\/span><br \/>\n<span style=\"color: #000000;\">Machine working weight (kg)\uff1a1400<\/span><br \/>\n<span style=\"color: #000000;\">Maximum digging height\uff08mm\uff09\uff1a 2560<\/span><br \/>\n<span style=\"color: #000000;\">Maximum digging radius (mm) \uff1a 3060<\/span><br \/>\n<span style=\"color: #000000;\">Maximum digging depth (mm) \uff1a 1693<\/span><br \/>\n<span style=\"color: #000000;\">Bucket capacity(m\u00b3)\uff1a 0.03<\/span><\/p>\n<h1 style=\"text-align: left;\">&gt;&gt;Humanizar<\/h1>\n<h2 style=\"text-align: center;\">Conce\u00e7\u00e3o e manuten\u00e7\u00e3o centradas no ser humano<\/h2>\n<h4 style=\"text-align: left;\"><img loading=\"lazy\" decoding=\"async\" class=\"alignleft wp-image-2376\" src=\"https:\/\/www.lezum.com\/wp-content\/uploads\/2025\/12\/\u4eba\u6027\u5316-1.jpg\" alt=\"\" width=\"861\" height=\"287\" srcset=\"https:\/\/www.lezum.com\/wp-content\/uploads\/2025\/12\/\u4eba\u6027\u5316-1.jpg 900w, https:\/\/www.lezum.com\/wp-content\/uploads\/2025\/12\/\u4eba\u6027\u5316-1-500x167.jpg 500w, https:\/\/www.lezum.com\/wp-content\/uploads\/2025\/12\/\u4eba\u6027\u5316-1-300x100.jpg 300w, https:\/\/www.lezum.com\/wp-content\/uploads\/2025\/12\/\u4eba\u6027\u5316-1-768x256.jpg 768w, https:\/\/www.lezum.com\/wp-content\/uploads\/2025\/12\/\u4eba\u6027\u5316-1-18x6.jpg 18w, https:\/\/www.lezum.com\/wp-content\/uploads\/2025\/12\/\u4eba\u6027\u5316-1-600x200.jpg 600w, https:\/\/www.lezum.com\/wp-content\/uploads\/2025\/12\/\u4eba\u6027\u5316-1-1x1.jpg 1w, https:\/\/www.lezum.com\/wp-content\/uploads\/2025\/12\/\u4eba\u6027\u5316-1-10x3.jpg 10w\" sizes=\"(max-width: 861px) 100vw, 861px\" \/><\/h4>\n<h4><\/h4>\n<h4><\/h4>\n<h4 style=\"text-align: left;\">Assentos confort\u00e1veis, ergon\u00f3micos<\/h4>\n<h4 style=\"text-align: left;\">joysticks, e centralizado<\/h4>\n<h4 style=\"text-align: left;\">pontos de manuten\u00e7\u00e3ogarantir<\/h4>\n<h4 style=\"text-align: left;\">conforto do operador durante<\/h4>\n<h4 style=\"text-align: left;\">longos hor\u00e1rios de trabalho e<\/h4>\n<h4 style=\"text-align: left;\">reduzir significativamente a manuten\u00e7\u00e3o<\/h4>\n<h4 style=\"text-align: left;\">custos...<\/h4>\n<p>&nbsp;<\/p>\n<p>&nbsp;<\/p>\n<h1><\/h1>\n<h1>&gt;&gt;Cen\u00e1rios de aplica\u00e7\u00f5es multifuncionais<\/h1>\n<h2 style=\"text-align: center;\">Multi-functional:DY18 multifunctional solution<\/h2>\n<h4 style=\"text-align: center;\">Sistema de fixa\u00e7\u00e3o flex\u00edvel<br \/>\nAs suas aplica\u00e7\u00f5es abrangem v\u00e1rias ind\u00fastrias e dom\u00ednios, tais como a agricultura, a constru\u00e7\u00e3o, a minera\u00e7\u00e3o, a agricultura, os portos, a elimina\u00e7\u00e3o de res\u00edduos, os caminhos-de-ferro, a constru\u00e7\u00e3o, a metalurgia e o processamento de madeira, proporcionando capacidades poderosas de manuseamento e carregamento para v\u00e1rios projectos e opera\u00e7\u00f5es de engenharia.<\/h4>\n<h4 style=\"text-align: left;\"><img loading=\"lazy\" decoding=\"async\" src=\"https:\/\/lezum.com\/wp-content\/uploads\/2025\/12\/\u8f85\u5177-1.jpg\" alt=\"\" width=\"1200\" height=\"604\" \/><\/h4>\n<h1>&gt;&gt;LEZUM venda direta na f\u00e1brica<\/h1>\n<h2 style=\"text-align: center;\">Convidamos cordialmente os distribuidores globais a cooperar<\/h2>\n<h4 style=\"text-align: center; padding-left: 40px;\">Como um dos principais fabricantes chineses de mini-maquinaria de constru\u00e7\u00e3o el\u00e9ctrica inteligente, o Grupo LEZUM possui uma base de produ\u00e7\u00e3o moderna de mais de 50.000 metros quadrados, certificada por normas internacionais, incluindo ISO 9001, CE e TUV. Estamos empenhados em fornecer aos nossos parceiros globais os produtos mais fi\u00e1veis e os canais de fornecimento mais diretos.<\/h4>\n<p><img loading=\"lazy\" decoding=\"async\" class=\"alignleft wp-image-1735\" src=\"https:\/\/www.lezum.com\/wp-content\/uploads\/2025\/12\/\u62fc\u56fe.jpg\" alt=\"\" width=\"661\" height=\"224\" srcset=\"https:\/\/www.lezum.com\/wp-content\/uploads\/2025\/12\/\u62fc\u56fe.jpg 1920w, https:\/\/www.lezum.com\/wp-content\/uploads\/2025\/12\/\u62fc\u56fe-300x102.jpg 300w, https:\/\/www.lezum.com\/wp-content\/uploads\/2025\/12\/\u62fc\u56fe-1024x347.jpg 1024w, https:\/\/www.lezum.com\/wp-content\/uploads\/2025\/12\/\u62fc\u56fe-768x260.jpg 768w, https:\/\/www.lezum.com\/wp-content\/uploads\/2025\/12\/\u62fc\u56fe-1536x520.jpg 1536w, https:\/\/www.lezum.com\/wp-content\/uploads\/2025\/12\/\u62fc\u56fe-600x203.jpg 600w, https:\/\/www.lezum.com\/wp-content\/uploads\/2025\/12\/\u62fc\u56fe-1x1.jpg 1w, https:\/\/www.lezum.com\/wp-content\/uploads\/2025\/12\/\u62fc\u56fe-10x3.jpg 10w\" sizes=\"(max-width: 661px) 100vw, 661px\" \/>Vantagem exclusiva do concession\u00e1rio<\/p>\n<h4 style=\"text-align: left; padding-left: 40px;\">\u221a Pre\u00e7o de venda direta da f\u00e1brica<\/h4>\n<p style=\"text-align: left; padding-left: 40px;\">\u00a0 \u00a0 \u00a0 Margem de lucro m\u00e1xima<\/p>\n<h4 style=\"text-align: left; padding-left: 40px;\">\u221a Prote\u00e7\u00e3o da \u00e1rea<\/h4>\n<p style=\"text-align: left; padding-left: 40px;\">\u00a0 \u00a0 \u00a0 Direitos exclusivos de mercado<\/p>\n<h4 style=\"text-align: left; padding-left: 40px;\">\u221a Garantia de 3 anos<\/h4>\n<p style=\"padding-left: 40px;\">Assist\u00eancia p\u00f3s-venda l\u00edder no sector<\/p>","protected":false},"excerpt":{"rendered":"<ul dir=\"auto\" data-pm-slice=\"3 3 []\">\n<li>\n<p class=\"body\" dir=\"auto\">Pre\u00e7o competitivo: Mini Escavadeira Deseil Direta da F\u00e1brica para Venda | Recrutamento de Revendedores | Compra \u00danica | Gama Completa de Produtos | Certifica\u00e7\u00e3o CE\/EPA\/Euro 5 | Garantia de F\u00e1brica<br \/>\nODM\/OEM\uff08Optional): Engine Brand: Kubota, 1.Optional: KOOP,Laidong, RATO<\/p>\n<\/li>\n<li>\n<p class=\"body\" dir=\"auto\">E-Mail\uff1aservice@lezum.com<\/p>\n<\/li>\n<li>\n<p class=\"body\" dir=\"auto\">WhatsApp\uff1a+8618101064115<\/p>\n<\/li>\n<\/ul>","protected":false},"featured_media":2383,"template":"","meta":[],"etheme_brands":[],"product_brand":[],"product_cat":[43],"product_tag":[],"class_list":{"0":"post-2375","1":"product","2":"type-product","3":"status-publish","4":"has-post-thumbnail","6":"product_cat-mini-excavators","8":"first","9":"instock","10":"shipping-taxable","11":"product-type-simple"},"_links":{"self":[{"href":"https:\/\/www.lezum.com\/pt\/wp-json\/wp\/v2\/product\/2375","targetHints":{"allow":["GET"]}}],"collection":[{"href":"https:\/\/www.lezum.com\/pt\/wp-json\/wp\/v2\/product"}],"about":[{"href":"https:\/\/www.lezum.com\/pt\/wp-json\/wp\/v2\/types\/product"}],"version-history":[{"count":17,"href":"https:\/\/www.lezum.com\/pt\/wp-json\/wp\/v2\/product\/2375\/revisions"}],"predecessor-version":[{"id":2863,"href":"https:\/\/www.lezum.com\/pt\/wp-json\/wp\/v2\/product\/2375\/revisions\/2863"}],"wp:featuredmedia":[{"embeddable":true,"href":"https:\/\/www.lezum.com\/pt\/wp-json\/wp\/v2\/media\/2383"}],"wp:attachment":[{"href":"https:\/\/www.lezum.com\/pt\/wp-json\/wp\/v2\/media?parent=2375"}],"wp:term":[{"taxonomy":"brand","embeddable":true,"href":"https:\/\/www.lezum.com\/pt\/wp-json\/wp\/v2\/etheme_brands?post=2375"},{"taxonomy":"product_brand","embeddable":true,"href":"https:\/\/www.lezum.com\/pt\/wp-json\/wp\/v2\/product_brand?post=2375"},{"taxonomy":"product_cat","embeddable":true,"href":"https:\/\/www.lezum.com\/pt\/wp-json\/wp\/v2\/product_cat?post=2375"},{"taxonomy":"product_tag","embeddable":true,"href":"https:\/\/www.lezum.com\/pt\/wp-json\/wp\/v2\/product_tag?post=2375"}],"curies":[{"name":"wp","href":"https:\/\/api.w.org\/{rel}","templated":true}]}}