{"id":2911,"date":"2026-01-30T07:54:23","date_gmt":"2026-01-30T07:54:23","guid":{"rendered":"https:\/\/www.lezum.com\/?post_type=product&#038;p=2911"},"modified":"2026-02-02T06:17:52","modified_gmt":"2026-02-02T06:17:52","slug":"lezum-dy18-kubota-engine-mini-excavator-factory-direct-global-dealer-recruitment","status":"publish","type":"product","link":"https:\/\/www.lezum.com\/pt\/produto\/lezum-dy18-kubota-engine-mini-excavator-factory-direct-global-dealer-recruitment\/","title":{"rendered":"LEZUM DY18 Kubota Engine Mini Excavator \u2013 Factory Direct  Global Dealer Recruitment"},"content":{"rendered":"<h1>&gt;&gt;Vis\u00e3o geral<\/h1>\n<h2 style=\"text-align: left;\">The LEZUM <span style=\"color: #000000;\"><strong>DY18 Kubota Engine Mini Excavator<\/strong><\/span> offers a 2100mm digging depth and is high lighted by its Low Total Cost of Ownership (TCO). A reliable <span style=\"color: #000000;\">1.5 ton mini excavator<\/span> and <span style=\"color: #000000;\">2 ton mini excavator <\/span><\/h2>\n<h2><img fetchpriority=\"high\" decoding=\"async\" class=\"alignleft wp-image-2914 size-full\" src=\"https:\/\/www.lezum.com\/wp-content\/uploads\/2026\/01\/22222.jpg\" alt=\"\" width=\"1926\" height=\"896\" srcset=\"https:\/\/www.lezum.com\/wp-content\/uploads\/2026\/01\/22222.jpg 1926w, https:\/\/www.lezum.com\/wp-content\/uploads\/2026\/01\/22222-500x233.jpg 500w, https:\/\/www.lezum.com\/wp-content\/uploads\/2026\/01\/22222-1920x893.jpg 1920w, https:\/\/www.lezum.com\/wp-content\/uploads\/2026\/01\/22222-300x140.jpg 300w, https:\/\/www.lezum.com\/wp-content\/uploads\/2026\/01\/22222-768x357.jpg 768w, https:\/\/www.lezum.com\/wp-content\/uploads\/2026\/01\/22222-1536x715.jpg 1536w, https:\/\/www.lezum.com\/wp-content\/uploads\/2026\/01\/22222-18x8.jpg 18w, https:\/\/www.lezum.com\/wp-content\/uploads\/2026\/01\/22222-600x279.jpg 600w, https:\/\/www.lezum.com\/wp-content\/uploads\/2026\/01\/22222-1x1.jpg 1w, https:\/\/www.lezum.com\/wp-content\/uploads\/2026\/01\/22222-10x5.jpg 10w\" sizes=\"(max-width: 1926px) 100vw, 1926px\" \/><\/h2>\n<h1>&gt;&gt;Carater\u00edsticas e benef\u00edcios<\/h1>\n<h2 style=\"text-align: left;\">Desempenho superior: proveniente de uma cadeia de abastecimento l\u00edder a n\u00edvel mundial<img decoding=\"async\" class=\"alignleft wp-image-2915 size-full\" src=\"https:\/\/www.lezum.com\/wp-content\/uploads\/2026\/01\/\u7ec6\u8282-\u7ec4\u54083.jpg\" alt=\"\" width=\"1200\" height=\"812\" srcset=\"https:\/\/www.lezum.com\/wp-content\/uploads\/2026\/01\/\u7ec6\u8282-\u7ec4\u54083.jpg 1200w, https:\/\/www.lezum.com\/wp-content\/uploads\/2026\/01\/\u7ec6\u8282-\u7ec4\u54083-500x338.jpg 500w, https:\/\/www.lezum.com\/wp-content\/uploads\/2026\/01\/\u7ec6\u8282-\u7ec4\u54083-300x203.jpg 300w, https:\/\/www.lezum.com\/wp-content\/uploads\/2026\/01\/\u7ec6\u8282-\u7ec4\u54083-768x520.jpg 768w, https:\/\/www.lezum.com\/wp-content\/uploads\/2026\/01\/\u7ec6\u8282-\u7ec4\u54083-18x12.jpg 18w, https:\/\/www.lezum.com\/wp-content\/uploads\/2026\/01\/\u7ec6\u8282-\u7ec4\u54083-600x406.jpg 600w, https:\/\/www.lezum.com\/wp-content\/uploads\/2026\/01\/\u7ec6\u8282-\u7ec4\u54083-1x1.jpg 1w, https:\/\/www.lezum.com\/wp-content\/uploads\/2026\/01\/\u7ec6\u8282-\u7ec4\u54083-10x7.jpg 10w\" sizes=\"(max-width: 1200px) 100vw, 1200px\" \/><\/h2>\n<h1>&gt;&gt;Par\u00e2metros<\/h1>\n<h2 style=\"text-align: center;\">Especifica\u00e7\u00f5es t\u00e9cnicas pormenorizadas<\/h2>\n<h4 style=\"text-align: center;\">Um resumo dos principais par\u00e2metros, conveniente para os concession\u00e1rios efectuarem compara\u00e7\u00f5es de mercado e apresentarem aos clientes.<\/h4>\n<h4 style=\"text-align: left; padding-left: 40px;\"><span style=\"color: #000000;\">Marca\uff1a LEZUM<\/span><br \/>\n<span style=\"color: #000000;\">Model\uff1a DY18<\/span><br \/>\n<span style=\"color: #000000;\">Modelo do motor\uff1a Kubota<\/span><br \/>\n<span style=\"color: #000000;\">Pot\u00eancia m\u00e1xima (ps)\uff1a 13,9<\/span><br \/>\n<span style=\"color: #000000;\">Pot\u00eancia m\u00e1xima (Kw)\uff1a 10,2<\/span><br \/>\n<span style=\"color: #000000;\">Velocidade m\u00e1xima (rpm)\uff1a 2500<\/span><br \/>\n<span style=\"color: #000000;\">Displacement (L)\uff1a 1.5<\/span><br \/>\n<span style=\"color: #000000;\">Machine working weight (kg)\uff1a 1600<\/span><br \/>\n<span style=\"color: #000000;\">Maximum digging height\uff08mm\uff09\uff1a 2603<\/span><br \/>\n<span style=\"color: #000000;\">Maximum digging radius (mm) \uff1a 3061<\/span><br \/>\n<span style=\"color: #000000;\">Maximum digging depth (mm) \uff1a 2100<\/span><br \/>\n<span style=\"color: #000000;\">Bucket maximum digging force (Kg) \uff1a 940<\/span><\/h4>\n<h1 style=\"text-align: left;\">&gt;&gt;Humanizar<\/h1>\n<h2 style=\"text-align: center;\">Conce\u00e7\u00e3o e manuten\u00e7\u00e3o centradas no ser humano<\/h2>\n<h4 style=\"text-align: left;\"><img decoding=\"async\" class=\"alignleft wp-image-2916\" src=\"https:\/\/www.lezum.com\/wp-content\/uploads\/2026\/01\/\u672a\u547d\u540d.jpg\" alt=\"\" width=\"861\" height=\"287\" srcset=\"https:\/\/www.lezum.com\/wp-content\/uploads\/2026\/01\/\u672a\u547d\u540d.jpg 900w, https:\/\/www.lezum.com\/wp-content\/uploads\/2026\/01\/\u672a\u547d\u540d-500x167.jpg 500w, https:\/\/www.lezum.com\/wp-content\/uploads\/2026\/01\/\u672a\u547d\u540d-300x100.jpg 300w, https:\/\/www.lezum.com\/wp-content\/uploads\/2026\/01\/\u672a\u547d\u540d-768x256.jpg 768w, https:\/\/www.lezum.com\/wp-content\/uploads\/2026\/01\/\u672a\u547d\u540d-18x6.jpg 18w, https:\/\/www.lezum.com\/wp-content\/uploads\/2026\/01\/\u672a\u547d\u540d-600x200.jpg 600w, https:\/\/www.lezum.com\/wp-content\/uploads\/2026\/01\/\u672a\u547d\u540d-1x1.jpg 1w, https:\/\/www.lezum.com\/wp-content\/uploads\/2026\/01\/\u672a\u547d\u540d-10x3.jpg 10w\" sizes=\"(max-width: 861px) 100vw, 861px\" \/><\/h4>\n<h4><\/h4>\n<h4><\/h4>\n<h4 style=\"text-align: left;\">Assentos confort\u00e1veis, ergon\u00f3micos<\/h4>\n<h4 style=\"text-align: left;\">joysticks, e centralizado<\/h4>\n<h4 style=\"text-align: left;\">pontos de manuten\u00e7\u00e3ogarantir<\/h4>\n<h4 style=\"text-align: left;\">conforto do operador durante<\/h4>\n<h4 style=\"text-align: left;\">longos hor\u00e1rios de trabalho e<\/h4>\n<h4 style=\"text-align: left;\">reduzir significativamente a manuten\u00e7\u00e3o<\/h4>\n<h4 style=\"text-align: left;\">custos...<\/h4>\n<p>&nbsp;<\/p>\n<p>&nbsp;<\/p>\n<h1><\/h1>\n<h1>&gt;&gt;Cen\u00e1rios de aplica\u00e7\u00f5es multifuncionais<\/h1>\n<h2 style=\"text-align: center;\">Multi-functional:DY18 multifunctional solution<\/h2>\n<h4 style=\"text-align: center;\">Sistema de fixa\u00e7\u00e3o flex\u00edvel<br \/>\nAs suas aplica\u00e7\u00f5es abrangem v\u00e1rias ind\u00fastrias e dom\u00ednios, tais como a agricultura, a constru\u00e7\u00e3o, a minera\u00e7\u00e3o, a agricultura, os portos, a elimina\u00e7\u00e3o de res\u00edduos, os caminhos-de-ferro, a constru\u00e7\u00e3o, a metalurgia e o processamento de madeira, proporcionando capacidades poderosas de manuseamento e carregamento para v\u00e1rios projectos e opera\u00e7\u00f5es de engenharia.<\/h4>\n<h4 style=\"text-align: left;\"><img loading=\"lazy\" decoding=\"async\" src=\"https:\/\/lezum.com\/wp-content\/uploads\/2025\/12\/\u8f85\u5177-1.jpg\" alt=\"\" width=\"1200\" height=\"604\" \/><\/h4>\n<h1>&gt;&gt;LEZUM venda direta na f\u00e1brica<\/h1>\n<h2 style=\"text-align: center;\">Convidamos cordialmente os distribuidores globais a cooperar<\/h2>\n<h4 style=\"text-align: center; padding-left: 40px;\">Como um dos principais fabricantes chineses de mini-maquinaria de constru\u00e7\u00e3o el\u00e9ctrica inteligente, o Grupo LEZUM possui uma base de produ\u00e7\u00e3o moderna de mais de 50.000 metros quadrados, certificada por normas internacionais, incluindo ISO 9001, CE e TUV. Estamos empenhados em fornecer aos nossos parceiros globais os produtos mais fi\u00e1veis e os canais de fornecimento mais diretos.<\/h4>\n<h4><img loading=\"lazy\" decoding=\"async\" class=\"alignleft wp-image-1735\" src=\"https:\/\/www.lezum.com\/wp-content\/uploads\/2025\/12\/\u62fc\u56fe.jpg\" alt=\"\" width=\"661\" height=\"224\" srcset=\"https:\/\/www.lezum.com\/wp-content\/uploads\/2025\/12\/\u62fc\u56fe.jpg 1920w, https:\/\/www.lezum.com\/wp-content\/uploads\/2025\/12\/\u62fc\u56fe-300x102.jpg 300w, https:\/\/www.lezum.com\/wp-content\/uploads\/2025\/12\/\u62fc\u56fe-1024x347.jpg 1024w, https:\/\/www.lezum.com\/wp-content\/uploads\/2025\/12\/\u62fc\u56fe-768x260.jpg 768w, https:\/\/www.lezum.com\/wp-content\/uploads\/2025\/12\/\u62fc\u56fe-1536x520.jpg 1536w, https:\/\/www.lezum.com\/wp-content\/uploads\/2025\/12\/\u62fc\u56fe-600x203.jpg 600w, https:\/\/www.lezum.com\/wp-content\/uploads\/2025\/12\/\u62fc\u56fe-1x1.jpg 1w, https:\/\/www.lezum.com\/wp-content\/uploads\/2025\/12\/\u62fc\u56fe-10x3.jpg 10w\" sizes=\"(max-width: 661px) 100vw, 661px\" \/>Vantagem exclusiva do concession\u00e1rio<\/h4>\n<h4 style=\"text-align: left; padding-left: 40px;\">\u221a Pre\u00e7o de venda direta da f\u00e1brica<\/h4>\n<h4 style=\"text-align: left; padding-left: 40px;\">\u00a0 \u00a0 \u00a0 Margem de lucro m\u00e1xima<\/h4>\n<h4 style=\"text-align: left; padding-left: 40px;\">\u221a Prote\u00e7\u00e3o da \u00e1rea<\/h4>\n<h4 style=\"text-align: left; padding-left: 40px;\">\u00a0 \u00a0 \u00a0 Direitos exclusivos de mercado<\/h4>\n<h4 style=\"text-align: left; padding-left: 40px;\">\u221a Garantia de 3 anos<\/h4>\n<h4 style=\"padding-left: 40px;\">Assist\u00eancia p\u00f3s-venda l\u00edder no sector<\/h4>","protected":false},"excerpt":{"rendered":"<ul dir=\"auto\" data-pm-slice=\"3 3 []\">\n<li>\n<p class=\"body\" dir=\"auto\">Pre\u00e7o competitivo: Mini Escavadeira Deseil Direta da F\u00e1brica para Venda | Recrutamento de Revendedores | Compra \u00danica | Gama Completa de Produtos | Certifica\u00e7\u00e3o CE\/EPA\/Euro 5 | Garantia de F\u00e1brica<br \/>\nODM\/OEM\uff08Optional): Engine Brand: Kubota, 1.Optional: KOOP,Laidong, RATO<\/p>\n<\/li>\n<li>\n<p class=\"body\" dir=\"auto\">E-Mail\uff1aservice@lezum.com<\/p>\n<\/li>\n<li>\n<p class=\"body\" dir=\"auto\">WhatsApp\uff1a+8618101064115<\/p>\n<\/li>\n<\/ul>","protected":false},"featured_media":2912,"template":"","meta":[],"etheme_brands":[],"product_brand":[],"product_cat":[43],"product_tag":[],"class_list":{"0":"post-2911","1":"product","2":"type-product","3":"status-publish","4":"has-post-thumbnail","6":"product_cat-mini-excavators","8":"first","9":"instock","10":"shipping-taxable","11":"product-type-simple"},"_links":{"self":[{"href":"https:\/\/www.lezum.com\/pt\/wp-json\/wp\/v2\/product\/2911","targetHints":{"allow":["GET"]}}],"collection":[{"href":"https:\/\/www.lezum.com\/pt\/wp-json\/wp\/v2\/product"}],"about":[{"href":"https:\/\/www.lezum.com\/pt\/wp-json\/wp\/v2\/types\/product"}],"version-history":[{"count":5,"href":"https:\/\/www.lezum.com\/pt\/wp-json\/wp\/v2\/product\/2911\/revisions"}],"predecessor-version":[{"id":2920,"href":"https:\/\/www.lezum.com\/pt\/wp-json\/wp\/v2\/product\/2911\/revisions\/2920"}],"wp:featuredmedia":[{"embeddable":true,"href":"https:\/\/www.lezum.com\/pt\/wp-json\/wp\/v2\/media\/2912"}],"wp:attachment":[{"href":"https:\/\/www.lezum.com\/pt\/wp-json\/wp\/v2\/media?parent=2911"}],"wp:term":[{"taxonomy":"brand","embeddable":true,"href":"https:\/\/www.lezum.com\/pt\/wp-json\/wp\/v2\/etheme_brands?post=2911"},{"taxonomy":"product_brand","embeddable":true,"href":"https:\/\/www.lezum.com\/pt\/wp-json\/wp\/v2\/product_brand?post=2911"},{"taxonomy":"product_cat","embeddable":true,"href":"https:\/\/www.lezum.com\/pt\/wp-json\/wp\/v2\/product_cat?post=2911"},{"taxonomy":"product_tag","embeddable":true,"href":"https:\/\/www.lezum.com\/pt\/wp-json\/wp\/v2\/product_tag?post=2911"}],"curies":[{"name":"wp","href":"https:\/\/api.w.org\/{rel}","templated":true}]}}